{"id":6956,"date":"2025-07-08T16:07:00","date_gmt":"2025-07-08T08:07:00","guid":{"rendered":"https:\/\/medkemedical.com\/?post_type=product&#038;p=6956"},"modified":"2025-07-08T16:10:39","modified_gmt":"2025-07-08T08:10:39","slug":"kontron-reusable-spo2-sensor","status":"publish","type":"product","link":"https:\/\/medkemedical.com\/sv\/produkt\/kontron-reusable-spo2-sensor\/","title":{"rendered":"Kontron \u00e5teranv\u00e4ndbar SpO2-sensor"},"content":{"rendered":"<div data-elementor-type=\"product-post\" data-elementor-id=\"6956\" class=\"elementor elementor-6956\" data-elementor-post-type=\"product\">\n\t\t\t\t<div class=\"elementor-element elementor-element-2ce39c6 e-flex e-con-boxed e-con e-parent\" data-id=\"2ce39c6\" data-element_type=\"container\" data-e-type=\"container\" data-settings=\"{&quot;ekit_has_onepagescroll_dot&quot;:&quot;yes&quot;}\">\n\t\t\t\t\t<div class=\"e-con-inner\">\n\t\t\t\t<div class=\"elementor-element elementor-element-af89935 gallery-spacing-custom elementor-widget elementor-widget-image-gallery\" data-id=\"af89935\" data-element_type=\"widget\" data-e-type=\"widget\" data-settings=\"{&quot;ekit_we_effect_on&quot;:&quot;none&quot;}\" data-widget_type=\"image-gallery.default\">\n\t\t\t\t<div class=\"elementor-widget-container\">\n\t\t\t\t\t\t\t<div class=\"elementor-image-gallery\">\n\t\t\t<div id='gallery-1' class='gallery galleryid-6956 gallery-columns-7 gallery-size-medium'><figure class='gallery-item'>\n\t\t\t<div class='gallery-icon landscape'>\n\t\t\t\t<a data-elementor-open-lightbox=\"yes\" data-elementor-lightbox-slideshow=\"af89935\" data-elementor-lightbox-title=\"P9313\" data-e-action-hash=\"#elementor-action%3Aaction%3Dlightbox%26settings%3DeyJpZCI6Njk1OSwidXJsIjoiaHR0cHM6XC9cL21lZGtlbWVkaWNhbC5jb21cL3dwLWNvbnRlbnRcL3VwbG9hZHNcLzIwMjVcLzA3XC9QOTMxMy5qcGciLCJzbGlkZXNob3ciOiJhZjg5OTM1In0%3D\" href='https:\/\/medkemedical.com\/wp-content\/uploads\/2025\/07\/P9313.jpg'><img fetchpriority=\"high\" width=\"300\" height=\"300\" src=\"https:\/\/medkemedical.com\/wp-content\/uploads\/2025\/07\/P9313-300x300.jpg\" class=\"attachment-medium size-medium\" alt=\"\" decoding=\"async\" srcset=\"https:\/\/medkemedical.com\/wp-content\/uploads\/2025\/07\/P9313-300x300.jpg 300w, https:\/\/medkemedical.com\/wp-content\/uploads\/2025\/07\/P9313-150x150.jpg 150w, https:\/\/medkemedical.com\/wp-content\/uploads\/2025\/07\/P9313-12x12.jpg 12w, https:\/\/medkemedical.com\/wp-content\/uploads\/2025\/07\/P9313-600x600.jpg 600w, https:\/\/medkemedical.com\/wp-content\/uploads\/2025\/07\/P9313-100x100.jpg 100w, https:\/\/medkemedical.com\/wp-content\/uploads\/2025\/07\/P9313.jpg 640w\" sizes=\"(max-width: 300px) 100vw, 300px\" \/><\/a>\n\t\t\t<\/div><\/figure><figure class='gallery-item'>\n\t\t\t<div class='gallery-icon landscape'>\n\t\t\t\t<a data-elementor-open-lightbox=\"yes\" data-elementor-lightbox-slideshow=\"af89935\" data-elementor-lightbox-title=\"P8313\" data-e-action-hash=\"#elementor-action%3Aaction%3Dlightbox%26settings%3DeyJpZCI6Njk2MCwidXJsIjoiaHR0cHM6XC9cL21lZGtlbWVkaWNhbC5jb21cL3dwLWNvbnRlbnRcL3VwbG9hZHNcLzIwMjVcLzA3XC9QODMxMy5qcGciLCJzbGlkZXNob3ciOiJhZjg5OTM1In0%3D\" href='https:\/\/medkemedical.com\/wp-content\/uploads\/2025\/07\/P8313.jpg'><img width=\"300\" height=\"300\" src=\"https:\/\/medkemedical.com\/wp-content\/uploads\/2025\/07\/P8313-300x300.jpg\" class=\"attachment-medium size-medium\" alt=\"\" decoding=\"async\" srcset=\"https:\/\/medkemedical.com\/wp-content\/uploads\/2025\/07\/P8313-300x300.jpg 300w, https:\/\/medkemedical.com\/wp-content\/uploads\/2025\/07\/P8313-150x150.jpg 150w, https:\/\/medkemedical.com\/wp-content\/uploads\/2025\/07\/P8313-12x12.jpg 12w, https:\/\/medkemedical.com\/wp-content\/uploads\/2025\/07\/P8313-600x600.jpg 600w, https:\/\/medkemedical.com\/wp-content\/uploads\/2025\/07\/P8313-100x100.jpg 100w, https:\/\/medkemedical.com\/wp-content\/uploads\/2025\/07\/P8313.jpg 640w\" sizes=\"(max-width: 300px) 100vw, 300px\" \/><\/a>\n\t\t\t<\/div><\/figure><figure class='gallery-item'>\n\t\t\t<div class='gallery-icon landscape'>\n\t\t\t\t<a data-elementor-open-lightbox=\"yes\" data-elementor-lightbox-slideshow=\"af89935\" data-elementor-lightbox-title=\"P7313\" data-e-action-hash=\"#elementor-action%3Aaction%3Dlightbox%26settings%3DeyJpZCI6Njk2MSwidXJsIjoiaHR0cHM6XC9cL21lZGtlbWVkaWNhbC5jb21cL3dwLWNvbnRlbnRcL3VwbG9hZHNcLzIwMjVcLzA3XC9QNzMxMy5qcGciLCJzbGlkZXNob3ciOiJhZjg5OTM1In0%3D\" href='https:\/\/medkemedical.com\/wp-content\/uploads\/2025\/07\/P7313.jpg'><img width=\"300\" height=\"300\" src=\"https:\/\/medkemedical.com\/wp-content\/uploads\/2025\/07\/P7313-300x300.jpg\" class=\"attachment-medium size-medium\" alt=\"\" decoding=\"async\" srcset=\"https:\/\/medkemedical.com\/wp-content\/uploads\/2025\/07\/P7313-300x300.jpg 300w, https:\/\/medkemedical.com\/wp-content\/uploads\/2025\/07\/P7313-150x150.jpg 150w, https:\/\/medkemedical.com\/wp-content\/uploads\/2025\/07\/P7313-12x12.jpg 12w, https:\/\/medkemedical.com\/wp-content\/uploads\/2025\/07\/P7313-600x600.jpg 600w, https:\/\/medkemedical.com\/wp-content\/uploads\/2025\/07\/P7313-100x100.jpg 100w, https:\/\/medkemedical.com\/wp-content\/uploads\/2025\/07\/P7313.jpg 640w\" sizes=\"(max-width: 300px) 100vw, 300px\" \/><\/a>\n\t\t\t<\/div><\/figure><figure class='gallery-item'>\n\t\t\t<div class='gallery-icon landscape'>\n\t\t\t\t<a data-elementor-open-lightbox=\"yes\" data-elementor-lightbox-slideshow=\"af89935\" data-elementor-lightbox-title=\"P6313\" data-e-action-hash=\"#elementor-action%3Aaction%3Dlightbox%26settings%3DeyJpZCI6Njk2MywidXJsIjoiaHR0cHM6XC9cL21lZGtlbWVkaWNhbC5jb21cL3dwLWNvbnRlbnRcL3VwbG9hZHNcLzIwMjVcLzA3XC9QNjMxMy5qcGciLCJzbGlkZXNob3ciOiJhZjg5OTM1In0%3D\" href='https:\/\/medkemedical.com\/wp-content\/uploads\/2025\/07\/P6313.jpg'><img loading=\"lazy\" width=\"300\" height=\"300\" src=\"https:\/\/medkemedical.com\/wp-content\/uploads\/2025\/07\/P6313-300x300.jpg\" class=\"attachment-medium size-medium\" alt=\"\" decoding=\"async\" srcset=\"https:\/\/medkemedical.com\/wp-content\/uploads\/2025\/07\/P6313-300x300.jpg 300w, https:\/\/medkemedical.com\/wp-content\/uploads\/2025\/07\/P6313-150x150.jpg 150w, https:\/\/medkemedical.com\/wp-content\/uploads\/2025\/07\/P6313-12x12.jpg 12w, https:\/\/medkemedical.com\/wp-content\/uploads\/2025\/07\/P6313-600x600.jpg 600w, https:\/\/medkemedical.com\/wp-content\/uploads\/2025\/07\/P6313-100x100.jpg 100w, https:\/\/medkemedical.com\/wp-content\/uploads\/2025\/07\/P6313.jpg 640w\" sizes=\"(max-width: 300px) 100vw, 300px\" \/><\/a>\n\t\t\t<\/div><\/figure><figure class='gallery-item'>\n\t\t\t<div class='gallery-icon landscape'>\n\t\t\t\t<a data-elementor-open-lightbox=\"yes\" data-elementor-lightbox-slideshow=\"af89935\" data-elementor-lightbox-title=\"P5313\" data-e-action-hash=\"#elementor-action%3Aaction%3Dlightbox%26settings%3DeyJpZCI6Njk2NCwidXJsIjoiaHR0cHM6XC9cL21lZGtlbWVkaWNhbC5jb21cL3dwLWNvbnRlbnRcL3VwbG9hZHNcLzIwMjVcLzA3XC9QNTMxMy5qcGciLCJzbGlkZXNob3ciOiJhZjg5OTM1In0%3D\" href='https:\/\/medkemedical.com\/wp-content\/uploads\/2025\/07\/P5313.jpg'><img loading=\"lazy\" width=\"300\" height=\"300\" src=\"https:\/\/medkemedical.com\/wp-content\/uploads\/2025\/07\/P5313-300x300.jpg\" class=\"attachment-medium size-medium\" alt=\"\" decoding=\"async\" srcset=\"https:\/\/medkemedical.com\/wp-content\/uploads\/2025\/07\/P5313-300x300.jpg 300w, https:\/\/medkemedical.com\/wp-content\/uploads\/2025\/07\/P5313-150x150.jpg 150w, https:\/\/medkemedical.com\/wp-content\/uploads\/2025\/07\/P5313-12x12.jpg 12w, https:\/\/medkemedical.com\/wp-content\/uploads\/2025\/07\/P5313-600x600.jpg 600w, https:\/\/medkemedical.com\/wp-content\/uploads\/2025\/07\/P5313-100x100.jpg 100w, https:\/\/medkemedical.com\/wp-content\/uploads\/2025\/07\/P5313.jpg 640w\" sizes=\"(max-width: 300px) 100vw, 300px\" \/><\/a>\n\t\t\t<\/div><\/figure><figure class='gallery-item'>\n\t\t\t<div class='gallery-icon landscape'>\n\t\t\t\t<a data-elementor-open-lightbox=\"yes\" data-elementor-lightbox-slideshow=\"af89935\" data-elementor-lightbox-title=\"P4313\" data-e-action-hash=\"#elementor-action%3Aaction%3Dlightbox%26settings%3DeyJpZCI6Njk2NSwidXJsIjoiaHR0cHM6XC9cL21lZGtlbWVkaWNhbC5jb21cL3dwLWNvbnRlbnRcL3VwbG9hZHNcLzIwMjVcLzA3XC9QNDMxMy5qcGciLCJzbGlkZXNob3ciOiJhZjg5OTM1In0%3D\" href='https:\/\/medkemedical.com\/wp-content\/uploads\/2025\/07\/P4313.jpg'><img loading=\"lazy\" width=\"300\" height=\"300\" src=\"https:\/\/medkemedical.com\/wp-content\/uploads\/2025\/07\/P4313-300x300.jpg\" class=\"attachment-medium size-medium\" alt=\"\" decoding=\"async\" srcset=\"https:\/\/medkemedical.com\/wp-content\/uploads\/2025\/07\/P4313-300x300.jpg 300w, https:\/\/medkemedical.com\/wp-content\/uploads\/2025\/07\/P4313-150x150.jpg 150w, https:\/\/medkemedical.com\/wp-content\/uploads\/2025\/07\/P4313-12x12.jpg 12w, https:\/\/medkemedical.com\/wp-content\/uploads\/2025\/07\/P4313-600x600.jpg 600w, https:\/\/medkemedical.com\/wp-content\/uploads\/2025\/07\/P4313-100x100.jpg 100w, https:\/\/medkemedical.com\/wp-content\/uploads\/2025\/07\/P4313.jpg 640w\" sizes=\"(max-width: 300px) 100vw, 300px\" \/><\/a>\n\t\t\t<\/div><\/figure><figure class='gallery-item'>\n\t\t\t<div class='gallery-icon landscape'>\n\t\t\t\t<a data-elementor-open-lightbox=\"yes\" data-elementor-lightbox-slideshow=\"af89935\" data-elementor-lightbox-title=\"P3313\" data-e-action-hash=\"#elementor-action%3Aaction%3Dlightbox%26settings%3DeyJpZCI6Njk2NiwidXJsIjoiaHR0cHM6XC9cL21lZGtlbWVkaWNhbC5jb21cL3dwLWNvbnRlbnRcL3VwbG9hZHNcLzIwMjVcLzA3XC9QMzMxMy5qcGciLCJzbGlkZXNob3ciOiJhZjg5OTM1In0%3D\" href='https:\/\/medkemedical.com\/wp-content\/uploads\/2025\/07\/P3313.jpg'><img loading=\"lazy\" width=\"300\" height=\"300\" src=\"https:\/\/medkemedical.com\/wp-content\/uploads\/2025\/07\/P3313-300x300.jpg\" class=\"attachment-medium size-medium\" alt=\"\" decoding=\"async\" srcset=\"https:\/\/medkemedical.com\/wp-content\/uploads\/2025\/07\/P3313-300x300.jpg 300w, https:\/\/medkemedical.com\/wp-content\/uploads\/2025\/07\/P3313-150x150.jpg 150w, https:\/\/medkemedical.com\/wp-content\/uploads\/2025\/07\/P3313-12x12.jpg 12w, https:\/\/medkemedical.com\/wp-content\/uploads\/2025\/07\/P3313-600x600.jpg 600w, https:\/\/medkemedical.com\/wp-content\/uploads\/2025\/07\/P3313-100x100.jpg 100w, https:\/\/medkemedical.com\/wp-content\/uploads\/2025\/07\/P3313.jpg 640w\" sizes=\"(max-width: 300px) 100vw, 300px\" \/><\/a>\n\t\t\t<\/div><\/figure>\n\t\t<\/div>\n\t\t<\/div>\n\t\t\t\t\t\t<\/div>\n\t\t\t\t<\/div>\n\t\t\t\t\t<\/div>\n\t\t\t\t<\/div>\n\t\t<div class=\"elementor-element elementor-element-2060517 e-con-full e-flex e-con e-parent\" data-id=\"2060517\" data-element_type=\"container\" data-e-type=\"container\" data-settings=\"{&quot;ekit_has_onepagescroll_dot&quot;:&quot;yes&quot;}\">\n\t\t\t\t<div class=\"elementor-element elementor-element-48a26cb elementor-widget elementor-widget-elementskit-tablepress\" data-id=\"48a26cb\" data-element_type=\"widget\" data-e-type=\"widget\" data-settings=\"{&quot;ekit_we_effect_on&quot;:&quot;none&quot;}\" data-widget_type=\"elementskit-tablepress.default\">\n\t\t\t\t<div class=\"elementor-widget-container\">\n\t\t\t\t\t<div class=\"elemenetskit-tablepress ekit-wid-con\" id=\"ekit_tablepress_48a26cb\">\n<table id=\"tablepress-399\" class=\"tablepress tablepress-id-399\">\n<thead>\n<tr class=\"row-1\">\n\t<th class=\"column-1\">\u00d6vervaka<\/th><th class=\"column-2\">Vuxen kl\u00e4mma<\/th><th class=\"column-3\">Vuxen kl\u00e4mma<\/th><th class=\"column-4\">Pedia. Klipp<\/th><th class=\"column-5\">Pedia. Mjuk<\/th><th class=\"column-6\">Nyf\u00f6ddomslag<\/th><th class=\"column-7\">Multi-Y<\/th><th class=\"column-8\">\u00d6ronkl\u00e4mma f\u00f6r vuxna<\/th><th class=\"column-9\">Kontakt<\/th>\n<\/tr>\n<\/thead>\n<tbody class=\"row-striping row-hover\">\n<tr class=\"row-2\">\n\t<td class=\"column-1\">7840, 7845, Minimon 7137, Mikromon, Supermon, Kolormon, Trakmon<\/td><td class=\"column-2\">P9313<\/td><td class=\"column-3\">P8313<\/td><td class=\"column-4\">P7313<\/td><td class=\"column-5\">P6313<\/td><td class=\"column-6\">P5313<\/td><td class=\"column-7\">P4313<\/td><td class=\"column-8\">P3313<\/td><td class=\"column-9\">CN20<\/td>\n<\/tr>\n<tr class=\"row-3\">\n\t<td class=\"column-1\">7 stift 80 grader<\/td><td class=\"column-2\">P9313A<\/td><td class=\"column-3\">P8313A<\/td><td class=\"column-4\">P7313A<\/td><td class=\"column-5\">P6313A<\/td><td class=\"column-6\">P5313A<\/td><td class=\"column-7\">P4313A<\/td><td class=\"column-8\">P3313A<\/td><td class=\"column-9\">CP7T<\/td>\n<\/tr>\n<\/tbody>\n<\/table>\n<\/div>\t\t\t\t<\/div>\n\t\t\t\t<\/div>\n\t\t\t\t<\/div>\n\t\t\t\t<\/div>","protected":false},"excerpt":{"rendered":"<p>Redigera monitor Vuxenkl\u00e4mma Vuxenkl\u00e4mma Pedia. Kl\u00e4mma Pedia. Mjuk neonatal wrap Multi-Y vuxen \u00f6ronkl\u00e4mma Kontakt 503 Spot, 504Plus, 504DX, 506DXN 90 graders vinkel P9307A P8307A P7307A P6307A P5307A P4307A P3307A CN06 501, 503, 504, 507, 508,581, 1100,8100, Poet(602-3A), Scholar P9307 P8307 P7307 P6307 P5307 P4307 P3307 CM5 90 graders vinkel P9107A P8107A [\u2026]<\/p>","protected":false},"featured_media":6959,"comment_status":"open","ping_status":"closed","template":"","meta":{"_acf_changed":false},"product_brand":[80],"product_cat":[211],"product_tag":[],"class_list":{"0":"post-6956","1":"product","2":"type-product","3":"status-publish","4":"has-post-thumbnail","6":"product_brand-kontron","7":"product_cat-reusable-spo2-sensors","9":"first","10":"instock","11":"shipping-taxable","12":"product-type-simple"},"acf":[],"_links":{"self":[{"href":"https:\/\/medkemedical.com\/sv\/wp-json\/wp\/v2\/product\/6956","targetHints":{"allow":["GET"]}}],"collection":[{"href":"https:\/\/medkemedical.com\/sv\/wp-json\/wp\/v2\/product"}],"about":[{"href":"https:\/\/medkemedical.com\/sv\/wp-json\/wp\/v2\/types\/product"}],"replies":[{"embeddable":true,"href":"https:\/\/medkemedical.com\/sv\/wp-json\/wp\/v2\/comments?post=6956"}],"version-history":[{"count":6,"href":"https:\/\/medkemedical.com\/sv\/wp-json\/wp\/v2\/product\/6956\/revisions"}],"predecessor-version":[{"id":6970,"href":"https:\/\/medkemedical.com\/sv\/wp-json\/wp\/v2\/product\/6956\/revisions\/6970"}],"wp:featuredmedia":[{"embeddable":true,"href":"https:\/\/medkemedical.com\/sv\/wp-json\/wp\/v2\/media\/6959"}],"wp:attachment":[{"href":"https:\/\/medkemedical.com\/sv\/wp-json\/wp\/v2\/media?parent=6956"}],"wp:term":[{"taxonomy":"product_brand","embeddable":true,"href":"https:\/\/medkemedical.com\/sv\/wp-json\/wp\/v2\/product_brand?post=6956"},{"taxonomy":"product_cat","embeddable":true,"href":"https:\/\/medkemedical.com\/sv\/wp-json\/wp\/v2\/product_cat?post=6956"},{"taxonomy":"product_tag","embeddable":true,"href":"https:\/\/medkemedical.com\/sv\/wp-json\/wp\/v2\/product_tag?post=6956"}],"curies":[{"name":"wp","href":"https:\/\/api.w.org\/{rel}","templated":true}]}}