{"id":3412,"date":"2025-05-20T09:50:12","date_gmt":"2025-05-20T01:50:12","guid":{"rendered":"https:\/\/medkemedical.com\/?post_type=product&#038;p=3412"},"modified":"2025-05-20T09:52:44","modified_gmt":"2025-05-20T01:52:44","slug":"ge-ohmeda-disposable-spo2-sensor","status":"publish","type":"product","link":"https:\/\/medkemedical.com\/sv\/produkt\/ge-ohmeda-disposable-spo2-sensor\/","title":{"rendered":"GE-Ohmeda eng\u00e5ngs-SpO2-sensor"},"content":{"rendered":"<div data-elementor-type=\"product-post\" data-elementor-id=\"3412\" class=\"elementor elementor-3412\" data-elementor-post-type=\"product\">\n\t\t\t\t<div class=\"elementor-element elementor-element-619b221 e-flex e-con-boxed e-con e-parent\" data-id=\"619b221\" data-element_type=\"container\" data-e-type=\"container\" data-settings=\"{&quot;ekit_has_onepagescroll_dot&quot;:&quot;yes&quot;}\">\n\t\t\t\t\t<div class=\"e-con-inner\">\n\t\t\t\t<div class=\"elementor-element elementor-element-fd412bd gallery-spacing-custom elementor-widget elementor-widget-image-gallery\" data-id=\"fd412bd\" data-element_type=\"widget\" data-e-type=\"widget\" data-settings=\"{&quot;ekit_we_effect_on&quot;:&quot;none&quot;}\" data-widget_type=\"image-gallery.default\">\n\t\t\t\t<div class=\"elementor-widget-container\">\n\t\t\t\t\t\t\t<div class=\"elementor-image-gallery\">\n\t\t\t<div id='gallery-1' class='gallery galleryid-3412 gallery-columns-3 gallery-size-medium'><figure class='gallery-item'>\n\t\t\t<div class='gallery-icon landscape'>\n\t\t\t\t<a data-elementor-open-lightbox=\"yes\" data-elementor-lightbox-slideshow=\"fd412bd\" data-elementor-lightbox-title=\"P1310-P1323\" data-e-action-hash=\"#elementor-action%3Aaction%3Dlightbox%26settings%3DeyJpZCI6MzM5NiwidXJsIjoiaHR0cHM6XC9cL21lZGtlbWVkaWNhbC5jb21cL3dwLWNvbnRlbnRcL3VwbG9hZHNcLzIwMjVcLzA1XC9QMTMxMC1QMTMyMy5qcGciLCJzbGlkZXNob3ciOiJmZDQxMmJkIn0%3D\" href='https:\/\/medkemedical.com\/wp-content\/uploads\/2025\/05\/P1310-P1323.jpg'><img fetchpriority=\"high\" width=\"300\" height=\"300\" src=\"https:\/\/medkemedical.com\/wp-content\/uploads\/2025\/05\/P1310-P1323-300x300.jpg\" class=\"attachment-medium size-medium\" alt=\"\" decoding=\"async\" srcset=\"https:\/\/medkemedical.com\/wp-content\/uploads\/2025\/05\/P1310-P1323-300x300.jpg 300w, https:\/\/medkemedical.com\/wp-content\/uploads\/2025\/05\/P1310-P1323-150x150.jpg 150w, https:\/\/medkemedical.com\/wp-content\/uploads\/2025\/05\/P1310-P1323-600x600.jpg 600w, https:\/\/medkemedical.com\/wp-content\/uploads\/2025\/05\/P1310-P1323-100x100.jpg 100w, https:\/\/medkemedical.com\/wp-content\/uploads\/2025\/05\/P1310-P1323.jpg 640w\" sizes=\"(max-width: 300px) 100vw, 300px\" \/><\/a>\n\t\t\t<\/div><\/figure><figure class='gallery-item'>\n\t\t\t<div class='gallery-icon landscape'>\n\t\t\t\t<a data-elementor-open-lightbox=\"yes\" data-elementor-lightbox-slideshow=\"fd412bd\" data-elementor-lightbox-title=\"P1710-P1723\" data-e-action-hash=\"#elementor-action%3Aaction%3Dlightbox%26settings%3DeyJpZCI6MzM5OCwidXJsIjoiaHR0cHM6XC9cL21lZGtlbWVkaWNhbC5jb21cL3dwLWNvbnRlbnRcL3VwbG9hZHNcLzIwMjVcLzA1XC9QMTcxMC1QMTcyMy0uanBnIiwic2xpZGVzaG93IjoiZmQ0MTJiZCJ9\" href='https:\/\/medkemedical.com\/wp-content\/uploads\/2025\/05\/P1710-P1723-.jpg'><img width=\"300\" height=\"300\" src=\"https:\/\/medkemedical.com\/wp-content\/uploads\/2025\/05\/P1710-P1723--300x300.jpg\" class=\"attachment-medium size-medium\" alt=\"\" decoding=\"async\" srcset=\"https:\/\/medkemedical.com\/wp-content\/uploads\/2025\/05\/P1710-P1723--300x300.jpg 300w, https:\/\/medkemedical.com\/wp-content\/uploads\/2025\/05\/P1710-P1723--150x150.jpg 150w, https:\/\/medkemedical.com\/wp-content\/uploads\/2025\/05\/P1710-P1723--600x600.jpg 600w, https:\/\/medkemedical.com\/wp-content\/uploads\/2025\/05\/P1710-P1723--100x100.jpg 100w, https:\/\/medkemedical.com\/wp-content\/uploads\/2025\/05\/P1710-P1723-.jpg 640w\" sizes=\"(max-width: 300px) 100vw, 300px\" \/><\/a>\n\t\t\t<\/div><\/figure><figure class='gallery-item'>\n\t\t\t<div class='gallery-icon landscape'>\n\t\t\t\t<a data-elementor-open-lightbox=\"yes\" data-elementor-lightbox-slideshow=\"fd412bd\" data-elementor-lightbox-title=\"P1810-P1823\" data-e-action-hash=\"#elementor-action%3Aaction%3Dlightbox%26settings%3DeyJpZCI6MzM5OSwidXJsIjoiaHR0cHM6XC9cL21lZGtlbWVkaWNhbC5jb21cL3dwLWNvbnRlbnRcL3VwbG9hZHNcLzIwMjVcLzA1XC9QMTgxMC1QMTgyMy0uanBnIiwic2xpZGVzaG93IjoiZmQ0MTJiZCJ9\" href='https:\/\/medkemedical.com\/wp-content\/uploads\/2025\/05\/P1810-P1823-.jpg'><img width=\"300\" height=\"300\" src=\"https:\/\/medkemedical.com\/wp-content\/uploads\/2025\/05\/P1810-P1823--300x300.jpg\" class=\"attachment-medium size-medium\" alt=\"\" decoding=\"async\" srcset=\"https:\/\/medkemedical.com\/wp-content\/uploads\/2025\/05\/P1810-P1823--300x300.jpg 300w, https:\/\/medkemedical.com\/wp-content\/uploads\/2025\/05\/P1810-P1823--150x150.jpg 150w, https:\/\/medkemedical.com\/wp-content\/uploads\/2025\/05\/P1810-P1823--600x600.jpg 600w, https:\/\/medkemedical.com\/wp-content\/uploads\/2025\/05\/P1810-P1823--100x100.jpg 100w, https:\/\/medkemedical.com\/wp-content\/uploads\/2025\/05\/P1810-P1823-.jpg 640w\" sizes=\"(max-width: 300px) 100vw, 300px\" \/><\/a>\n\t\t\t<\/div><\/figure>\n\t\t<\/div>\n\t\t<\/div>\n\t\t\t\t\t\t<\/div>\n\t\t\t\t<\/div>\n\t\t\t\t\t<\/div>\n\t\t\t\t<\/div>\n\t\t<div class=\"elementor-element elementor-element-691471b e-con-full e-flex e-con e-parent\" data-id=\"691471b\" data-element_type=\"container\" data-e-type=\"container\" data-settings=\"{&quot;ekit_has_onepagescroll_dot&quot;:&quot;yes&quot;}\">\n\t\t\t\t<div class=\"elementor-element elementor-element-ee8ed79 elementor-widget elementor-widget-elementskit-tablepress\" data-id=\"ee8ed79\" data-element_type=\"widget\" data-e-type=\"widget\" data-settings=\"{&quot;ekit_we_effect_on&quot;:&quot;none&quot;}\" data-widget_type=\"elementskit-tablepress.default\">\n\t\t\t\t<div class=\"elementor-widget-container\">\n\t\t\t\t\t<div class=\"elemenetskit-tablepress ekit-wid-con\" id=\"ekit_tablepress_ee8ed79\">\n<table id=\"tablepress-137\" class=\"tablepress tablepress-id-137 tbody-has-connected-cells\">\n<thead>\n<tr class=\"row-1\">\n\t<th class=\"column-1\">GE-Ohmeda<\/th><th class=\"column-2\">sj\u00e4lvh\u00e4ftande tejp<\/th><th class=\"column-3\">Sj\u00e4lvh\u00e4ftande skum<\/th><th class=\"column-4\">Icke-vidh\u00e4ftande skum<\/th><th class=\"column-5\">Storlek<\/th><th class=\"column-6\">Anslutningsartikelnummer<\/th>\n<\/tr>\n<\/thead>\n<tbody class=\"row-striping row-hover\">\n<tr class=\"row-2\">\n\t<td rowspan=\"4\" class=\"column-1\">Orderkod<\/td><td class=\"column-2\">P1010J-01<\/td><td class=\"column-3\">P1410J-01<\/td><td class=\"column-4\">P1810J-01<\/td><td class=\"column-5\">Nyf\u00f6dd\/Vuxen (<3kg\/>40 kg)<\/td><td rowspan=\"4\" class=\"column-6\">CN04<br \/>\n<img loading=\"lazy\" decoding=\"async\" src=\"https:\/\/medkemedical.com\/wp-content\/uploads\/2025\/05\/CN04-1-300x300.jpg\" alt=\"\" width=\"300\" height=\"300\" class=\"alignnone size-medium wp-image-3341\" srcset=\"https:\/\/medkemedical.com\/wp-content\/uploads\/2025\/05\/CN04-1-300x300.jpg 300w, https:\/\/medkemedical.com\/wp-content\/uploads\/2025\/05\/CN04-1-150x150.jpg 150w, https:\/\/medkemedical.com\/wp-content\/uploads\/2025\/05\/CN04-1-600x600.jpg 600w, https:\/\/medkemedical.com\/wp-content\/uploads\/2025\/05\/CN04-1-100x100.jpg 100w, https:\/\/medkemedical.com\/wp-content\/uploads\/2025\/05\/CN04-1.jpg 640w\" sizes=\"(max-width: 300px) 100vw, 300px\" \/><\/td>\n<\/tr>\n<tr class=\"row-3\">\n\t<td class=\"column-2\">P1110J-01<\/td><td class=\"column-3\">P1510J-01<\/td><td class=\"column-4\">P1910J-01<\/td><td class=\"column-5\">Sp\u00e4dbarn (3-20 kg)<\/td>\n<\/tr>\n<tr class=\"row-4\">\n\t<td class=\"column-2\">P1210J-01<\/td><td class=\"column-3\">P1610J-01<\/td><td class=\"column-4\">P1910J-01<\/td><td class=\"column-5\">Barn (10\u201350 kg)<\/td>\n<\/tr>\n<tr class=\"row-5\">\n\t<td class=\"column-2\">P1310J-01<\/td><td class=\"column-3\">P1710J-01<\/td><td class=\"column-4\">P1810J-01<\/td><td class=\"column-5\">Vuxen (&gt;30 kg)<\/td>\n<\/tr>\n<\/tbody>\n<\/table>\n<\/div>\t\t\t\t<\/div>\n\t\t\t\t<\/div>\n\t\t\t\t<\/div>\n\t\t\t\t<\/div>","protected":false},"excerpt":{"rendered":"<p>Redigera GE-Ohmeda sj\u00e4lvh\u00e4ftande tejp Sj\u00e4lvh\u00e4ftande skum Icke-vidh\u00e4ftande skum Storlek Ansl. Art.nr. Best\u00e4llningskod P1010J-01 P1410J-01 P1810J-01 Nyf\u00f6dd\/Vuxen (40 kg) CN04 P1110J-01 P1510J-01 P1910J-01 Sp\u00e4dbarn (3\u201320 kg) P1210J-01 P1610J-01 P1910J-01 Barn (10\u201350 kg) P1310J-01 P1710J-01 P1810J-01 Vuxen (&gt;30 kg)<\/p>","protected":false},"featured_media":3413,"comment_status":"open","ping_status":"closed","template":"","meta":{"_acf_changed":false},"product_brand":[30],"product_cat":[142],"product_tag":[],"class_list":{"0":"post-3412","1":"product","2":"type-product","3":"status-publish","4":"has-post-thumbnail","6":"product_brand-ge-datex-ohmeda","7":"product_cat-disposable-spo2-sensors","9":"first","10":"instock","11":"shipping-taxable","12":"product-type-simple"},"acf":[],"_links":{"self":[{"href":"https:\/\/medkemedical.com\/sv\/wp-json\/wp\/v2\/product\/3412","targetHints":{"allow":["GET"]}}],"collection":[{"href":"https:\/\/medkemedical.com\/sv\/wp-json\/wp\/v2\/product"}],"about":[{"href":"https:\/\/medkemedical.com\/sv\/wp-json\/wp\/v2\/types\/product"}],"replies":[{"embeddable":true,"href":"https:\/\/medkemedical.com\/sv\/wp-json\/wp\/v2\/comments?post=3412"}],"version-history":[{"count":4,"href":"https:\/\/medkemedical.com\/sv\/wp-json\/wp\/v2\/product\/3412\/revisions"}],"predecessor-version":[{"id":3417,"href":"https:\/\/medkemedical.com\/sv\/wp-json\/wp\/v2\/product\/3412\/revisions\/3417"}],"wp:featuredmedia":[{"embeddable":true,"href":"https:\/\/medkemedical.com\/sv\/wp-json\/wp\/v2\/media\/3413"}],"wp:attachment":[{"href":"https:\/\/medkemedical.com\/sv\/wp-json\/wp\/v2\/media?parent=3412"}],"wp:term":[{"taxonomy":"product_brand","embeddable":true,"href":"https:\/\/medkemedical.com\/sv\/wp-json\/wp\/v2\/product_brand?post=3412"},{"taxonomy":"product_cat","embeddable":true,"href":"https:\/\/medkemedical.com\/sv\/wp-json\/wp\/v2\/product_cat?post=3412"},{"taxonomy":"product_tag","embeddable":true,"href":"https:\/\/medkemedical.com\/sv\/wp-json\/wp\/v2\/product_tag?post=3412"}],"curies":[{"name":"wp","href":"https:\/\/api.w.org\/{rel}","templated":true}]}}