{"id":2192,"date":"2025-05-06T15:46:43","date_gmt":"2025-05-06T07:46:43","guid":{"rendered":"https:\/\/medkemedical.com\/?post_type=product&#038;p=2192"},"modified":"2025-05-09T11:14:37","modified_gmt":"2025-05-09T03:14:37","slug":"zoll-aed-disposable-defibrillation-pads","status":"publish","type":"product","link":"https:\/\/medkemedical.com\/sv\/produkt\/zoll-aed-disposable-defibrillation-pads\/","title":{"rendered":"Zoll AED eng\u00e5ngs defibrilleringsplattor"},"content":{"rendered":"<div data-elementor-type=\"product-post\" data-elementor-id=\"2192\" class=\"elementor elementor-2192\" data-elementor-post-type=\"product\">\n\t\t\t\t<div class=\"elementor-element elementor-element-2a30352 e-flex e-con-boxed e-con e-parent\" data-id=\"2a30352\" data-element_type=\"container\" data-e-type=\"container\" data-settings=\"{&quot;ekit_has_onepagescroll_dot&quot;:&quot;yes&quot;}\">\n\t\t\t\t\t<div class=\"e-con-inner\">\n\t\t\t\t<div class=\"elementor-element elementor-element-4ecbec5 elementor-skin-coverflow elementor-arrows-yes elementor-pagination-type-bullets elementor-pagination-position-outside elementor-widget elementor-widget-media-carousel\" data-id=\"4ecbec5\" data-element_type=\"widget\" data-e-type=\"widget\" data-settings=\"{&quot;skin&quot;:&quot;coverflow&quot;,&quot;show_arrows&quot;:&quot;yes&quot;,&quot;pagination&quot;:&quot;bullets&quot;,&quot;speed&quot;:500,&quot;autoplay&quot;:&quot;yes&quot;,&quot;autoplay_speed&quot;:5000,&quot;loop&quot;:&quot;yes&quot;,&quot;pause_on_hover&quot;:&quot;yes&quot;,&quot;pause_on_interaction&quot;:&quot;yes&quot;,&quot;space_between&quot;:{&quot;unit&quot;:&quot;px&quot;,&quot;size&quot;:10,&quot;sizes&quot;:[]},&quot;space_between_tablet&quot;:{&quot;unit&quot;:&quot;px&quot;,&quot;size&quot;:10,&quot;sizes&quot;:[]},&quot;space_between_mobile&quot;:{&quot;unit&quot;:&quot;px&quot;,&quot;size&quot;:10,&quot;sizes&quot;:[]},&quot;ekit_we_effect_on&quot;:&quot;none&quot;}\" data-widget_type=\"media-carousel.default\">\n\t\t\t\t<div class=\"elementor-widget-container\">\n\t\t\t\t\t\t\t\t\t<div class=\"elementor-swiper\">\n\t\t\t\t\t<div class=\"elementor-main-swiper swiper\" role=\"region\" aria-roledescription=\"carousel\" aria-label=\"Bilder\">\n\t\t\t\t<div class=\"swiper-wrapper\">\n\t\t\t\t\t\t\t\t\t\t\t<div class=\"swiper-slide\" role=\"group\" aria-roledescription=\"slide\">\n\t\t\t\t\t\t\t\t\t<div class=\"elementor-carousel-image\" role=\"img\" aria-label=\"AED-ZRA-12A\" style=\"background-image: url(&#039;https:\/\/medkemedical.com\/wp-content\/uploads\/2025\/05\/AED-ZRA-12A-scaled.jpg&#039;)\">\n\n\t\t\t\n\t\t\t\t\t<\/div>\n\t\t\t\t\t\t\t\t<\/div>\n\t\t\t\t\t\t\t\t\t\t\t<div class=\"swiper-slide\" role=\"group\" aria-roledescription=\"slide\">\n\t\t\t\t\t\t\t\t\t<div class=\"elementor-carousel-image\" role=\"img\" aria-label=\"AED-ZRA-12B\" style=\"background-image: url(&#039;https:\/\/medkemedical.com\/wp-content\/uploads\/2025\/05\/AED-ZRA-12B.png&#039;)\">\n\n\t\t\t\n\t\t\t\t\t<\/div>\n\t\t\t\t\t\t\t\t<\/div>\n\t\t\t\t\t\t\t\t\t\t\t<div class=\"swiper-slide\" role=\"group\" aria-roledescription=\"slide\">\n\t\t\t\t\t\t\t\t\t<div class=\"elementor-carousel-image\" role=\"img\" aria-label=\"AED-ZRB-12A\" style=\"background-image: url(&#039;https:\/\/medkemedical.com\/wp-content\/uploads\/2025\/05\/AED-ZRB-12A.png&#039;)\">\n\n\t\t\t\n\t\t\t\t\t<\/div>\n\t\t\t\t\t\t\t\t<\/div>\n\t\t\t\t\t\t\t\t\t\t\t<div class=\"swiper-slide\" role=\"group\" aria-roledescription=\"slide\">\n\t\t\t\t\t\t\t\t\t<div class=\"elementor-carousel-image\" role=\"img\" aria-label=\"AED-ZRB-12B\" style=\"background-image: url(&#039;https:\/\/medkemedical.com\/wp-content\/uploads\/2025\/05\/AED-ZRB-12B.jpg&#039;)\">\n\n\t\t\t\n\t\t\t\t\t<\/div>\n\t\t\t\t\t\t\t\t<\/div>\n\t\t\t\t\t\t\t\t\t<\/div>\n\t\t\t\t\t\t\t\t\t\t\t\t\t\t\t<div class=\"elementor-swiper-button elementor-swiper-button-prev\" role=\"button\" tabindex=\"0\" aria-label=\"Anterior\">\n\t\t\t\t\t\t\t<i aria-hidden=\"true\" class=\"eicon-chevron-left\"><\/i>\t\t\t\t\t\t<\/div>\n\t\t\t\t\t\t<div class=\"elementor-swiper-button elementor-swiper-button-next\" role=\"button\" tabindex=\"0\" aria-label=\"N\u00e4sta\">\n\t\t\t\t\t\t\t<i aria-hidden=\"true\" class=\"eicon-chevron-right\"><\/i>\t\t\t\t\t\t<\/div>\n\t\t\t\t\t\t\t\t\t\t\t\t\t\t\t\t<div class=\"swiper-pagination\"><\/div>\n\t\t\t\t\t\t\t\t\t\t\t\t<\/div>\n\t\t\t\t<\/div>\n\t\t\t\t\t\t\t\t<\/div>\n\t\t\t\t<\/div>\n\t\t\t\t\t<\/div>\n\t\t\t\t<\/div>\n\t\t<div class=\"elementor-element elementor-element-bf6be81 e-flex e-con-boxed e-con e-parent\" data-id=\"bf6be81\" data-element_type=\"container\" data-e-type=\"container\" data-settings=\"{&quot;ekit_has_onepagescroll_dot&quot;:&quot;yes&quot;}\">\n\t\t\t\t\t<div class=\"e-con-inner\">\n\t\t\t\t<div class=\"elementor-element elementor-element-b1bf061 elementor-widget elementor-widget-elementskit-tablepress\" data-id=\"b1bf061\" data-element_type=\"widget\" data-e-type=\"widget\" data-settings=\"{&quot;ekit_we_effect_on&quot;:&quot;none&quot;}\" data-widget_type=\"elementskit-tablepress.default\">\n\t\t\t\t<div class=\"elementor-widget-container\">\n\t\t\t\t\t<div class=\"elemenetskit-tablepress ekit-wid-con\" id=\"ekit_tablepress_b1bf061\">\n<table id=\"tablepress-12\" class=\"tablepress tablepress-id-12 tbody-has-connected-cells\">\n<thead>\n<tr class=\"row-1\">\n\t<th class=\"column-1\">Kompatibla modeller<\/th><th class=\"column-2\">Orderkod<\/th><th class=\"column-3\">Alternativ<\/th><th class=\"column-4\">Kontaktfoto<\/th>\n<\/tr>\n<\/thead>\n<tbody class=\"row-striping row-hover\">\n<tr class=\"row-2\">\n\t<td rowspan=\"2\" class=\"column-1\">Zoll M-, E-, R-serien <br \/>\nAed Plus, Aed Pro<\/td><td class=\"column-2\"> AED-ZRA-12A<\/td><td class=\"column-3\"> Vuxen<\/td><td rowspan=\"2\" class=\"column-4\"><img fetchpriority=\"high\" decoding=\"async\" src=\"https:\/\/medkemedical.com\/wp-content\/uploads\/2025\/05\/\u56fe\u5c42-4-300x275.png\" alt=\"\" width=\"300\" height=\"275\" class=\"alignnone size-medium wp-image-2200\" srcset=\"https:\/\/medkemedical.com\/wp-content\/uploads\/2025\/05\/\u56fe\u5c42-4-300x275.png 300w, https:\/\/medkemedical.com\/wp-content\/uploads\/2025\/05\/\u56fe\u5c42-4-768x703.png 768w, https:\/\/medkemedical.com\/wp-content\/uploads\/2025\/05\/\u56fe\u5c42-4-600x549.png 600w, https:\/\/medkemedical.com\/wp-content\/uploads\/2025\/05\/\u56fe\u5c42-4.png 815w\" sizes=\"(max-width: 300px) 100vw, 300px\" \/><\/td>\n<\/tr>\n<tr class=\"row-3\">\n\t<td class=\"column-2\"> AED-ZRA-12B<\/td><td class=\"column-3\">Pediatrisk<\/td>\n<\/tr>\n<tr class=\"row-4\">\n\t<td rowspan=\"2\" class=\"column-1\">M&amp;B 7000 AED,<br \/>\n Zoll M-, E-, R-serien PD 1200, <br \/>\n1400,1600,1700,2000<\/td><td class=\"column-2\"> AED-ZRB-12A<\/td><td class=\"column-3\">Vuxen<\/td><td rowspan=\"2\" class=\"column-4\"><img decoding=\"async\" src=\"https:\/\/medkemedical.com\/wp-content\/uploads\/2025\/05\/\u56fe\u5c42-5-300x234.png\" alt=\"\" width=\"300\" height=\"234\" class=\"alignnone size-medium wp-image-2220\" srcset=\"https:\/\/medkemedical.com\/wp-content\/uploads\/2025\/05\/\u56fe\u5c42-5-300x234.png 300w, https:\/\/medkemedical.com\/wp-content\/uploads\/2025\/05\/\u56fe\u5c42-5-768x599.png 768w, https:\/\/medkemedical.com\/wp-content\/uploads\/2025\/05\/\u56fe\u5c42-5-600x468.png 600w, https:\/\/medkemedical.com\/wp-content\/uploads\/2025\/05\/\u56fe\u5c42-5.png 942w\" sizes=\"(max-width: 300px) 100vw, 300px\" \/><\/td>\n<\/tr>\n<tr class=\"row-5\">\n\t<td class=\"column-2\">AED-ZRB-12B<\/td><td class=\"column-3\">Pediatrisk<\/td>\n<\/tr>\n<\/tbody>\n<\/table>\n<\/div>\t\t\t\t<\/div>\n\t\t\t\t<\/div>\n\t\t\t\t\t<\/div>\n\t\t\t\t<\/div>\n\t\t<div class=\"elementor-element elementor-element-2e3cfb7 e-flex e-con-boxed e-con e-parent\" data-id=\"2e3cfb7\" data-element_type=\"container\" data-e-type=\"container\" data-settings=\"{&quot;ekit_has_onepagescroll_dot&quot;:&quot;yes&quot;}\">\n\t\t\t\t\t<div class=\"e-con-inner\">\n\t\t\t\t<div class=\"elementor-element elementor-element-822097b elementor-widget elementor-widget-text-editor\" data-id=\"822097b\" data-element_type=\"widget\" data-e-type=\"widget\" data-settings=\"{&quot;ekit_we_effect_on&quot;:&quot;none&quot;}\" data-widget_type=\"text-editor.default\">\n\t\t\t\t<div class=\"elementor-widget-container\">\n\t\t\t\t\t\t\t\t\t<p>Zoll AED-elektroder \u00e4r optimerade f\u00f6r s\u00f6ml\u00f6s integration med Zoll AED Plus- och AED Pro-modellerna. Dessa <strong data-start=\"1297\" data-end=\"1336\">Zoll defibrillatorers\u00e4ttningselektroder<\/strong> har en plug-and-play-kontakt som f\u00f6renklar installationen \u2013 \u00e4ven i h\u00f6gpressade situationer. Varje par levereras i en manipulationss\u00e4ker, f\u00f6rseglad f\u00f6rpackning f\u00f6r s\u00e4kerhet och \u00e4kthet. Det har aldrig varit enklare att h\u00e5lla din defibrillator aktuell och kompatibel. Byt ut med f\u00f6rtroende och uppfyll f\u00f6reskrifter f\u00f6r medicinska n\u00f6dsituationer med produkter som \u00e4r betrodda av yrkesverksamma runt om i v\u00e4rlden.<\/p>\t\t\t\t\t\t\t\t<\/div>\n\t\t\t\t<\/div>\n\t\t\t\t\t<\/div>\n\t\t\t\t<\/div>\n\t\t\t\t<\/div>","protected":false},"excerpt":{"rendered":"<p>Edit Compatible Models Order Code Options Connector Photo Zoll M-,E-, R-Series Aed Plus,Aed Pro AED-ZRA-12A Adult AED-ZRA-12B Pediatric M&amp;B AED7000, Zoll M-,E-,R-Series PD 1200, 1400,1600,1700,2000 AED-ZRB-12A Adult AED-ZRB-12B Pediatric Zoll AED Pads are optimized for seamless integration with Zoll AED Plus and AED Pro models. These Zoll defibrillator replacement pads feature a plug-and-play connector that [&hellip;]<\/p>","protected":false},"featured_media":2193,"comment_status":"closed","ping_status":"closed","template":"","meta":{"_acf_changed":false},"product_brand":[124],"product_cat":[221],"product_tag":[],"class_list":{"0":"post-2192","1":"product","2":"type-product","3":"status-publish","4":"has-post-thumbnail","6":"product_brand-zoll","7":"product_cat-aed-pads","9":"first","10":"instock","11":"shipping-taxable","12":"product-type-simple"},"acf":[],"_links":{"self":[{"href":"https:\/\/medkemedical.com\/sv\/wp-json\/wp\/v2\/product\/2192","targetHints":{"allow":["GET"]}}],"collection":[{"href":"https:\/\/medkemedical.com\/sv\/wp-json\/wp\/v2\/product"}],"about":[{"href":"https:\/\/medkemedical.com\/sv\/wp-json\/wp\/v2\/types\/product"}],"replies":[{"embeddable":true,"href":"https:\/\/medkemedical.com\/sv\/wp-json\/wp\/v2\/comments?post=2192"}],"version-history":[{"count":18,"href":"https:\/\/medkemedical.com\/sv\/wp-json\/wp\/v2\/product\/2192\/revisions"}],"predecessor-version":[{"id":2244,"href":"https:\/\/medkemedical.com\/sv\/wp-json\/wp\/v2\/product\/2192\/revisions\/2244"}],"wp:featuredmedia":[{"embeddable":true,"href":"https:\/\/medkemedical.com\/sv\/wp-json\/wp\/v2\/media\/2193"}],"wp:attachment":[{"href":"https:\/\/medkemedical.com\/sv\/wp-json\/wp\/v2\/media?parent=2192"}],"wp:term":[{"taxonomy":"product_brand","embeddable":true,"href":"https:\/\/medkemedical.com\/sv\/wp-json\/wp\/v2\/product_brand?post=2192"},{"taxonomy":"product_cat","embeddable":true,"href":"https:\/\/medkemedical.com\/sv\/wp-json\/wp\/v2\/product_cat?post=2192"},{"taxonomy":"product_tag","embeddable":true,"href":"https:\/\/medkemedical.com\/sv\/wp-json\/wp\/v2\/product_tag?post=2192"}],"curies":[{"name":"wp","href":"https:\/\/api.w.org\/{rel}","templated":true}]}}