{"id":7408,"date":"2025-07-08T18:18:08","date_gmt":"2025-07-08T10:18:08","guid":{"rendered":"https:\/\/medkemedical.com\/?post_type=product&#038;p=7408"},"modified":"2025-07-08T18:22:19","modified_gmt":"2025-07-08T10:22:19","slug":"wisonic-reusable-spo2-sensor","status":"publish","type":"product","link":"https:\/\/medkemedical.com\/pt\/produto\/wisonic-reusable-spo2-sensor\/","title":{"rendered":"Sensor SpO2 reutiliz\u00e1vel Wisonic"},"content":{"rendered":"<div data-elementor-type=\"product-post\" data-elementor-id=\"7408\" class=\"elementor elementor-7408\" data-elementor-post-type=\"product\">\n\t\t\t\t<div class=\"elementor-element elementor-element-2ce39c6 e-flex e-con-boxed e-con e-parent\" data-id=\"2ce39c6\" data-element_type=\"container\" data-e-type=\"container\" data-settings=\"{&quot;ekit_has_onepagescroll_dot&quot;:&quot;yes&quot;}\">\n\t\t\t\t\t<div class=\"e-con-inner\">\n\t\t\t\t\t<\/div>\n\t\t\t\t<\/div>\n\t\t<div class=\"elementor-element elementor-element-2060517 e-con-full e-flex e-con e-parent\" data-id=\"2060517\" data-element_type=\"container\" data-e-type=\"container\" data-settings=\"{&quot;ekit_has_onepagescroll_dot&quot;:&quot;yes&quot;}\">\n\t\t\t\t<div class=\"elementor-element elementor-element-48a26cb elementor-widget elementor-widget-elementskit-tablepress\" data-id=\"48a26cb\" data-element_type=\"widget\" data-e-type=\"widget\" data-settings=\"{&quot;ekit_we_effect_on&quot;:&quot;none&quot;}\" data-widget_type=\"elementskit-tablepress.default\">\n\t\t\t\t<div class=\"elementor-widget-container\">\n\t\t\t\t\t<div class=\"elemenetskit-tablepress ekit-wid-con\" id=\"ekit_tablepress_48a26cb\">\n<table id=\"tablepress-434\" class=\"tablepress tablepress-id-434 tbody-has-connected-cells\">\n<thead>\n<tr class=\"row-1\">\n\t<th class=\"column-1\">Monitor<\/th><th class=\"column-2\">Clipe adulto<\/th><th class=\"column-3\">Clipe adulto<\/th><th class=\"column-4\">Pedia. Clip<\/th><th class=\"column-5\">Pedia. Suave<\/th><th class=\"column-6\">Envolt\u00f3rio para rec\u00e9m-nascidos<\/th><th class=\"column-7\">Multi-Y<\/th><th class=\"column-8\">Clipe de orelha para adulto<\/th><th class=\"column-9\">Conector<\/th>\n<\/tr>\n<\/thead>\n<tbody class=\"row-striping row-hover\">\n<tr class=\"row-2\">\n\t<td class=\"column-1\">s\u00e1bio<\/td><td class=\"column-2\">P91104<\/td><td class=\"column-3\">P81104<\/td><td class=\"column-4\">P71104<\/td><td class=\"column-5\">P61104<\/td><td class=\"column-6\">P51104<\/td><td class=\"column-7\">P41104<\/td><td class=\"column-8\">P31104<\/td><td rowspan=\"2\" class=\"column-9\">CN92<\/td>\n<\/tr>\n<tr class=\"row-3\">\n\t<td class=\"column-1\">(Digital)<\/td><td class=\"column-2\">P93104<\/td><td class=\"column-3\">P83104<\/td><td class=\"column-4\">P73104<\/td><td class=\"column-5\">P63104<\/td><td class=\"column-6\">P53104<\/td><td class=\"column-7\">P43104<\/td><td class=\"column-8\">P33104<\/td>\n<\/tr>\n<\/tbody>\n<\/table>\n<\/div>\t\t\t\t<\/div>\n\t\t\t\t<\/div>\n\t\t\t\t<\/div>\n\t\t\t\t<\/div>","protected":false},"excerpt":{"rendered":"<p>Clipe adulto para edi\u00e7\u00e3o Clipe adulto Pedi\u00e1trico. Clipe pedi\u00e1trico. Envolt\u00f3rio macio para rec\u00e9m-nascido Clipe auricular adulto Multi-Y Conector 503 Spot, 504Plus, 504DX, 506DXN \u00c2ngulo de 90 graus P9307A P8307A P7307A P6307A P5307A P4307A P3307A CN06 501, 503, 504, 507, 508, 581, 1100, 8100, Poet (602-3A), Scholar P9307 P8307 P7307 P6307 P5307 P4307 P3307 CM5 \u00c2ngulo de 90 graus P9107A P8107A [\u2026]<\/p>","protected":false},"featured_media":2156,"comment_status":"open","ping_status":"closed","template":"","meta":{"_acf_changed":false},"product_brand":[107],"product_cat":[211],"product_tag":[],"class_list":{"0":"post-7408","1":"product","2":"type-product","3":"status-publish","4":"has-post-thumbnail","6":"product_brand-wisonic","7":"product_cat-reusable-spo2-sensors","9":"first","10":"instock","11":"shipping-taxable","12":"product-type-simple"},"acf":[],"_links":{"self":[{"href":"https:\/\/medkemedical.com\/pt\/wp-json\/wp\/v2\/product\/7408","targetHints":{"allow":["GET"]}}],"collection":[{"href":"https:\/\/medkemedical.com\/pt\/wp-json\/wp\/v2\/product"}],"about":[{"href":"https:\/\/medkemedical.com\/pt\/wp-json\/wp\/v2\/types\/product"}],"replies":[{"embeddable":true,"href":"https:\/\/medkemedical.com\/pt\/wp-json\/wp\/v2\/comments?post=7408"}],"version-history":[{"count":6,"href":"https:\/\/medkemedical.com\/pt\/wp-json\/wp\/v2\/product\/7408\/revisions"}],"predecessor-version":[{"id":7417,"href":"https:\/\/medkemedical.com\/pt\/wp-json\/wp\/v2\/product\/7408\/revisions\/7417"}],"wp:featuredmedia":[{"embeddable":true,"href":"https:\/\/medkemedical.com\/pt\/wp-json\/wp\/v2\/media\/2156"}],"wp:attachment":[{"href":"https:\/\/medkemedical.com\/pt\/wp-json\/wp\/v2\/media?parent=7408"}],"wp:term":[{"taxonomy":"product_brand","embeddable":true,"href":"https:\/\/medkemedical.com\/pt\/wp-json\/wp\/v2\/product_brand?post=7408"},{"taxonomy":"product_cat","embeddable":true,"href":"https:\/\/medkemedical.com\/pt\/wp-json\/wp\/v2\/product_cat?post=7408"},{"taxonomy":"product_tag","embeddable":true,"href":"https:\/\/medkemedical.com\/pt\/wp-json\/wp\/v2\/product_tag?post=7408"}],"curies":[{"name":"wp","href":"https:\/\/api.w.org\/{rel}","templated":true}]}}