{"id":6729,"date":"2025-07-08T15:10:02","date_gmt":"2025-07-08T07:10:02","guid":{"rendered":"https:\/\/medkemedical.com\/?post_type=product&#038;p=6729"},"modified":"2025-07-08T15:14:01","modified_gmt":"2025-07-08T07:14:01","slug":"ge-critikon-reusable-spo2-sensor","status":"publish","type":"product","link":"https:\/\/medkemedical.com\/pt\/produto\/ge-critikon-reusable-spo2-sensor\/","title":{"rendered":"Sensor SpO2 reutiliz\u00e1vel GE-Critikon"},"content":{"rendered":"<div data-elementor-type=\"product-post\" data-elementor-id=\"6729\" class=\"elementor elementor-6729\" data-elementor-post-type=\"product\">\n\t\t\t\t<div class=\"elementor-element elementor-element-2ce39c6 e-flex e-con-boxed e-con e-parent\" data-id=\"2ce39c6\" data-element_type=\"container\" data-e-type=\"container\" data-settings=\"{&quot;ekit_has_onepagescroll_dot&quot;:&quot;yes&quot;}\">\n\t\t\t\t\t<div class=\"e-con-inner\">\n\t\t\t\t<div class=\"elementor-element elementor-element-af89935 gallery-spacing-custom elementor-widget elementor-widget-image-gallery\" data-id=\"af89935\" data-element_type=\"widget\" data-e-type=\"widget\" data-settings=\"{&quot;ekit_we_effect_on&quot;:&quot;none&quot;}\" data-widget_type=\"image-gallery.default\">\n\t\t\t\t<div class=\"elementor-widget-container\">\n\t\t\t\t\t\t\t<div class=\"elementor-image-gallery\">\n\t\t\t<div id='gallery-1' class='gallery galleryid-6729 gallery-columns-7 gallery-size-medium'><figure class='gallery-item'>\n\t\t\t<div class='gallery-icon landscape'>\n\t\t\t\t<a data-elementor-open-lightbox=\"yes\" data-elementor-lightbox-slideshow=\"af89935\" data-elementor-lightbox-title=\"P9310A\" data-e-action-hash=\"#elementor-action%3Aaction%3Dlightbox%26settings%3DeyJpZCI6NjczMiwidXJsIjoiaHR0cHM6XC9cL21lZGtlbWVkaWNhbC5jb21cL3dwLWNvbnRlbnRcL3VwbG9hZHNcLzIwMjVcLzA3XC9QOTMxMEEuanBnIiwic2xpZGVzaG93IjoiYWY4OTkzNSJ9\" href='https:\/\/medkemedical.com\/wp-content\/uploads\/2025\/07\/P9310A.jpg'><img fetchpriority=\"high\" width=\"300\" height=\"300\" src=\"https:\/\/medkemedical.com\/wp-content\/uploads\/2025\/07\/P9310A-300x300.jpg\" class=\"attachment-medium size-medium\" alt=\"\" decoding=\"async\" srcset=\"https:\/\/medkemedical.com\/wp-content\/uploads\/2025\/07\/P9310A-300x300.jpg 300w, https:\/\/medkemedical.com\/wp-content\/uploads\/2025\/07\/P9310A-150x150.jpg 150w, https:\/\/medkemedical.com\/wp-content\/uploads\/2025\/07\/P9310A-12x12.jpg 12w, https:\/\/medkemedical.com\/wp-content\/uploads\/2025\/07\/P9310A-600x600.jpg 600w, https:\/\/medkemedical.com\/wp-content\/uploads\/2025\/07\/P9310A-100x100.jpg 100w, https:\/\/medkemedical.com\/wp-content\/uploads\/2025\/07\/P9310A.jpg 640w\" sizes=\"(max-width: 300px) 100vw, 300px\" \/><\/a>\n\t\t\t<\/div><\/figure><figure class='gallery-item'>\n\t\t\t<div class='gallery-icon landscape'>\n\t\t\t\t<a data-elementor-open-lightbox=\"yes\" data-elementor-lightbox-slideshow=\"af89935\" data-elementor-lightbox-title=\"P8310A\" data-e-action-hash=\"#elementor-action%3Aaction%3Dlightbox%26settings%3DeyJpZCI6NjczMywidXJsIjoiaHR0cHM6XC9cL21lZGtlbWVkaWNhbC5jb21cL3dwLWNvbnRlbnRcL3VwbG9hZHNcLzIwMjVcLzA3XC9QODMxMEEuanBnIiwic2xpZGVzaG93IjoiYWY4OTkzNSJ9\" href='https:\/\/medkemedical.com\/wp-content\/uploads\/2025\/07\/P8310A.jpg'><img width=\"300\" height=\"300\" src=\"https:\/\/medkemedical.com\/wp-content\/uploads\/2025\/07\/P8310A-300x300.jpg\" class=\"attachment-medium size-medium\" alt=\"\" decoding=\"async\" srcset=\"https:\/\/medkemedical.com\/wp-content\/uploads\/2025\/07\/P8310A-300x300.jpg 300w, https:\/\/medkemedical.com\/wp-content\/uploads\/2025\/07\/P8310A-150x150.jpg 150w, https:\/\/medkemedical.com\/wp-content\/uploads\/2025\/07\/P8310A-12x12.jpg 12w, https:\/\/medkemedical.com\/wp-content\/uploads\/2025\/07\/P8310A-600x600.jpg 600w, https:\/\/medkemedical.com\/wp-content\/uploads\/2025\/07\/P8310A-100x100.jpg 100w, https:\/\/medkemedical.com\/wp-content\/uploads\/2025\/07\/P8310A.jpg 640w\" sizes=\"(max-width: 300px) 100vw, 300px\" \/><\/a>\n\t\t\t<\/div><\/figure><figure class='gallery-item'>\n\t\t\t<div class='gallery-icon landscape'>\n\t\t\t\t<a data-elementor-open-lightbox=\"yes\" data-elementor-lightbox-slideshow=\"af89935\" data-elementor-lightbox-title=\"P7310A\" data-e-action-hash=\"#elementor-action%3Aaction%3Dlightbox%26settings%3DeyJpZCI6NjczNCwidXJsIjoiaHR0cHM6XC9cL21lZGtlbWVkaWNhbC5jb21cL3dwLWNvbnRlbnRcL3VwbG9hZHNcLzIwMjVcLzA3XC9QNzMxMEEuanBnIiwic2xpZGVzaG93IjoiYWY4OTkzNSJ9\" href='https:\/\/medkemedical.com\/wp-content\/uploads\/2025\/07\/P7310A.jpg'><img width=\"300\" height=\"300\" src=\"https:\/\/medkemedical.com\/wp-content\/uploads\/2025\/07\/P7310A-300x300.jpg\" class=\"attachment-medium size-medium\" alt=\"\" decoding=\"async\" srcset=\"https:\/\/medkemedical.com\/wp-content\/uploads\/2025\/07\/P7310A-300x300.jpg 300w, https:\/\/medkemedical.com\/wp-content\/uploads\/2025\/07\/P7310A-150x150.jpg 150w, https:\/\/medkemedical.com\/wp-content\/uploads\/2025\/07\/P7310A-12x12.jpg 12w, https:\/\/medkemedical.com\/wp-content\/uploads\/2025\/07\/P7310A-600x600.jpg 600w, https:\/\/medkemedical.com\/wp-content\/uploads\/2025\/07\/P7310A-100x100.jpg 100w, https:\/\/medkemedical.com\/wp-content\/uploads\/2025\/07\/P7310A.jpg 640w\" sizes=\"(max-width: 300px) 100vw, 300px\" \/><\/a>\n\t\t\t<\/div><\/figure><figure class='gallery-item'>\n\t\t\t<div class='gallery-icon landscape'>\n\t\t\t\t<a data-elementor-open-lightbox=\"yes\" data-elementor-lightbox-slideshow=\"af89935\" data-elementor-lightbox-title=\"P6310A\" data-e-action-hash=\"#elementor-action%3Aaction%3Dlightbox%26settings%3DeyJpZCI6NjczNiwidXJsIjoiaHR0cHM6XC9cL21lZGtlbWVkaWNhbC5jb21cL3dwLWNvbnRlbnRcL3VwbG9hZHNcLzIwMjVcLzA3XC9QNjMxMEEuanBnIiwic2xpZGVzaG93IjoiYWY4OTkzNSJ9\" href='https:\/\/medkemedical.com\/wp-content\/uploads\/2025\/07\/P6310A.jpg'><img loading=\"lazy\" width=\"300\" height=\"300\" src=\"https:\/\/medkemedical.com\/wp-content\/uploads\/2025\/07\/P6310A-300x300.jpg\" class=\"attachment-medium size-medium\" alt=\"\" decoding=\"async\" srcset=\"https:\/\/medkemedical.com\/wp-content\/uploads\/2025\/07\/P6310A-300x300.jpg 300w, https:\/\/medkemedical.com\/wp-content\/uploads\/2025\/07\/P6310A-150x150.jpg 150w, https:\/\/medkemedical.com\/wp-content\/uploads\/2025\/07\/P6310A-12x12.jpg 12w, https:\/\/medkemedical.com\/wp-content\/uploads\/2025\/07\/P6310A-600x600.jpg 600w, https:\/\/medkemedical.com\/wp-content\/uploads\/2025\/07\/P6310A-100x100.jpg 100w, https:\/\/medkemedical.com\/wp-content\/uploads\/2025\/07\/P6310A.jpg 640w\" sizes=\"(max-width: 300px) 100vw, 300px\" \/><\/a>\n\t\t\t<\/div><\/figure><figure class='gallery-item'>\n\t\t\t<div class='gallery-icon landscape'>\n\t\t\t\t<a data-elementor-open-lightbox=\"yes\" data-elementor-lightbox-slideshow=\"af89935\" data-elementor-lightbox-title=\"P5310A\" data-e-action-hash=\"#elementor-action%3Aaction%3Dlightbox%26settings%3DeyJpZCI6NjczNywidXJsIjoiaHR0cHM6XC9cL21lZGtlbWVkaWNhbC5jb21cL3dwLWNvbnRlbnRcL3VwbG9hZHNcLzIwMjVcLzA3XC9QNTMxMEEuanBnIiwic2xpZGVzaG93IjoiYWY4OTkzNSJ9\" href='https:\/\/medkemedical.com\/wp-content\/uploads\/2025\/07\/P5310A.jpg'><img loading=\"lazy\" width=\"300\" height=\"300\" src=\"https:\/\/medkemedical.com\/wp-content\/uploads\/2025\/07\/P5310A-300x300.jpg\" class=\"attachment-medium size-medium\" alt=\"\" decoding=\"async\" srcset=\"https:\/\/medkemedical.com\/wp-content\/uploads\/2025\/07\/P5310A-300x300.jpg 300w, https:\/\/medkemedical.com\/wp-content\/uploads\/2025\/07\/P5310A-150x150.jpg 150w, https:\/\/medkemedical.com\/wp-content\/uploads\/2025\/07\/P5310A-12x12.jpg 12w, https:\/\/medkemedical.com\/wp-content\/uploads\/2025\/07\/P5310A-600x600.jpg 600w, https:\/\/medkemedical.com\/wp-content\/uploads\/2025\/07\/P5310A-100x100.jpg 100w, https:\/\/medkemedical.com\/wp-content\/uploads\/2025\/07\/P5310A.jpg 640w\" sizes=\"(max-width: 300px) 100vw, 300px\" \/><\/a>\n\t\t\t<\/div><\/figure><figure class='gallery-item'>\n\t\t\t<div class='gallery-icon landscape'>\n\t\t\t\t<a data-elementor-open-lightbox=\"yes\" data-elementor-lightbox-slideshow=\"af89935\" data-elementor-lightbox-title=\"P4310A\" data-e-action-hash=\"#elementor-action%3Aaction%3Dlightbox%26settings%3DeyJpZCI6NjczOCwidXJsIjoiaHR0cHM6XC9cL21lZGtlbWVkaWNhbC5jb21cL3dwLWNvbnRlbnRcL3VwbG9hZHNcLzIwMjVcLzA3XC9QNDMxMEEuanBnIiwic2xpZGVzaG93IjoiYWY4OTkzNSJ9\" href='https:\/\/medkemedical.com\/wp-content\/uploads\/2025\/07\/P4310A.jpg'><img loading=\"lazy\" width=\"300\" height=\"300\" src=\"https:\/\/medkemedical.com\/wp-content\/uploads\/2025\/07\/P4310A-300x300.jpg\" class=\"attachment-medium size-medium\" alt=\"\" decoding=\"async\" srcset=\"https:\/\/medkemedical.com\/wp-content\/uploads\/2025\/07\/P4310A-300x300.jpg 300w, https:\/\/medkemedical.com\/wp-content\/uploads\/2025\/07\/P4310A-150x150.jpg 150w, https:\/\/medkemedical.com\/wp-content\/uploads\/2025\/07\/P4310A-12x12.jpg 12w, https:\/\/medkemedical.com\/wp-content\/uploads\/2025\/07\/P4310A-600x600.jpg 600w, https:\/\/medkemedical.com\/wp-content\/uploads\/2025\/07\/P4310A-100x100.jpg 100w, https:\/\/medkemedical.com\/wp-content\/uploads\/2025\/07\/P4310A.jpg 640w\" sizes=\"(max-width: 300px) 100vw, 300px\" \/><\/a>\n\t\t\t<\/div><\/figure><figure class='gallery-item'>\n\t\t\t<div class='gallery-icon landscape'>\n\t\t\t\t<a data-elementor-open-lightbox=\"yes\" data-elementor-lightbox-slideshow=\"af89935\" data-elementor-lightbox-title=\"P3310A\" data-e-action-hash=\"#elementor-action%3Aaction%3Dlightbox%26settings%3DeyJpZCI6NjczOSwidXJsIjoiaHR0cHM6XC9cL21lZGtlbWVkaWNhbC5jb21cL3dwLWNvbnRlbnRcL3VwbG9hZHNcLzIwMjVcLzA3XC9QMzMxMEEuanBnIiwic2xpZGVzaG93IjoiYWY4OTkzNSJ9\" href='https:\/\/medkemedical.com\/wp-content\/uploads\/2025\/07\/P3310A.jpg'><img loading=\"lazy\" width=\"300\" height=\"300\" src=\"https:\/\/medkemedical.com\/wp-content\/uploads\/2025\/07\/P3310A-300x300.jpg\" class=\"attachment-medium size-medium\" alt=\"\" decoding=\"async\" srcset=\"https:\/\/medkemedical.com\/wp-content\/uploads\/2025\/07\/P3310A-300x300.jpg 300w, https:\/\/medkemedical.com\/wp-content\/uploads\/2025\/07\/P3310A-150x150.jpg 150w, https:\/\/medkemedical.com\/wp-content\/uploads\/2025\/07\/P3310A-12x12.jpg 12w, https:\/\/medkemedical.com\/wp-content\/uploads\/2025\/07\/P3310A-600x600.jpg 600w, https:\/\/medkemedical.com\/wp-content\/uploads\/2025\/07\/P3310A-100x100.jpg 100w, https:\/\/medkemedical.com\/wp-content\/uploads\/2025\/07\/P3310A.jpg 640w\" sizes=\"(max-width: 300px) 100vw, 300px\" \/><\/a>\n\t\t\t<\/div><\/figure>\n\t\t<\/div>\n\t\t<\/div>\n\t\t\t\t\t\t<\/div>\n\t\t\t\t<\/div>\n\t\t\t\t\t<\/div>\n\t\t\t\t<\/div>\n\t\t<div class=\"elementor-element elementor-element-2060517 e-con-full e-flex e-con e-parent\" data-id=\"2060517\" data-element_type=\"container\" data-e-type=\"container\" data-settings=\"{&quot;ekit_has_onepagescroll_dot&quot;:&quot;yes&quot;}\">\n\t\t\t\t<div class=\"elementor-element elementor-element-48a26cb elementor-widget elementor-widget-elementskit-tablepress\" data-id=\"48a26cb\" data-element_type=\"widget\" data-e-type=\"widget\" data-settings=\"{&quot;ekit_we_effect_on&quot;:&quot;none&quot;}\" data-widget_type=\"elementskit-tablepress.default\">\n\t\t\t\t<div class=\"elementor-widget-container\">\n\t\t\t\t\t<div class=\"elemenetskit-tablepress ekit-wid-con\" id=\"ekit_tablepress_48a26cb\">\n<table id=\"tablepress-380\" class=\"tablepress tablepress-id-380 tbody-has-connected-cells\">\n<thead>\n<tr class=\"row-1\">\n\t<th class=\"column-1\">Monitor<\/th><th class=\"column-2\">Clipe adulto<\/th><th class=\"column-3\">Clipe adulto<\/th><th class=\"column-4\">Pedia. Clip<\/th><th class=\"column-5\">Pedia. Suave<\/th><th class=\"column-6\">Envolt\u00f3rio para rec\u00e9m-nascidos<\/th><th class=\"column-7\">Multi-Y<\/th><th class=\"column-8\">Clipe de orelha para adulto<\/th><th class=\"column-9\">Conector<\/th>\n<\/tr>\n<\/thead>\n<tbody class=\"row-striping row-hover\">\n<tr class=\"row-2\">\n\t<td class=\"column-1\">Dinamap 8700\/8710\/<br \/>\n8720, Plus, Oxyshuttle<\/td><td class=\"column-2\">P9310A<\/td><td class=\"column-3\">P8310A<\/td><td class=\"column-4\">P7310A<\/td><td class=\"column-5\">P6310A<\/td><td class=\"column-6\">P5310A<\/td><td class=\"column-7\">P4310A<\/td><td class=\"column-8\">P3310A<\/td><td class=\"column-9\">CM7<\/td>\n<\/tr>\n<tr class=\"row-3\">\n\t<td class=\"column-1\">Dinamap 9700 \/ 9710 \/<br \/>\n9720, Plus, Compacto,<br \/>\nMPS, Selecione<\/td><td class=\"column-2\">P9319<\/td><td class=\"column-3\">P8319<\/td><td class=\"column-4\">P7319<\/td><td class=\"column-5\">P6319<\/td><td class=\"column-6\">P5319<\/td><td class=\"column-7\">P4319<\/td><td class=\"column-8\">P3319<\/td><td class=\"column-9\">CN30<\/td>\n<\/tr>\n<tr class=\"row-4\">\n\t<td class=\"column-1\">Dinamap ProSeries V1<br \/>\ne Pro 1000 V2 (tecnologia Nellcor)<\/td><td class=\"column-2\">P9319B<\/td><td class=\"column-3\">P8319B<\/td><td class=\"column-4\">P7319B<\/td><td class=\"column-5\">P6319B<\/td><td class=\"column-6\">P5319B<\/td><td class=\"column-7\">P4319B<\/td><td class=\"column-8\">P3319B<\/td><td rowspan=\"2\" class=\"column-9\">CN22<\/td>\n<\/tr>\n<tr class=\"row-5\">\n\t<td class=\"column-1\">ProCare; ProSeries V2;<br \/>\nPro 1000 V3 (Masimo)<\/td><td class=\"column-2\">P9315<\/td><td class=\"column-3\">P8315<\/td><td class=\"column-4\">P7315<\/td><td class=\"column-5\">P6315<\/td><td class=\"column-6\">P5315<\/td><td class=\"column-7\">P4315<\/td><td class=\"column-8\">P3315<\/td>\n<\/tr>\n<tr class=\"row-6\">\n\t<td class=\"column-1\">O mesmo que acima<br \/>\n(Nellcor Oximax)<\/td><td class=\"column-2\">P9119A<\/td><td class=\"column-3\">P8119A<\/td><td class=\"column-4\">P7119A<\/td><td class=\"column-5\">P6119A<\/td><td class=\"column-6\">P5119A<\/td><td class=\"column-7\">P4119A<\/td><td class=\"column-8\">P3119A<\/td><td class=\"column-9\">CN31<\/td>\n<\/tr>\n<\/tbody>\n<\/table>\n<\/div>\t\t\t\t<\/div>\n\t\t\t\t<\/div>\n\t\t\t\t<\/div>\n\t\t\t\t<\/div>","protected":false},"excerpt":{"rendered":"<p>Clipe adulto para edi\u00e7\u00e3o Clipe adulto Pedi\u00e1trico. Clipe pedi\u00e1trico. Envolt\u00f3rio macio para rec\u00e9m-nascido Clipe auricular adulto Multi-Y Conector 503 Spot, 504Plus, 504DX, 506DXN \u00c2ngulo de 90 graus P9307A P8307A P7307A P6307A P5307A P4307A P3307A CN06 501, 503, 504, 507, 508, 581, 1100, 8100, Poet (602-3A), Scholar P9307 P8307 P7307 P6307 P5307 P4307 P3307 CM5 \u00c2ngulo de 90 graus P9107A P8107A [\u2026]<\/p>","protected":false},"featured_media":6732,"comment_status":"open","ping_status":"closed","template":"","meta":{"_acf_changed":false},"product_brand":[65],"product_cat":[211],"product_tag":[],"class_list":{"0":"post-6729","1":"product","2":"type-product","3":"status-publish","4":"has-post-thumbnail","6":"product_brand-ge-critikon","7":"product_cat-reusable-spo2-sensors","9":"first","10":"instock","11":"shipping-taxable","12":"product-type-simple"},"acf":[],"_links":{"self":[{"href":"https:\/\/medkemedical.com\/pt\/wp-json\/wp\/v2\/product\/6729","targetHints":{"allow":["GET"]}}],"collection":[{"href":"https:\/\/medkemedical.com\/pt\/wp-json\/wp\/v2\/product"}],"about":[{"href":"https:\/\/medkemedical.com\/pt\/wp-json\/wp\/v2\/types\/product"}],"replies":[{"embeddable":true,"href":"https:\/\/medkemedical.com\/pt\/wp-json\/wp\/v2\/comments?post=6729"}],"version-history":[{"count":6,"href":"https:\/\/medkemedical.com\/pt\/wp-json\/wp\/v2\/product\/6729\/revisions"}],"predecessor-version":[{"id":6743,"href":"https:\/\/medkemedical.com\/pt\/wp-json\/wp\/v2\/product\/6729\/revisions\/6743"}],"wp:featuredmedia":[{"embeddable":true,"href":"https:\/\/medkemedical.com\/pt\/wp-json\/wp\/v2\/media\/6732"}],"wp:attachment":[{"href":"https:\/\/medkemedical.com\/pt\/wp-json\/wp\/v2\/media?parent=6729"}],"wp:term":[{"taxonomy":"product_brand","embeddable":true,"href":"https:\/\/medkemedical.com\/pt\/wp-json\/wp\/v2\/product_brand?post=6729"},{"taxonomy":"product_cat","embeddable":true,"href":"https:\/\/medkemedical.com\/pt\/wp-json\/wp\/v2\/product_cat?post=6729"},{"taxonomy":"product_tag","embeddable":true,"href":"https:\/\/medkemedical.com\/pt\/wp-json\/wp\/v2\/product_tag?post=6729"}],"curies":[{"name":"wp","href":"https:\/\/api.w.org\/{rel}","templated":true}]}}