{"id":5723,"date":"2025-07-02T17:39:29","date_gmt":"2025-07-02T09:39:29","guid":{"rendered":"https:\/\/medkemedical.com\/?post_type=product&#038;p=5723"},"modified":"2025-07-02T17:44:11","modified_gmt":"2025-07-02T09:44:11","slug":"co-linn-ecg-cable","status":"publish","type":"product","link":"https:\/\/medkemedical.com\/pt\/produto\/co-linn-ecg-cable\/","title":{"rendered":"Cabo de ECG CO LINN"},"content":{"rendered":"<div data-elementor-type=\"product-post\" data-elementor-id=\"5723\" class=\"elementor elementor-5723\" data-elementor-post-type=\"product\">\n\t\t\t\t<div class=\"elementor-element elementor-element-55d6f76 e-flex e-con-boxed e-con e-parent\" data-id=\"55d6f76\" data-element_type=\"container\" data-e-type=\"container\" data-settings=\"{&quot;ekit_has_onepagescroll_dot&quot;:&quot;yes&quot;}\">\n\t\t\t\t\t<div class=\"e-con-inner\">\n\t\t\t\t\t<\/div>\n\t\t\t\t<\/div>\n\t\t<div class=\"elementor-element elementor-element-621eb78 e-con-full e-flex e-con e-parent\" data-id=\"621eb78\" data-element_type=\"container\" data-e-type=\"container\" data-settings=\"{&quot;ekit_has_onepagescroll_dot&quot;:&quot;yes&quot;}\">\n\t\t\t\t<div class=\"elementor-element elementor-element-eedc0ef elementor-widget elementor-widget-elementskit-tablepress\" data-id=\"eedc0ef\" data-element_type=\"widget\" data-e-type=\"widget\" data-settings=\"{&quot;ekit_we_effect_on&quot;:&quot;none&quot;}\" data-widget_type=\"elementskit-tablepress.default\">\n\t\t\t\t<div class=\"elementor-widget-container\">\n\t\t\t\t\t<div class=\"elemenetskit-tablepress ekit-wid-con\" id=\"ekit_tablepress_eedc0ef\">\n<table id=\"tablepress-309\" class=\"tablepress tablepress-id-309 tbody-has-connected-cells\">\n<thead>\n<tr class=\"row-1\">\n\t<th class=\"column-1\">Monitor<\/th><th class=\"column-2\">Leads\/r\u00f3tulo<\/th><th class=\"column-3\">C\u00f3digo de ordem de aperto fixo<\/th><th class=\"column-4\">C\u00f3digo de pedido Snap fixo<\/th><th class=\"column-5\">Conector<\/th>\n<\/tr>\n<\/thead>\n<tbody class=\"row-striping row-hover\">\n<tr class=\"row-2\">\n\t<td rowspan=\"4\" class=\"column-1\"><\/td><td class=\"column-2\">3\/AHA<\/td><td class=\"column-3\">G31131P<\/td><td class=\"column-4\">G31131S<\/td><td rowspan=\"4\" class=\"column-5\">CN186<\/td>\n<\/tr>\n<tr class=\"row-3\">\n\t<td class=\"column-2\">3\/IEC<\/td><td class=\"column-3\">G32131P<\/td><td class=\"column-4\">G32131S<\/td>\n<\/tr>\n<tr class=\"row-4\">\n\t<td class=\"column-2\">5\/AHA<\/td><td class=\"column-3\">G51131P<\/td><td class=\"column-4\">G51131S<\/td>\n<\/tr>\n<tr class=\"row-5\">\n\t<td class=\"column-2\">5\/IEC<\/td><td class=\"column-3\">G52131P<\/td><td class=\"column-4\">G52131S<\/td>\n<\/tr>\n<\/tbody>\n<\/table>\n<\/div>\t\t\t\t<\/div>\n\t\t\t\t<\/div>\n\t\t\t\t<\/div>\n\t\t\t\t<\/div>","protected":false},"excerpt":{"rendered":"<p>Editar Monitoramento de Cabos\/Etiqueta C\u00f3digo de Ordem de Pin\u00e7a Fixo C\u00f3digo de Ordem de Encaixe Fixo Conector Bm3 3\/AHA G3104P G3104S CN103 3\/IEC G3204P G3204S 5\/AHA G5104P G5104S 5\/IEC G5204P G5204S Bm5 3\/AHA G3149P G3149S CN132 3\/IEC G3249P G3249S 5\/AHA G5149P G5149S 5\/IEC G5249P G5249S<\/p>","protected":false},"featured_media":2156,"comment_status":"open","ping_status":"closed","template":"","meta":{"_acf_changed":false},"product_brand":[56],"product_cat":[204],"product_tag":[],"class_list":{"0":"post-5723","1":"product","2":"type-product","3":"status-publish","4":"has-post-thumbnail","6":"product_brand-co-linn","7":"product_cat-one-piece-ecg-cables","9":"first","10":"instock","11":"shipping-taxable","12":"product-type-simple"},"acf":[],"_links":{"self":[{"href":"https:\/\/medkemedical.com\/pt\/wp-json\/wp\/v2\/product\/5723","targetHints":{"allow":["GET"]}}],"collection":[{"href":"https:\/\/medkemedical.com\/pt\/wp-json\/wp\/v2\/product"}],"about":[{"href":"https:\/\/medkemedical.com\/pt\/wp-json\/wp\/v2\/types\/product"}],"replies":[{"embeddable":true,"href":"https:\/\/medkemedical.com\/pt\/wp-json\/wp\/v2\/comments?post=5723"}],"version-history":[{"count":6,"href":"https:\/\/medkemedical.com\/pt\/wp-json\/wp\/v2\/product\/5723\/revisions"}],"predecessor-version":[{"id":5729,"href":"https:\/\/medkemedical.com\/pt\/wp-json\/wp\/v2\/product\/5723\/revisions\/5729"}],"wp:featuredmedia":[{"embeddable":true,"href":"https:\/\/medkemedical.com\/pt\/wp-json\/wp\/v2\/media\/2156"}],"wp:attachment":[{"href":"https:\/\/medkemedical.com\/pt\/wp-json\/wp\/v2\/media?parent=5723"}],"wp:term":[{"taxonomy":"product_brand","embeddable":true,"href":"https:\/\/medkemedical.com\/pt\/wp-json\/wp\/v2\/product_brand?post=5723"},{"taxonomy":"product_cat","embeddable":true,"href":"https:\/\/medkemedical.com\/pt\/wp-json\/wp\/v2\/product_cat?post=5723"},{"taxonomy":"product_tag","embeddable":true,"href":"https:\/\/medkemedical.com\/pt\/wp-json\/wp\/v2\/product_tag?post=5723"}],"curies":[{"name":"wp","href":"https:\/\/api.w.org\/{rel}","templated":true}]}}