{"id":2854,"date":"2025-05-16T10:54:40","date_gmt":"2025-05-16T02:54:40","guid":{"rendered":"https:\/\/medkemedical.com\/?post_type=product&#038;p=2854"},"modified":"2025-05-16T10:57:05","modified_gmt":"2025-05-16T02:57:05","slug":"philips-disposable-temperature-probes","status":"publish","type":"product","link":"https:\/\/medkemedical.com\/pt\/produto\/philips-disposable-temperature-probes\/","title":{"rendered":"Sondas de temperatura descart\u00e1veis Philips"},"content":{"rendered":"<div data-elementor-type=\"product-post\" data-elementor-id=\"2854\" class=\"elementor elementor-2854\" data-elementor-post-type=\"product\">\n\t\t\t\t<div class=\"elementor-element elementor-element-4490387 e-flex e-con-boxed e-con e-parent\" data-id=\"4490387\" data-element_type=\"container\" data-e-type=\"container\" data-settings=\"{&quot;ekit_has_onepagescroll_dot&quot;:&quot;yes&quot;}\">\n\t\t\t\t\t<div class=\"e-con-inner\">\n\t\t\t\t<div class=\"elementor-element elementor-element-921e915 gallery-spacing-custom elementor-widget elementor-widget-image-gallery\" data-id=\"921e915\" data-element_type=\"widget\" data-e-type=\"widget\" data-settings=\"{&quot;ekit_we_effect_on&quot;:&quot;none&quot;}\" data-widget_type=\"image-gallery.default\">\n\t\t\t\t<div class=\"elementor-widget-container\">\n\t\t\t\t\t\t\t<div class=\"elementor-image-gallery\">\n\t\t\t<div id='gallery-1' class='gallery galleryid-2854 gallery-columns-3 gallery-size-medium'><figure class='gallery-item'>\n\t\t\t<div class='gallery-icon landscape'>\n\t\t\t\t<a data-elementor-open-lightbox=\"yes\" data-elementor-lightbox-slideshow=\"921e915\" data-elementor-lightbox-title=\"T5105\" data-e-action-hash=\"#elementor-action%3Aaction%3Dlightbox%26settings%3DeyJpZCI6Mjg1NSwidXJsIjoiaHR0cHM6XC9cL21lZGtlbWVkaWNhbC5jb21cL3dwLWNvbnRlbnRcL3VwbG9hZHNcLzIwMjVcLzA1XC9UNTEwNS5qcGciLCJzbGlkZXNob3ciOiI5MjFlOTE1In0%3D\" href='https:\/\/medkemedical.com\/wp-content\/uploads\/2025\/05\/T5105.jpg'><img fetchpriority=\"high\" width=\"300\" height=\"300\" src=\"https:\/\/medkemedical.com\/wp-content\/uploads\/2025\/05\/T5105-300x300.jpg\" class=\"attachment-medium size-medium\" alt=\"\" decoding=\"async\" srcset=\"https:\/\/medkemedical.com\/wp-content\/uploads\/2025\/05\/T5105-300x300.jpg 300w, https:\/\/medkemedical.com\/wp-content\/uploads\/2025\/05\/T5105-150x150.jpg 150w, https:\/\/medkemedical.com\/wp-content\/uploads\/2025\/05\/T5105-600x600.jpg 600w, https:\/\/medkemedical.com\/wp-content\/uploads\/2025\/05\/T5105-100x100.jpg 100w, https:\/\/medkemedical.com\/wp-content\/uploads\/2025\/05\/T5105.jpg 640w\" sizes=\"(max-width: 300px) 100vw, 300px\" \/><\/a>\n\t\t\t<\/div><\/figure><figure class='gallery-item'>\n\t\t\t<div class='gallery-icon landscape'>\n\t\t\t\t<a data-elementor-open-lightbox=\"yes\" data-elementor-lightbox-slideshow=\"921e915\" data-elementor-lightbox-title=\"T6105\" data-e-action-hash=\"#elementor-action%3Aaction%3Dlightbox%26settings%3DeyJpZCI6Mjg1OCwidXJsIjoiaHR0cHM6XC9cL21lZGtlbWVkaWNhbC5jb21cL3dwLWNvbnRlbnRcL3VwbG9hZHNcLzIwMjVcLzA1XC9UNjEwNS5qcGciLCJzbGlkZXNob3ciOiI5MjFlOTE1In0%3D\" href='https:\/\/medkemedical.com\/wp-content\/uploads\/2025\/05\/T6105.jpg'><img width=\"300\" height=\"300\" src=\"https:\/\/medkemedical.com\/wp-content\/uploads\/2025\/05\/T6105-300x300.jpg\" class=\"attachment-medium size-medium\" alt=\"\" decoding=\"async\" srcset=\"https:\/\/medkemedical.com\/wp-content\/uploads\/2025\/05\/T6105-300x300.jpg 300w, https:\/\/medkemedical.com\/wp-content\/uploads\/2025\/05\/T6105-150x150.jpg 150w, https:\/\/medkemedical.com\/wp-content\/uploads\/2025\/05\/T6105-600x600.jpg 600w, https:\/\/medkemedical.com\/wp-content\/uploads\/2025\/05\/T6105-100x100.jpg 100w, https:\/\/medkemedical.com\/wp-content\/uploads\/2025\/05\/T6105.jpg 640w\" sizes=\"(max-width: 300px) 100vw, 300px\" \/><\/a>\n\t\t\t<\/div><\/figure><figure class='gallery-item'>\n\t\t\t<div class='gallery-icon landscape'>\n\t\t\t\t<a data-elementor-open-lightbox=\"yes\" data-elementor-lightbox-slideshow=\"921e915\" data-elementor-lightbox-title=\"T8106\" data-e-action-hash=\"#elementor-action%3Aaction%3Dlightbox%26settings%3DeyJpZCI6Mjg1OSwidXJsIjoiaHR0cHM6XC9cL21lZGtlbWVkaWNhbC5jb21cL3dwLWNvbnRlbnRcL3VwbG9hZHNcLzIwMjVcLzA1XC9UODEwNi5qcGciLCJzbGlkZXNob3ciOiI5MjFlOTE1In0%3D\" href='https:\/\/medkemedical.com\/wp-content\/uploads\/2025\/05\/T8106.jpg'><img width=\"300\" height=\"300\" src=\"https:\/\/medkemedical.com\/wp-content\/uploads\/2025\/05\/T8106-300x300.jpg\" class=\"attachment-medium size-medium\" alt=\"\" decoding=\"async\" srcset=\"https:\/\/medkemedical.com\/wp-content\/uploads\/2025\/05\/T8106-300x300.jpg 300w, https:\/\/medkemedical.com\/wp-content\/uploads\/2025\/05\/T8106-150x150.jpg 150w, https:\/\/medkemedical.com\/wp-content\/uploads\/2025\/05\/T8106-600x600.jpg 600w, https:\/\/medkemedical.com\/wp-content\/uploads\/2025\/05\/T8106-100x100.jpg 100w, https:\/\/medkemedical.com\/wp-content\/uploads\/2025\/05\/T8106.jpg 640w\" sizes=\"(max-width: 300px) 100vw, 300px\" \/><\/a>\n\t\t\t<\/div><\/figure>\n\t\t<\/div>\n\t\t<\/div>\n\t\t\t\t\t\t<\/div>\n\t\t\t\t<\/div>\n\t\t\t\t\t<\/div>\n\t\t\t\t<\/div>\n\t\t<div class=\"elementor-element elementor-element-f46da3d e-con-full e-flex e-con e-parent\" data-id=\"f46da3d\" data-element_type=\"container\" data-e-type=\"container\" data-settings=\"{&quot;ekit_has_onepagescroll_dot&quot;:&quot;yes&quot;}\">\n\t\t\t\t<div class=\"elementor-element elementor-element-ac45bba elementor-widget elementor-widget-elementskit-tablepress\" data-id=\"ac45bba\" data-element_type=\"widget\" data-e-type=\"widget\" data-settings=\"{&quot;ekit_we_effect_on&quot;:&quot;none&quot;}\" data-widget_type=\"elementskit-tablepress.default\">\n\t\t\t\t<div class=\"elementor-widget-container\">\n\t\t\t\t\t<div class=\"elemenetskit-tablepress ekit-wid-con\" id=\"ekit_tablepress_ac45bba\">\n<table id=\"tablepress-82\" class=\"tablepress tablepress-id-82 tbody-has-connected-cells\">\n<thead>\n<tr class=\"row-1\">\n\t<th class=\"column-1\">Modelos compat\u00edveis<\/th><th class=\"column-2\">C\u00f3digo do pedido<\/th><th class=\"column-3\">Conector do monitor<\/th><th class=\"column-4\">Op\u00e7\u00f5es<\/th><th class=\"column-5\">Descri\u00e7\u00e3o<\/th>\n<\/tr>\n<\/thead>\n<tbody class=\"row-striping row-hover\">\n<tr class=\"row-2\">\n\t<td rowspan=\"2\" class=\"column-1\">Todos os Philips<\/td><td class=\"column-2\"> T5105<\/td><td rowspan=\"2\" class=\"column-3\">CN424<br \/>\n<\/td><td class=\"column-4\">Pedi\u00e1trico\/Adulto<\/td><td class=\"column-5\">Superf\u00edcie da pele descart\u00e1vel <br \/>\nSonda<\/td>\n<\/tr>\n<tr class=\"row-3\">\n\t<td class=\"column-2\"> T6105<\/td><td class=\"column-4\">Adulto<\/td><td class=\"column-5\">Esof\u00e1gico\/Retal Adulto <br \/>\nSonda<\/td>\n<\/tr>\n<tr class=\"row-4\">\n\t<td class=\"column-1\">Philips\/ Mindray<\/td><td class=\"column-2\"> T8106<\/td><td class=\"column-3\">CN463<\/td><td class=\"column-4\">Pedi\u00e1trico<\/td><td class=\"column-5\">Esof\u00e1gico\/Retal Pedi\u00e1trico <br \/>\nSonda<\/td>\n<\/tr>\n<\/tbody>\n<\/table>\n<\/div>\t\t\t\t<\/div>\n\t\t\t\t<\/div>\n\t\t\t\t<\/div>\n\t\t\t\t<\/div>","protected":false},"excerpt":{"rendered":"<p>Editar Modelos Compat\u00edveis C\u00f3digo do Pedido Op\u00e7\u00f5es de Conector do Monitor Descri\u00e7\u00e3o Todos Philips T5105 CN424 Sonda de Superf\u00edcie Cut\u00e2nea Pedi\u00e1trica\/Adulta T6105 Sonda Esof\u00e1gica\/Retal para Adultos Philips\/Mindray T8106 CN463 Sonda Esof\u00e1gica\/Retal Pedi\u00e1trica<\/p>","protected":false},"featured_media":2855,"comment_status":"open","ping_status":"closed","template":"","meta":{"_acf_changed":false},"product_brand":[219],"product_cat":[185],"product_tag":[],"class_list":{"0":"post-2854","1":"product","2":"type-product","3":"status-publish","4":"has-post-thumbnail","6":"product_brand-philips","7":"product_cat-disposable-temperature-probes","9":"first","10":"instock","11":"shipping-taxable","12":"product-type-simple"},"acf":[],"_links":{"self":[{"href":"https:\/\/medkemedical.com\/pt\/wp-json\/wp\/v2\/product\/2854","targetHints":{"allow":["GET"]}}],"collection":[{"href":"https:\/\/medkemedical.com\/pt\/wp-json\/wp\/v2\/product"}],"about":[{"href":"https:\/\/medkemedical.com\/pt\/wp-json\/wp\/v2\/types\/product"}],"replies":[{"embeddable":true,"href":"https:\/\/medkemedical.com\/pt\/wp-json\/wp\/v2\/comments?post=2854"}],"version-history":[{"count":5,"href":"https:\/\/medkemedical.com\/pt\/wp-json\/wp\/v2\/product\/2854\/revisions"}],"predecessor-version":[{"id":2862,"href":"https:\/\/medkemedical.com\/pt\/wp-json\/wp\/v2\/product\/2854\/revisions\/2862"}],"wp:featuredmedia":[{"embeddable":true,"href":"https:\/\/medkemedical.com\/pt\/wp-json\/wp\/v2\/media\/2855"}],"wp:attachment":[{"href":"https:\/\/medkemedical.com\/pt\/wp-json\/wp\/v2\/media?parent=2854"}],"wp:term":[{"taxonomy":"product_brand","embeddable":true,"href":"https:\/\/medkemedical.com\/pt\/wp-json\/wp\/v2\/product_brand?post=2854"},{"taxonomy":"product_cat","embeddable":true,"href":"https:\/\/medkemedical.com\/pt\/wp-json\/wp\/v2\/product_cat?post=2854"},{"taxonomy":"product_tag","embeddable":true,"href":"https:\/\/medkemedical.com\/pt\/wp-json\/wp\/v2\/product_tag?post=2854"}],"curies":[{"name":"wp","href":"https:\/\/api.w.org\/{rel}","templated":true}]}}