{"id":2172,"date":"2025-05-06T15:17:59","date_gmt":"2025-05-06T07:17:59","guid":{"rendered":"https:\/\/medkemedical.com\/?post_type=product&#038;p=2172"},"modified":"2025-05-09T14:45:22","modified_gmt":"2025-05-09T06:45:22","slug":"ami-italia-aed-disposable-defibrillation-pads","status":"publish","type":"product","link":"https:\/\/medkemedical.com\/pt\/produto\/ami-italia-aed-disposable-defibrillation-pads\/","title":{"rendered":"Almofadas de desfibrila\u00e7\u00e3o descart\u00e1veis AMI Italia AED"},"content":{"rendered":"<div data-elementor-type=\"product-post\" data-elementor-id=\"2172\" class=\"elementor elementor-2172\" data-elementor-post-type=\"product\">\n\t\t\t\t<div class=\"elementor-element elementor-element-5365bbb e-flex e-con-boxed e-con e-parent\" data-id=\"5365bbb\" data-element_type=\"container\" data-e-type=\"container\" data-settings=\"{&quot;ekit_has_onepagescroll_dot&quot;:&quot;yes&quot;}\">\n\t\t\t\t\t<div class=\"e-con-inner\">\n\t\t\t\t<div class=\"elementor-element elementor-element-5962d6e elementor-skin-coverflow elementor-arrows-yes elementor-pagination-type-bullets elementor-pagination-position-outside elementor-widget elementor-widget-media-carousel\" data-id=\"5962d6e\" data-element_type=\"widget\" data-e-type=\"widget\" data-settings=\"{&quot;skin&quot;:&quot;coverflow&quot;,&quot;show_arrows&quot;:&quot;yes&quot;,&quot;pagination&quot;:&quot;bullets&quot;,&quot;speed&quot;:500,&quot;autoplay&quot;:&quot;yes&quot;,&quot;autoplay_speed&quot;:5000,&quot;loop&quot;:&quot;yes&quot;,&quot;pause_on_hover&quot;:&quot;yes&quot;,&quot;pause_on_interaction&quot;:&quot;yes&quot;,&quot;space_between&quot;:{&quot;unit&quot;:&quot;px&quot;,&quot;size&quot;:10,&quot;sizes&quot;:[]},&quot;space_between_tablet&quot;:{&quot;unit&quot;:&quot;px&quot;,&quot;size&quot;:10,&quot;sizes&quot;:[]},&quot;space_between_mobile&quot;:{&quot;unit&quot;:&quot;px&quot;,&quot;size&quot;:10,&quot;sizes&quot;:[]},&quot;ekit_we_effect_on&quot;:&quot;none&quot;}\" data-widget_type=\"media-carousel.default\">\n\t\t\t\t<div class=\"elementor-widget-container\">\n\t\t\t\t\t\t\t\t\t<div class=\"elementor-swiper\">\n\t\t\t\t\t<div class=\"elementor-main-swiper swiper\" role=\"region\" aria-roledescription=\"carousel\" aria-label=\"Slides\">\n\t\t\t\t<div class=\"swiper-wrapper\">\n\t\t\t\t\t\t\t\t\t\t\t<div class=\"swiper-slide\" role=\"group\" aria-roledescription=\"slide\">\n\t\t\t\t\t\t\t\t\t<div class=\"elementor-carousel-image\" role=\"img\" aria-label=\"DEA-PHB-12A\" style=\"background-image: url(&#039;https:\/\/medkemedical.com\/wp-content\/uploads\/2025\/05\/AED-PHB-12A-1.png&#039;)\">\n\n\t\t\t\n\t\t\t\t\t<\/div>\n\t\t\t\t\t\t\t\t<\/div>\n\t\t\t\t\t\t\t\t\t\t\t<div class=\"swiper-slide\" role=\"group\" aria-roledescription=\"slide\">\n\t\t\t\t\t\t\t\t\t<div class=\"elementor-carousel-image\" role=\"img\" aria-label=\"DEA-PHB-12B\" style=\"background-image: url(&#039;https:\/\/medkemedical.com\/wp-content\/uploads\/2025\/05\/AED-PHB-12B.jpg&#039;)\">\n\n\t\t\t\n\t\t\t\t\t<\/div>\n\t\t\t\t\t\t\t\t<\/div>\n\t\t\t\t\t\t\t\t\t\t\t<div class=\"swiper-slide\" role=\"group\" aria-roledescription=\"slide\">\n\t\t\t\t\t\t\t\t\t<div class=\"elementor-carousel-image\" role=\"img\" aria-label=\"DEA-PHD-12A\" style=\"background-image: url(&#039;https:\/\/medkemedical.com\/wp-content\/uploads\/2025\/05\/AED-PHD-12A.jpg&#039;)\">\n\n\t\t\t\n\t\t\t\t\t<\/div>\n\t\t\t\t\t\t\t\t<\/div>\n\t\t\t\t\t\t\t\t\t\t\t<div class=\"swiper-slide\" role=\"group\" aria-roledescription=\"slide\">\n\t\t\t\t\t\t\t\t\t<div class=\"elementor-carousel-image\" role=\"img\" aria-label=\"DEA-PHD-12B\" style=\"background-image: url(&#039;https:\/\/medkemedical.com\/wp-content\/uploads\/2025\/05\/AED-PHD-12B.jpg&#039;)\">\n\n\t\t\t\n\t\t\t\t\t<\/div>\n\t\t\t\t\t\t\t\t<\/div>\n\t\t\t\t\t\t\t\t\t<\/div>\n\t\t\t\t\t\t\t\t\t\t\t\t\t\t\t<div class=\"elementor-swiper-button elementor-swiper-button-prev\" role=\"button\" tabindex=\"0\" aria-label=\"Tidigare\" data-no-translation-aria-label=\"\">\n\t\t\t\t\t\t\t<i aria-hidden=\"true\" class=\"eicon-chevron-left\"><\/i>\t\t\t\t\t\t<\/div>\n\t\t\t\t\t\t<div class=\"elementor-swiper-button elementor-swiper-button-next\" role=\"button\" tabindex=\"0\" aria-label=\"N\u00e4sta\" data-no-translation-aria-label=\"\">\n\t\t\t\t\t\t\t<i aria-hidden=\"true\" class=\"eicon-chevron-right\"><\/i>\t\t\t\t\t\t<\/div>\n\t\t\t\t\t\t\t\t\t\t\t\t\t\t\t\t<div class=\"swiper-pagination\"><\/div>\n\t\t\t\t\t\t\t\t\t\t\t\t<\/div>\n\t\t\t\t<\/div>\n\t\t\t\t\t\t\t\t<\/div>\n\t\t\t\t<\/div>\n\t\t\t\t\t<\/div>\n\t\t\t\t<\/div>\n\t\t<div class=\"elementor-element elementor-element-0994a37 e-flex e-con-boxed e-con e-parent\" data-id=\"0994a37\" data-element_type=\"container\" data-e-type=\"container\" data-settings=\"{&quot;ekit_has_onepagescroll_dot&quot;:&quot;yes&quot;}\">\n\t\t\t\t\t<div class=\"e-con-inner\">\n\t\t\t\t<div class=\"elementor-element elementor-element-6033990 elementor-widget elementor-widget-elementskit-tablepress\" data-id=\"6033990\" data-element_type=\"widget\" data-e-type=\"widget\" data-settings=\"{&quot;ekit_we_effect_on&quot;:&quot;none&quot;}\" data-widget_type=\"elementskit-tablepress.default\">\n\t\t\t\t<div class=\"elementor-widget-container\">\n\t\t\t\t\t<div class=\"elemenetskit-tablepress ekit-wid-con\" id=\"ekit_tablepress_6033990\">\n<table id=\"tablepress-14\" class=\"tablepress tablepress-id-14 tbody-has-connected-cells\">\n<thead>\n<tr class=\"row-1\">\n\t<th class=\"column-1\">Modelos compat\u00edveis<\/th><th class=\"column-2\">C\u00f3digo do pedido<\/th><th class=\"column-3\">Op\u00e7\u00f5es<\/th><th class=\"column-4\">Foto do conector<\/th>\n<\/tr>\n<\/thead>\n<tbody class=\"row-striping row-hover\">\n<tr class=\"row-2\">\n\t<td rowspan=\"2\" class=\"column-1\">Economizador Um<\/td><td class=\"column-2\"> DEA-PHB-12A<\/td><td class=\"column-3\">Adulto<\/td><td rowspan=\"2\" class=\"column-4\"><img fetchpriority=\"high\" decoding=\"async\" src=\"https:\/\/medkemedical.com\/wp-content\/uploads\/2025\/05\/\u56fe\u5c42-2-300x246.png\" alt=\"\" width=\"300\" height=\"246\" class=\"alignnone size-medium wp-image-2261\" srcset=\"https:\/\/medkemedical.com\/wp-content\/uploads\/2025\/05\/\u56fe\u5c42-2-300x246.png 300w, https:\/\/medkemedical.com\/wp-content\/uploads\/2025\/05\/\u56fe\u5c42-2-768x629.png 768w, https:\/\/medkemedical.com\/wp-content\/uploads\/2025\/05\/\u56fe\u5c42-2-600x491.png 600w, https:\/\/medkemedical.com\/wp-content\/uploads\/2025\/05\/\u56fe\u5c42-2.png 772w\" sizes=\"(max-width: 300px) 100vw, 300px\" \/><\/td>\n<\/tr>\n<tr class=\"row-3\">\n\t<td class=\"column-2\"> DEA-PHB-12B<\/td><td class=\"column-3\">Pedi\u00e1trico<\/td>\n<\/tr>\n<tr class=\"row-4\">\n\t<td rowspan=\"2\" class=\"column-1\"> Saver One-D<\/td><td class=\"column-2\">DEA-PHD-12A<\/td><td class=\"column-3\">Adulto<\/td><td rowspan=\"2\" class=\"column-4\"><img decoding=\"async\" src=\"https:\/\/medkemedical.com\/wp-content\/uploads\/2025\/05\/\u56fe\u5c42-2-1-300x190.png\" alt=\"\" width=\"300\" height=\"190\" class=\"alignnone size-medium wp-image-2262\" srcset=\"https:\/\/medkemedical.com\/wp-content\/uploads\/2025\/05\/\u56fe\u5c42-2-1-300x190.png 300w, https:\/\/medkemedical.com\/wp-content\/uploads\/2025\/05\/\u56fe\u5c42-2-1-768x486.png 768w, https:\/\/medkemedical.com\/wp-content\/uploads\/2025\/05\/\u56fe\u5c42-2-1-600x380.png 600w, https:\/\/medkemedical.com\/wp-content\/uploads\/2025\/05\/\u56fe\u5c42-2-1.png 793w\" sizes=\"(max-width: 300px) 100vw, 300px\" \/><\/td>\n<\/tr>\n<tr class=\"row-5\">\n\t<td class=\"column-2\">DEA-PHD-12B<\/td><td class=\"column-3\">Pedi\u00e1trico<\/td>\n<\/tr>\n<\/tbody>\n<\/table>\n<\/div>\t\t\t\t<\/div>\n\t\t\t\t<\/div>\n\t\t\t\t\t<\/div>\n\t\t\t\t<\/div>\n\t\t\t\t<\/div>","protected":false},"excerpt":{"rendered":"<p>Edit Compatible Models Order Code Options Connector Photo Saver One AED-PHB-12A Adult AED-PHB-12B Pediatric Saver One-D AED-PHD-12A Adult AED-PHD-12B Pediatric<\/p>","protected":false},"featured_media":2173,"comment_status":"open","ping_status":"closed","template":"","meta":{"_acf_changed":false},"product_brand":[222],"product_cat":[221],"product_tag":[],"class_list":{"0":"post-2172","1":"product","2":"type-product","3":"status-publish","4":"has-post-thumbnail","6":"product_brand-ami-italia","7":"product_cat-aed-pads","9":"first","10":"instock","11":"shipping-taxable","12":"product-type-simple"},"acf":[],"_links":{"self":[{"href":"https:\/\/medkemedical.com\/pt\/wp-json\/wp\/v2\/product\/2172","targetHints":{"allow":["GET"]}}],"collection":[{"href":"https:\/\/medkemedical.com\/pt\/wp-json\/wp\/v2\/product"}],"about":[{"href":"https:\/\/medkemedical.com\/pt\/wp-json\/wp\/v2\/types\/product"}],"replies":[{"embeddable":true,"href":"https:\/\/medkemedical.com\/pt\/wp-json\/wp\/v2\/comments?post=2172"}],"version-history":[{"count":3,"href":"https:\/\/medkemedical.com\/pt\/wp-json\/wp\/v2\/product\/2172\/revisions"}],"predecessor-version":[{"id":2337,"href":"https:\/\/medkemedical.com\/pt\/wp-json\/wp\/v2\/product\/2172\/revisions\/2337"}],"wp:featuredmedia":[{"embeddable":true,"href":"https:\/\/medkemedical.com\/pt\/wp-json\/wp\/v2\/media\/2173"}],"wp:attachment":[{"href":"https:\/\/medkemedical.com\/pt\/wp-json\/wp\/v2\/media?parent=2172"}],"wp:term":[{"taxonomy":"product_brand","embeddable":true,"href":"https:\/\/medkemedical.com\/pt\/wp-json\/wp\/v2\/product_brand?post=2172"},{"taxonomy":"product_cat","embeddable":true,"href":"https:\/\/medkemedical.com\/pt\/wp-json\/wp\/v2\/product_cat?post=2172"},{"taxonomy":"product_tag","embeddable":true,"href":"https:\/\/medkemedical.com\/pt\/wp-json\/wp\/v2\/product_tag?post=2172"}],"curies":[{"name":"wp","href":"https:\/\/api.w.org\/{rel}","templated":true}]}}