{"id":7138,"date":"2025-07-08T16:54:24","date_gmt":"2025-07-08T08:54:24","guid":{"rendered":"https:\/\/medkemedical.com\/?post_type=product&#038;p=7138"},"modified":"2025-07-08T16:57:48","modified_gmt":"2025-07-08T08:57:48","slug":"nihon-kohden-reusable-spo2-sensor","status":"publish","type":"product","link":"https:\/\/medkemedical.com\/pl\/produkt\/nihon-kohden-reusable-spo2-sensor\/","title":{"rendered":"Czujnik SpO2 wielokrotnego u\u017cytku firmy Nihon Kohden"},"content":{"rendered":"<div data-elementor-type=\"product-post\" data-elementor-id=\"7138\" class=\"elementor elementor-7138\" data-elementor-post-type=\"product\">\n\t\t\t\t<div class=\"elementor-element elementor-element-2ce39c6 e-flex e-con-boxed e-con e-parent\" data-id=\"2ce39c6\" data-element_type=\"container\" data-e-type=\"container\" data-settings=\"{&quot;ekit_has_onepagescroll_dot&quot;:&quot;yes&quot;}\">\n\t\t\t\t\t<div class=\"e-con-inner\">\n\t\t\t\t<div class=\"elementor-element elementor-element-af89935 gallery-spacing-custom elementor-widget elementor-widget-image-gallery\" data-id=\"af89935\" data-element_type=\"widget\" data-e-type=\"widget\" data-settings=\"{&quot;ekit_we_effect_on&quot;:&quot;none&quot;}\" data-widget_type=\"image-gallery.default\">\n\t\t\t\t<div class=\"elementor-widget-container\">\n\t\t\t\t\t\t\t<div class=\"elementor-image-gallery\">\n\t\t\t<div id='gallery-1' class='gallery galleryid-7138 gallery-columns-7 gallery-size-medium'><figure class='gallery-item'>\n\t\t\t<div class='gallery-icon landscape'>\n\t\t\t\t<a data-elementor-open-lightbox=\"yes\" data-elementor-lightbox-slideshow=\"af89935\" data-elementor-lightbox-title=\"P9321E\" data-e-action-hash=\"#elementor-action%3Aaction%3Dlightbox%26settings%3DeyJpZCI6NzE0MSwidXJsIjoiaHR0cHM6XC9cL21lZGtlbWVkaWNhbC5jb21cL3dwLWNvbnRlbnRcL3VwbG9hZHNcLzIwMjVcLzA3XC9QOTMyMUUuanBnIiwic2xpZGVzaG93IjoiYWY4OTkzNSJ9\" href='https:\/\/medkemedical.com\/wp-content\/uploads\/2025\/07\/P9321E.jpg'><img fetchpriority=\"high\" decoding=\"async\" width=\"300\" height=\"300\" src=\"https:\/\/medkemedical.com\/wp-content\/uploads\/2025\/07\/P9321E-300x300.jpg\" class=\"attachment-medium size-medium\" alt=\"\" srcset=\"https:\/\/medkemedical.com\/wp-content\/uploads\/2025\/07\/P9321E-300x300.jpg 300w, https:\/\/medkemedical.com\/wp-content\/uploads\/2025\/07\/P9321E-150x150.jpg 150w, https:\/\/medkemedical.com\/wp-content\/uploads\/2025\/07\/P9321E-12x12.jpg 12w, https:\/\/medkemedical.com\/wp-content\/uploads\/2025\/07\/P9321E-600x600.jpg 600w, https:\/\/medkemedical.com\/wp-content\/uploads\/2025\/07\/P9321E-100x100.jpg 100w, https:\/\/medkemedical.com\/wp-content\/uploads\/2025\/07\/P9321E.jpg 640w\" sizes=\"(max-width: 300px) 100vw, 300px\" \/><\/a>\n\t\t\t<\/div><\/figure><figure class='gallery-item'>\n\t\t\t<div class='gallery-icon landscape'>\n\t\t\t\t<a data-elementor-open-lightbox=\"yes\" data-elementor-lightbox-slideshow=\"af89935\" data-elementor-lightbox-title=\"P8321E\" data-e-action-hash=\"#elementor-action%3Aaction%3Dlightbox%26settings%3DeyJpZCI6NzE0MiwidXJsIjoiaHR0cHM6XC9cL21lZGtlbWVkaWNhbC5jb21cL3dwLWNvbnRlbnRcL3VwbG9hZHNcLzIwMjVcLzA3XC9QODMyMUUuanBnIiwic2xpZGVzaG93IjoiYWY4OTkzNSJ9\" href='https:\/\/medkemedical.com\/wp-content\/uploads\/2025\/07\/P8321E.jpg'><img decoding=\"async\" width=\"300\" height=\"300\" src=\"https:\/\/medkemedical.com\/wp-content\/uploads\/2025\/07\/P8321E-300x300.jpg\" class=\"attachment-medium size-medium\" alt=\"\" srcset=\"https:\/\/medkemedical.com\/wp-content\/uploads\/2025\/07\/P8321E-300x300.jpg 300w, https:\/\/medkemedical.com\/wp-content\/uploads\/2025\/07\/P8321E-150x150.jpg 150w, https:\/\/medkemedical.com\/wp-content\/uploads\/2025\/07\/P8321E-12x12.jpg 12w, https:\/\/medkemedical.com\/wp-content\/uploads\/2025\/07\/P8321E-600x600.jpg 600w, https:\/\/medkemedical.com\/wp-content\/uploads\/2025\/07\/P8321E-100x100.jpg 100w, https:\/\/medkemedical.com\/wp-content\/uploads\/2025\/07\/P8321E.jpg 640w\" sizes=\"(max-width: 300px) 100vw, 300px\" \/><\/a>\n\t\t\t<\/div><\/figure><figure class='gallery-item'>\n\t\t\t<div class='gallery-icon landscape'>\n\t\t\t\t<a data-elementor-open-lightbox=\"yes\" data-elementor-lightbox-slideshow=\"af89935\" data-elementor-lightbox-title=\"P7321E\" data-e-action-hash=\"#elementor-action%3Aaction%3Dlightbox%26settings%3DeyJpZCI6NzE0NCwidXJsIjoiaHR0cHM6XC9cL21lZGtlbWVkaWNhbC5jb21cL3dwLWNvbnRlbnRcL3VwbG9hZHNcLzIwMjVcLzA3XC9QNzMyMUUuanBnIiwic2xpZGVzaG93IjoiYWY4OTkzNSJ9\" href='https:\/\/medkemedical.com\/wp-content\/uploads\/2025\/07\/P7321E.jpg'><img decoding=\"async\" width=\"300\" height=\"300\" src=\"https:\/\/medkemedical.com\/wp-content\/uploads\/2025\/07\/P7321E-300x300.jpg\" class=\"attachment-medium size-medium\" alt=\"\" srcset=\"https:\/\/medkemedical.com\/wp-content\/uploads\/2025\/07\/P7321E-300x300.jpg 300w, https:\/\/medkemedical.com\/wp-content\/uploads\/2025\/07\/P7321E-150x150.jpg 150w, https:\/\/medkemedical.com\/wp-content\/uploads\/2025\/07\/P7321E-12x12.jpg 12w, https:\/\/medkemedical.com\/wp-content\/uploads\/2025\/07\/P7321E-600x600.jpg 600w, https:\/\/medkemedical.com\/wp-content\/uploads\/2025\/07\/P7321E-100x100.jpg 100w, https:\/\/medkemedical.com\/wp-content\/uploads\/2025\/07\/P7321E.jpg 640w\" sizes=\"(max-width: 300px) 100vw, 300px\" \/><\/a>\n\t\t\t<\/div><\/figure><figure class='gallery-item'>\n\t\t\t<div class='gallery-icon landscape'>\n\t\t\t\t<a data-elementor-open-lightbox=\"yes\" data-elementor-lightbox-slideshow=\"af89935\" data-elementor-lightbox-title=\"P6321E\" data-e-action-hash=\"#elementor-action%3Aaction%3Dlightbox%26settings%3DeyJpZCI6NzE0NSwidXJsIjoiaHR0cHM6XC9cL21lZGtlbWVkaWNhbC5jb21cL3dwLWNvbnRlbnRcL3VwbG9hZHNcLzIwMjVcLzA3XC9QNjMyMUUuanBnIiwic2xpZGVzaG93IjoiYWY4OTkzNSJ9\" href='https:\/\/medkemedical.com\/wp-content\/uploads\/2025\/07\/P6321E.jpg'><img loading=\"lazy\" decoding=\"async\" width=\"300\" height=\"300\" src=\"https:\/\/medkemedical.com\/wp-content\/uploads\/2025\/07\/P6321E-300x300.jpg\" class=\"attachment-medium size-medium\" alt=\"\" srcset=\"https:\/\/medkemedical.com\/wp-content\/uploads\/2025\/07\/P6321E-300x300.jpg 300w, https:\/\/medkemedical.com\/wp-content\/uploads\/2025\/07\/P6321E-150x150.jpg 150w, https:\/\/medkemedical.com\/wp-content\/uploads\/2025\/07\/P6321E-12x12.jpg 12w, https:\/\/medkemedical.com\/wp-content\/uploads\/2025\/07\/P6321E-600x600.jpg 600w, https:\/\/medkemedical.com\/wp-content\/uploads\/2025\/07\/P6321E-100x100.jpg 100w, https:\/\/medkemedical.com\/wp-content\/uploads\/2025\/07\/P6321E.jpg 640w\" sizes=\"(max-width: 300px) 100vw, 300px\" \/><\/a>\n\t\t\t<\/div><\/figure><figure class='gallery-item'>\n\t\t\t<div class='gallery-icon landscape'>\n\t\t\t\t<a data-elementor-open-lightbox=\"yes\" data-elementor-lightbox-slideshow=\"af89935\" data-elementor-lightbox-title=\"P5321E\" data-e-action-hash=\"#elementor-action%3Aaction%3Dlightbox%26settings%3DeyJpZCI6NzE0NiwidXJsIjoiaHR0cHM6XC9cL21lZGtlbWVkaWNhbC5jb21cL3dwLWNvbnRlbnRcL3VwbG9hZHNcLzIwMjVcLzA3XC9QNTMyMUUuanBnIiwic2xpZGVzaG93IjoiYWY4OTkzNSJ9\" href='https:\/\/medkemedical.com\/wp-content\/uploads\/2025\/07\/P5321E.jpg'><img loading=\"lazy\" decoding=\"async\" width=\"300\" height=\"300\" src=\"https:\/\/medkemedical.com\/wp-content\/uploads\/2025\/07\/P5321E-300x300.jpg\" class=\"attachment-medium size-medium\" alt=\"\" srcset=\"https:\/\/medkemedical.com\/wp-content\/uploads\/2025\/07\/P5321E-300x300.jpg 300w, https:\/\/medkemedical.com\/wp-content\/uploads\/2025\/07\/P5321E-150x150.jpg 150w, https:\/\/medkemedical.com\/wp-content\/uploads\/2025\/07\/P5321E-12x12.jpg 12w, https:\/\/medkemedical.com\/wp-content\/uploads\/2025\/07\/P5321E-600x600.jpg 600w, https:\/\/medkemedical.com\/wp-content\/uploads\/2025\/07\/P5321E-100x100.jpg 100w, https:\/\/medkemedical.com\/wp-content\/uploads\/2025\/07\/P5321E.jpg 640w\" sizes=\"(max-width: 300px) 100vw, 300px\" \/><\/a>\n\t\t\t<\/div><\/figure><figure class='gallery-item'>\n\t\t\t<div class='gallery-icon landscape'>\n\t\t\t\t<a data-elementor-open-lightbox=\"yes\" data-elementor-lightbox-slideshow=\"af89935\" data-elementor-lightbox-title=\"P4321E\" data-e-action-hash=\"#elementor-action%3Aaction%3Dlightbox%26settings%3DeyJpZCI6NzE0NywidXJsIjoiaHR0cHM6XC9cL21lZGtlbWVkaWNhbC5jb21cL3dwLWNvbnRlbnRcL3VwbG9hZHNcLzIwMjVcLzA3XC9QNDMyMUUuanBnIiwic2xpZGVzaG93IjoiYWY4OTkzNSJ9\" href='https:\/\/medkemedical.com\/wp-content\/uploads\/2025\/07\/P4321E.jpg'><img loading=\"lazy\" decoding=\"async\" width=\"300\" height=\"300\" src=\"https:\/\/medkemedical.com\/wp-content\/uploads\/2025\/07\/P4321E-300x300.jpg\" class=\"attachment-medium size-medium\" alt=\"\" srcset=\"https:\/\/medkemedical.com\/wp-content\/uploads\/2025\/07\/P4321E-300x300.jpg 300w, https:\/\/medkemedical.com\/wp-content\/uploads\/2025\/07\/P4321E-150x150.jpg 150w, https:\/\/medkemedical.com\/wp-content\/uploads\/2025\/07\/P4321E-12x12.jpg 12w, https:\/\/medkemedical.com\/wp-content\/uploads\/2025\/07\/P4321E-600x600.jpg 600w, https:\/\/medkemedical.com\/wp-content\/uploads\/2025\/07\/P4321E-100x100.jpg 100w, https:\/\/medkemedical.com\/wp-content\/uploads\/2025\/07\/P4321E.jpg 640w\" sizes=\"(max-width: 300px) 100vw, 300px\" \/><\/a>\n\t\t\t<\/div><\/figure><figure class='gallery-item'>\n\t\t\t<div class='gallery-icon landscape'>\n\t\t\t\t<a data-elementor-open-lightbox=\"yes\" data-elementor-lightbox-slideshow=\"af89935\" data-elementor-lightbox-title=\"P3321E\" data-e-action-hash=\"#elementor-action%3Aaction%3Dlightbox%26settings%3DeyJpZCI6NzE0OCwidXJsIjoiaHR0cHM6XC9cL21lZGtlbWVkaWNhbC5jb21cL3dwLWNvbnRlbnRcL3VwbG9hZHNcLzIwMjVcLzA3XC9QMzMyMUUuanBnIiwic2xpZGVzaG93IjoiYWY4OTkzNSJ9\" href='https:\/\/medkemedical.com\/wp-content\/uploads\/2025\/07\/P3321E.jpg'><img loading=\"lazy\" decoding=\"async\" width=\"300\" height=\"300\" src=\"https:\/\/medkemedical.com\/wp-content\/uploads\/2025\/07\/P3321E-300x300.jpg\" class=\"attachment-medium size-medium\" alt=\"\" srcset=\"https:\/\/medkemedical.com\/wp-content\/uploads\/2025\/07\/P3321E-300x300.jpg 300w, https:\/\/medkemedical.com\/wp-content\/uploads\/2025\/07\/P3321E-150x150.jpg 150w, https:\/\/medkemedical.com\/wp-content\/uploads\/2025\/07\/P3321E-12x12.jpg 12w, https:\/\/medkemedical.com\/wp-content\/uploads\/2025\/07\/P3321E-600x600.jpg 600w, https:\/\/medkemedical.com\/wp-content\/uploads\/2025\/07\/P3321E-100x100.jpg 100w, https:\/\/medkemedical.com\/wp-content\/uploads\/2025\/07\/P3321E.jpg 640w\" sizes=\"(max-width: 300px) 100vw, 300px\" \/><\/a>\n\t\t\t<\/div><\/figure>\n\t\t<\/div>\n\t\t<\/div>\n\t\t\t\t\t\t<\/div>\n\t\t\t\t<\/div>\n\t\t\t\t\t<\/div>\n\t\t\t\t<\/div>\n\t\t<div class=\"elementor-element elementor-element-2060517 e-con-full e-flex e-con e-parent\" data-id=\"2060517\" data-element_type=\"container\" data-e-type=\"container\" data-settings=\"{&quot;ekit_has_onepagescroll_dot&quot;:&quot;yes&quot;}\">\n\t\t\t\t<div class=\"elementor-element elementor-element-48a26cb elementor-widget elementor-widget-elementskit-tablepress\" data-id=\"48a26cb\" data-element_type=\"widget\" data-e-type=\"widget\" data-settings=\"{&quot;ekit_we_effect_on&quot;:&quot;none&quot;}\" data-widget_type=\"elementskit-tablepress.default\">\n\t\t\t\t<div class=\"elementor-widget-container\">\n\t\t\t\t\t<div class=\"elemenetskit-tablepress ekit-wid-con\" id=\"ekit_tablepress_48a26cb\">\n<table id=\"tablepress-411\" class=\"tablepress tablepress-id-411 tbody-has-connected-cells\">\n<thead>\n<tr class=\"row-1\">\n\t<th class=\"column-1\">Monitor<\/th><th class=\"column-2\">Klip dla doros\u0142ych<\/th><th class=\"column-3\">Klip dla doros\u0142ych<\/th><th class=\"column-4\">Pedia. Klip<\/th><th class=\"column-5\">Pedia.Mi\u0119kki<\/th><th class=\"column-6\">Owijka dla noworodk\u00f3w<\/th><th class=\"column-7\">Wielo-Y<\/th><th class=\"column-8\">Klips do ucha dla doros\u0142ych<\/th><th class=\"column-9\">Z\u0142\u0105cze<\/th>\n<\/tr>\n<\/thead>\n<tbody class=\"row-striping row-hover\">\n<tr class=\"row-2\">\n\t<td class=\"column-1\">Modu\u0142 AL-800PA;<br \/>\nBSM-1101, 2101\/2, 3101,7100,<br \/>\n7200; OLV-1100A, Lifescope<\/td><td class=\"column-2\">P9321<\/td><td class=\"column-3\">P8321<\/td><td class=\"column-4\">P7321<\/td><td class=\"column-5\">P6321<\/td><td class=\"column-6\">P5321<\/td><td class=\"column-7\">P4321<\/td><td class=\"column-8\">P3321<\/td><td class=\"column-9\">CN32<\/td>\n<\/tr>\n<tr class=\"row-3\">\n\t<td rowspan=\"2\" class=\"column-1\">BSM-2301K, BSM-2303K,<br \/>\nBSM-2351,BSM-2353,<br \/>\nBSM-4103, BSM-4113,<br \/>\nVISMO,PVM-2701<\/td><td class=\"column-2\">P9121A<\/td><td class=\"column-3\">P8121A<\/td><td class=\"column-4\">P7121A<\/td><td class=\"column-5\">P6121A<\/td><td class=\"column-6\">P5121A<\/td><td class=\"column-7\">P4121A<\/td><td class=\"column-8\">P3121A<\/td><td class=\"column-9\">CN33<\/td>\n<\/tr>\n<tr class=\"row-4\">\n\t<td class=\"column-2\">P9321B<\/td><td class=\"column-3\">P8321B<\/td><td class=\"column-4\">P7321B<\/td><td class=\"column-5\">P6321B<\/td><td class=\"column-6\">P5321B<\/td><td class=\"column-7\">P4321B<\/td><td class=\"column-8\">P3321B<\/td><td class=\"column-9\">CN34<\/td>\n<\/tr>\n<tr class=\"row-5\">\n\t<td class=\"column-1\">Lifescope OPV<br \/>\n1500 1500 tys.<\/td><td class=\"column-2\">P9321C<\/td><td class=\"column-3\">P8321C<\/td><td class=\"column-4\">P7321C<\/td><td class=\"column-5\">P6321C<\/td><td class=\"column-6\">P5321C<\/td><td class=\"column-7\">P4321C<\/td><td class=\"column-8\">P3321C<\/td><td class=\"column-9\">CN84<\/td>\n<\/tr>\n<tr class=\"row-6\">\n\t<td class=\"column-1\">Seria BSM<br \/>\n(Nellcor Oximax)<\/td><td class=\"column-2\">P9321D<\/td><td class=\"column-3\">P8321D<\/td><td class=\"column-4\">P7321D<\/td><td class=\"column-5\">P6321D<\/td><td class=\"column-6\">P5321D<\/td><td class=\"column-7\">P4321D<\/td><td class=\"column-8\">P3321D<\/td><td rowspan=\"2\" class=\"column-9\">CN85<\/td>\n<\/tr>\n<tr class=\"row-7\">\n\t<td class=\"column-1\">Seria BSM (Masimo)<\/td><td class=\"column-2\">P9321E<\/td><td class=\"column-3\">P8321E<\/td><td class=\"column-4\">P7321E<\/td><td class=\"column-5\">P6321E<\/td><td class=\"column-6\">P5321E<\/td><td class=\"column-7\">P4321E<\/td><td class=\"column-8\">P3321E<\/td>\n<\/tr>\n<tr class=\"row-8\">\n\t<td class=\"column-1\">SVM-7601<\/td><td class=\"column-2\">P9321F<\/td><td class=\"column-3\">P8321F<\/td><td class=\"column-4\">P7321F<\/td><td class=\"column-5\">P6321F<\/td><td class=\"column-6\">P5321F<\/td><td class=\"column-7\">P4321F<\/td><td class=\"column-8\">P3321F<\/td><td class=\"column-9\">CP9R<\/td>\n<\/tr>\n<tr class=\"row-9\">\n\t<td class=\"column-1\">OXIMAX<\/td><td class=\"column-2\">P9321G<\/td><td class=\"column-3\">P8321G<\/td><td class=\"column-4\">P7321G<\/td><td class=\"column-5\">P6321G<\/td><td class=\"column-6\">P5321G<\/td><td class=\"column-7\">P4321G<\/td><td class=\"column-8\">P3321G<\/td><td class=\"column-9\">CN22<\/td>\n<\/tr>\n<\/tbody>\n<\/table>\n<\/div>\t\t\t\t<\/div>\n\t\t\t\t<\/div>\n\t\t\t\t<\/div>\n\t\t\t\t<\/div>","protected":false},"excerpt":{"rendered":"<p>Edytuj Monitor Klips dla doros\u0142ych Klips dla doros\u0142ych Pedia. Klips Pedia. Mi\u0119kka opaska dla noworodk\u00f3w Klips do uszu dla doros\u0142ych Multi-Y Z\u0142\u0105cze 503 Spot, 504Plus, 504DX, 506DXN K\u0105t 90 stopni P9307A P8307A P7307A P6307A P5307A P4307A P3307A CN06 501, 503, 504, 507, 508,581, 1100,8100, Poet(602-3A) , Scholar P9307 P8307 P7307 P6307 P5307 P4307 P3307 CM5 K\u0105t 90 stopni P9107A P8107A [\u2026]<\/p>","protected":false},"featured_media":7141,"comment_status":"open","ping_status":"closed","template":"","meta":{"_acf_changed":false},"product_brand":[36],"product_cat":[211],"product_tag":[],"class_list":{"0":"post-7138","1":"product","2":"type-product","3":"status-publish","4":"has-post-thumbnail","6":"product_brand-nihon-kohden","7":"product_cat-reusable-spo2-sensors","9":"first","10":"instock","11":"shipping-taxable","12":"product-type-simple"},"acf":[],"_links":{"self":[{"href":"https:\/\/medkemedical.com\/pl\/wp-json\/wp\/v2\/product\/7138","targetHints":{"allow":["GET"]}}],"collection":[{"href":"https:\/\/medkemedical.com\/pl\/wp-json\/wp\/v2\/product"}],"about":[{"href":"https:\/\/medkemedical.com\/pl\/wp-json\/wp\/v2\/types\/product"}],"replies":[{"embeddable":true,"href":"https:\/\/medkemedical.com\/pl\/wp-json\/wp\/v2\/comments?post=7138"}],"version-history":[{"count":6,"href":"https:\/\/medkemedical.com\/pl\/wp-json\/wp\/v2\/product\/7138\/revisions"}],"predecessor-version":[{"id":7152,"href":"https:\/\/medkemedical.com\/pl\/wp-json\/wp\/v2\/product\/7138\/revisions\/7152"}],"wp:featuredmedia":[{"embeddable":true,"href":"https:\/\/medkemedical.com\/pl\/wp-json\/wp\/v2\/media\/7141"}],"wp:attachment":[{"href":"https:\/\/medkemedical.com\/pl\/wp-json\/wp\/v2\/media?parent=7138"}],"wp:term":[{"taxonomy":"product_brand","embeddable":true,"href":"https:\/\/medkemedical.com\/pl\/wp-json\/wp\/v2\/product_brand?post=7138"},{"taxonomy":"product_cat","embeddable":true,"href":"https:\/\/medkemedical.com\/pl\/wp-json\/wp\/v2\/product_cat?post=7138"},{"taxonomy":"product_tag","embeddable":true,"href":"https:\/\/medkemedical.com\/pl\/wp-json\/wp\/v2\/product_tag?post=7138"}],"curies":[{"name":"wp","href":"https:\/\/api.w.org\/{rel}","templated":true}]}}