{"id":6949,"date":"2025-07-08T16:05:10","date_gmt":"2025-07-08T08:05:10","guid":{"rendered":"https:\/\/medkemedical.com\/?post_type=product&#038;p=6949"},"modified":"2025-07-08T16:06:55","modified_gmt":"2025-07-08T08:06:55","slug":"konsung-reusable-spo2-sensor","status":"publish","type":"product","link":"https:\/\/medkemedical.com\/pl\/produkt\/konsung-reusable-spo2-sensor\/","title":{"rendered":"Konsung Wielorazowy czujnik SpO2"},"content":{"rendered":"<div data-elementor-type=\"product-post\" data-elementor-id=\"6949\" class=\"elementor elementor-6949\" data-elementor-post-type=\"product\">\n\t\t\t\t<div class=\"elementor-element elementor-element-2ce39c6 e-flex e-con-boxed e-con e-parent\" data-id=\"2ce39c6\" data-element_type=\"container\" data-e-type=\"container\" data-settings=\"{&quot;ekit_has_onepagescroll_dot&quot;:&quot;yes&quot;}\">\n\t\t\t\t\t<div class=\"e-con-inner\">\n\t\t\t\t\t<\/div>\n\t\t\t\t<\/div>\n\t\t<div class=\"elementor-element elementor-element-2060517 e-con-full e-flex e-con e-parent\" data-id=\"2060517\" data-element_type=\"container\" data-e-type=\"container\" data-settings=\"{&quot;ekit_has_onepagescroll_dot&quot;:&quot;yes&quot;}\">\n\t\t\t\t<div class=\"elementor-element elementor-element-48a26cb elementor-widget elementor-widget-elementskit-tablepress\" data-id=\"48a26cb\" data-element_type=\"widget\" data-e-type=\"widget\" data-settings=\"{&quot;ekit_we_effect_on&quot;:&quot;none&quot;}\" data-widget_type=\"elementskit-tablepress.default\">\n\t\t\t\t<div class=\"elementor-widget-container\">\n\t\t\t\t\t<div class=\"elemenetskit-tablepress ekit-wid-con\" id=\"ekit_tablepress_48a26cb\">\n<table id=\"tablepress-398\" class=\"tablepress tablepress-id-398\">\n<thead>\n<tr class=\"row-1\">\n\t<th class=\"column-1\">Monitor<\/th><th class=\"column-2\">Klip dla doros\u0142ych<\/th><th class=\"column-3\">Klip dla doros\u0142ych<\/th><th class=\"column-4\">Pedia. Klip<\/th><th class=\"column-5\">Pedia.Mi\u0119kki<\/th><th class=\"column-6\">Owijka dla noworodk\u00f3w<\/th><th class=\"column-7\">Wielo-Y<\/th><th class=\"column-8\">Klips do ucha dla doros\u0142ych<\/th><th class=\"column-9\">Z\u0142\u0105cze<\/th>\n<\/tr>\n<\/thead>\n<tbody class=\"row-striping row-hover\">\n<tr class=\"row-2\">\n\t<td class=\"column-1\">Zorza polarna<\/td><td class=\"column-2\">P93133<\/td><td class=\"column-3\">P83133<\/td><td class=\"column-4\">P73133<\/td><td class=\"column-5\">P63133<\/td><td class=\"column-6\">P53133<\/td><td class=\"column-7\">P43133<\/td><td class=\"column-8\">P33133<\/td><td class=\"column-9\">CN39<\/td>\n<\/tr>\n<\/tbody>\n<\/table>\n<\/div>\t\t\t\t<\/div>\n\t\t\t\t<\/div>\n\t\t\t\t<\/div>\n\t\t\t\t<\/div>","protected":false},"excerpt":{"rendered":"<p>Edytuj Monitor Klips dla doros\u0142ych Klips dla doros\u0142ych Pedia. Klips Pedia. Mi\u0119kka opaska dla noworodk\u00f3w Klips do uszu dla doros\u0142ych Multi-Y Z\u0142\u0105cze 503 Spot, 504Plus, 504DX, 506DXN K\u0105t 90 stopni P9307A P8307A P7307A P6307A P5307A P4307A P3307A CN06 501, 503, 504, 507, 508,581, 1100,8100, Poet(602-3A) , Scholar P9307 P8307 P7307 P6307 P5307 P4307 P3307 CM5 K\u0105t 90 stopni P9107A P8107A [\u2026]<\/p>","protected":false},"featured_media":2156,"comment_status":"open","ping_status":"closed","template":"","meta":{"_acf_changed":false},"product_brand":[79],"product_cat":[211],"product_tag":[],"class_list":{"0":"post-6949","1":"product","2":"type-product","3":"status-publish","4":"has-post-thumbnail","6":"product_brand-konsung","7":"product_cat-reusable-spo2-sensors","9":"first","10":"instock","11":"shipping-taxable","12":"product-type-simple"},"acf":[],"_links":{"self":[{"href":"https:\/\/medkemedical.com\/pl\/wp-json\/wp\/v2\/product\/6949","targetHints":{"allow":["GET"]}}],"collection":[{"href":"https:\/\/medkemedical.com\/pl\/wp-json\/wp\/v2\/product"}],"about":[{"href":"https:\/\/medkemedical.com\/pl\/wp-json\/wp\/v2\/types\/product"}],"replies":[{"embeddable":true,"href":"https:\/\/medkemedical.com\/pl\/wp-json\/wp\/v2\/comments?post=6949"}],"version-history":[{"count":6,"href":"https:\/\/medkemedical.com\/pl\/wp-json\/wp\/v2\/product\/6949\/revisions"}],"predecessor-version":[{"id":6955,"href":"https:\/\/medkemedical.com\/pl\/wp-json\/wp\/v2\/product\/6949\/revisions\/6955"}],"wp:featuredmedia":[{"embeddable":true,"href":"https:\/\/medkemedical.com\/pl\/wp-json\/wp\/v2\/media\/2156"}],"wp:attachment":[{"href":"https:\/\/medkemedical.com\/pl\/wp-json\/wp\/v2\/media?parent=6949"}],"wp:term":[{"taxonomy":"product_brand","embeddable":true,"href":"https:\/\/medkemedical.com\/pl\/wp-json\/wp\/v2\/product_brand?post=6949"},{"taxonomy":"product_cat","embeddable":true,"href":"https:\/\/medkemedical.com\/pl\/wp-json\/wp\/v2\/product_cat?post=6949"},{"taxonomy":"product_tag","embeddable":true,"href":"https:\/\/medkemedical.com\/pl\/wp-json\/wp\/v2\/product_tag?post=6949"}],"curies":[{"name":"wp","href":"https:\/\/api.w.org\/{rel}","templated":true}]}}