{"id":6044,"date":"2025-07-04T16:37:54","date_gmt":"2025-07-04T08:37:54","guid":{"rendered":"https:\/\/medkemedical.com\/?post_type=product&#038;p=6044"},"modified":"2025-07-04T16:40:55","modified_gmt":"2025-07-04T08:40:55","slug":"ncc-wisonic-ecg-cable","status":"publish","type":"product","link":"https:\/\/medkemedical.com\/pl\/produkt\/ncc-wisonic-ecg-cable\/","title":{"rendered":"Kabel EKG NCC\/Wisonic"},"content":{"rendered":"<div data-elementor-type=\"product-post\" data-elementor-id=\"6044\" class=\"elementor elementor-6044\" data-elementor-post-type=\"product\">\n\t\t\t\t<div class=\"elementor-element elementor-element-55d6f76 e-flex e-con-boxed e-con e-parent\" data-id=\"55d6f76\" data-element_type=\"container\" data-e-type=\"container\" data-settings=\"{&quot;ekit_has_onepagescroll_dot&quot;:&quot;yes&quot;}\">\n\t\t\t\t\t<div class=\"e-con-inner\">\n\t\t\t\t<div class=\"elementor-element elementor-element-5536c29 gallery-spacing-custom elementor-widget elementor-widget-image-gallery\" data-id=\"5536c29\" data-element_type=\"widget\" data-e-type=\"widget\" data-settings=\"{&quot;ekit_we_effect_on&quot;:&quot;none&quot;}\" data-widget_type=\"image-gallery.default\">\n\t\t\t\t<div class=\"elementor-widget-container\">\n\t\t\t\t\t\t\t<div class=\"elementor-image-gallery\">\n\t\t\t<div id='gallery-1' class='gallery galleryid-6044 gallery-columns-4 gallery-size-medium'><figure class='gallery-item'>\n\t\t\t<div class='gallery-icon landscape'>\n\t\t\t\t<a data-elementor-open-lightbox=\"yes\" data-elementor-lightbox-slideshow=\"5536c29\" data-elementor-lightbox-title=\"G31136P (2)\" data-e-action-hash=\"#elementor-action%3Aaction%3Dlightbox%26settings%3DeyJpZCI6NjA0NywidXJsIjoiaHR0cHM6XC9cL21lZGtlbWVkaWNhbC5jb21cL3dwLWNvbnRlbnRcL3VwbG9hZHNcLzIwMjVcLzA3XC9HMzExMzZQLTIuanBnIiwic2xpZGVzaG93IjoiNTUzNmMyOSJ9\" href='https:\/\/medkemedical.com\/wp-content\/uploads\/2025\/07\/G31136P-2.jpg'><img fetchpriority=\"high\" width=\"300\" height=\"300\" src=\"https:\/\/medkemedical.com\/wp-content\/uploads\/2025\/07\/G31136P-2-300x300.jpg\" class=\"attachment-medium size-medium\" alt=\"\" decoding=\"async\" srcset=\"https:\/\/medkemedical.com\/wp-content\/uploads\/2025\/07\/G31136P-2-300x300.jpg 300w, https:\/\/medkemedical.com\/wp-content\/uploads\/2025\/07\/G31136P-2-150x150.jpg 150w, https:\/\/medkemedical.com\/wp-content\/uploads\/2025\/07\/G31136P-2-12x12.jpg 12w, https:\/\/medkemedical.com\/wp-content\/uploads\/2025\/07\/G31136P-2-600x600.jpg 600w, https:\/\/medkemedical.com\/wp-content\/uploads\/2025\/07\/G31136P-2-100x100.jpg 100w, https:\/\/medkemedical.com\/wp-content\/uploads\/2025\/07\/G31136P-2.jpg 640w\" sizes=\"(max-width: 300px) 100vw, 300px\" \/><\/a>\n\t\t\t<\/div><\/figure><figure class='gallery-item'>\n\t\t\t<div class='gallery-icon landscape'>\n\t\t\t\t<a data-elementor-open-lightbox=\"yes\" data-elementor-lightbox-slideshow=\"5536c29\" data-elementor-lightbox-title=\"G31136S (2)\" data-e-action-hash=\"#elementor-action%3Aaction%3Dlightbox%26settings%3DeyJpZCI6NjA0OCwidXJsIjoiaHR0cHM6XC9cL21lZGtlbWVkaWNhbC5jb21cL3dwLWNvbnRlbnRcL3VwbG9hZHNcLzIwMjVcLzA3XC9HMzExMzZTLTIuanBnIiwic2xpZGVzaG93IjoiNTUzNmMyOSJ9\" href='https:\/\/medkemedical.com\/wp-content\/uploads\/2025\/07\/G31136S-2.jpg'><img width=\"300\" height=\"300\" src=\"https:\/\/medkemedical.com\/wp-content\/uploads\/2025\/07\/G31136S-2-300x300.jpg\" class=\"attachment-medium size-medium\" alt=\"\" decoding=\"async\" srcset=\"https:\/\/medkemedical.com\/wp-content\/uploads\/2025\/07\/G31136S-2-300x300.jpg 300w, https:\/\/medkemedical.com\/wp-content\/uploads\/2025\/07\/G31136S-2-150x150.jpg 150w, https:\/\/medkemedical.com\/wp-content\/uploads\/2025\/07\/G31136S-2-12x12.jpg 12w, https:\/\/medkemedical.com\/wp-content\/uploads\/2025\/07\/G31136S-2-600x600.jpg 600w, https:\/\/medkemedical.com\/wp-content\/uploads\/2025\/07\/G31136S-2-100x100.jpg 100w, https:\/\/medkemedical.com\/wp-content\/uploads\/2025\/07\/G31136S-2.jpg 640w\" sizes=\"(max-width: 300px) 100vw, 300px\" \/><\/a>\n\t\t\t<\/div><\/figure><figure class='gallery-item'>\n\t\t\t<div class='gallery-icon landscape'>\n\t\t\t\t<a data-elementor-open-lightbox=\"yes\" data-elementor-lightbox-slideshow=\"5536c29\" data-elementor-lightbox-title=\"IMG_9115\" data-e-action-hash=\"#elementor-action%3Aaction%3Dlightbox%26settings%3DeyJpZCI6NjA0OSwidXJsIjoiaHR0cHM6XC9cL21lZGtlbWVkaWNhbC5jb21cL3dwLWNvbnRlbnRcL3VwbG9hZHNcLzIwMjVcLzA3XC9JTUdfOTExNS5qcGciLCJzbGlkZXNob3ciOiI1NTM2YzI5In0%3D\" href='https:\/\/medkemedical.com\/wp-content\/uploads\/2025\/07\/IMG_9115.jpg'><img width=\"300\" height=\"300\" src=\"https:\/\/medkemedical.com\/wp-content\/uploads\/2025\/07\/IMG_9115-300x300.jpg\" class=\"attachment-medium size-medium\" alt=\"\" decoding=\"async\" srcset=\"https:\/\/medkemedical.com\/wp-content\/uploads\/2025\/07\/IMG_9115-300x300.jpg 300w, https:\/\/medkemedical.com\/wp-content\/uploads\/2025\/07\/IMG_9115-150x150.jpg 150w, https:\/\/medkemedical.com\/wp-content\/uploads\/2025\/07\/IMG_9115-12x12.jpg 12w, https:\/\/medkemedical.com\/wp-content\/uploads\/2025\/07\/IMG_9115-600x600.jpg 600w, https:\/\/medkemedical.com\/wp-content\/uploads\/2025\/07\/IMG_9115-100x100.jpg 100w, https:\/\/medkemedical.com\/wp-content\/uploads\/2025\/07\/IMG_9115.jpg 640w\" sizes=\"(max-width: 300px) 100vw, 300px\" \/><\/a>\n\t\t\t<\/div><\/figure><figure class='gallery-item'>\n\t\t\t<div class='gallery-icon landscape'>\n\t\t\t\t<a data-elementor-open-lightbox=\"yes\" data-elementor-lightbox-slideshow=\"5536c29\" data-elementor-lightbox-title=\"G51136S (2)\" data-e-action-hash=\"#elementor-action%3Aaction%3Dlightbox%26settings%3DeyJpZCI6NjA1MSwidXJsIjoiaHR0cHM6XC9cL21lZGtlbWVkaWNhbC5jb21cL3dwLWNvbnRlbnRcL3VwbG9hZHNcLzIwMjVcLzA3XC9HNTExMzZTLTIuanBnIiwic2xpZGVzaG93IjoiNTUzNmMyOSJ9\" href='https:\/\/medkemedical.com\/wp-content\/uploads\/2025\/07\/G51136S-2.jpg'><img loading=\"lazy\" width=\"300\" height=\"300\" src=\"https:\/\/medkemedical.com\/wp-content\/uploads\/2025\/07\/G51136S-2-300x300.jpg\" class=\"attachment-medium size-medium\" alt=\"\" decoding=\"async\" srcset=\"https:\/\/medkemedical.com\/wp-content\/uploads\/2025\/07\/G51136S-2-300x300.jpg 300w, https:\/\/medkemedical.com\/wp-content\/uploads\/2025\/07\/G51136S-2-150x150.jpg 150w, https:\/\/medkemedical.com\/wp-content\/uploads\/2025\/07\/G51136S-2-12x12.jpg 12w, https:\/\/medkemedical.com\/wp-content\/uploads\/2025\/07\/G51136S-2-600x600.jpg 600w, https:\/\/medkemedical.com\/wp-content\/uploads\/2025\/07\/G51136S-2-100x100.jpg 100w, https:\/\/medkemedical.com\/wp-content\/uploads\/2025\/07\/G51136S-2.jpg 640w\" sizes=\"(max-width: 300px) 100vw, 300px\" \/><\/a>\n\t\t\t<\/div><\/figure>\n\t\t<\/div>\n\t\t<\/div>\n\t\t\t\t\t\t<\/div>\n\t\t\t\t<\/div>\n\t\t\t\t\t<\/div>\n\t\t\t\t<\/div>\n\t\t<div class=\"elementor-element elementor-element-621eb78 e-con-full e-flex e-con e-parent\" data-id=\"621eb78\" data-element_type=\"container\" data-e-type=\"container\" data-settings=\"{&quot;ekit_has_onepagescroll_dot&quot;:&quot;yes&quot;}\">\n\t\t\t\t<div class=\"elementor-element elementor-element-eedc0ef elementor-widget elementor-widget-elementskit-tablepress\" data-id=\"eedc0ef\" data-element_type=\"widget\" data-e-type=\"widget\" data-settings=\"{&quot;ekit_we_effect_on&quot;:&quot;none&quot;}\" data-widget_type=\"elementskit-tablepress.default\">\n\t\t\t\t<div class=\"elementor-widget-container\">\n\t\t\t\t\t<div class=\"elemenetskit-tablepress ekit-wid-con\" id=\"ekit_tablepress_eedc0ef\">\n<table id=\"tablepress-339\" class=\"tablepress tablepress-id-339 tbody-has-connected-cells\">\n<thead>\n<tr class=\"row-1\">\n\t<th class=\"column-1\">Monitor<\/th><th class=\"column-2\">Prowadzi\/etykieta<\/th><th class=\"column-3\">Sta\u0142y kod zam\u00f3wienia Pinch<\/th><th class=\"column-4\">Sta\u0142y kod zam\u00f3wienia Snap<\/th><th class=\"column-5\">Z\u0142\u0105cze<\/th>\n<\/tr>\n<\/thead>\n<tbody class=\"row-striping row-hover\">\n<tr class=\"row-2\">\n\t<td rowspan=\"4\" class=\"column-1\">6 pin\u00f3w<\/td><td class=\"column-2\">3\/AHA<\/td><td class=\"column-3\">G31136P<\/td><td class=\"column-4\">G31136S<\/td><td rowspan=\"4\" class=\"column-5\">CN138<\/td>\n<\/tr>\n<tr class=\"row-3\">\n\t<td class=\"column-2\">3\/IEC<\/td><td class=\"column-3\">G32136P<\/td><td class=\"column-4\">G32136S<\/td>\n<\/tr>\n<tr class=\"row-4\">\n\t<td class=\"column-2\">5\/AHA<\/td><td class=\"column-3\">G51136P<\/td><td class=\"column-4\">G51136S<\/td>\n<\/tr>\n<tr class=\"row-5\">\n\t<td class=\"column-2\">5\/IEC<\/td><td class=\"column-3\">G52136P<\/td><td class=\"column-4\">G52136S<\/td>\n<\/tr>\n<\/tbody>\n<\/table>\n<\/div>\t\t\t\t<\/div>\n\t\t\t\t<\/div>\n\t\t\t\t<\/div>\n\t\t\t\t<\/div>","protected":false},"excerpt":{"rendered":"<p>Edytuj Monitoruj przewody\/etykieta Sta\u0142y kod zam\u00f3wienia szczypcowy Sta\u0142y kod zam\u00f3wienia zatrzaskowy Z\u0142\u0105cze Bm3 3\/AHA G3104P G3104S CN103 3\/IEC G3204P G3204S 5\/AHA G5104P G5104S 5\/IEC G5204P G5204S Bm5 3\/AHA G3149P G3149S CN132 3\/IEC G3249P G3249S 5\/AHA G5149P G5149S 5\/IEC G5249P G5249S<\/p>","protected":false},"featured_media":6049,"comment_status":"open","ping_status":"closed","template":"","meta":{"_acf_changed":false},"product_brand":[107],"product_cat":[204],"product_tag":[],"class_list":{"0":"post-6044","1":"product","2":"type-product","3":"status-publish","4":"has-post-thumbnail","6":"product_brand-wisonic","7":"product_cat-one-piece-ecg-cables","9":"first","10":"instock","11":"shipping-taxable","12":"product-type-simple"},"acf":[],"_links":{"self":[{"href":"https:\/\/medkemedical.com\/pl\/wp-json\/wp\/v2\/product\/6044","targetHints":{"allow":["GET"]}}],"collection":[{"href":"https:\/\/medkemedical.com\/pl\/wp-json\/wp\/v2\/product"}],"about":[{"href":"https:\/\/medkemedical.com\/pl\/wp-json\/wp\/v2\/types\/product"}],"replies":[{"embeddable":true,"href":"https:\/\/medkemedical.com\/pl\/wp-json\/wp\/v2\/comments?post=6044"}],"version-history":[{"count":6,"href":"https:\/\/medkemedical.com\/pl\/wp-json\/wp\/v2\/product\/6044\/revisions"}],"predecessor-version":[{"id":6055,"href":"https:\/\/medkemedical.com\/pl\/wp-json\/wp\/v2\/product\/6044\/revisions\/6055"}],"wp:featuredmedia":[{"embeddable":true,"href":"https:\/\/medkemedical.com\/pl\/wp-json\/wp\/v2\/media\/6049"}],"wp:attachment":[{"href":"https:\/\/medkemedical.com\/pl\/wp-json\/wp\/v2\/media?parent=6044"}],"wp:term":[{"taxonomy":"product_brand","embeddable":true,"href":"https:\/\/medkemedical.com\/pl\/wp-json\/wp\/v2\/product_brand?post=6044"},{"taxonomy":"product_cat","embeddable":true,"href":"https:\/\/medkemedical.com\/pl\/wp-json\/wp\/v2\/product_cat?post=6044"},{"taxonomy":"product_tag","embeddable":true,"href":"https:\/\/medkemedical.com\/pl\/wp-json\/wp\/v2\/product_tag?post=6044"}],"curies":[{"name":"wp","href":"https:\/\/api.w.org\/{rel}","templated":true}]}}