{"id":4599,"date":"2025-05-27T17:40:22","date_gmt":"2025-05-27T09:40:22","guid":{"rendered":"https:\/\/medkemedical.com\/?post_type=product&#038;p=4599"},"modified":"2025-05-27T17:44:30","modified_gmt":"2025-05-27T09:44:30","slug":"male-plug-fixed-5-0mm2p-banana-generator-side-connector-bipolar-forceps-cables-2","status":"publish","type":"product","link":"https:\/\/medkemedical.com\/pl\/produkt\/male-plug-fixed-5-0mm2p-banana-generator-side-connector-bipolar-forceps-cables-2\/","title":{"rendered":"Wtyczka m\u0119ska sta\u0142a 5,0 mm * 2P Banan Generator z\u0142\u0105cze boczne szczypce bipolarne kable 2"},"content":{"rendered":"<div data-elementor-type=\"product-post\" data-elementor-id=\"4599\" class=\"elementor elementor-4599\" data-elementor-post-type=\"product\">\n\t\t\t\t<div class=\"elementor-element elementor-element-8521166 e-flex e-con-boxed e-con e-parent\" data-id=\"8521166\" data-element_type=\"container\" data-e-type=\"container\" data-settings=\"{&quot;ekit_has_onepagescroll_dot&quot;:&quot;yes&quot;}\">\n\t\t\t\t\t<div class=\"e-con-inner\">\n\t\t\t\t<div class=\"elementor-element elementor-element-a4390c2 gallery-spacing-custom elementor-widget elementor-widget-image-gallery\" data-id=\"a4390c2\" data-element_type=\"widget\" data-e-type=\"widget\" data-settings=\"{&quot;ekit_we_effect_on&quot;:&quot;none&quot;}\" data-widget_type=\"image-gallery.default\">\n\t\t\t\t<div class=\"elementor-widget-container\">\n\t\t\t\t\t\t\t<div class=\"elementor-image-gallery\">\n\t\t\t<div id='gallery-1' class='gallery galleryid-4599 gallery-columns-3 gallery-size-medium'><figure class='gallery-item'>\n\t\t\t<div class='gallery-icon landscape'>\n\t\t\t\t<a data-elementor-open-lightbox=\"yes\" data-elementor-lightbox-slideshow=\"a4390c2\" data-elementor-lightbox-title=\"CP1036\" data-e-action-hash=\"#elementor-action%3Aaction%3Dlightbox%26settings%3DeyJpZCI6NDYwMCwidXJsIjoiaHR0cHM6XC9cL21lZGtlbWVkaWNhbC5jb21cL3dwLWNvbnRlbnRcL3VwbG9hZHNcLzIwMjVcLzA1XC9DUDEwMzYuanBnIiwic2xpZGVzaG93IjoiYTQzOTBjMiJ9\" href='https:\/\/medkemedical.com\/wp-content\/uploads\/2025\/05\/CP1036.jpg'><img fetchpriority=\"high\" width=\"300\" height=\"300\" src=\"https:\/\/medkemedical.com\/wp-content\/uploads\/2025\/05\/CP1036-300x300.jpg\" class=\"attachment-medium size-medium\" alt=\"\" decoding=\"async\" srcset=\"https:\/\/medkemedical.com\/wp-content\/uploads\/2025\/05\/CP1036-300x300.jpg 300w, https:\/\/medkemedical.com\/wp-content\/uploads\/2025\/05\/CP1036-150x150.jpg 150w, https:\/\/medkemedical.com\/wp-content\/uploads\/2025\/05\/CP1036-600x600.jpg 600w, https:\/\/medkemedical.com\/wp-content\/uploads\/2025\/05\/CP1036-100x100.jpg 100w, https:\/\/medkemedical.com\/wp-content\/uploads\/2025\/05\/CP1036.jpg 640w\" sizes=\"(max-width: 300px) 100vw, 300px\" \/><\/a>\n\t\t\t<\/div><\/figure>\n\t\t<\/div>\n\t\t<\/div>\n\t\t\t\t\t\t<\/div>\n\t\t\t\t<\/div>\n\t\t\t\t\t<\/div>\n\t\t\t\t<\/div>\n\t\t<div class=\"elementor-element elementor-element-f3e16d6 e-con-full e-flex e-con e-parent\" data-id=\"f3e16d6\" data-element_type=\"container\" data-e-type=\"container\" data-settings=\"{&quot;ekit_has_onepagescroll_dot&quot;:&quot;yes&quot;}\">\n\t\t\t\t<div class=\"elementor-element elementor-element-6ed024f elementor-widget elementor-widget-elementskit-tablepress\" data-id=\"6ed024f\" data-element_type=\"widget\" data-e-type=\"widget\" data-settings=\"{&quot;ekit_we_effect_on&quot;:&quot;none&quot;}\" data-widget_type=\"elementskit-tablepress.default\">\n\t\t\t\t<div class=\"elementor-widget-container\">\n\t\t\t\t\t<div class=\"elemenetskit-tablepress ekit-wid-con\" id=\"ekit_tablepress_6ed024f\">\n<table id=\"tablepress-252\" class=\"tablepress tablepress-id-252\">\n<thead>\n<tr class=\"row-1\">\n\t<td class=\"column-1\"><\/td><td class=\"column-2\"><\/td><td class=\"column-3\"><\/td><th class=\"column-4\">Z\u0142\u0105cze boczne generatora<\/th><th class=\"column-5\">Zgodny<\/th>\n<\/tr>\n<\/thead>\n<tbody class=\"row-striping row-hover\">\n<tr class=\"row-2\">\n\t<td class=\"column-1\">Z\u0142\u0105cze boczne przyrz\u0105du<\/td><td class=\"column-2\">Zdj\u0119cie wtyczki \u017ce\u0144skiej<\/td><td class=\"column-3\">Kod zam\u00f3wienia<\/td><td class=\"column-4\">5,0 mm*2P Banan<\/td><td class=\"column-5\"><\/td>\n<\/tr>\n<tr class=\"row-3\">\n\t<td class=\"column-1\">\u03a62,8 mm Banan, 3,0 mm Gniazdo<\/td><td class=\"column-2\"><img decoding=\"async\" src=\"https:\/\/medkemedical.com\/wp-content\/uploads\/2025\/05\/DSC03014-300x225.jpg\" alt=\"\" width=\"300\" height=\"225\" class=\"alignnone size-medium wp-image-4445\" srcset=\"https:\/\/medkemedical.com\/wp-content\/uploads\/2025\/05\/DSC03014-300x225.jpg 300w, https:\/\/medkemedical.com\/wp-content\/uploads\/2025\/05\/DSC03014-1024x769.jpg 1024w, https:\/\/medkemedical.com\/wp-content\/uploads\/2025\/05\/DSC03014-768x577.jpg 768w, https:\/\/medkemedical.com\/wp-content\/uploads\/2025\/05\/DSC03014-1536x1153.jpg 1536w, https:\/\/medkemedical.com\/wp-content\/uploads\/2025\/05\/DSC03014-2048x1538.jpg 2048w, https:\/\/medkemedical.com\/wp-content\/uploads\/2025\/05\/DSC03014-600x450.jpg 600w\" sizes=\"(max-width: 300px) 100vw, 300px\" \/><\/td><td class=\"column-3\">CP1036<\/td><td class=\"column-4\"><img decoding=\"async\" src=\"https:\/\/medkemedical.com\/wp-content\/uploads\/2025\/05\/\u56fe\u5c42-12-300x106.png\" alt=\"\" width=\"300\" height=\"106\" class=\"alignnone size-medium wp-image-4444\" srcset=\"https:\/\/medkemedical.com\/wp-content\/uploads\/2025\/05\/\u56fe\u5c42-12-300x106.png 300w, https:\/\/medkemedical.com\/wp-content\/uploads\/2025\/05\/\u56fe\u5c42-12-1024x363.png 1024w, https:\/\/medkemedical.com\/wp-content\/uploads\/2025\/05\/\u56fe\u5c42-12-768x272.png 768w, https:\/\/medkemedical.com\/wp-content\/uploads\/2025\/05\/\u56fe\u5c42-12-1536x544.png 1536w, https:\/\/medkemedical.com\/wp-content\/uploads\/2025\/05\/\u56fe\u5c42-12-600x213.png 600w, https:\/\/medkemedical.com\/wp-content\/uploads\/2025\/05\/\u56fe\u5c42-12.png 1865w\" sizes=\"(max-width: 300px) 100vw, 300px\" \/><\/td><td class=\"column-5\">Wolf, Valleylab<\/td>\n<\/tr>\n<\/tbody>\n<\/table>\n<\/div>\t\t\t\t<\/div>\n\t\t\t\t<\/div>\n\t\t\t\t<\/div>\n\t\t\t\t<\/div>","protected":false},"excerpt":{"rendered":"<p>Edit Generator Side Connector Compatible Instrument Side Connector Female Plug Photo Order Code 5.0mm*2P Banana \u03a62.8mm Banana\u30013.0mm Socket CP1036 Wolf , Valleylab<\/p>","protected":false},"featured_media":4600,"comment_status":"open","ping_status":"closed","template":"","meta":{"_acf_changed":false},"product_brand":[],"product_cat":[139],"product_tag":[],"class_list":{"0":"post-4599","1":"product","2":"type-product","3":"status-publish","4":"has-post-thumbnail","6":"product_cat-bipolar-forceps-cables","8":"first","9":"instock","10":"shipping-taxable","11":"product-type-simple"},"acf":[],"_links":{"self":[{"href":"https:\/\/medkemedical.com\/pl\/wp-json\/wp\/v2\/product\/4599","targetHints":{"allow":["GET"]}}],"collection":[{"href":"https:\/\/medkemedical.com\/pl\/wp-json\/wp\/v2\/product"}],"about":[{"href":"https:\/\/medkemedical.com\/pl\/wp-json\/wp\/v2\/types\/product"}],"replies":[{"embeddable":true,"href":"https:\/\/medkemedical.com\/pl\/wp-json\/wp\/v2\/comments?post=4599"}],"version-history":[{"count":4,"href":"https:\/\/medkemedical.com\/pl\/wp-json\/wp\/v2\/product\/4599\/revisions"}],"predecessor-version":[{"id":4604,"href":"https:\/\/medkemedical.com\/pl\/wp-json\/wp\/v2\/product\/4599\/revisions\/4604"}],"wp:featuredmedia":[{"embeddable":true,"href":"https:\/\/medkemedical.com\/pl\/wp-json\/wp\/v2\/media\/4600"}],"wp:attachment":[{"href":"https:\/\/medkemedical.com\/pl\/wp-json\/wp\/v2\/media?parent=4599"}],"wp:term":[{"taxonomy":"product_brand","embeddable":true,"href":"https:\/\/medkemedical.com\/pl\/wp-json\/wp\/v2\/product_brand?post=4599"},{"taxonomy":"product_cat","embeddable":true,"href":"https:\/\/medkemedical.com\/pl\/wp-json\/wp\/v2\/product_cat?post=4599"},{"taxonomy":"product_tag","embeddable":true,"href":"https:\/\/medkemedical.com\/pl\/wp-json\/wp\/v2\/product_tag?post=4599"}],"curies":[{"name":"wp","href":"https:\/\/api.w.org\/{rel}","templated":true}]}}