{"id":4569,"date":"2025-05-27T17:19:10","date_gmt":"2025-05-27T09:19:10","guid":{"rendered":"https:\/\/medkemedical.com\/?post_type=product&#038;p=4569"},"modified":"2025-05-27T17:21:17","modified_gmt":"2025-05-27T09:21:17","slug":"male-plug-fixed-4-0mm28-58mm-generator-side-connector-bipolar-forceps-cables-2","status":"publish","type":"product","link":"https:\/\/medkemedical.com\/pl\/produkt\/male-plug-fixed-4-0mm28-58mm-generator-side-connector-bipolar-forceps-cables-2\/","title":{"rendered":"Wtyczka m\u0119ska sta\u0142a 4,0 mm + 28,58 mm Z\u0142\u0105cze boczne generatora Kable szczypiec bipolarnych 2"},"content":{"rendered":"<div data-elementor-type=\"product-post\" data-elementor-id=\"4569\" class=\"elementor elementor-4569\" data-elementor-post-type=\"product\">\n\t\t\t\t<div class=\"elementor-element elementor-element-8521166 e-flex e-con-boxed e-con e-parent\" data-id=\"8521166\" data-element_type=\"container\" data-e-type=\"container\" data-settings=\"{&quot;ekit_has_onepagescroll_dot&quot;:&quot;yes&quot;}\">\n\t\t\t\t\t<div class=\"e-con-inner\">\n\t\t\t\t<div class=\"elementor-element elementor-element-a4390c2 gallery-spacing-custom elementor-widget elementor-widget-image-gallery\" data-id=\"a4390c2\" data-element_type=\"widget\" data-e-type=\"widget\" data-settings=\"{&quot;ekit_we_effect_on&quot;:&quot;none&quot;}\" data-widget_type=\"image-gallery.default\">\n\t\t\t\t<div class=\"elementor-widget-container\">\n\t\t\t\t\t\t\t<div class=\"elementor-image-gallery\">\n\t\t\t<div id='gallery-1' class='gallery galleryid-4569 gallery-columns-3 gallery-size-medium'><figure class='gallery-item'>\n\t\t\t<div class='gallery-icon landscape'>\n\t\t\t\t<a data-elementor-open-lightbox=\"yes\" data-elementor-lightbox-slideshow=\"a4390c2\" data-elementor-lightbox-title=\"DSC07628\" data-e-action-hash=\"#elementor-action%3Aaction%3Dlightbox%26settings%3DeyJpZCI6NDU3MCwidXJsIjoiaHR0cHM6XC9cL21lZGtlbWVkaWNhbC5jb21cL3dwLWNvbnRlbnRcL3VwbG9hZHNcLzIwMjVcLzA1XC9EU0MwNzYyOC1zY2FsZWQuanBnIiwic2xpZGVzaG93IjoiYTQzOTBjMiJ9\" href='https:\/\/medkemedical.com\/wp-content\/uploads\/2025\/05\/DSC07628-scaled.jpg'><img fetchpriority=\"high\" width=\"300\" height=\"300\" src=\"https:\/\/medkemedical.com\/wp-content\/uploads\/2025\/05\/DSC07628-300x300.jpg\" class=\"attachment-medium size-medium\" alt=\"\" decoding=\"async\" srcset=\"https:\/\/medkemedical.com\/wp-content\/uploads\/2025\/05\/DSC07628-300x300.jpg 300w, https:\/\/medkemedical.com\/wp-content\/uploads\/2025\/05\/DSC07628-1024x1024.jpg 1024w, https:\/\/medkemedical.com\/wp-content\/uploads\/2025\/05\/DSC07628-150x150.jpg 150w, https:\/\/medkemedical.com\/wp-content\/uploads\/2025\/05\/DSC07628-768x768.jpg 768w, https:\/\/medkemedical.com\/wp-content\/uploads\/2025\/05\/DSC07628-1536x1536.jpg 1536w, https:\/\/medkemedical.com\/wp-content\/uploads\/2025\/05\/DSC07628-2048x2048.jpg 2048w, https:\/\/medkemedical.com\/wp-content\/uploads\/2025\/05\/DSC07628-600x600.jpg 600w, https:\/\/medkemedical.com\/wp-content\/uploads\/2025\/05\/DSC07628-100x100.jpg 100w\" sizes=\"(max-width: 300px) 100vw, 300px\" \/><\/a>\n\t\t\t<\/div><\/figure><figure class='gallery-item'>\n\t\t\t<div class='gallery-icon landscape'>\n\t\t\t\t<a data-elementor-open-lightbox=\"yes\" data-elementor-lightbox-slideshow=\"a4390c2\" data-elementor-lightbox-title=\"DSC07587\" data-e-action-hash=\"#elementor-action%3Aaction%3Dlightbox%26settings%3DeyJpZCI6NDU3MywidXJsIjoiaHR0cHM6XC9cL21lZGtlbWVkaWNhbC5jb21cL3dwLWNvbnRlbnRcL3VwbG9hZHNcLzIwMjVcLzA1XC9EU0MwNzU4Ny1zY2FsZWQuanBnIiwic2xpZGVzaG93IjoiYTQzOTBjMiJ9\" href='https:\/\/medkemedical.com\/wp-content\/uploads\/2025\/05\/DSC07587-scaled.jpg'><img width=\"300\" height=\"300\" src=\"https:\/\/medkemedical.com\/wp-content\/uploads\/2025\/05\/DSC07587-300x300.jpg\" class=\"attachment-medium size-medium\" alt=\"\" decoding=\"async\" srcset=\"https:\/\/medkemedical.com\/wp-content\/uploads\/2025\/05\/DSC07587-300x300.jpg 300w, https:\/\/medkemedical.com\/wp-content\/uploads\/2025\/05\/DSC07587-1024x1024.jpg 1024w, https:\/\/medkemedical.com\/wp-content\/uploads\/2025\/05\/DSC07587-150x150.jpg 150w, https:\/\/medkemedical.com\/wp-content\/uploads\/2025\/05\/DSC07587-768x768.jpg 768w, https:\/\/medkemedical.com\/wp-content\/uploads\/2025\/05\/DSC07587-1536x1536.jpg 1536w, https:\/\/medkemedical.com\/wp-content\/uploads\/2025\/05\/DSC07587-2048x2048.jpg 2048w, https:\/\/medkemedical.com\/wp-content\/uploads\/2025\/05\/DSC07587-600x600.jpg 600w, https:\/\/medkemedical.com\/wp-content\/uploads\/2025\/05\/DSC07587-100x100.jpg 100w\" sizes=\"(max-width: 300px) 100vw, 300px\" \/><\/a>\n\t\t\t<\/div><\/figure><figure class='gallery-item'>\n\t\t\t<div class='gallery-icon landscape'>\n\t\t\t\t<a data-elementor-open-lightbox=\"yes\" data-elementor-lightbox-slideshow=\"a4390c2\" data-elementor-lightbox-title=\"DJI_20250325142725_0141_D\" data-e-action-hash=\"#elementor-action%3Aaction%3Dlightbox%26settings%3DeyJpZCI6NDU3NCwidXJsIjoiaHR0cHM6XC9cL21lZGtlbWVkaWNhbC5jb21cL3dwLWNvbnRlbnRcL3VwbG9hZHNcLzIwMjVcLzA1XC9ESklfMjAyNTAzMjUxNDI3MjVfMDE0MV9ELXNjYWxlZC5qcGciLCJzbGlkZXNob3ciOiJhNDM5MGMyIn0%3D\" href='https:\/\/medkemedical.com\/wp-content\/uploads\/2025\/05\/DJI_20250325142725_0141_D-scaled.jpg'><img width=\"300\" height=\"169\" src=\"https:\/\/medkemedical.com\/wp-content\/uploads\/2025\/05\/DJI_20250325142725_0141_D-300x169.jpg\" class=\"attachment-medium size-medium\" alt=\"\" decoding=\"async\" srcset=\"https:\/\/medkemedical.com\/wp-content\/uploads\/2025\/05\/DJI_20250325142725_0141_D-300x169.jpg 300w, https:\/\/medkemedical.com\/wp-content\/uploads\/2025\/05\/DJI_20250325142725_0141_D-1024x576.jpg 1024w, https:\/\/medkemedical.com\/wp-content\/uploads\/2025\/05\/DJI_20250325142725_0141_D-768x432.jpg 768w, https:\/\/medkemedical.com\/wp-content\/uploads\/2025\/05\/DJI_20250325142725_0141_D-1536x864.jpg 1536w, https:\/\/medkemedical.com\/wp-content\/uploads\/2025\/05\/DJI_20250325142725_0141_D-2048x1152.jpg 2048w, https:\/\/medkemedical.com\/wp-content\/uploads\/2025\/05\/DJI_20250325142725_0141_D-600x338.jpg 600w\" sizes=\"(max-width: 300px) 100vw, 300px\" \/><\/a>\n\t\t\t<\/div><\/figure>\n\t\t<\/div>\n\t\t<\/div>\n\t\t\t\t\t\t<\/div>\n\t\t\t\t<\/div>\n\t\t\t\t\t<\/div>\n\t\t\t\t<\/div>\n\t\t<div class=\"elementor-element elementor-element-f3e16d6 e-con-full e-flex e-con e-parent\" data-id=\"f3e16d6\" data-element_type=\"container\" data-e-type=\"container\" data-settings=\"{&quot;ekit_has_onepagescroll_dot&quot;:&quot;yes&quot;}\">\n\t\t\t\t<div class=\"elementor-element elementor-element-6ed024f elementor-widget elementor-widget-elementskit-tablepress\" data-id=\"6ed024f\" data-element_type=\"widget\" data-e-type=\"widget\" data-settings=\"{&quot;ekit_we_effect_on&quot;:&quot;none&quot;}\" data-widget_type=\"elementskit-tablepress.default\">\n\t\t\t\t<div class=\"elementor-widget-container\">\n\t\t\t\t\t<div class=\"elemenetskit-tablepress ekit-wid-con\" id=\"ekit_tablepress_6ed024f\">\n<table id=\"tablepress-247\" class=\"tablepress tablepress-id-247 tbody-has-connected-cells\">\n<thead>\n<tr class=\"row-1\">\n\t<td class=\"column-1\"><\/td><td class=\"column-2\"><\/td><td class=\"column-3\"><\/td><th class=\"column-4\">Z\u0142\u0105cze boczne generatora<\/th><th class=\"column-5\">Zgodny<\/th>\n<\/tr>\n<\/thead>\n<tbody class=\"row-striping row-hover\">\n<tr class=\"row-2\">\n\t<td class=\"column-1\">Z\u0142\u0105cze boczne przyrz\u0105du<\/td><td class=\"column-2\">Zdj\u0119cie wtyczki \u017ce\u0144skiej<\/td><td class=\"column-3\">Kod zam\u00f3wienia<\/td><td class=\"column-4\">Sta\u0142e 4,0 mm + 28,58 mm<\/td><td class=\"column-5\"><\/td>\n<\/tr>\n<tr class=\"row-3\">\n\t<td class=\"column-1\">Gniazdo Storz 4,0 mm<\/td><td class=\"column-2\"><img loading=\"lazy\" decoding=\"async\" src=\"https:\/\/medkemedical.com\/wp-content\/uploads\/2025\/05\/DSC07632-300x300.jpg\" alt=\"\" width=\"300\" height=\"300\" class=\"alignnone size-medium wp-image-4425\" srcset=\"https:\/\/medkemedical.com\/wp-content\/uploads\/2025\/05\/DSC07632-300x300.jpg 300w, https:\/\/medkemedical.com\/wp-content\/uploads\/2025\/05\/DSC07632-1024x1024.jpg 1024w, https:\/\/medkemedical.com\/wp-content\/uploads\/2025\/05\/DSC07632-150x150.jpg 150w, https:\/\/medkemedical.com\/wp-content\/uploads\/2025\/05\/DSC07632-768x768.jpg 768w, https:\/\/medkemedical.com\/wp-content\/uploads\/2025\/05\/DSC07632-1536x1536.jpg 1536w, https:\/\/medkemedical.com\/wp-content\/uploads\/2025\/05\/DSC07632-2048x2048.jpg 2048w, https:\/\/medkemedical.com\/wp-content\/uploads\/2025\/05\/DSC07632-600x600.jpg 600w, https:\/\/medkemedical.com\/wp-content\/uploads\/2025\/05\/DSC07632-100x100.jpg 100w\" sizes=\"(max-width: 300px) 100vw, 300px\" \/><\/td><td class=\"column-3\">CP1025B<\/td><td rowspan=\"3\" class=\"column-4\"><img loading=\"lazy\" decoding=\"async\" src=\"https:\/\/medkemedical.com\/wp-content\/uploads\/2025\/05\/DSC07630-300x300.jpg\" alt=\"\" width=\"300\" height=\"300\" class=\"alignnone size-medium wp-image-4424\" srcset=\"https:\/\/medkemedical.com\/wp-content\/uploads\/2025\/05\/DSC07630-300x300.jpg 300w, https:\/\/medkemedical.com\/wp-content\/uploads\/2025\/05\/DSC07630-1024x1024.jpg 1024w, https:\/\/medkemedical.com\/wp-content\/uploads\/2025\/05\/DSC07630-150x150.jpg 150w, https:\/\/medkemedical.com\/wp-content\/uploads\/2025\/05\/DSC07630-768x768.jpg 768w, https:\/\/medkemedical.com\/wp-content\/uploads\/2025\/05\/DSC07630-1536x1536.jpg 1536w, https:\/\/medkemedical.com\/wp-content\/uploads\/2025\/05\/DSC07630-2048x2048.jpg 2048w, https:\/\/medkemedical.com\/wp-content\/uploads\/2025\/05\/DSC07630-600x600.jpg 600w, https:\/\/medkemedical.com\/wp-content\/uploads\/2025\/05\/DSC07630-100x100.jpg 100w\" sizes=\"(max-width: 300px) 100vw, 300px\" \/><\/td><td class=\"column-5\">Bowa, EMC, Lamidey, Erbe v\u0131o,<br \/>\nValleylab, Ethicon, Olympus, Wilk<\/td>\n<\/tr>\n<tr class=\"row-4\">\n\t<td class=\"column-1\">Gniazdo Wolf 3,5 mm<\/td><td class=\"column-2\"><img loading=\"lazy\" decoding=\"async\" src=\"https:\/\/medkemedical.com\/wp-content\/uploads\/2025\/05\/DSC07593-300x300.jpg\" alt=\"\" width=\"300\" height=\"300\" class=\"alignnone size-medium wp-image-4426\" srcset=\"https:\/\/medkemedical.com\/wp-content\/uploads\/2025\/05\/DSC07593-300x300.jpg 300w, https:\/\/medkemedical.com\/wp-content\/uploads\/2025\/05\/DSC07593-1024x1024.jpg 1024w, https:\/\/medkemedical.com\/wp-content\/uploads\/2025\/05\/DSC07593-150x150.jpg 150w, https:\/\/medkemedical.com\/wp-content\/uploads\/2025\/05\/DSC07593-768x768.jpg 768w, https:\/\/medkemedical.com\/wp-content\/uploads\/2025\/05\/DSC07593-1536x1536.jpg 1536w, https:\/\/medkemedical.com\/wp-content\/uploads\/2025\/05\/DSC07593-2048x2048.jpg 2048w, https:\/\/medkemedical.com\/wp-content\/uploads\/2025\/05\/DSC07593-600x600.jpg 600w, https:\/\/medkemedical.com\/wp-content\/uploads\/2025\/05\/DSC07593-100x100.jpg 100w\" sizes=\"(max-width: 300px) 100vw, 300px\" \/><\/td><td class=\"column-3\">CP1029<\/td><td class=\"column-5\">Bowa, EMC, Lamidey, Erbe v\u0131o,<br \/>\nValleylab, Ethicon, Olympus, Wilk<\/td>\n<\/tr>\n<tr class=\"row-5\">\n\t<td class=\"column-1\">2,5 mm*2P gniazdo \u017ce\u0144skie<\/td><td class=\"column-2\"><img loading=\"lazy\" decoding=\"async\" src=\"https:\/\/medkemedical.com\/wp-content\/uploads\/2025\/05\/DJI_20250325142359_0134_D-300x169.jpg\" alt=\"\" width=\"300\" height=\"169\" class=\"alignnone size-medium wp-image-4427\" srcset=\"https:\/\/medkemedical.com\/wp-content\/uploads\/2025\/05\/DJI_20250325142359_0134_D-300x169.jpg 300w, https:\/\/medkemedical.com\/wp-content\/uploads\/2025\/05\/DJI_20250325142359_0134_D-1024x576.jpg 1024w, https:\/\/medkemedical.com\/wp-content\/uploads\/2025\/05\/DJI_20250325142359_0134_D-768x432.jpg 768w, https:\/\/medkemedical.com\/wp-content\/uploads\/2025\/05\/DJI_20250325142359_0134_D-1536x864.jpg 1536w, https:\/\/medkemedical.com\/wp-content\/uploads\/2025\/05\/DJI_20250325142359_0134_D-2048x1152.jpg 2048w, https:\/\/medkemedical.com\/wp-content\/uploads\/2025\/05\/DJI_20250325142359_0134_D-600x338.jpg 600w\" sizes=\"(max-width: 300px) 100vw, 300px\" \/><\/td><td class=\"column-3\">CPD306E<\/td><td class=\"column-5\">Wilk<\/td>\n<\/tr>\n<\/tbody>\n<\/table>\n<\/div>\t\t\t\t<\/div>\n\t\t\t\t<\/div>\n\t\t\t\t<\/div>\n\t\t\t\t<\/div>","protected":false},"excerpt":{"rendered":"<p>Edit Generator Side Connector Compatible Instrument Side Connector Female Plug Photo Order Code Fixed 4.0mm+28.58mm Storz 4.0mm Socket CP1025B Bowa, EMC, Lamidey, Erbe v\u0131o , Valleylab,Ethicon, Olympus,Wolf Wolf 3.5mm Socket CP1029 Bowa, EMC, Lamidey, Erbe v\u0131o , Valleylab,Ethicon, Olympus,Wolf 2.5mm*2P Female socket CPD306E Wolf<\/p>","protected":false},"featured_media":4570,"comment_status":"open","ping_status":"closed","template":"","meta":{"_acf_changed":false},"product_brand":[],"product_cat":[139],"product_tag":[],"class_list":{"0":"post-4569","1":"product","2":"type-product","3":"status-publish","4":"has-post-thumbnail","6":"product_cat-bipolar-forceps-cables","8":"first","9":"instock","10":"shipping-taxable","11":"product-type-simple"},"acf":[],"_links":{"self":[{"href":"https:\/\/medkemedical.com\/pl\/wp-json\/wp\/v2\/product\/4569","targetHints":{"allow":["GET"]}}],"collection":[{"href":"https:\/\/medkemedical.com\/pl\/wp-json\/wp\/v2\/product"}],"about":[{"href":"https:\/\/medkemedical.com\/pl\/wp-json\/wp\/v2\/types\/product"}],"replies":[{"embeddable":true,"href":"https:\/\/medkemedical.com\/pl\/wp-json\/wp\/v2\/comments?post=4569"}],"version-history":[{"count":5,"href":"https:\/\/medkemedical.com\/pl\/wp-json\/wp\/v2\/product\/4569\/revisions"}],"predecessor-version":[{"id":4577,"href":"https:\/\/medkemedical.com\/pl\/wp-json\/wp\/v2\/product\/4569\/revisions\/4577"}],"wp:featuredmedia":[{"embeddable":true,"href":"https:\/\/medkemedical.com\/pl\/wp-json\/wp\/v2\/media\/4570"}],"wp:attachment":[{"href":"https:\/\/medkemedical.com\/pl\/wp-json\/wp\/v2\/media?parent=4569"}],"wp:term":[{"taxonomy":"product_brand","embeddable":true,"href":"https:\/\/medkemedical.com\/pl\/wp-json\/wp\/v2\/product_brand?post=4569"},{"taxonomy":"product_cat","embeddable":true,"href":"https:\/\/medkemedical.com\/pl\/wp-json\/wp\/v2\/product_cat?post=4569"},{"taxonomy":"product_tag","embeddable":true,"href":"https:\/\/medkemedical.com\/pl\/wp-json\/wp\/v2\/product_tag?post=4569"}],"curies":[{"name":"wp","href":"https:\/\/api.w.org\/{rel}","templated":true}]}}