{"id":4558,"date":"2025-05-27T17:14:48","date_gmt":"2025-05-27T09:14:48","guid":{"rendered":"https:\/\/medkemedical.com\/?post_type=product&#038;p=4558"},"modified":"2025-05-27T17:18:27","modified_gmt":"2025-05-27T09:18:27","slug":"male-plug-fixed-4-0mm28-58mm-generator-side-connector-bipolar-forceps-cables","status":"publish","type":"product","link":"https:\/\/medkemedical.com\/pl\/produkt\/male-plug-fixed-4-0mm28-58mm-generator-side-connector-bipolar-forceps-cables\/","title":{"rendered":"Wtyczka m\u0119ska sta\u0142a 4,0 mm + 28,58 mm Z\u0142\u0105cze boczne generatora Kable szczypiec bipolarnych"},"content":{"rendered":"<div data-elementor-type=\"product-post\" data-elementor-id=\"4558\" class=\"elementor elementor-4558\" data-elementor-post-type=\"product\">\n\t\t\t\t<div class=\"elementor-element elementor-element-8521166 e-flex e-con-boxed e-con e-parent\" data-id=\"8521166\" data-element_type=\"container\" data-e-type=\"container\" data-settings=\"{&quot;ekit_has_onepagescroll_dot&quot;:&quot;yes&quot;}\">\n\t\t\t\t\t<div class=\"e-con-inner\">\n\t\t\t\t<div class=\"elementor-element elementor-element-a4390c2 gallery-spacing-custom elementor-widget elementor-widget-image-gallery\" data-id=\"a4390c2\" data-element_type=\"widget\" data-e-type=\"widget\" data-settings=\"{&quot;ekit_we_effect_on&quot;:&quot;none&quot;}\" data-widget_type=\"image-gallery.default\">\n\t\t\t\t<div class=\"elementor-widget-container\">\n\t\t\t\t\t\t\t<div class=\"elementor-image-gallery\">\n\t\t\t<div id='gallery-1' class='gallery galleryid-4558 gallery-columns-3 gallery-size-medium'><figure class='gallery-item'>\n\t\t\t<div class='gallery-icon landscape'>\n\t\t\t\t<a data-elementor-open-lightbox=\"yes\" data-elementor-lightbox-slideshow=\"a4390c2\" data-elementor-lightbox-title=\"CP1025C\" data-e-action-hash=\"#elementor-action%3Aaction%3Dlightbox%26settings%3DeyJpZCI6NDU1OSwidXJsIjoiaHR0cHM6XC9cL21lZGtlbWVkaWNhbC5jb21cL3dwLWNvbnRlbnRcL3VwbG9hZHNcLzIwMjVcLzA1XC9DUDEwMjVDLmpwZyIsInNsaWRlc2hvdyI6ImE0MzkwYzIifQ%3D%3D\" href='https:\/\/medkemedical.com\/wp-content\/uploads\/2025\/05\/CP1025C.jpg'><img fetchpriority=\"high\" width=\"300\" height=\"300\" src=\"https:\/\/medkemedical.com\/wp-content\/uploads\/2025\/05\/CP1025C-300x300.jpg\" class=\"attachment-medium size-medium\" alt=\"\" decoding=\"async\" srcset=\"https:\/\/medkemedical.com\/wp-content\/uploads\/2025\/05\/CP1025C-300x300.jpg 300w, https:\/\/medkemedical.com\/wp-content\/uploads\/2025\/05\/CP1025C-150x150.jpg 150w, https:\/\/medkemedical.com\/wp-content\/uploads\/2025\/05\/CP1025C-600x600.jpg 600w, https:\/\/medkemedical.com\/wp-content\/uploads\/2025\/05\/CP1025C-100x100.jpg 100w, https:\/\/medkemedical.com\/wp-content\/uploads\/2025\/05\/CP1025C.jpg 640w\" sizes=\"(max-width: 300px) 100vw, 300px\" \/><\/a>\n\t\t\t<\/div><\/figure><figure class='gallery-item'>\n\t\t\t<div class='gallery-icon landscape'>\n\t\t\t\t<a data-elementor-open-lightbox=\"yes\" data-elementor-lightbox-slideshow=\"a4390c2\" data-elementor-lightbox-title=\"DSC06005\" data-e-action-hash=\"#elementor-action%3Aaction%3Dlightbox%26settings%3DeyJpZCI6NDU2MSwidXJsIjoiaHR0cHM6XC9cL21lZGtlbWVkaWNhbC5jb21cL3dwLWNvbnRlbnRcL3VwbG9hZHNcLzIwMjVcLzA1XC9EU0MwNjAwNS1zY2FsZWQuanBnIiwic2xpZGVzaG93IjoiYTQzOTBjMiJ9\" href='https:\/\/medkemedical.com\/wp-content\/uploads\/2025\/05\/DSC06005-scaled.jpg'><img width=\"300\" height=\"300\" src=\"https:\/\/medkemedical.com\/wp-content\/uploads\/2025\/05\/DSC06005-300x300.jpg\" class=\"attachment-medium size-medium\" alt=\"\" decoding=\"async\" srcset=\"https:\/\/medkemedical.com\/wp-content\/uploads\/2025\/05\/DSC06005-300x300.jpg 300w, https:\/\/medkemedical.com\/wp-content\/uploads\/2025\/05\/DSC06005-1024x1024.jpg 1024w, https:\/\/medkemedical.com\/wp-content\/uploads\/2025\/05\/DSC06005-150x150.jpg 150w, https:\/\/medkemedical.com\/wp-content\/uploads\/2025\/05\/DSC06005-768x768.jpg 768w, https:\/\/medkemedical.com\/wp-content\/uploads\/2025\/05\/DSC06005-1536x1536.jpg 1536w, https:\/\/medkemedical.com\/wp-content\/uploads\/2025\/05\/DSC06005-2048x2048.jpg 2048w, https:\/\/medkemedical.com\/wp-content\/uploads\/2025\/05\/DSC06005-600x600.jpg 600w, https:\/\/medkemedical.com\/wp-content\/uploads\/2025\/05\/DSC06005-100x100.jpg 100w\" sizes=\"(max-width: 300px) 100vw, 300px\" \/><\/a>\n\t\t\t<\/div><\/figure><figure class='gallery-item'>\n\t\t\t<div class='gallery-icon landscape'>\n\t\t\t\t<a data-elementor-open-lightbox=\"yes\" data-elementor-lightbox-slideshow=\"a4390c2\" data-elementor-lightbox-title=\"CPD306\" data-e-action-hash=\"#elementor-action%3Aaction%3Dlightbox%26settings%3DeyJpZCI6NDU2MiwidXJsIjoiaHR0cHM6XC9cL21lZGtlbWVkaWNhbC5jb21cL3dwLWNvbnRlbnRcL3VwbG9hZHNcLzIwMjVcLzA1XC9DUEQzMDYuanBnIiwic2xpZGVzaG93IjoiYTQzOTBjMiJ9\" href='https:\/\/medkemedical.com\/wp-content\/uploads\/2025\/05\/CPD306.jpg'><img width=\"300\" height=\"300\" src=\"https:\/\/medkemedical.com\/wp-content\/uploads\/2025\/05\/CPD306-300x300.jpg\" class=\"attachment-medium size-medium\" alt=\"\" decoding=\"async\" srcset=\"https:\/\/medkemedical.com\/wp-content\/uploads\/2025\/05\/CPD306-300x300.jpg 300w, https:\/\/medkemedical.com\/wp-content\/uploads\/2025\/05\/CPD306-150x150.jpg 150w, https:\/\/medkemedical.com\/wp-content\/uploads\/2025\/05\/CPD306-600x600.jpg 600w, https:\/\/medkemedical.com\/wp-content\/uploads\/2025\/05\/CPD306-100x100.jpg 100w, https:\/\/medkemedical.com\/wp-content\/uploads\/2025\/05\/CPD306.jpg 640w\" sizes=\"(max-width: 300px) 100vw, 300px\" \/><\/a>\n\t\t\t<\/div><\/figure><figure class='gallery-item'>\n\t\t\t<div class='gallery-icon landscape'>\n\t\t\t\t<a data-elementor-open-lightbox=\"yes\" data-elementor-lightbox-slideshow=\"a4390c2\" data-elementor-lightbox-title=\"DSC06697\" data-e-action-hash=\"#elementor-action%3Aaction%3Dlightbox%26settings%3DeyJpZCI6NDU2NCwidXJsIjoiaHR0cHM6XC9cL21lZGtlbWVkaWNhbC5jb21cL3dwLWNvbnRlbnRcL3VwbG9hZHNcLzIwMjVcLzA1XC9EU0MwNjY5Ny1zY2FsZWQuanBnIiwic2xpZGVzaG93IjoiYTQzOTBjMiJ9\" href='https:\/\/medkemedical.com\/wp-content\/uploads\/2025\/05\/DSC06697-scaled.jpg'><img loading=\"lazy\" width=\"300\" height=\"225\" src=\"https:\/\/medkemedical.com\/wp-content\/uploads\/2025\/05\/DSC06697-300x225.jpg\" class=\"attachment-medium size-medium\" alt=\"\" decoding=\"async\" srcset=\"https:\/\/medkemedical.com\/wp-content\/uploads\/2025\/05\/DSC06697-300x225.jpg 300w, https:\/\/medkemedical.com\/wp-content\/uploads\/2025\/05\/DSC06697-1024x769.jpg 1024w, https:\/\/medkemedical.com\/wp-content\/uploads\/2025\/05\/DSC06697-768x577.jpg 768w, https:\/\/medkemedical.com\/wp-content\/uploads\/2025\/05\/DSC06697-1536x1153.jpg 1536w, https:\/\/medkemedical.com\/wp-content\/uploads\/2025\/05\/DSC06697-2048x1538.jpg 2048w, https:\/\/medkemedical.com\/wp-content\/uploads\/2025\/05\/DSC06697-600x450.jpg 600w\" sizes=\"(max-width: 300px) 100vw, 300px\" \/><\/a>\n\t\t\t<\/div><\/figure><figure class='gallery-item'>\n\t\t\t<div class='gallery-icon landscape'>\n\t\t\t\t<a data-elementor-open-lightbox=\"yes\" data-elementor-lightbox-slideshow=\"a4390c2\" data-elementor-lightbox-title=\"DJI_20250325141843_0103_D\" data-e-action-hash=\"#elementor-action%3Aaction%3Dlightbox%26settings%3DeyJpZCI6NDU2NSwidXJsIjoiaHR0cHM6XC9cL21lZGtlbWVkaWNhbC5jb21cL3dwLWNvbnRlbnRcL3VwbG9hZHNcLzIwMjVcLzA1XC9ESklfMjAyNTAzMjUxNDE4NDNfMDEwM19ELXNjYWxlZC5qcGciLCJzbGlkZXNob3ciOiJhNDM5MGMyIn0%3D\" href='https:\/\/medkemedical.com\/wp-content\/uploads\/2025\/05\/DJI_20250325141843_0103_D-scaled.jpg'><img loading=\"lazy\" width=\"300\" height=\"169\" src=\"https:\/\/medkemedical.com\/wp-content\/uploads\/2025\/05\/DJI_20250325141843_0103_D-300x169.jpg\" class=\"attachment-medium size-medium\" alt=\"\" decoding=\"async\" srcset=\"https:\/\/medkemedical.com\/wp-content\/uploads\/2025\/05\/DJI_20250325141843_0103_D-300x169.jpg 300w, https:\/\/medkemedical.com\/wp-content\/uploads\/2025\/05\/DJI_20250325141843_0103_D-1024x576.jpg 1024w, https:\/\/medkemedical.com\/wp-content\/uploads\/2025\/05\/DJI_20250325141843_0103_D-768x432.jpg 768w, https:\/\/medkemedical.com\/wp-content\/uploads\/2025\/05\/DJI_20250325141843_0103_D-1536x864.jpg 1536w, https:\/\/medkemedical.com\/wp-content\/uploads\/2025\/05\/DJI_20250325141843_0103_D-2048x1152.jpg 2048w, https:\/\/medkemedical.com\/wp-content\/uploads\/2025\/05\/DJI_20250325141843_0103_D-600x338.jpg 600w\" sizes=\"(max-width: 300px) 100vw, 300px\" \/><\/a>\n\t\t\t<\/div><\/figure>\n\t\t<\/div>\n\t\t<\/div>\n\t\t\t\t\t\t<\/div>\n\t\t\t\t<\/div>\n\t\t\t\t\t<\/div>\n\t\t\t\t<\/div>\n\t\t<div class=\"elementor-element elementor-element-f3e16d6 e-con-full e-flex e-con e-parent\" data-id=\"f3e16d6\" data-element_type=\"container\" data-e-type=\"container\" data-settings=\"{&quot;ekit_has_onepagescroll_dot&quot;:&quot;yes&quot;}\">\n\t\t\t\t<div class=\"elementor-element elementor-element-6ed024f elementor-widget elementor-widget-elementskit-tablepress\" data-id=\"6ed024f\" data-element_type=\"widget\" data-e-type=\"widget\" data-settings=\"{&quot;ekit_we_effect_on&quot;:&quot;none&quot;}\" data-widget_type=\"elementskit-tablepress.default\">\n\t\t\t\t<div class=\"elementor-widget-container\">\n\t\t\t\t\t<div class=\"elemenetskit-tablepress ekit-wid-con\" id=\"ekit_tablepress_6ed024f\">\n<table id=\"tablepress-245\" class=\"tablepress tablepress-id-245 tbody-has-connected-cells\">\n<thead>\n<tr class=\"row-1\">\n\t<td class=\"column-1\"><\/td><td class=\"column-2\"><\/td><td class=\"column-3\"><\/td><th class=\"column-4\">Z\u0142\u0105cze boczne generatora<\/th><th class=\"column-5\">Zgodny<\/th>\n<\/tr>\n<\/thead>\n<tbody class=\"row-striping row-hover\">\n<tr class=\"row-2\">\n\t<td class=\"column-1\">Z\u0142\u0105cze boczne przyrz\u0105du<\/td><td class=\"column-2\">Zdj\u0119cie wtyczki \u017ce\u0144skiej<\/td><td class=\"column-3\">Kod zam\u00f3wienia<\/td><td class=\"column-4\">Sta\u0142e 4,0 mm + 28,58 mm<\/td><td class=\"column-5\"><\/td>\n<\/tr>\n<tr class=\"row-3\">\n\t<td class=\"column-1\">Typ szczypiec euro<\/td><td class=\"column-2\"><img loading=\"lazy\" decoding=\"async\" src=\"https:\/\/medkemedical.com\/wp-content\/uploads\/2025\/05\/DSC06009-300x139.jpg\" alt=\"\" width=\"300\" height=\"139\" class=\"alignnone size-medium wp-image-4416\" srcset=\"https:\/\/medkemedical.com\/wp-content\/uploads\/2025\/05\/DSC06009-300x139.jpg 300w, https:\/\/medkemedical.com\/wp-content\/uploads\/2025\/05\/DSC06009-1024x475.jpg 1024w, https:\/\/medkemedical.com\/wp-content\/uploads\/2025\/05\/DSC06009-768x357.jpg 768w, https:\/\/medkemedical.com\/wp-content\/uploads\/2025\/05\/DSC06009-1536x713.jpg 1536w, https:\/\/medkemedical.com\/wp-content\/uploads\/2025\/05\/DSC06009-2048x951.jpg 2048w, https:\/\/medkemedical.com\/wp-content\/uploads\/2025\/05\/DSC06009-600x279.jpg 600w\" sizes=\"(max-width: 300px) 100vw, 300px\" \/><\/td><td class=\"column-3\">CP1025<\/td><td rowspan=\"5\" class=\"column-4\"><img loading=\"lazy\" decoding=\"async\" src=\"https:\/\/medkemedical.com\/wp-content\/uploads\/2025\/05\/DSC06006-300x166.jpg\" alt=\"\" width=\"300\" height=\"166\" class=\"alignnone size-medium wp-image-4415\" srcset=\"https:\/\/medkemedical.com\/wp-content\/uploads\/2025\/05\/DSC06006-300x166.jpg 300w, https:\/\/medkemedical.com\/wp-content\/uploads\/2025\/05\/DSC06006-1024x568.jpg 1024w, https:\/\/medkemedical.com\/wp-content\/uploads\/2025\/05\/DSC06006-768x426.jpg 768w, https:\/\/medkemedical.com\/wp-content\/uploads\/2025\/05\/DSC06006-1536x852.jpg 1536w, https:\/\/medkemedical.com\/wp-content\/uploads\/2025\/05\/DSC06006-2048x1136.jpg 2048w, https:\/\/medkemedical.com\/wp-content\/uploads\/2025\/05\/DSC06006-600x333.jpg 600w\" sizes=\"(max-width: 300px) 100vw, 300px\" \/><\/td><td class=\"column-5\">Bowa, EMC, Lamidey, Erbe v\u0131o , Valleylab,Ethicon, Olympus,Wolf<\/td>\n<\/tr>\n<tr class=\"row-4\">\n\t<td class=\"column-1\">P\u0119sety ameryka\u0144skie \/typ Wolf<br \/>\nWtyczka z os\u0142on\u0105 \u03c61,85 mm<\/td><td class=\"column-2\"><img loading=\"lazy\" decoding=\"async\" src=\"https:\/\/medkemedical.com\/wp-content\/uploads\/2025\/05\/DSC05180-300x225.jpg\" alt=\"\" width=\"300\" height=\"225\" class=\"alignnone size-medium wp-image-4417\" srcset=\"https:\/\/medkemedical.com\/wp-content\/uploads\/2025\/05\/DSC05180-300x225.jpg 300w, https:\/\/medkemedical.com\/wp-content\/uploads\/2025\/05\/DSC05180-1024x769.jpg 1024w, https:\/\/medkemedical.com\/wp-content\/uploads\/2025\/05\/DSC05180-768x577.jpg 768w, https:\/\/medkemedical.com\/wp-content\/uploads\/2025\/05\/DSC05180-1536x1153.jpg 1536w, https:\/\/medkemedical.com\/wp-content\/uploads\/2025\/05\/DSC05180-2048x1538.jpg 2048w, https:\/\/medkemedical.com\/wp-content\/uploads\/2025\/05\/DSC05180-600x450.jpg 600w\" sizes=\"(max-width: 300px) 100vw, 300px\" \/><\/td><td class=\"column-3\">CP1025C<\/td><td class=\"column-5\">Wilk, AESCULAP<\/td>\n<\/tr>\n<tr class=\"row-5\">\n\t<td class=\"column-1\">Gniazdo \u03a61,0 mm<\/td><td class=\"column-2\"><img loading=\"lazy\" decoding=\"async\" src=\"https:\/\/medkemedical.com\/wp-content\/uploads\/2025\/05\/\u56fe\u5c42-3-5-300x162.png\" alt=\"\" width=\"300\" height=\"162\" class=\"alignnone size-medium wp-image-4418\" srcset=\"https:\/\/medkemedical.com\/wp-content\/uploads\/2025\/05\/\u56fe\u5c42-3-5-300x162.png 300w, https:\/\/medkemedical.com\/wp-content\/uploads\/2025\/05\/\u56fe\u5c42-3-5-768x415.png 768w, https:\/\/medkemedical.com\/wp-content\/uploads\/2025\/05\/\u56fe\u5c42-3-5-600x324.png 600w, https:\/\/medkemedical.com\/wp-content\/uploads\/2025\/05\/\u56fe\u5c42-3-5.png 871w\" sizes=\"(max-width: 300px) 100vw, 300px\" \/><\/td><td class=\"column-3\">CPD306<\/td><td class=\"column-5\">Do serii GU Eschmann 300<\/td>\n<\/tr>\n<tr class=\"row-6\">\n\t<td class=\"column-1\">Typ Aesculap<br \/>\nWtyczka k\u0105towa \u03c61,0 mm<\/td><td class=\"column-2\"><img loading=\"lazy\" decoding=\"async\" src=\"https:\/\/medkemedical.com\/wp-content\/uploads\/2025\/05\/\u56fe\u5c42-2-8-300x72.png\" alt=\"\" width=\"300\" height=\"72\" class=\"alignnone size-medium wp-image-4419\" srcset=\"https:\/\/medkemedical.com\/wp-content\/uploads\/2025\/05\/\u56fe\u5c42-2-8-300x72.png 300w, https:\/\/medkemedical.com\/wp-content\/uploads\/2025\/05\/\u56fe\u5c42-2-8-1024x245.png 1024w, https:\/\/medkemedical.com\/wp-content\/uploads\/2025\/05\/\u56fe\u5c42-2-8-768x183.png 768w, https:\/\/medkemedical.com\/wp-content\/uploads\/2025\/05\/\u56fe\u5c42-2-8-1536x367.png 1536w, https:\/\/medkemedical.com\/wp-content\/uploads\/2025\/05\/\u56fe\u5c42-2-8-2048x489.png 2048w, https:\/\/medkemedical.com\/wp-content\/uploads\/2025\/05\/\u56fe\u5c42-2-8-600x143.png 600w\" sizes=\"(max-width: 300px) 100vw, 300px\" \/><\/td><td class=\"column-3\">CPD306C<\/td><td class=\"column-5\">AESCULAP<\/td>\n<\/tr>\n<tr class=\"row-7\">\n\t<td class=\"column-1\">Typ kleszczy ameryka\u0144skich<br \/>\nWtyczka k\u0105towa \u03c61,85 mm<\/td><td class=\"column-2\"><img loading=\"lazy\" decoding=\"async\" src=\"https:\/\/medkemedical.com\/wp-content\/uploads\/2025\/05\/\u7f8e\u5f0f\u7535\u51dd\u94b3-300x143.png\" alt=\"\" width=\"300\" height=\"143\" class=\"alignnone size-medium wp-image-4420\" srcset=\"https:\/\/medkemedical.com\/wp-content\/uploads\/2025\/05\/\u7f8e\u5f0f\u7535\u51dd\u94b3-300x143.png 300w, https:\/\/medkemedical.com\/wp-content\/uploads\/2025\/05\/\u7f8e\u5f0f\u7535\u51dd\u94b3-1024x489.png 1024w, https:\/\/medkemedical.com\/wp-content\/uploads\/2025\/05\/\u7f8e\u5f0f\u7535\u51dd\u94b3-768x367.png 768w, https:\/\/medkemedical.com\/wp-content\/uploads\/2025\/05\/\u7f8e\u5f0f\u7535\u51dd\u94b3-1536x733.png 1536w, https:\/\/medkemedical.com\/wp-content\/uploads\/2025\/05\/\u7f8e\u5f0f\u7535\u51dd\u94b3-2048x978.png 2048w, https:\/\/medkemedical.com\/wp-content\/uploads\/2025\/05\/\u7f8e\u5f0f\u7535\u51dd\u94b3-600x286.png 600w\" sizes=\"(max-width: 300px) 100vw, 300px\" \/><\/td><td class=\"column-3\">CPD306D<\/td><td class=\"column-5\">Wilk<\/td>\n<\/tr>\n<\/tbody>\n<\/table>\n<\/div>\t\t\t\t<\/div>\n\t\t\t\t<\/div>\n\t\t\t\t<\/div>\n\t\t\t\t<\/div>","protected":false},"excerpt":{"rendered":"<p>Edit Generator Side Connector Compatible Instrument Side Connector Female Plug Photo Order Code Fixed 4.0mm+28.58mm Euro forceps type CP1025 Bowa, EMC, Lamidey, Erbe v\u0131o , Valleylab,Ethicon, Olympus,Wolf U.S forceps \/Wolf type Booted Plug \u03c61.85mm CP1025C Wolf, AESCULAP \u03a61.0mm Socket CPD306 For GU Eschmann 300 series Aesculap type Angled plug \u03c61.0mm CPD306C AESCULAP U.S forceps type [&hellip;]<\/p>","protected":false},"featured_media":4559,"comment_status":"open","ping_status":"closed","template":"","meta":{"_acf_changed":false},"product_brand":[],"product_cat":[139],"product_tag":[],"class_list":{"0":"post-4558","1":"product","2":"type-product","3":"status-publish","4":"has-post-thumbnail","6":"product_cat-bipolar-forceps-cables","8":"first","9":"instock","10":"shipping-taxable","11":"product-type-simple"},"acf":[],"_links":{"self":[{"href":"https:\/\/medkemedical.com\/pl\/wp-json\/wp\/v2\/product\/4558","targetHints":{"allow":["GET"]}}],"collection":[{"href":"https:\/\/medkemedical.com\/pl\/wp-json\/wp\/v2\/product"}],"about":[{"href":"https:\/\/medkemedical.com\/pl\/wp-json\/wp\/v2\/types\/product"}],"replies":[{"embeddable":true,"href":"https:\/\/medkemedical.com\/pl\/wp-json\/wp\/v2\/comments?post=4558"}],"version-history":[{"count":4,"href":"https:\/\/medkemedical.com\/pl\/wp-json\/wp\/v2\/product\/4558\/revisions"}],"predecessor-version":[{"id":4568,"href":"https:\/\/medkemedical.com\/pl\/wp-json\/wp\/v2\/product\/4558\/revisions\/4568"}],"wp:featuredmedia":[{"embeddable":true,"href":"https:\/\/medkemedical.com\/pl\/wp-json\/wp\/v2\/media\/4559"}],"wp:attachment":[{"href":"https:\/\/medkemedical.com\/pl\/wp-json\/wp\/v2\/media?parent=4558"}],"wp:term":[{"taxonomy":"product_brand","embeddable":true,"href":"https:\/\/medkemedical.com\/pl\/wp-json\/wp\/v2\/product_brand?post=4558"},{"taxonomy":"product_cat","embeddable":true,"href":"https:\/\/medkemedical.com\/pl\/wp-json\/wp\/v2\/product_cat?post=4558"},{"taxonomy":"product_tag","embeddable":true,"href":"https:\/\/medkemedical.com\/pl\/wp-json\/wp\/v2\/product_tag?post=4558"}],"curies":[{"name":"wp","href":"https:\/\/api.w.org\/{rel}","templated":true}]}}