{"id":3458,"date":"2025-05-20T10:02:15","date_gmt":"2025-05-20T02:02:15","guid":{"rendered":"https:\/\/medkemedical.com\/?post_type=product&#038;p=3458"},"modified":"2025-05-20T10:03:54","modified_gmt":"2025-05-20T02:03:54","slug":"nonin-disposable-spo2-sensor","status":"publish","type":"product","link":"https:\/\/medkemedical.com\/pl\/produkt\/nonin-disposable-spo2-sensor\/","title":{"rendered":"Czujnik SpO2 jednorazowego u\u017cytku Nonin"},"content":{"rendered":"<div data-elementor-type=\"product-post\" data-elementor-id=\"3458\" class=\"elementor elementor-3458\" data-elementor-post-type=\"product\">\n\t\t\t\t<div class=\"elementor-element elementor-element-619b221 e-flex e-con-boxed e-con e-parent\" data-id=\"619b221\" data-element_type=\"container\" data-e-type=\"container\" data-settings=\"{&quot;ekit_has_onepagescroll_dot&quot;:&quot;yes&quot;}\">\n\t\t\t\t\t<div class=\"e-con-inner\">\n\t\t\t\t<div class=\"elementor-element elementor-element-fd412bd gallery-spacing-custom elementor-widget elementor-widget-image-gallery\" data-id=\"fd412bd\" data-element_type=\"widget\" data-e-type=\"widget\" data-settings=\"{&quot;ekit_we_effect_on&quot;:&quot;none&quot;}\" data-widget_type=\"image-gallery.default\">\n\t\t\t\t<div class=\"elementor-widget-container\">\n\t\t\t\t\t\t\t<div class=\"elementor-image-gallery\">\n\t\t\t<div id='gallery-1' class='gallery galleryid-3458 gallery-columns-3 gallery-size-medium'><figure class='gallery-item'>\n\t\t\t<div class='gallery-icon landscape'>\n\t\t\t\t<a data-elementor-open-lightbox=\"yes\" data-elementor-lightbox-slideshow=\"fd412bd\" data-elementor-lightbox-title=\"P1322\" data-e-action-hash=\"#elementor-action%3Aaction%3Dlightbox%26settings%3DeyJpZCI6MzQ1OSwidXJsIjoiaHR0cHM6XC9cL21lZGtlbWVkaWNhbC5jb21cL3dwLWNvbnRlbnRcL3VwbG9hZHNcLzIwMjVcLzA1XC9QMTMyMi0uanBnIiwic2xpZGVzaG93IjoiZmQ0MTJiZCJ9\" href='https:\/\/medkemedical.com\/wp-content\/uploads\/2025\/05\/P1322-.jpg'><img fetchpriority=\"high\" decoding=\"async\" width=\"300\" height=\"300\" src=\"https:\/\/medkemedical.com\/wp-content\/uploads\/2025\/05\/P1322--300x300.jpg\" class=\"attachment-medium size-medium\" alt=\"\" srcset=\"https:\/\/medkemedical.com\/wp-content\/uploads\/2025\/05\/P1322--300x300.jpg 300w, https:\/\/medkemedical.com\/wp-content\/uploads\/2025\/05\/P1322--150x150.jpg 150w, https:\/\/medkemedical.com\/wp-content\/uploads\/2025\/05\/P1322--600x600.jpg 600w, https:\/\/medkemedical.com\/wp-content\/uploads\/2025\/05\/P1322--100x100.jpg 100w, https:\/\/medkemedical.com\/wp-content\/uploads\/2025\/05\/P1322-.jpg 640w\" sizes=\"(max-width: 300px) 100vw, 300px\" \/><\/a>\n\t\t\t<\/div><\/figure><figure class='gallery-item'>\n\t\t\t<div class='gallery-icon landscape'>\n\t\t\t\t<a data-elementor-open-lightbox=\"yes\" data-elementor-lightbox-slideshow=\"fd412bd\" data-elementor-lightbox-title=\"P1722\" data-e-action-hash=\"#elementor-action%3Aaction%3Dlightbox%26settings%3DeyJpZCI6MzQ2MiwidXJsIjoiaHR0cHM6XC9cL21lZGtlbWVkaWNhbC5jb21cL3dwLWNvbnRlbnRcL3VwbG9hZHNcLzIwMjVcLzA1XC9QMTcyMi0uanBnIiwic2xpZGVzaG93IjoiZmQ0MTJiZCJ9\" href='https:\/\/medkemedical.com\/wp-content\/uploads\/2025\/05\/P1722-.jpg'><img decoding=\"async\" width=\"300\" height=\"300\" src=\"https:\/\/medkemedical.com\/wp-content\/uploads\/2025\/05\/P1722--300x300.jpg\" class=\"attachment-medium size-medium\" alt=\"\" srcset=\"https:\/\/medkemedical.com\/wp-content\/uploads\/2025\/05\/P1722--300x300.jpg 300w, https:\/\/medkemedical.com\/wp-content\/uploads\/2025\/05\/P1722--150x150.jpg 150w, https:\/\/medkemedical.com\/wp-content\/uploads\/2025\/05\/P1722--600x600.jpg 600w, https:\/\/medkemedical.com\/wp-content\/uploads\/2025\/05\/P1722--100x100.jpg 100w, https:\/\/medkemedical.com\/wp-content\/uploads\/2025\/05\/P1722-.jpg 640w\" sizes=\"(max-width: 300px) 100vw, 300px\" \/><\/a>\n\t\t\t<\/div><\/figure><figure class='gallery-item'>\n\t\t\t<div class='gallery-icon landscape'>\n\t\t\t\t<a data-elementor-open-lightbox=\"yes\" data-elementor-lightbox-slideshow=\"fd412bd\" data-elementor-lightbox-title=\"P1822\" data-e-action-hash=\"#elementor-action%3Aaction%3Dlightbox%26settings%3DeyJpZCI6MzQ2MywidXJsIjoiaHR0cHM6XC9cL21lZGtlbWVkaWNhbC5jb21cL3dwLWNvbnRlbnRcL3VwbG9hZHNcLzIwMjVcLzA1XC9QMTgyMi0uanBnIiwic2xpZGVzaG93IjoiZmQ0MTJiZCJ9\" href='https:\/\/medkemedical.com\/wp-content\/uploads\/2025\/05\/P1822-.jpg'><img decoding=\"async\" width=\"300\" height=\"300\" src=\"https:\/\/medkemedical.com\/wp-content\/uploads\/2025\/05\/P1822--300x300.jpg\" class=\"attachment-medium size-medium\" alt=\"\" srcset=\"https:\/\/medkemedical.com\/wp-content\/uploads\/2025\/05\/P1822--300x300.jpg 300w, https:\/\/medkemedical.com\/wp-content\/uploads\/2025\/05\/P1822--150x150.jpg 150w, https:\/\/medkemedical.com\/wp-content\/uploads\/2025\/05\/P1822--600x600.jpg 600w, https:\/\/medkemedical.com\/wp-content\/uploads\/2025\/05\/P1822--100x100.jpg 100w, https:\/\/medkemedical.com\/wp-content\/uploads\/2025\/05\/P1822-.jpg 640w\" sizes=\"(max-width: 300px) 100vw, 300px\" \/><\/a>\n\t\t\t<\/div><\/figure>\n\t\t<\/div>\n\t\t<\/div>\n\t\t\t\t\t\t<\/div>\n\t\t\t\t<\/div>\n\t\t\t\t\t<\/div>\n\t\t\t\t<\/div>\n\t\t<div class=\"elementor-element elementor-element-691471b e-con-full e-flex e-con e-parent\" data-id=\"691471b\" data-element_type=\"container\" data-e-type=\"container\" data-settings=\"{&quot;ekit_has_onepagescroll_dot&quot;:&quot;yes&quot;}\">\n\t\t\t\t<div class=\"elementor-element elementor-element-ee8ed79 elementor-widget elementor-widget-elementskit-tablepress\" data-id=\"ee8ed79\" data-element_type=\"widget\" data-e-type=\"widget\" data-settings=\"{&quot;ekit_we_effect_on&quot;:&quot;none&quot;}\" data-widget_type=\"elementskit-tablepress.default\">\n\t\t\t\t<div class=\"elementor-widget-container\">\n\t\t\t\t\t<div class=\"elemenetskit-tablepress ekit-wid-con\" id=\"ekit_tablepress_ee8ed79\">\n<table id=\"tablepress-144\" class=\"tablepress tablepress-id-144 tbody-has-connected-cells\">\n<thead>\n<tr class=\"row-1\">\n\t<th class=\"column-1\">Nonina<\/th><th class=\"column-2\">Ta\u015bma klej\u0105ca<\/th><th class=\"column-3\">Pianka klej\u0105ca<\/th><th class=\"column-4\">Pianka nieprzylepna<\/th><th class=\"column-5\">Rozmiar<\/th><th class=\"column-6\">Nr cz\u0119\u015bci po\u0142\u0105czenia<\/th>\n<\/tr>\n<\/thead>\n<tbody class=\"row-striping row-hover\">\n<tr class=\"row-2\">\n\t<td rowspan=\"4\" class=\"column-1\">Kod zam\u00f3wienia<\/td><td class=\"column-2\">P1022<\/td><td class=\"column-3\">P1422<\/td><td class=\"column-4\">P1822<\/td><td class=\"column-5\">Noworodek\/Doros\u0142y (<3kg\/>(40kg)<\/td><td rowspan=\"4\" class=\"column-6\"> CN83<br \/>\n<img loading=\"lazy\" decoding=\"async\" src=\"https:\/\/medkemedical.com\/wp-content\/uploads\/2025\/05\/CN83-1-300x300.jpg\" alt=\"\" width=\"300\" height=\"300\" class=\"alignnone size-medium wp-image-3370\" srcset=\"https:\/\/medkemedical.com\/wp-content\/uploads\/2025\/05\/CN83-1-300x300.jpg 300w, https:\/\/medkemedical.com\/wp-content\/uploads\/2025\/05\/CN83-1-150x150.jpg 150w, https:\/\/medkemedical.com\/wp-content\/uploads\/2025\/05\/CN83-1-600x600.jpg 600w, https:\/\/medkemedical.com\/wp-content\/uploads\/2025\/05\/CN83-1-100x100.jpg 100w, https:\/\/medkemedical.com\/wp-content\/uploads\/2025\/05\/CN83-1.jpg 640w\" sizes=\"(max-width: 300px) 100vw, 300px\" \/><\/td>\n<\/tr>\n<tr class=\"row-3\">\n\t<td class=\"column-2\">P1122<\/td><td class=\"column-3\">P1522<\/td><td class=\"column-4\">P1922<\/td><td class=\"column-5\">Niemowl\u0119 (3-20 kg)<\/td>\n<\/tr>\n<tr class=\"row-4\">\n\t<td class=\"column-2\">P1222<\/td><td class=\"column-3\">P1622<\/td><td class=\"column-4\">P1922<\/td><td class=\"column-5\">Pediatryczny (10-50 kg)<\/td>\n<\/tr>\n<tr class=\"row-5\">\n\t<td class=\"column-2\">P1322<\/td><td class=\"column-3\">P1722<\/td><td class=\"column-4\">P1822<\/td><td class=\"column-5\">Doros\u0142y (&gt;30 kg)<\/td>\n<\/tr>\n<\/tbody>\n<\/table>\n<\/div>\t\t\t\t<\/div>\n\t\t\t\t<\/div>\n\t\t\t\t<\/div>\n\t\t\t\t<\/div>","protected":false},"excerpt":{"rendered":"<p>Edit Nonin Adhesive Tape Adhesive Foam Non-Adhesive Foam Size Conn. P\/N Order Code P1022 P1422 P1822 Neonate\/Adult (40kg) CN83 P1122 P1522 P1922 lnfant (3-20kg) P1222 P1622 P1922 Pediatric (10-50kg) P1322 P1722 P1822 Adult (>30kg)<\/p>","protected":false},"featured_media":3459,"comment_status":"open","ping_status":"closed","template":"","meta":{"_acf_changed":false},"product_brand":[37],"product_cat":[142],"product_tag":[],"class_list":{"0":"post-3458","1":"product","2":"type-product","3":"status-publish","4":"has-post-thumbnail","6":"product_brand-nonin","7":"product_cat-disposable-spo2-sensors","9":"first","10":"instock","11":"shipping-taxable","12":"product-type-simple"},"acf":[],"_links":{"self":[{"href":"https:\/\/medkemedical.com\/pl\/wp-json\/wp\/v2\/product\/3458","targetHints":{"allow":["GET"]}}],"collection":[{"href":"https:\/\/medkemedical.com\/pl\/wp-json\/wp\/v2\/product"}],"about":[{"href":"https:\/\/medkemedical.com\/pl\/wp-json\/wp\/v2\/types\/product"}],"replies":[{"embeddable":true,"href":"https:\/\/medkemedical.com\/pl\/wp-json\/wp\/v2\/comments?post=3458"}],"version-history":[{"count":5,"href":"https:\/\/medkemedical.com\/pl\/wp-json\/wp\/v2\/product\/3458\/revisions"}],"predecessor-version":[{"id":3466,"href":"https:\/\/medkemedical.com\/pl\/wp-json\/wp\/v2\/product\/3458\/revisions\/3466"}],"wp:featuredmedia":[{"embeddable":true,"href":"https:\/\/medkemedical.com\/pl\/wp-json\/wp\/v2\/media\/3459"}],"wp:attachment":[{"href":"https:\/\/medkemedical.com\/pl\/wp-json\/wp\/v2\/media?parent=3458"}],"wp:term":[{"taxonomy":"product_brand","embeddable":true,"href":"https:\/\/medkemedical.com\/pl\/wp-json\/wp\/v2\/product_brand?post=3458"},{"taxonomy":"product_cat","embeddable":true,"href":"https:\/\/medkemedical.com\/pl\/wp-json\/wp\/v2\/product_cat?post=3458"},{"taxonomy":"product_tag","embeddable":true,"href":"https:\/\/medkemedical.com\/pl\/wp-json\/wp\/v2\/product_tag?post=3458"}],"curies":[{"name":"wp","href":"https:\/\/api.w.org\/{rel}","templated":true}]}}