{"id":2556,"date":"2025-05-13T15:37:44","date_gmt":"2025-05-13T07:37:44","guid":{"rendered":"https:\/\/medkemedical.com\/?post_type=product&#038;p=2556"},"modified":"2025-05-13T15:40:04","modified_gmt":"2025-05-13T07:40:04","slug":"alligator-clip-eeg-cables","status":"publish","type":"product","link":"https:\/\/medkemedical.com\/pl\/produkt\/alligator-clip-eeg-cables\/","title":{"rendered":"Kable EEG z zaciskiem krokodylkowym"},"content":{"rendered":"<div data-elementor-type=\"product-post\" data-elementor-id=\"2556\" class=\"elementor elementor-2556\" data-elementor-post-type=\"product\">\n\t\t\t\t<div class=\"elementor-element elementor-element-13a9d0a e-flex e-con-boxed e-con e-parent\" data-id=\"13a9d0a\" data-element_type=\"container\" data-e-type=\"container\" data-settings=\"{&quot;ekit_has_onepagescroll_dot&quot;:&quot;yes&quot;}\">\n\t\t\t\t\t<div class=\"e-con-inner\">\n\t\t\t\t<div class=\"elementor-element elementor-element-c0104d9 gallery-spacing-custom elementor-widget elementor-widget-image-gallery\" data-id=\"c0104d9\" data-element_type=\"widget\" data-e-type=\"widget\" data-settings=\"{&quot;ekit_we_effect_on&quot;:&quot;none&quot;}\" data-widget_type=\"image-gallery.default\">\n\t\t\t\t<div class=\"elementor-widget-container\">\n\t\t\t\t\t\t\t<div class=\"elementor-image-gallery\">\n\t\t\t<div id='gallery-1' class='gallery galleryid-2556 gallery-columns-3 gallery-size-medium'><figure class='gallery-item'>\n\t\t\t<div class='gallery-icon landscape'>\n\t\t\t\t<a data-elementor-open-lightbox=\"yes\" data-elementor-lightbox-slideshow=\"c0104d9\" data-elementor-lightbox-title=\"E0004-C\" data-e-action-hash=\"#elementor-action%3Aaction%3Dlightbox%26settings%3DeyJpZCI6MjU1NywidXJsIjoiaHR0cHM6XC9cL21lZGtlbWVkaWNhbC5jb21cL3dwLWNvbnRlbnRcL3VwbG9hZHNcLzIwMjVcLzA1XC9FMDAwNC1DLmpwZyIsInNsaWRlc2hvdyI6ImMwMTA0ZDkifQ%3D%3D\" href='https:\/\/medkemedical.com\/wp-content\/uploads\/2025\/05\/E0004-C.jpg'><img fetchpriority=\"high\" width=\"300\" height=\"300\" src=\"https:\/\/medkemedical.com\/wp-content\/uploads\/2025\/05\/E0004-C-300x300.jpg\" class=\"attachment-medium size-medium\" alt=\"\" decoding=\"async\" srcset=\"https:\/\/medkemedical.com\/wp-content\/uploads\/2025\/05\/E0004-C-300x300.jpg 300w, https:\/\/medkemedical.com\/wp-content\/uploads\/2025\/05\/E0004-C-150x150.jpg 150w, https:\/\/medkemedical.com\/wp-content\/uploads\/2025\/05\/E0004-C-600x600.jpg 600w, https:\/\/medkemedical.com\/wp-content\/uploads\/2025\/05\/E0004-C-100x100.jpg 100w, https:\/\/medkemedical.com\/wp-content\/uploads\/2025\/05\/E0004-C.jpg 640w\" sizes=\"(max-width: 300px) 100vw, 300px\" \/><\/a>\n\t\t\t<\/div><\/figure><figure class='gallery-item'>\n\t\t\t<div class='gallery-icon landscape'>\n\t\t\t\t<a data-elementor-open-lightbox=\"yes\" data-elementor-lightbox-slideshow=\"c0104d9\" data-elementor-lightbox-title=\"DSC07709\" data-e-action-hash=\"#elementor-action%3Aaction%3Dlightbox%26settings%3DeyJpZCI6MjU2MCwidXJsIjoiaHR0cHM6XC9cL21lZGtlbWVkaWNhbC5jb21cL3dwLWNvbnRlbnRcL3VwbG9hZHNcLzIwMjVcLzA1XC9EU0MwNzcwOS5qcGciLCJzbGlkZXNob3ciOiJjMDEwNGQ5In0%3D\" href='https:\/\/medkemedical.com\/wp-content\/uploads\/2025\/05\/DSC07709.jpg'><img width=\"300\" height=\"300\" src=\"https:\/\/medkemedical.com\/wp-content\/uploads\/2025\/05\/DSC07709-300x300.jpg\" class=\"attachment-medium size-medium\" alt=\"\" decoding=\"async\" srcset=\"https:\/\/medkemedical.com\/wp-content\/uploads\/2025\/05\/DSC07709-300x300.jpg 300w, https:\/\/medkemedical.com\/wp-content\/uploads\/2025\/05\/DSC07709-150x150.jpg 150w, https:\/\/medkemedical.com\/wp-content\/uploads\/2025\/05\/DSC07709-600x600.jpg 600w, https:\/\/medkemedical.com\/wp-content\/uploads\/2025\/05\/DSC07709-100x100.jpg 100w, https:\/\/medkemedical.com\/wp-content\/uploads\/2025\/05\/DSC07709.jpg 640w\" sizes=\"(max-width: 300px) 100vw, 300px\" \/><\/a>\n\t\t\t<\/div><\/figure>\n\t\t<\/div>\n\t\t<\/div>\n\t\t\t\t\t\t<\/div>\n\t\t\t\t<\/div>\n\t\t\t\t\t<\/div>\n\t\t\t\t<\/div>\n\t\t<div class=\"elementor-element elementor-element-0eae934 e-flex e-con-boxed e-con e-parent\" data-id=\"0eae934\" data-element_type=\"container\" data-e-type=\"container\" data-settings=\"{&quot;ekit_has_onepagescroll_dot&quot;:&quot;yes&quot;}\">\n\t\t\t\t\t<div class=\"e-con-inner\">\n\t\t\t\t<div class=\"elementor-element elementor-element-83beabe elementor-widget elementor-widget-elementskit-tablepress\" data-id=\"83beabe\" data-element_type=\"widget\" data-e-type=\"widget\" data-settings=\"{&quot;ekit_we_effect_on&quot;:&quot;none&quot;}\" data-widget_type=\"elementskit-tablepress.default\">\n\t\t\t\t<div class=\"elementor-widget-container\">\n\t\t\t\t\t<div class=\"elemenetskit-tablepress ekit-wid-con\" id=\"ekit_tablepress_83beabe\">\n<table id=\"tablepress-43\" class=\"tablepress tablepress-id-43 tbody-has-connected-cells\">\n<thead>\n<tr class=\"row-1\">\n\t<th class=\"column-1\">Typ dysku<\/th><th class=\"column-2\">Kod zam\u00f3wienia<\/th><th class=\"column-3\">Rozmiar<\/th><th class=\"column-4\">D\u0142ugo\u015b\u0107 przewodu<\/th><th class=\"column-5\">Pakiet<\/th>\n<\/tr>\n<\/thead>\n<tbody class=\"row-striping row-hover\">\n<tr class=\"row-2\">\n\t<td rowspan=\"2\" class=\"column-1\">Klips krokodylowy<\/td><td class=\"column-2\"> E0004-C<\/td><td class=\"column-3\">1,5 mm<\/td><td class=\"column-4\">1,5 m<\/td><td class=\"column-5\"> 10 szt.\/zestaw (kolor)<\/td>\n<\/tr>\n<tr class=\"row-3\">\n\t<td class=\"column-2\"> E0005-B<\/td><td class=\"column-3\">2,0 mm<\/td><td class=\"column-4\">1,5 m<\/td><td class=\"column-5\"> 10 szt.\/zestaw (szary)<\/td>\n<\/tr>\n<\/tbody>\n<\/table>\n<\/div>\t\t\t\t<\/div>\n\t\t\t\t<\/div>\n\t\t\t\t\t<\/div>\n\t\t\t\t<\/div>\n\t\t\t\t<\/div>","protected":false},"excerpt":{"rendered":"<p>Edit Disc Type Order Code Size Wire Length Package Alligator Clip E0004-C 1.5mm 1.5m 10pcs \/ set \uff08Color\uff09 E0005-B 2.0mm 1.5m 10pcs \/ set \uff08Grey\uff09<\/p>","protected":false},"featured_media":2557,"comment_status":"closed","ping_status":"closed","template":"","meta":{"_acf_changed":false},"product_brand":[],"product_cat":[188],"product_tag":[],"class_list":{"0":"post-2556","1":"product","2":"type-product","3":"status-publish","4":"has-post-thumbnail","6":"product_cat-eeg-lead-wires-with-electrodes","8":"first","9":"instock","10":"shipping-taxable","11":"product-type-simple"},"acf":[],"_links":{"self":[{"href":"https:\/\/medkemedical.com\/pl\/wp-json\/wp\/v2\/product\/2556","targetHints":{"allow":["GET"]}}],"collection":[{"href":"https:\/\/medkemedical.com\/pl\/wp-json\/wp\/v2\/product"}],"about":[{"href":"https:\/\/medkemedical.com\/pl\/wp-json\/wp\/v2\/types\/product"}],"replies":[{"embeddable":true,"href":"https:\/\/medkemedical.com\/pl\/wp-json\/wp\/v2\/comments?post=2556"}],"version-history":[{"count":5,"href":"https:\/\/medkemedical.com\/pl\/wp-json\/wp\/v2\/product\/2556\/revisions"}],"predecessor-version":[{"id":2563,"href":"https:\/\/medkemedical.com\/pl\/wp-json\/wp\/v2\/product\/2556\/revisions\/2563"}],"wp:featuredmedia":[{"embeddable":true,"href":"https:\/\/medkemedical.com\/pl\/wp-json\/wp\/v2\/media\/2557"}],"wp:attachment":[{"href":"https:\/\/medkemedical.com\/pl\/wp-json\/wp\/v2\/media?parent=2556"}],"wp:term":[{"taxonomy":"product_brand","embeddable":true,"href":"https:\/\/medkemedical.com\/pl\/wp-json\/wp\/v2\/product_brand?post=2556"},{"taxonomy":"product_cat","embeddable":true,"href":"https:\/\/medkemedical.com\/pl\/wp-json\/wp\/v2\/product_cat?post=2556"},{"taxonomy":"product_tag","embeddable":true,"href":"https:\/\/medkemedical.com\/pl\/wp-json\/wp\/v2\/product_tag?post=2556"}],"curies":[{"name":"wp","href":"https:\/\/api.w.org\/{rel}","templated":true}]}}