{"id":2192,"date":"2025-05-06T15:46:43","date_gmt":"2025-05-06T07:46:43","guid":{"rendered":"https:\/\/medkemedical.com\/?post_type=product&#038;p=2192"},"modified":"2025-05-09T11:14:37","modified_gmt":"2025-05-09T03:14:37","slug":"zoll-aed-disposable-defibrillation-pads","status":"publish","type":"product","link":"https:\/\/medkemedical.com\/pl\/produkt\/zoll-aed-disposable-defibrillation-pads\/","title":{"rendered":"Zoll AED Jednorazowe podk\u0142adki defibrylacyjne"},"content":{"rendered":"<div data-elementor-type=\"product-post\" data-elementor-id=\"2192\" class=\"elementor elementor-2192\" data-elementor-post-type=\"product\">\n\t\t\t\t<div class=\"elementor-element elementor-element-2a30352 e-flex e-con-boxed e-con e-parent\" data-id=\"2a30352\" data-element_type=\"container\" data-e-type=\"container\" data-settings=\"{&quot;ekit_has_onepagescroll_dot&quot;:&quot;yes&quot;}\">\n\t\t\t\t\t<div class=\"e-con-inner\">\n\t\t\t\t<div class=\"elementor-element elementor-element-4ecbec5 elementor-skin-coverflow elementor-arrows-yes elementor-pagination-type-bullets elementor-pagination-position-outside elementor-widget elementor-widget-media-carousel\" data-id=\"4ecbec5\" data-element_type=\"widget\" data-e-type=\"widget\" data-settings=\"{&quot;skin&quot;:&quot;coverflow&quot;,&quot;show_arrows&quot;:&quot;yes&quot;,&quot;pagination&quot;:&quot;bullets&quot;,&quot;speed&quot;:500,&quot;autoplay&quot;:&quot;yes&quot;,&quot;autoplay_speed&quot;:5000,&quot;loop&quot;:&quot;yes&quot;,&quot;pause_on_hover&quot;:&quot;yes&quot;,&quot;pause_on_interaction&quot;:&quot;yes&quot;,&quot;space_between&quot;:{&quot;unit&quot;:&quot;px&quot;,&quot;size&quot;:10,&quot;sizes&quot;:[]},&quot;space_between_tablet&quot;:{&quot;unit&quot;:&quot;px&quot;,&quot;size&quot;:10,&quot;sizes&quot;:[]},&quot;space_between_mobile&quot;:{&quot;unit&quot;:&quot;px&quot;,&quot;size&quot;:10,&quot;sizes&quot;:[]},&quot;ekit_we_effect_on&quot;:&quot;none&quot;}\" data-widget_type=\"media-carousel.default\">\n\t\t\t\t<div class=\"elementor-widget-container\">\n\t\t\t\t\t\t\t\t\t<div class=\"elementor-swiper\">\n\t\t\t\t\t<div class=\"elementor-main-swiper swiper\" role=\"region\" aria-roledescription=\"carousel\" aria-label=\"Slajdy\">\n\t\t\t\t<div class=\"swiper-wrapper\">\n\t\t\t\t\t\t\t\t\t\t\t<div class=\"swiper-slide\" role=\"group\" aria-roledescription=\"slide\">\n\t\t\t\t\t\t\t\t\t<div class=\"elementor-carousel-image\" role=\"img\" aria-label=\"AED-ZRA-12A\" style=\"background-image: url(&#039;https:\/\/medkemedical.com\/wp-content\/uploads\/2025\/05\/AED-ZRA-12A-scaled.jpg&#039;)\">\n\n\t\t\t\n\t\t\t\t\t<\/div>\n\t\t\t\t\t\t\t\t<\/div>\n\t\t\t\t\t\t\t\t\t\t\t<div class=\"swiper-slide\" role=\"group\" aria-roledescription=\"slide\">\n\t\t\t\t\t\t\t\t\t<div class=\"elementor-carousel-image\" role=\"img\" aria-label=\"AED-ZRA-12B\" style=\"background-image: url(&#039;https:\/\/medkemedical.com\/wp-content\/uploads\/2025\/05\/AED-ZRA-12B.png&#039;)\">\n\n\t\t\t\n\t\t\t\t\t<\/div>\n\t\t\t\t\t\t\t\t<\/div>\n\t\t\t\t\t\t\t\t\t\t\t<div class=\"swiper-slide\" role=\"group\" aria-roledescription=\"slide\">\n\t\t\t\t\t\t\t\t\t<div class=\"elementor-carousel-image\" role=\"img\" aria-label=\"AED-ZRB-12A\" style=\"background-image: url(&#039;https:\/\/medkemedical.com\/wp-content\/uploads\/2025\/05\/AED-ZRB-12A.png&#039;)\">\n\n\t\t\t\n\t\t\t\t\t<\/div>\n\t\t\t\t\t\t\t\t<\/div>\n\t\t\t\t\t\t\t\t\t\t\t<div class=\"swiper-slide\" role=\"group\" aria-roledescription=\"slide\">\n\t\t\t\t\t\t\t\t\t<div class=\"elementor-carousel-image\" role=\"img\" aria-label=\"AED-ZRB-12B\" style=\"background-image: url(&#039;https:\/\/medkemedical.com\/wp-content\/uploads\/2025\/05\/AED-ZRB-12B.jpg&#039;)\">\n\n\t\t\t\n\t\t\t\t\t<\/div>\n\t\t\t\t\t\t\t\t<\/div>\n\t\t\t\t\t\t\t\t\t<\/div>\n\t\t\t\t\t\t\t\t\t\t\t\t\t\t\t<div class=\"elementor-swiper-button elementor-swiper-button-prev\" role=\"button\" tabindex=\"0\" aria-label=\"Vorherige\" data-no-translation-aria-label=\"\">\n\t\t\t\t\t\t\t<i aria-hidden=\"true\" class=\"eicon-chevron-left\"><\/i>\t\t\t\t\t\t<\/div>\n\t\t\t\t\t\t<div class=\"elementor-swiper-button elementor-swiper-button-next\" role=\"button\" tabindex=\"0\" aria-label=\"N\u00e4chste\" data-no-translation-aria-label=\"\">\n\t\t\t\t\t\t\t<i aria-hidden=\"true\" class=\"eicon-chevron-right\"><\/i>\t\t\t\t\t\t<\/div>\n\t\t\t\t\t\t\t\t\t\t\t\t\t\t\t\t<div class=\"swiper-pagination\"><\/div>\n\t\t\t\t\t\t\t\t\t\t\t\t<\/div>\n\t\t\t\t<\/div>\n\t\t\t\t\t\t\t\t<\/div>\n\t\t\t\t<\/div>\n\t\t\t\t\t<\/div>\n\t\t\t\t<\/div>\n\t\t<div class=\"elementor-element elementor-element-bf6be81 e-flex e-con-boxed e-con e-parent\" data-id=\"bf6be81\" data-element_type=\"container\" data-e-type=\"container\" data-settings=\"{&quot;ekit_has_onepagescroll_dot&quot;:&quot;yes&quot;}\">\n\t\t\t\t\t<div class=\"e-con-inner\">\n\t\t\t\t<div class=\"elementor-element elementor-element-b1bf061 elementor-widget elementor-widget-elementskit-tablepress\" data-id=\"b1bf061\" data-element_type=\"widget\" data-e-type=\"widget\" data-settings=\"{&quot;ekit_we_effect_on&quot;:&quot;none&quot;}\" data-widget_type=\"elementskit-tablepress.default\">\n\t\t\t\t<div class=\"elementor-widget-container\">\n\t\t\t\t\t<div class=\"elemenetskit-tablepress ekit-wid-con\" id=\"ekit_tablepress_b1bf061\">\n<table id=\"tablepress-12\" class=\"tablepress tablepress-id-12 tbody-has-connected-cells\">\n<thead>\n<tr class=\"row-1\">\n\t<th class=\"column-1\">Kompatybilne modele<\/th><th class=\"column-2\">Kod zam\u00f3wienia<\/th><th class=\"column-3\">Opcje<\/th><th class=\"column-4\">Z\u0142\u0105cze Zdj\u0119cie<\/th>\n<\/tr>\n<\/thead>\n<tbody class=\"row-striping row-hover\">\n<tr class=\"row-2\">\n\t<td rowspan=\"2\" class=\"column-1\">Zoll serii M, E, R <br \/>\nAed Plus, Aed Pro<\/td><td class=\"column-2\"> AED-ZRA-12A<\/td><td class=\"column-3\"> Doros\u0142y<\/td><td rowspan=\"2\" class=\"column-4\"><img fetchpriority=\"high\" decoding=\"async\" src=\"https:\/\/medkemedical.com\/wp-content\/uploads\/2025\/05\/\u56fe\u5c42-4-300x275.png\" alt=\"\" width=\"300\" height=\"275\" class=\"alignnone size-medium wp-image-2200\" srcset=\"https:\/\/medkemedical.com\/wp-content\/uploads\/2025\/05\/\u56fe\u5c42-4-300x275.png 300w, https:\/\/medkemedical.com\/wp-content\/uploads\/2025\/05\/\u56fe\u5c42-4-768x703.png 768w, https:\/\/medkemedical.com\/wp-content\/uploads\/2025\/05\/\u56fe\u5c42-4-600x549.png 600w, https:\/\/medkemedical.com\/wp-content\/uploads\/2025\/05\/\u56fe\u5c42-4.png 815w\" sizes=\"(max-width: 300px) 100vw, 300px\" \/><\/td>\n<\/tr>\n<tr class=\"row-3\">\n\t<td class=\"column-2\"> AED-ZRA-12B<\/td><td class=\"column-3\">Pediatryczny<\/td>\n<\/tr>\n<tr class=\"row-4\">\n\t<td rowspan=\"2\" class=\"column-1\">M&amp;B 7000 AED,<br \/>\n Zoll M-,E-,R-Series PD 1200, <br \/>\n1400,1600,1700,2000<\/td><td class=\"column-2\"> AED-ZRB-12A<\/td><td class=\"column-3\">Doros\u0142y<\/td><td rowspan=\"2\" class=\"column-4\"><img decoding=\"async\" src=\"https:\/\/medkemedical.com\/wp-content\/uploads\/2025\/05\/\u56fe\u5c42-5-300x234.png\" alt=\"\" width=\"300\" height=\"234\" class=\"alignnone size-medium wp-image-2220\" srcset=\"https:\/\/medkemedical.com\/wp-content\/uploads\/2025\/05\/\u56fe\u5c42-5-300x234.png 300w, https:\/\/medkemedical.com\/wp-content\/uploads\/2025\/05\/\u56fe\u5c42-5-768x599.png 768w, https:\/\/medkemedical.com\/wp-content\/uploads\/2025\/05\/\u56fe\u5c42-5-600x468.png 600w, https:\/\/medkemedical.com\/wp-content\/uploads\/2025\/05\/\u56fe\u5c42-5.png 942w\" sizes=\"(max-width: 300px) 100vw, 300px\" \/><\/td>\n<\/tr>\n<tr class=\"row-5\">\n\t<td class=\"column-2\">AED-ZRB-12B<\/td><td class=\"column-3\">Pediatryczny<\/td>\n<\/tr>\n<\/tbody>\n<\/table>\n<\/div>\t\t\t\t<\/div>\n\t\t\t\t<\/div>\n\t\t\t\t\t<\/div>\n\t\t\t\t<\/div>\n\t\t<div class=\"elementor-element elementor-element-2e3cfb7 e-flex e-con-boxed e-con e-parent\" data-id=\"2e3cfb7\" data-element_type=\"container\" data-e-type=\"container\" data-settings=\"{&quot;ekit_has_onepagescroll_dot&quot;:&quot;yes&quot;}\">\n\t\t\t\t\t<div class=\"e-con-inner\">\n\t\t\t\t<div class=\"elementor-element elementor-element-822097b elementor-widget elementor-widget-text-editor\" data-id=\"822097b\" data-element_type=\"widget\" data-e-type=\"widget\" data-settings=\"{&quot;ekit_we_effect_on&quot;:&quot;none&quot;}\" data-widget_type=\"text-editor.default\">\n\t\t\t\t<div class=\"elementor-widget-container\">\n\t\t\t\t\t\t\t\t\t<p>Elektrody Zoll AED s\u0105 zoptymalizowane pod k\u0105tem bezproblemowej integracji z modelami Zoll AED Plus i AED Pro. <strong data-start=\"1297\" data-end=\"1336\">Zamienne elektrody do defibrylatora Zoll<\/strong> Wyposa\u017cone s\u0105 w z\u0142\u0105cze plug-and-play, kt\u00f3re upraszcza konfiguracj\u0119 \u2013 nawet w sytuacjach wysokiego ci\u015bnienia. Ka\u017cda para jest zapakowana w zabezpieczone, szczelne opakowanie, co zapewnia bezpiecze\u0144stwo i autentyczno\u015b\u0107. Utrzymanie aktualnego i zgodnego z przepisami defibrylatora nigdy nie by\u0142o \u0142atwiejsze. Wymieniaj bez obaw i spe\u0142niaj przepisy dotycz\u0105ce nag\u0142ych wypadk\u00f3w medycznych dzi\u0119ki produktom, kt\u00f3rym zaufali specjali\u015bci na ca\u0142ym \u015bwiecie.<\/p>\t\t\t\t\t\t\t\t<\/div>\n\t\t\t\t<\/div>\n\t\t\t\t\t<\/div>\n\t\t\t\t<\/div>\n\t\t\t\t<\/div>","protected":false},"excerpt":{"rendered":"<p>Edit Compatible Models Order Code Options Connector Photo Zoll M-,E-, R-Series Aed Plus,Aed Pro AED-ZRA-12A Adult AED-ZRA-12B Pediatric M&amp;B AED7000, Zoll M-,E-,R-Series PD 1200, 1400,1600,1700,2000 AED-ZRB-12A Adult AED-ZRB-12B Pediatric Zoll AED Pads are optimized for seamless integration with Zoll AED Plus and AED Pro models. These Zoll defibrillator replacement pads feature a plug-and-play connector that [&hellip;]<\/p>","protected":false},"featured_media":2193,"comment_status":"closed","ping_status":"closed","template":"","meta":{"_acf_changed":false},"product_brand":[124],"product_cat":[221],"product_tag":[],"class_list":{"0":"post-2192","1":"product","2":"type-product","3":"status-publish","4":"has-post-thumbnail","6":"product_brand-zoll","7":"product_cat-aed-pads","9":"first","10":"instock","11":"shipping-taxable","12":"product-type-simple"},"acf":[],"_links":{"self":[{"href":"https:\/\/medkemedical.com\/pl\/wp-json\/wp\/v2\/product\/2192","targetHints":{"allow":["GET"]}}],"collection":[{"href":"https:\/\/medkemedical.com\/pl\/wp-json\/wp\/v2\/product"}],"about":[{"href":"https:\/\/medkemedical.com\/pl\/wp-json\/wp\/v2\/types\/product"}],"replies":[{"embeddable":true,"href":"https:\/\/medkemedical.com\/pl\/wp-json\/wp\/v2\/comments?post=2192"}],"version-history":[{"count":18,"href":"https:\/\/medkemedical.com\/pl\/wp-json\/wp\/v2\/product\/2192\/revisions"}],"predecessor-version":[{"id":2244,"href":"https:\/\/medkemedical.com\/pl\/wp-json\/wp\/v2\/product\/2192\/revisions\/2244"}],"wp:featuredmedia":[{"embeddable":true,"href":"https:\/\/medkemedical.com\/pl\/wp-json\/wp\/v2\/media\/2193"}],"wp:attachment":[{"href":"https:\/\/medkemedical.com\/pl\/wp-json\/wp\/v2\/media?parent=2192"}],"wp:term":[{"taxonomy":"product_brand","embeddable":true,"href":"https:\/\/medkemedical.com\/pl\/wp-json\/wp\/v2\/product_brand?post=2192"},{"taxonomy":"product_cat","embeddable":true,"href":"https:\/\/medkemedical.com\/pl\/wp-json\/wp\/v2\/product_cat?post=2192"},{"taxonomy":"product_tag","embeddable":true,"href":"https:\/\/medkemedical.com\/pl\/wp-json\/wp\/v2\/product_tag?post=2192"}],"curies":[{"name":"wp","href":"https:\/\/api.w.org\/{rel}","templated":true}]}}