{"id":4605,"date":"2025-05-27T17:45:45","date_gmt":"2025-05-27T09:45:45","guid":{"rendered":"https:\/\/medkemedical.com\/?post_type=product&#038;p=4605"},"modified":"2025-05-27T17:47:06","modified_gmt":"2025-05-27T09:47:06","slug":"male-plug-5-0mm-banana-generator-side-connector-bipolar-forceps-cables","status":"publish","type":"product","link":"https:\/\/medkemedical.com\/ja\/product\/male-plug-5-0mm-banana-generator-side-connector-bipolar-forceps-cables\/","title":{"rendered":"\u30aa\u30b9\u30d7\u30e9\u30b0 5.0mm \u30d0\u30ca\u30ca\u30b8\u30a7\u30cd\u30ec\u30fc\u30bf\u30fc\u5074\u30b3\u30cd\u30af\u30bf \u30d0\u30a4\u30dd\u30fc\u30e9\u9257\u5b50\u30b1\u30fc\u30d6\u30eb"},"content":{"rendered":"<div data-elementor-type=\"product-post\" data-elementor-id=\"4605\" class=\"elementor elementor-4605\" data-elementor-post-type=\"product\">\n\t\t\t\t<div class=\"elementor-element elementor-element-8521166 e-flex e-con-boxed e-con e-parent\" data-id=\"8521166\" data-element_type=\"container\" data-e-type=\"container\" data-settings=\"{&quot;ekit_has_onepagescroll_dot&quot;:&quot;yes&quot;}\">\n\t\t\t\t\t<div class=\"e-con-inner\">\n\t\t\t\t<div class=\"elementor-element elementor-element-a4390c2 gallery-spacing-custom elementor-widget elementor-widget-image-gallery\" data-id=\"a4390c2\" data-element_type=\"widget\" data-e-type=\"widget\" data-settings=\"{&quot;ekit_we_effect_on&quot;:&quot;none&quot;}\" data-widget_type=\"image-gallery.default\">\n\t\t\t\t<div class=\"elementor-widget-container\">\n\t\t\t\t\t\t\t<div class=\"elementor-image-gallery\">\n\t\t\t<div id='gallery-1' class='gallery galleryid-4605 gallery-columns-3 gallery-size-medium'><figure class='gallery-item'>\n\t\t\t<div class='gallery-icon landscape'>\n\t\t\t\t<a data-elementor-open-lightbox=\"yes\" data-elementor-lightbox-slideshow=\"a4390c2\" data-elementor-lightbox-title=\"DSC07692\" data-e-action-hash=\"#elementor-action%3Aaction%3Dlightbox%26settings%3DeyJpZCI6NDYwNiwidXJsIjoiaHR0cHM6XC9cL21lZGtlbWVkaWNhbC5jb21cL3dwLWNvbnRlbnRcL3VwbG9hZHNcLzIwMjVcLzA1XC9EU0MwNzY5Mi1zY2FsZWQuanBnIiwic2xpZGVzaG93IjoiYTQzOTBjMiJ9\" href='https:\/\/medkemedical.com\/wp-content\/uploads\/2025\/05\/DSC07692-scaled.jpg'><img fetchpriority=\"high\" width=\"300\" height=\"300\" src=\"https:\/\/medkemedical.com\/wp-content\/uploads\/2025\/05\/DSC07692-300x300.jpg\" class=\"attachment-medium size-medium\" alt=\"\" decoding=\"async\" srcset=\"https:\/\/medkemedical.com\/wp-content\/uploads\/2025\/05\/DSC07692-300x300.jpg 300w, https:\/\/medkemedical.com\/wp-content\/uploads\/2025\/05\/DSC07692-1024x1024.jpg 1024w, https:\/\/medkemedical.com\/wp-content\/uploads\/2025\/05\/DSC07692-150x150.jpg 150w, https:\/\/medkemedical.com\/wp-content\/uploads\/2025\/05\/DSC07692-768x768.jpg 768w, https:\/\/medkemedical.com\/wp-content\/uploads\/2025\/05\/DSC07692-1536x1536.jpg 1536w, https:\/\/medkemedical.com\/wp-content\/uploads\/2025\/05\/DSC07692-2048x2048.jpg 2048w, https:\/\/medkemedical.com\/wp-content\/uploads\/2025\/05\/DSC07692-600x600.jpg 600w, https:\/\/medkemedical.com\/wp-content\/uploads\/2025\/05\/DSC07692-100x100.jpg 100w\" sizes=\"(max-width: 300px) 100vw, 300px\" \/><\/a>\n\t\t\t<\/div><\/figure>\n\t\t<\/div>\n\t\t<\/div>\n\t\t\t\t\t\t<\/div>\n\t\t\t\t<\/div>\n\t\t\t\t\t<\/div>\n\t\t\t\t<\/div>\n\t\t<div class=\"elementor-element elementor-element-f3e16d6 e-con-full e-flex e-con e-parent\" data-id=\"f3e16d6\" data-element_type=\"container\" data-e-type=\"container\" data-settings=\"{&quot;ekit_has_onepagescroll_dot&quot;:&quot;yes&quot;}\">\n\t\t\t\t<div class=\"elementor-element elementor-element-6ed024f elementor-widget elementor-widget-elementskit-tablepress\" data-id=\"6ed024f\" data-element_type=\"widget\" data-e-type=\"widget\" data-settings=\"{&quot;ekit_we_effect_on&quot;:&quot;none&quot;}\" data-widget_type=\"elementskit-tablepress.default\">\n\t\t\t\t<div class=\"elementor-widget-container\">\n\t\t\t\t\t<div class=\"elemenetskit-tablepress ekit-wid-con\" id=\"ekit_tablepress_6ed024f\">\n<table id=\"tablepress-253\" class=\"tablepress tablepress-id-253\">\n<thead>\n<tr class=\"row-1\">\n\t<td class=\"column-1\"><\/td><td class=\"column-2\"><\/td><td class=\"column-3\"><\/td><th class=\"column-4\">\u767a\u96fb\u6a5f\u5074\u30b3\u30cd\u30af\u30bf<\/th><th class=\"column-5\">\u4e92\u63db\u6027\u304c\u3042\u308b<\/th>\n<\/tr>\n<\/thead>\n<tbody class=\"row-striping row-hover\">\n<tr class=\"row-2\">\n\t<td class=\"column-1\">\u6a5f\u5668\u5074\u30b3\u30cd\u30af\u30bf<\/td><td class=\"column-2\">\u5973\u6027\u7528\u30d7\u30e9\u30b0\u306e\u5199\u771f<\/td><td class=\"column-3\">\u6ce8\u6587\u30b3\u30fc\u30c9<\/td><td class=\"column-4\">5.0mm\u30d0\u30ca\u30ca<\/td><td class=\"column-5\"><\/td>\n<\/tr>\n<tr class=\"row-3\">\n\t<td class=\"column-1\">2.0mm<\/td><td class=\"column-2\"><img decoding=\"async\" src=\"https:\/\/medkemedical.com\/wp-content\/uploads\/2025\/05\/DSC07697-300x124.jpg\" alt=\"\" width=\"300\" height=\"124\" class=\"alignnone size-medium wp-image-4449\" srcset=\"https:\/\/medkemedical.com\/wp-content\/uploads\/2025\/05\/DSC07697-300x124.jpg 300w, https:\/\/medkemedical.com\/wp-content\/uploads\/2025\/05\/DSC07697-1024x424.jpg 1024w, https:\/\/medkemedical.com\/wp-content\/uploads\/2025\/05\/DSC07697-768x318.jpg 768w, https:\/\/medkemedical.com\/wp-content\/uploads\/2025\/05\/DSC07697-1536x636.jpg 1536w, https:\/\/medkemedical.com\/wp-content\/uploads\/2025\/05\/DSC07697-2048x848.jpg 2048w, https:\/\/medkemedical.com\/wp-content\/uploads\/2025\/05\/DSC07697-600x249.jpg 600w\" sizes=\"(max-width: 300px) 100vw, 300px\" \/><\/td><td class=\"column-3\">CP1027<\/td><td class=\"column-4\"><img decoding=\"async\" src=\"https:\/\/medkemedical.com\/wp-content\/uploads\/2025\/05\/DSC07695-300x97.jpg\" alt=\"\" width=\"300\" height=\"97\" class=\"alignnone size-medium wp-image-4448\" srcset=\"https:\/\/medkemedical.com\/wp-content\/uploads\/2025\/05\/DSC07695-300x97.jpg 300w, https:\/\/medkemedical.com\/wp-content\/uploads\/2025\/05\/DSC07695-1024x331.jpg 1024w, https:\/\/medkemedical.com\/wp-content\/uploads\/2025\/05\/DSC07695-768x248.jpg 768w, https:\/\/medkemedical.com\/wp-content\/uploads\/2025\/05\/DSC07695-1536x496.jpg 1536w, https:\/\/medkemedical.com\/wp-content\/uploads\/2025\/05\/DSC07695-2048x661.jpg 2048w, https:\/\/medkemedical.com\/wp-content\/uploads\/2025\/05\/DSC07695-600x194.jpg 600w\" sizes=\"(max-width: 300px) 100vw, 300px\" \/><\/td><td class=\"column-5\">\u7c73\u56fd\u898f\u683c\u3001Erbe T\u30b7\u30ea\u30fc\u30ba\u3001<br \/>\n\u30a8\u30b7\u30e5\u30de\u30f3 TD300\u3001TD311\u3001DS302\u3001<br \/>\n\u30bd\u30c3\u30bf\u30fc BM780\u3001\u30de\u30fc\u30c6\u30a3\u30f3\u3001\u30a4\u30f3\u30c6\u30ac\u30a4\u3001<br \/>\n\u30a2\u30b9\u30af\u30ec\u30d7\u3001\u30d9\u30eb\u30d2\u30c8\u30eb\u30c8<br \/>\n\u8179\u8154\u93e1\/\u5185\u8996\u93e1\u30b1\u30fc\u30d6\u30eb<\/td>\n<\/tr>\n<\/tbody>\n<\/table>\n<\/div>\t\t\t\t<\/div>\n\t\t\t\t<\/div>\n\t\t\t\t<\/div>\n\t\t\t\t<\/div>","protected":false},"excerpt":{"rendered":"<p>Edit Generator Side Connector Compatible Instrument Side Connector Female Plug Photo Order Code 5.0mm Banana 2.0mm CP1027 U.S. Standard, Erbe T Series, Eschmann TD300,TD311 ,DS302, Sotter BM780, Martin,\u0131ntega\u0131\u0131, Aesculap, Berchtold Laparoscope\/Endoscope cable<\/p>","protected":false},"featured_media":4606,"comment_status":"open","ping_status":"closed","template":"","meta":{"_acf_changed":false},"product_brand":[],"product_cat":[139],"product_tag":[],"class_list":{"0":"post-4605","1":"product","2":"type-product","3":"status-publish","4":"has-post-thumbnail","6":"product_cat-bipolar-forceps-cables","8":"first","9":"instock","10":"shipping-taxable","11":"product-type-simple"},"acf":[],"_links":{"self":[{"href":"https:\/\/medkemedical.com\/ja\/wp-json\/wp\/v2\/product\/4605","targetHints":{"allow":["GET"]}}],"collection":[{"href":"https:\/\/medkemedical.com\/ja\/wp-json\/wp\/v2\/product"}],"about":[{"href":"https:\/\/medkemedical.com\/ja\/wp-json\/wp\/v2\/types\/product"}],"replies":[{"embeddable":true,"href":"https:\/\/medkemedical.com\/ja\/wp-json\/wp\/v2\/comments?post=4605"}],"version-history":[{"count":5,"href":"https:\/\/medkemedical.com\/ja\/wp-json\/wp\/v2\/product\/4605\/revisions"}],"predecessor-version":[{"id":4611,"href":"https:\/\/medkemedical.com\/ja\/wp-json\/wp\/v2\/product\/4605\/revisions\/4611"}],"wp:featuredmedia":[{"embeddable":true,"href":"https:\/\/medkemedical.com\/ja\/wp-json\/wp\/v2\/media\/4606"}],"wp:attachment":[{"href":"https:\/\/medkemedical.com\/ja\/wp-json\/wp\/v2\/media?parent=4605"}],"wp:term":[{"taxonomy":"product_brand","embeddable":true,"href":"https:\/\/medkemedical.com\/ja\/wp-json\/wp\/v2\/product_brand?post=4605"},{"taxonomy":"product_cat","embeddable":true,"href":"https:\/\/medkemedical.com\/ja\/wp-json\/wp\/v2\/product_cat?post=4605"},{"taxonomy":"product_tag","embeddable":true,"href":"https:\/\/medkemedical.com\/ja\/wp-json\/wp\/v2\/product_tag?post=4605"}],"curies":[{"name":"wp","href":"https:\/\/api.w.org\/{rel}","templated":true}]}}