{"id":6784,"date":"2025-07-08T15:22:48","date_gmt":"2025-07-08T07:22:48","guid":{"rendered":"https:\/\/medkemedical.com\/?post_type=product&#038;p=6784"},"modified":"2025-07-08T15:25:57","modified_gmt":"2025-07-08T07:25:57","slug":"ge-ohmeda-reusable-spo2-sensor","status":"publish","type":"product","link":"https:\/\/medkemedical.com\/fr\/produit\/ge-ohmeda-reusable-spo2-sensor\/","title":{"rendered":"Capteur SpO2 r\u00e9utilisable GE-Ohmeda"},"content":{"rendered":"<div data-elementor-type=\"product-post\" data-elementor-id=\"6784\" class=\"elementor elementor-6784\" data-elementor-post-type=\"product\">\n\t\t\t\t<div class=\"elementor-element elementor-element-2ce39c6 e-flex e-con-boxed e-con e-parent\" data-id=\"2ce39c6\" data-element_type=\"container\" data-e-type=\"container\" data-settings=\"{&quot;ekit_has_onepagescroll_dot&quot;:&quot;yes&quot;}\">\n\t\t\t\t\t<div class=\"e-con-inner\">\n\t\t\t\t<div class=\"elementor-element elementor-element-af89935 gallery-spacing-custom elementor-widget elementor-widget-image-gallery\" data-id=\"af89935\" data-element_type=\"widget\" data-e-type=\"widget\" data-settings=\"{&quot;ekit_we_effect_on&quot;:&quot;none&quot;}\" data-widget_type=\"image-gallery.default\">\n\t\t\t\t<div class=\"elementor-widget-container\">\n\t\t\t\t\t\t\t<div class=\"elementor-image-gallery\">\n\t\t\t<div id='gallery-1' class='gallery galleryid-6784 gallery-columns-7 gallery-size-medium'><figure class='gallery-item'>\n\t\t\t<div class='gallery-icon landscape'>\n\t\t\t\t<a data-elementor-open-lightbox=\"yes\" data-elementor-lightbox-slideshow=\"af89935\" data-elementor-lightbox-title=\"P9310H\" data-e-action-hash=\"#elementor-action%3Aaction%3Dlightbox%26settings%3DeyJpZCI6Njc4NywidXJsIjoiaHR0cHM6XC9cL21lZGtlbWVkaWNhbC5jb21cL3dwLWNvbnRlbnRcL3VwbG9hZHNcLzIwMjVcLzA3XC9QOTMxMEguanBnIiwic2xpZGVzaG93IjoiYWY4OTkzNSJ9\" href='https:\/\/medkemedical.com\/wp-content\/uploads\/2025\/07\/P9310H.jpg'><img fetchpriority=\"high\" width=\"300\" height=\"300\" src=\"https:\/\/medkemedical.com\/wp-content\/uploads\/2025\/07\/P9310H-300x300.jpg\" class=\"attachment-medium size-medium\" alt=\"\" decoding=\"async\" srcset=\"https:\/\/medkemedical.com\/wp-content\/uploads\/2025\/07\/P9310H-300x300.jpg 300w, https:\/\/medkemedical.com\/wp-content\/uploads\/2025\/07\/P9310H-150x150.jpg 150w, https:\/\/medkemedical.com\/wp-content\/uploads\/2025\/07\/P9310H-12x12.jpg 12w, https:\/\/medkemedical.com\/wp-content\/uploads\/2025\/07\/P9310H-600x600.jpg 600w, https:\/\/medkemedical.com\/wp-content\/uploads\/2025\/07\/P9310H-100x100.jpg 100w, https:\/\/medkemedical.com\/wp-content\/uploads\/2025\/07\/P9310H.jpg 640w\" sizes=\"(max-width: 300px) 100vw, 300px\" \/><\/a>\n\t\t\t<\/div><\/figure><figure class='gallery-item'>\n\t\t\t<div class='gallery-icon landscape'>\n\t\t\t\t<a data-elementor-open-lightbox=\"yes\" data-elementor-lightbox-slideshow=\"af89935\" data-elementor-lightbox-title=\"P8310H\" data-e-action-hash=\"#elementor-action%3Aaction%3Dlightbox%26settings%3DeyJpZCI6Njc4OCwidXJsIjoiaHR0cHM6XC9cL21lZGtlbWVkaWNhbC5jb21cL3dwLWNvbnRlbnRcL3VwbG9hZHNcLzIwMjVcLzA3XC9QODMxMEguanBnIiwic2xpZGVzaG93IjoiYWY4OTkzNSJ9\" href='https:\/\/medkemedical.com\/wp-content\/uploads\/2025\/07\/P8310H.jpg'><img width=\"300\" height=\"300\" src=\"https:\/\/medkemedical.com\/wp-content\/uploads\/2025\/07\/P8310H-300x300.jpg\" class=\"attachment-medium size-medium\" alt=\"\" decoding=\"async\" srcset=\"https:\/\/medkemedical.com\/wp-content\/uploads\/2025\/07\/P8310H-300x300.jpg 300w, https:\/\/medkemedical.com\/wp-content\/uploads\/2025\/07\/P8310H-150x150.jpg 150w, https:\/\/medkemedical.com\/wp-content\/uploads\/2025\/07\/P8310H-12x12.jpg 12w, https:\/\/medkemedical.com\/wp-content\/uploads\/2025\/07\/P8310H-600x600.jpg 600w, https:\/\/medkemedical.com\/wp-content\/uploads\/2025\/07\/P8310H-100x100.jpg 100w, https:\/\/medkemedical.com\/wp-content\/uploads\/2025\/07\/P8310H.jpg 640w\" sizes=\"(max-width: 300px) 100vw, 300px\" \/><\/a>\n\t\t\t<\/div><\/figure><figure class='gallery-item'>\n\t\t\t<div class='gallery-icon landscape'>\n\t\t\t\t<a data-elementor-open-lightbox=\"yes\" data-elementor-lightbox-slideshow=\"af89935\" data-elementor-lightbox-title=\"P7310H\" data-e-action-hash=\"#elementor-action%3Aaction%3Dlightbox%26settings%3DeyJpZCI6Njc4OSwidXJsIjoiaHR0cHM6XC9cL21lZGtlbWVkaWNhbC5jb21cL3dwLWNvbnRlbnRcL3VwbG9hZHNcLzIwMjVcLzA3XC9QNzMxMEguanBnIiwic2xpZGVzaG93IjoiYWY4OTkzNSJ9\" href='https:\/\/medkemedical.com\/wp-content\/uploads\/2025\/07\/P7310H.jpg'><img width=\"300\" height=\"300\" src=\"https:\/\/medkemedical.com\/wp-content\/uploads\/2025\/07\/P7310H-300x300.jpg\" class=\"attachment-medium size-medium\" alt=\"\" decoding=\"async\" srcset=\"https:\/\/medkemedical.com\/wp-content\/uploads\/2025\/07\/P7310H-300x300.jpg 300w, https:\/\/medkemedical.com\/wp-content\/uploads\/2025\/07\/P7310H-150x150.jpg 150w, https:\/\/medkemedical.com\/wp-content\/uploads\/2025\/07\/P7310H-12x12.jpg 12w, https:\/\/medkemedical.com\/wp-content\/uploads\/2025\/07\/P7310H-600x600.jpg 600w, https:\/\/medkemedical.com\/wp-content\/uploads\/2025\/07\/P7310H-100x100.jpg 100w, https:\/\/medkemedical.com\/wp-content\/uploads\/2025\/07\/P7310H.jpg 640w\" sizes=\"(max-width: 300px) 100vw, 300px\" \/><\/a>\n\t\t\t<\/div><\/figure><figure class='gallery-item'>\n\t\t\t<div class='gallery-icon landscape'>\n\t\t\t\t<a data-elementor-open-lightbox=\"yes\" data-elementor-lightbox-slideshow=\"af89935\" data-elementor-lightbox-title=\"P6310H\" data-e-action-hash=\"#elementor-action%3Aaction%3Dlightbox%26settings%3DeyJpZCI6Njc5MCwidXJsIjoiaHR0cHM6XC9cL21lZGtlbWVkaWNhbC5jb21cL3dwLWNvbnRlbnRcL3VwbG9hZHNcLzIwMjVcLzA3XC9QNjMxMEguanBnIiwic2xpZGVzaG93IjoiYWY4OTkzNSJ9\" href='https:\/\/medkemedical.com\/wp-content\/uploads\/2025\/07\/P6310H.jpg'><img loading=\"lazy\" width=\"300\" height=\"300\" src=\"https:\/\/medkemedical.com\/wp-content\/uploads\/2025\/07\/P6310H-300x300.jpg\" class=\"attachment-medium size-medium\" alt=\"\" decoding=\"async\" srcset=\"https:\/\/medkemedical.com\/wp-content\/uploads\/2025\/07\/P6310H-300x300.jpg 300w, https:\/\/medkemedical.com\/wp-content\/uploads\/2025\/07\/P6310H-150x150.jpg 150w, https:\/\/medkemedical.com\/wp-content\/uploads\/2025\/07\/P6310H-12x12.jpg 12w, https:\/\/medkemedical.com\/wp-content\/uploads\/2025\/07\/P6310H-600x600.jpg 600w, https:\/\/medkemedical.com\/wp-content\/uploads\/2025\/07\/P6310H-100x100.jpg 100w, https:\/\/medkemedical.com\/wp-content\/uploads\/2025\/07\/P6310H.jpg 640w\" sizes=\"(max-width: 300px) 100vw, 300px\" \/><\/a>\n\t\t\t<\/div><\/figure><figure class='gallery-item'>\n\t\t\t<div class='gallery-icon landscape'>\n\t\t\t\t<a data-elementor-open-lightbox=\"yes\" data-elementor-lightbox-slideshow=\"af89935\" data-elementor-lightbox-title=\"P5310H\" data-e-action-hash=\"#elementor-action%3Aaction%3Dlightbox%26settings%3DeyJpZCI6Njc5MiwidXJsIjoiaHR0cHM6XC9cL21lZGtlbWVkaWNhbC5jb21cL3dwLWNvbnRlbnRcL3VwbG9hZHNcLzIwMjVcLzA3XC9QNTMxMEguanBnIiwic2xpZGVzaG93IjoiYWY4OTkzNSJ9\" href='https:\/\/medkemedical.com\/wp-content\/uploads\/2025\/07\/P5310H.jpg'><img loading=\"lazy\" width=\"300\" height=\"300\" src=\"https:\/\/medkemedical.com\/wp-content\/uploads\/2025\/07\/P5310H-300x300.jpg\" class=\"attachment-medium size-medium\" alt=\"\" decoding=\"async\" srcset=\"https:\/\/medkemedical.com\/wp-content\/uploads\/2025\/07\/P5310H-300x300.jpg 300w, https:\/\/medkemedical.com\/wp-content\/uploads\/2025\/07\/P5310H-150x150.jpg 150w, https:\/\/medkemedical.com\/wp-content\/uploads\/2025\/07\/P5310H-12x12.jpg 12w, https:\/\/medkemedical.com\/wp-content\/uploads\/2025\/07\/P5310H-600x600.jpg 600w, https:\/\/medkemedical.com\/wp-content\/uploads\/2025\/07\/P5310H-100x100.jpg 100w, https:\/\/medkemedical.com\/wp-content\/uploads\/2025\/07\/P5310H.jpg 640w\" sizes=\"(max-width: 300px) 100vw, 300px\" \/><\/a>\n\t\t\t<\/div><\/figure><figure class='gallery-item'>\n\t\t\t<div class='gallery-icon landscape'>\n\t\t\t\t<a data-elementor-open-lightbox=\"yes\" data-elementor-lightbox-slideshow=\"af89935\" data-elementor-lightbox-title=\"P4310H\" data-e-action-hash=\"#elementor-action%3Aaction%3Dlightbox%26settings%3DeyJpZCI6Njc5MywidXJsIjoiaHR0cHM6XC9cL21lZGtlbWVkaWNhbC5jb21cL3dwLWNvbnRlbnRcL3VwbG9hZHNcLzIwMjVcLzA3XC9QNDMxMEguanBnIiwic2xpZGVzaG93IjoiYWY4OTkzNSJ9\" href='https:\/\/medkemedical.com\/wp-content\/uploads\/2025\/07\/P4310H.jpg'><img loading=\"lazy\" width=\"300\" height=\"300\" src=\"https:\/\/medkemedical.com\/wp-content\/uploads\/2025\/07\/P4310H-300x300.jpg\" class=\"attachment-medium size-medium\" alt=\"\" decoding=\"async\" srcset=\"https:\/\/medkemedical.com\/wp-content\/uploads\/2025\/07\/P4310H-300x300.jpg 300w, https:\/\/medkemedical.com\/wp-content\/uploads\/2025\/07\/P4310H-150x150.jpg 150w, https:\/\/medkemedical.com\/wp-content\/uploads\/2025\/07\/P4310H-12x12.jpg 12w, https:\/\/medkemedical.com\/wp-content\/uploads\/2025\/07\/P4310H-600x600.jpg 600w, https:\/\/medkemedical.com\/wp-content\/uploads\/2025\/07\/P4310H-100x100.jpg 100w, https:\/\/medkemedical.com\/wp-content\/uploads\/2025\/07\/P4310H.jpg 640w\" sizes=\"(max-width: 300px) 100vw, 300px\" \/><\/a>\n\t\t\t<\/div><\/figure><figure class='gallery-item'>\n\t\t\t<div class='gallery-icon landscape'>\n\t\t\t\t<a data-elementor-open-lightbox=\"yes\" data-elementor-lightbox-slideshow=\"af89935\" data-elementor-lightbox-title=\"P3310H\" data-e-action-hash=\"#elementor-action%3Aaction%3Dlightbox%26settings%3DeyJpZCI6Njc5NCwidXJsIjoiaHR0cHM6XC9cL21lZGtlbWVkaWNhbC5jb21cL3dwLWNvbnRlbnRcL3VwbG9hZHNcLzIwMjVcLzA3XC9QMzMxMEguanBnIiwic2xpZGVzaG93IjoiYWY4OTkzNSJ9\" href='https:\/\/medkemedical.com\/wp-content\/uploads\/2025\/07\/P3310H.jpg'><img loading=\"lazy\" width=\"300\" height=\"300\" src=\"https:\/\/medkemedical.com\/wp-content\/uploads\/2025\/07\/P3310H-300x300.jpg\" class=\"attachment-medium size-medium\" alt=\"\" decoding=\"async\" srcset=\"https:\/\/medkemedical.com\/wp-content\/uploads\/2025\/07\/P3310H-300x300.jpg 300w, https:\/\/medkemedical.com\/wp-content\/uploads\/2025\/07\/P3310H-150x150.jpg 150w, https:\/\/medkemedical.com\/wp-content\/uploads\/2025\/07\/P3310H-12x12.jpg 12w, https:\/\/medkemedical.com\/wp-content\/uploads\/2025\/07\/P3310H-600x600.jpg 600w, https:\/\/medkemedical.com\/wp-content\/uploads\/2025\/07\/P3310H-100x100.jpg 100w, https:\/\/medkemedical.com\/wp-content\/uploads\/2025\/07\/P3310H.jpg 640w\" sizes=\"(max-width: 300px) 100vw, 300px\" \/><\/a>\n\t\t\t<\/div><\/figure>\n\t\t<\/div>\n\t\t<\/div>\n\t\t\t\t\t\t<\/div>\n\t\t\t\t<\/div>\n\t\t\t\t\t<\/div>\n\t\t\t\t<\/div>\n\t\t<div class=\"elementor-element elementor-element-2060517 e-con-full e-flex e-con e-parent\" data-id=\"2060517\" data-element_type=\"container\" data-e-type=\"container\" data-settings=\"{&quot;ekit_has_onepagescroll_dot&quot;:&quot;yes&quot;}\">\n\t\t\t\t<div class=\"elementor-element elementor-element-48a26cb elementor-widget elementor-widget-elementskit-tablepress\" data-id=\"48a26cb\" data-element_type=\"widget\" data-e-type=\"widget\" data-settings=\"{&quot;ekit_we_effect_on&quot;:&quot;none&quot;}\" data-widget_type=\"elementskit-tablepress.default\">\n\t\t\t\t<div class=\"elementor-widget-container\">\n\t\t\t\t\t<div class=\"elemenetskit-tablepress ekit-wid-con\" id=\"ekit_tablepress_48a26cb\">\n<table id=\"tablepress-384\" class=\"tablepress tablepress-id-384 tbody-has-connected-cells\">\n<thead>\n<tr class=\"row-1\">\n\t<th class=\"column-1\">Moniteur<\/th><th class=\"column-2\">Clip pour adultes<\/th><th class=\"column-3\">Clip pour adultes<\/th><th class=\"column-4\">P\u00e9dia. Clip<\/th><th class=\"column-5\">P\u00e9dia. Doux<\/th><th class=\"column-6\">Enveloppement du nouveau-n\u00e9<\/th><th class=\"column-7\">Multi-Y<\/th><th class=\"column-8\">Clip d&#039;oreille pour adulte<\/th><th class=\"column-9\">Connecteur<\/th>\n<\/tr>\n<\/thead>\n<tbody class=\"row-striping row-hover\">\n<tr class=\"row-2\">\n\t<td class=\"column-1\">Ohmeda TuffSat\u00a0; S\u00e9ries 3775, 37xx, 3800, 3900, 3900P, 4700<br \/>\net 5250 moniteurs de gaz respiratoires ; Cardiocap\/5<\/td><td class=\"column-2\">P9310H<\/td><td class=\"column-3\">P8310H<\/td><td class=\"column-4\">P7310H<\/td><td class=\"column-5\">P6310H<\/td><td class=\"column-6\">P5310H<\/td><td class=\"column-7\">P4310H<\/td><td class=\"column-8\">P3310H<\/td><td rowspan=\"2\" class=\"column-9\">CN16<\/td>\n<\/tr>\n<tr class=\"row-3\">\n\t<td class=\"column-1\">Ohmeda TuffSat<\/td><td class=\"column-2\">P9110H<\/td><td class=\"column-3\">P8110H<\/td><td class=\"column-4\">P7110H<\/td><td class=\"column-5\">P6110H<\/td><td class=\"column-6\">P5110H<\/td><td class=\"column-7\">P4110H<\/td><td class=\"column-8\">P3110H<\/td>\n<\/tr>\n<tr class=\"row-4\">\n\t<td class=\"column-1\">Ohmeda TuffSat\u00a0;\u00a03775,\u00a037xx Series,\u00a03800,\u00a03900,\u00a03900P,\u00a04700 et\u00a05250\u00a0;\u00a0Cardiocap\/5<\/td><td class=\"column-2\">P9110J<\/td><td class=\"column-3\">P8110J<\/td><td class=\"column-4\">P7110J<\/td><td class=\"column-5\">P6110J<\/td><td class=\"column-6\">P5110J<\/td><td class=\"column-7\">P4110J<\/td><td class=\"column-8\">P3110J<\/td><td class=\"column-9\">CN04<\/td>\n<\/tr>\n<tr class=\"row-5\">\n\t<td class=\"column-1\">Ohmeda TruSat,<br \/>\nOhmeda TruSat TD<\/td><td class=\"column-2\">P9310M<\/td><td class=\"column-3\">P8310M<\/td><td class=\"column-4\">P7310M<\/td><td class=\"column-5\">P6310M<\/td><td class=\"column-6\">P5310M<\/td><td class=\"column-7\">P4310M<\/td><td class=\"column-8\">P3310M<\/td><td class=\"column-9\">CN18<\/td>\n<\/tr>\n<tr class=\"row-6\">\n\t<td class=\"column-1\">GE-Ohmeda<br \/>\nCapteur OxyTip<\/td><td class=\"column-2\">P9110L<\/td><td class=\"column-3\">P8110L<\/td><td class=\"column-4\">P7110L<\/td><td class=\"column-5\">P6110L<\/td><td class=\"column-6\">P5110L<\/td><td class=\"column-7\">P4110L<\/td><td class=\"column-8\">P3110L<\/td><td class=\"column-9\">CN17<\/td>\n<\/tr>\n<tr class=\"row-7\">\n\t<td class=\"column-1\">Moniteurs modulaires S\/5, i4<br \/>\navec modules de la s\u00e9rie E\u00a0;<br \/>\nCorometrics 259 avec<br \/>\nTruSignal (technologie Ohmeda)<br \/>\nS\u00e9rie B20\/30\/40<\/td><td class=\"column-2\">P9310K<\/td><td class=\"column-3\">P8310K<\/td><td class=\"column-4\">P7310K<\/td><td class=\"column-5\">P6310K<\/td><td class=\"column-6\">P5310K<\/td><td class=\"column-7\">P4310K<\/td><td class=\"column-8\">P3310K<\/td><td class=\"column-9\">CN15<\/td>\n<\/tr>\n<\/tbody>\n<\/table>\n<\/div>\t\t\t\t<\/div>\n\t\t\t\t<\/div>\n\t\t\t\t<\/div>\n\t\t\t\t<\/div>","protected":false},"excerpt":{"rendered":"<p>Clip pour moniteur adulte Clip pour adulte Clip p\u00e9diatrique Clip p\u00e9diatrique Enveloppement souple pour nouveau-n\u00e9 Clip d&#039;oreille adulte multi-Y Connecteur 503 Spot, 504Plus, 504DX, 506DXN angle de 90 degr\u00e9s P9307A P8307A P7307A P6307A P5307A P4307A P3307A CN06 501, 503, 504, 507, 508, 581, 1100, 8100, Poet (602-3A), Scholar P9307 P8307 P7307 P6307 P5307 P4307 P3307 CM5 angle de 90 degr\u00e9s P9107A P8107A [\u2026]<\/p>","protected":false},"featured_media":6787,"comment_status":"open","ping_status":"closed","template":"","meta":{"_acf_changed":false},"product_brand":[30],"product_cat":[211],"product_tag":[],"class_list":{"0":"post-6784","1":"product","2":"type-product","3":"status-publish","4":"has-post-thumbnail","6":"product_brand-ge-datex-ohmeda","7":"product_cat-reusable-spo2-sensors","9":"first","10":"instock","11":"shipping-taxable","12":"product-type-simple"},"acf":[],"_links":{"self":[{"href":"https:\/\/medkemedical.com\/fr\/wp-json\/wp\/v2\/product\/6784","targetHints":{"allow":["GET"]}}],"collection":[{"href":"https:\/\/medkemedical.com\/fr\/wp-json\/wp\/v2\/product"}],"about":[{"href":"https:\/\/medkemedical.com\/fr\/wp-json\/wp\/v2\/types\/product"}],"replies":[{"embeddable":true,"href":"https:\/\/medkemedical.com\/fr\/wp-json\/wp\/v2\/comments?post=6784"}],"version-history":[{"count":6,"href":"https:\/\/medkemedical.com\/fr\/wp-json\/wp\/v2\/product\/6784\/revisions"}],"predecessor-version":[{"id":6798,"href":"https:\/\/medkemedical.com\/fr\/wp-json\/wp\/v2\/product\/6784\/revisions\/6798"}],"wp:featuredmedia":[{"embeddable":true,"href":"https:\/\/medkemedical.com\/fr\/wp-json\/wp\/v2\/media\/6787"}],"wp:attachment":[{"href":"https:\/\/medkemedical.com\/fr\/wp-json\/wp\/v2\/media?parent=6784"}],"wp:term":[{"taxonomy":"product_brand","embeddable":true,"href":"https:\/\/medkemedical.com\/fr\/wp-json\/wp\/v2\/product_brand?post=6784"},{"taxonomy":"product_cat","embeddable":true,"href":"https:\/\/medkemedical.com\/fr\/wp-json\/wp\/v2\/product_cat?post=6784"},{"taxonomy":"product_tag","embeddable":true,"href":"https:\/\/medkemedical.com\/fr\/wp-json\/wp\/v2\/product_tag?post=6784"}],"curies":[{"name":"wp","href":"https:\/\/api.w.org\/{rel}","templated":true}]}}