{"id":6759,"date":"2025-07-08T15:17:09","date_gmt":"2025-07-08T07:17:09","guid":{"rendered":"https:\/\/medkemedical.com\/?post_type=product&#038;p=6759"},"modified":"2025-07-08T15:18:50","modified_gmt":"2025-07-08T07:18:50","slug":"ge-hellige-reusable-spo2-sensor","status":"publish","type":"product","link":"https:\/\/medkemedical.com\/fr\/produit\/ge-hellige-reusable-spo2-sensor\/","title":{"rendered":"Capteur SpO2 r\u00e9utilisable GE-Hellige"},"content":{"rendered":"<div data-elementor-type=\"product-post\" data-elementor-id=\"6759\" class=\"elementor elementor-6759\" data-elementor-post-type=\"product\">\n\t\t\t\t<div class=\"elementor-element elementor-element-2ce39c6 e-flex e-con-boxed e-con e-parent\" data-id=\"2ce39c6\" data-element_type=\"container\" data-e-type=\"container\" data-settings=\"{&quot;ekit_has_onepagescroll_dot&quot;:&quot;yes&quot;}\">\n\t\t\t\t\t<div class=\"e-con-inner\">\n\t\t\t\t\t<\/div>\n\t\t\t\t<\/div>\n\t\t<div class=\"elementor-element elementor-element-2060517 e-con-full e-flex e-con e-parent\" data-id=\"2060517\" data-element_type=\"container\" data-e-type=\"container\" data-settings=\"{&quot;ekit_has_onepagescroll_dot&quot;:&quot;yes&quot;}\">\n\t\t\t\t<div class=\"elementor-element elementor-element-48a26cb elementor-widget elementor-widget-elementskit-tablepress\" data-id=\"48a26cb\" data-element_type=\"widget\" data-e-type=\"widget\" data-settings=\"{&quot;ekit_we_effect_on&quot;:&quot;none&quot;}\" data-widget_type=\"elementskit-tablepress.default\">\n\t\t\t\t<div class=\"elementor-widget-container\">\n\t\t\t\t\t<div class=\"elemenetskit-tablepress ekit-wid-con\" id=\"ekit_tablepress_48a26cb\">\n<table id=\"tablepress-382\" class=\"tablepress tablepress-id-382\">\n<thead>\n<tr class=\"row-1\">\n\t<th class=\"column-1\">Moniteur<\/th><th class=\"column-2\">Clip pour adultes<\/th><th class=\"column-3\">Clip pour adultes<\/th><th class=\"column-4\">P\u00e9dia. Clip<\/th><th class=\"column-5\">P\u00e9dia. Doux<\/th><th class=\"column-6\">Enveloppement du nouveau-n\u00e9<\/th><th class=\"column-7\">Multi-Y<\/th><th class=\"column-8\">Clip d&#039;oreille pour adulte<\/th><th class=\"column-9\">Connecteur<\/th>\n<\/tr>\n<\/thead>\n<tbody class=\"row-striping row-hover\">\n<tr class=\"row-2\">\n\t<td class=\"column-1\">Aigle 1000, 3000, SMU,<br \/>\nSMK, SMV, cardioserv<\/td><td class=\"column-2\">P9310D<\/td><td class=\"column-3\">P8310D<\/td><td class=\"column-4\">P7310D<\/td><td class=\"column-5\">P6310D<\/td><td class=\"column-6\">P5310D<\/td><td class=\"column-7\">P4310D<\/td><td class=\"column-8\">P3310D<\/td><td class=\"column-9\">CN13<\/td>\n<\/tr>\n<\/tbody>\n<\/table>\n<\/div>\t\t\t\t<\/div>\n\t\t\t\t<\/div>\n\t\t\t\t<\/div>\n\t\t\t\t<\/div>","protected":false},"excerpt":{"rendered":"<p>Clip pour moniteur adulte Clip pour adulte Clip p\u00e9diatrique Clip p\u00e9diatrique Enveloppement souple pour nouveau-n\u00e9 Clip d&#039;oreille adulte multi-Y Connecteur 503 Spot, 504Plus, 504DX, 506DXN angle de 90 degr\u00e9s P9307A P8307A P7307A P6307A P5307A P4307A P3307A CN06 501, 503, 504, 507, 508, 581, 1100, 8100, Poet (602-3A), Scholar P9307 P8307 P7307 P6307 P5307 P4307 P3307 CM5 angle de 90 degr\u00e9s P9107A P8107A [\u2026]<\/p>","protected":false},"featured_media":2156,"comment_status":"open","ping_status":"closed","template":"","meta":{"_acf_changed":false},"product_brand":[66],"product_cat":[211],"product_tag":[],"class_list":{"0":"post-6759","1":"product","2":"type-product","3":"status-publish","4":"has-post-thumbnail","6":"product_brand-ge-hellige","7":"product_cat-reusable-spo2-sensors","9":"first","10":"instock","11":"shipping-taxable","12":"product-type-simple"},"acf":[],"_links":{"self":[{"href":"https:\/\/medkemedical.com\/fr\/wp-json\/wp\/v2\/product\/6759","targetHints":{"allow":["GET"]}}],"collection":[{"href":"https:\/\/medkemedical.com\/fr\/wp-json\/wp\/v2\/product"}],"about":[{"href":"https:\/\/medkemedical.com\/fr\/wp-json\/wp\/v2\/types\/product"}],"replies":[{"embeddable":true,"href":"https:\/\/medkemedical.com\/fr\/wp-json\/wp\/v2\/comments?post=6759"}],"version-history":[{"count":6,"href":"https:\/\/medkemedical.com\/fr\/wp-json\/wp\/v2\/product\/6759\/revisions"}],"predecessor-version":[{"id":6765,"href":"https:\/\/medkemedical.com\/fr\/wp-json\/wp\/v2\/product\/6759\/revisions\/6765"}],"wp:featuredmedia":[{"embeddable":true,"href":"https:\/\/medkemedical.com\/fr\/wp-json\/wp\/v2\/media\/2156"}],"wp:attachment":[{"href":"https:\/\/medkemedical.com\/fr\/wp-json\/wp\/v2\/media?parent=6759"}],"wp:term":[{"taxonomy":"product_brand","embeddable":true,"href":"https:\/\/medkemedical.com\/fr\/wp-json\/wp\/v2\/product_brand?post=6759"},{"taxonomy":"product_cat","embeddable":true,"href":"https:\/\/medkemedical.com\/fr\/wp-json\/wp\/v2\/product_cat?post=6759"},{"taxonomy":"product_tag","embeddable":true,"href":"https:\/\/medkemedical.com\/fr\/wp-json\/wp\/v2\/product_tag?post=6759"}],"curies":[{"name":"wp","href":"https:\/\/api.w.org\/{rel}","templated":true}]}}