{"id":5464,"date":"2025-06-30T16:58:00","date_gmt":"2025-06-30T08:58:00","guid":{"rendered":"https:\/\/medkemedical.com\/?post_type=product&#038;p=5464"},"modified":"2025-06-30T17:00:42","modified_gmt":"2025-06-30T09:00:42","slug":"nellcor-spo2-adapter-cable","status":"publish","type":"product","link":"https:\/\/medkemedical.com\/fr\/produit\/nellcor-spo2-adapter-cable\/","title":{"rendered":"C\u00e2ble adaptateur SpO2 Nellcor"},"content":{"rendered":"<div data-elementor-type=\"product-post\" data-elementor-id=\"5464\" class=\"elementor elementor-5464\" data-elementor-post-type=\"product\">\n\t\t\t\t<div class=\"elementor-element elementor-element-a679dea e-flex e-con-boxed e-con e-parent\" data-id=\"a679dea\" data-element_type=\"container\" data-e-type=\"container\" data-settings=\"{&quot;ekit_has_onepagescroll_dot&quot;:&quot;yes&quot;}\">\n\t\t\t\t\t<div class=\"e-con-inner\">\n\t\t\t\t<div class=\"elementor-element elementor-element-caa2cf6 gallery-spacing-custom elementor-widget elementor-widget-image-gallery\" data-id=\"caa2cf6\" data-element_type=\"widget\" data-e-type=\"widget\" data-settings=\"{&quot;ekit_we_effect_on&quot;:&quot;none&quot;}\" data-widget_type=\"image-gallery.default\">\n\t\t\t\t<div class=\"elementor-widget-container\">\n\t\t\t\t\t\t\t<div class=\"elementor-image-gallery\">\n\t\t\t<div id='gallery-1' class='gallery galleryid-5464 gallery-columns-4 gallery-size-medium'><figure class='gallery-item'>\n\t\t\t<div class='gallery-icon landscape'>\n\t\t\t\t<a data-elementor-open-lightbox=\"yes\" data-elementor-lightbox-slideshow=\"caa2cf6\" data-elementor-lightbox-title=\"P0219\" data-e-action-hash=\"#elementor-action%3Aaction%3Dlightbox%26settings%3DeyJpZCI6NTQ2NywidXJsIjoiaHR0cHM6XC9cL21lZGtlbWVkaWNhbC5jb21cL3dwLWNvbnRlbnRcL3VwbG9hZHNcLzIwMjVcLzA2XC9QMDIxOS5qcGciLCJzbGlkZXNob3ciOiJjYWEyY2Y2In0%3D\" href='https:\/\/medkemedical.com\/wp-content\/uploads\/2025\/06\/P0219.jpg'><img fetchpriority=\"high\" width=\"300\" height=\"300\" src=\"https:\/\/medkemedical.com\/wp-content\/uploads\/2025\/06\/P0219-300x300.jpg\" class=\"attachment-medium size-medium\" alt=\"\" decoding=\"async\" srcset=\"https:\/\/medkemedical.com\/wp-content\/uploads\/2025\/06\/P0219-300x300.jpg 300w, https:\/\/medkemedical.com\/wp-content\/uploads\/2025\/06\/P0219-150x150.jpg 150w, https:\/\/medkemedical.com\/wp-content\/uploads\/2025\/06\/P0219-12x12.jpg 12w, https:\/\/medkemedical.com\/wp-content\/uploads\/2025\/06\/P0219-600x600.jpg 600w, https:\/\/medkemedical.com\/wp-content\/uploads\/2025\/06\/P0219-100x100.jpg 100w, https:\/\/medkemedical.com\/wp-content\/uploads\/2025\/06\/P0219.jpg 640w\" sizes=\"(max-width: 300px) 100vw, 300px\" \/><\/a>\n\t\t\t<\/div><\/figure><figure class='gallery-item'>\n\t\t\t<div class='gallery-icon landscape'>\n\t\t\t\t<a data-elementor-open-lightbox=\"yes\" data-elementor-lightbox-slideshow=\"caa2cf6\" data-elementor-lightbox-title=\"P0219A\" data-e-action-hash=\"#elementor-action%3Aaction%3Dlightbox%26settings%3DeyJpZCI6NTQ2OCwidXJsIjoiaHR0cHM6XC9cL21lZGtlbWVkaWNhbC5jb21cL3dwLWNvbnRlbnRcL3VwbG9hZHNcLzIwMjVcLzA2XC9QMDIxOUEuanBnIiwic2xpZGVzaG93IjoiY2FhMmNmNiJ9\" href='https:\/\/medkemedical.com\/wp-content\/uploads\/2025\/06\/P0219A.jpg'><img width=\"300\" height=\"300\" src=\"https:\/\/medkemedical.com\/wp-content\/uploads\/2025\/06\/P0219A-300x300.jpg\" class=\"attachment-medium size-medium\" alt=\"\" decoding=\"async\" srcset=\"https:\/\/medkemedical.com\/wp-content\/uploads\/2025\/06\/P0219A-300x300.jpg 300w, https:\/\/medkemedical.com\/wp-content\/uploads\/2025\/06\/P0219A-150x150.jpg 150w, https:\/\/medkemedical.com\/wp-content\/uploads\/2025\/06\/P0219A-12x12.jpg 12w, https:\/\/medkemedical.com\/wp-content\/uploads\/2025\/06\/P0219A-600x600.jpg 600w, https:\/\/medkemedical.com\/wp-content\/uploads\/2025\/06\/P0219A-100x100.jpg 100w, https:\/\/medkemedical.com\/wp-content\/uploads\/2025\/06\/P0219A.jpg 640w\" sizes=\"(max-width: 300px) 100vw, 300px\" \/><\/a>\n\t\t\t<\/div><\/figure><figure class='gallery-item'>\n\t\t\t<div class='gallery-icon landscape'>\n\t\t\t\t<a data-elementor-open-lightbox=\"yes\" data-elementor-lightbox-slideshow=\"caa2cf6\" data-elementor-lightbox-title=\"P0219B\" data-e-action-hash=\"#elementor-action%3Aaction%3Dlightbox%26settings%3DeyJpZCI6NTQ2OSwidXJsIjoiaHR0cHM6XC9cL21lZGtlbWVkaWNhbC5jb21cL3dwLWNvbnRlbnRcL3VwbG9hZHNcLzIwMjVcLzA2XC9QMDIxOUIuanBnIiwic2xpZGVzaG93IjoiY2FhMmNmNiJ9\" href='https:\/\/medkemedical.com\/wp-content\/uploads\/2025\/06\/P0219B.jpg'><img width=\"300\" height=\"300\" src=\"https:\/\/medkemedical.com\/wp-content\/uploads\/2025\/06\/P0219B-300x300.jpg\" class=\"attachment-medium size-medium\" alt=\"\" decoding=\"async\" srcset=\"https:\/\/medkemedical.com\/wp-content\/uploads\/2025\/06\/P0219B-300x300.jpg 300w, https:\/\/medkemedical.com\/wp-content\/uploads\/2025\/06\/P0219B-150x150.jpg 150w, https:\/\/medkemedical.com\/wp-content\/uploads\/2025\/06\/P0219B-12x12.jpg 12w, https:\/\/medkemedical.com\/wp-content\/uploads\/2025\/06\/P0219B-600x600.jpg 600w, https:\/\/medkemedical.com\/wp-content\/uploads\/2025\/06\/P0219B-100x100.jpg 100w, https:\/\/medkemedical.com\/wp-content\/uploads\/2025\/06\/P0219B.jpg 640w\" sizes=\"(max-width: 300px) 100vw, 300px\" \/><\/a>\n\t\t\t<\/div><\/figure><figure class='gallery-item'>\n\t\t\t<div class='gallery-icon landscape'>\n\t\t\t\t<a data-elementor-open-lightbox=\"yes\" data-elementor-lightbox-slideshow=\"caa2cf6\" data-elementor-lightbox-title=\"P0219F\" data-e-action-hash=\"#elementor-action%3Aaction%3Dlightbox%26settings%3DeyJpZCI6NTQ3MSwidXJsIjoiaHR0cHM6XC9cL21lZGtlbWVkaWNhbC5jb21cL3dwLWNvbnRlbnRcL3VwbG9hZHNcLzIwMjVcLzA2XC9QMDIxOUYuanBnIiwic2xpZGVzaG93IjoiY2FhMmNmNiJ9\" href='https:\/\/medkemedical.com\/wp-content\/uploads\/2025\/06\/P0219F.jpg'><img loading=\"lazy\" width=\"300\" height=\"300\" src=\"https:\/\/medkemedical.com\/wp-content\/uploads\/2025\/06\/P0219F-300x300.jpg\" class=\"attachment-medium size-medium\" alt=\"\" decoding=\"async\" srcset=\"https:\/\/medkemedical.com\/wp-content\/uploads\/2025\/06\/P0219F-300x300.jpg 300w, https:\/\/medkemedical.com\/wp-content\/uploads\/2025\/06\/P0219F-150x150.jpg 150w, https:\/\/medkemedical.com\/wp-content\/uploads\/2025\/06\/P0219F-12x12.jpg 12w, https:\/\/medkemedical.com\/wp-content\/uploads\/2025\/06\/P0219F-600x600.jpg 600w, https:\/\/medkemedical.com\/wp-content\/uploads\/2025\/06\/P0219F-100x100.jpg 100w, https:\/\/medkemedical.com\/wp-content\/uploads\/2025\/06\/P0219F.jpg 640w\" sizes=\"(max-width: 300px) 100vw, 300px\" \/><\/a>\n\t\t\t<\/div><\/figure>\n\t\t<\/div>\n\t\t<\/div>\n\t\t\t\t\t\t<\/div>\n\t\t\t\t<\/div>\n\t\t\t\t\t<\/div>\n\t\t\t\t<\/div>\n\t\t<div class=\"elementor-element elementor-element-d17b21e e-con-full e-flex e-con e-parent\" data-id=\"d17b21e\" data-element_type=\"container\" data-e-type=\"container\" data-settings=\"{&quot;ekit_has_onepagescroll_dot&quot;:&quot;yes&quot;}\">\n\t\t\t\t<div class=\"elementor-element elementor-element-405df2f elementor-widget elementor-widget-elementskit-tablepress\" data-id=\"405df2f\" data-element_type=\"widget\" data-e-type=\"widget\" data-settings=\"{&quot;ekit_we_effect_on&quot;:&quot;none&quot;}\" data-widget_type=\"elementskit-tablepress.default\">\n\t\t\t\t<div class=\"elementor-widget-container\">\n\t\t\t\t\t<div class=\"elemenetskit-tablepress ekit-wid-con\" id=\"ekit_tablepress_405df2f\">\n<table id=\"tablepress-292\" class=\"tablepress tablepress-id-292 tbody-has-connected-cells\">\n<thead>\n<tr class=\"row-1\">\n\t<th class=\"column-1\">Moniteur<\/th><th class=\"column-2\">Code de commande<\/th><th class=\"column-3\">Utiliser avec le capteur<\/th><th class=\"column-4\">Connecteur c\u00f4t\u00e9 moniteur. P\/N<\/th><th class=\"column-5\">Connecteur c\u00f4t\u00e9 capteur P\/N<\/th>\n<\/tr>\n<\/thead>\n<tbody class=\"row-striping row-hover\">\n<tr class=\"row-2\">\n\t<td rowspan=\"7\" class=\"column-1\">Nellcor<\/td><td class=\"column-2\">P0219<\/td><td class=\"column-3\">Nellcor sans Oximax<\/td><td class=\"column-4\">CN30<\/td><td class=\"column-5\">CN49<\/td>\n<\/tr>\n<tr class=\"row-3\">\n\t<td class=\"column-2\">P0019A<\/td><td class=\"column-3\">Nellcor non-Oximax\/BCI<\/td><td class=\"column-4\"><\/td><td class=\"column-5\"><\/td>\n<\/tr>\n<tr class=\"row-4\">\n\t<td class=\"column-2\">P0219A<\/td><td class=\"column-3\">Nellcor non-Oximax\/BCI<\/td><td class=\"column-4\">CN31<\/td><td class=\"column-5\">CN51<\/td>\n<\/tr>\n<tr class=\"row-5\">\n\t<td class=\"column-2\">P0219B<\/td><td rowspan=\"2\" class=\"column-3\">Nellcor sans Oximax<\/td><td class=\"column-4\">CN22<\/td><td rowspan=\"2\" class=\"column-5\">CN49<\/td>\n<\/tr>\n<tr class=\"row-6\">\n\t<td class=\"column-2\">P0219E<\/td><td class=\"column-4\">CN31<\/td>\n<\/tr>\n<tr class=\"row-7\">\n\t<td class=\"column-2\">P0219F<\/td><td rowspan=\"2\" class=\"column-3\">Nellcor Oximax<\/td><td class=\"column-4\">CN22<\/td><td rowspan=\"2\" class=\"column-5\">CN51<\/td>\n<\/tr>\n<tr class=\"row-8\">\n\t<td class=\"column-2\">P0319C<\/td><td class=\"column-4\">CN46<\/td>\n<\/tr>\n<\/tbody>\n<\/table>\n<\/div>\t\t\t\t<\/div>\n\t\t\t\t<\/div>\n\t\t\t\t<\/div>\n\t\t\t\t<\/div>","protected":false},"excerpt":{"rendered":"<p>Modifier le code de commande du moniteur. Utilisation avec le connecteur c\u00f4t\u00e9 moniteur du capteur. R\u00e9f\u00e9rence du connecteur c\u00f4t\u00e9 capteur\u00a0: Baxter P0202, Nellcor nonoximax \/ BCI CN03 CN49<\/p>","protected":false},"featured_media":5467,"comment_status":"open","ping_status":"closed","template":"","meta":{"_acf_changed":false},"product_brand":[35],"product_cat":[212],"product_tag":[],"class_list":{"0":"post-5464","1":"product","2":"type-product","3":"status-publish","4":"has-post-thumbnail","6":"product_brand-nellcor","7":"product_cat-spo2-adapter-cables","9":"first","10":"instock","11":"shipping-taxable","12":"product-type-simple"},"acf":[],"_links":{"self":[{"href":"https:\/\/medkemedical.com\/fr\/wp-json\/wp\/v2\/product\/5464","targetHints":{"allow":["GET"]}}],"collection":[{"href":"https:\/\/medkemedical.com\/fr\/wp-json\/wp\/v2\/product"}],"about":[{"href":"https:\/\/medkemedical.com\/fr\/wp-json\/wp\/v2\/types\/product"}],"replies":[{"embeddable":true,"href":"https:\/\/medkemedical.com\/fr\/wp-json\/wp\/v2\/comments?post=5464"}],"version-history":[{"count":6,"href":"https:\/\/medkemedical.com\/fr\/wp-json\/wp\/v2\/product\/5464\/revisions"}],"predecessor-version":[{"id":5475,"href":"https:\/\/medkemedical.com\/fr\/wp-json\/wp\/v2\/product\/5464\/revisions\/5475"}],"wp:featuredmedia":[{"embeddable":true,"href":"https:\/\/medkemedical.com\/fr\/wp-json\/wp\/v2\/media\/5467"}],"wp:attachment":[{"href":"https:\/\/medkemedical.com\/fr\/wp-json\/wp\/v2\/media?parent=5464"}],"wp:term":[{"taxonomy":"product_brand","embeddable":true,"href":"https:\/\/medkemedical.com\/fr\/wp-json\/wp\/v2\/product_brand?post=5464"},{"taxonomy":"product_cat","embeddable":true,"href":"https:\/\/medkemedical.com\/fr\/wp-json\/wp\/v2\/product_cat?post=5464"},{"taxonomy":"product_tag","embeddable":true,"href":"https:\/\/medkemedical.com\/fr\/wp-json\/wp\/v2\/product_tag?post=5464"}],"curies":[{"name":"wp","href":"https:\/\/api.w.org\/{rel}","templated":true}]}}