{"id":4883,"date":"2025-05-29T16:14:57","date_gmt":"2025-05-29T08:14:57","guid":{"rendered":"https:\/\/medkemedical.com\/?post_type=product&#038;p=4883"},"modified":"2025-05-29T16:44:16","modified_gmt":"2025-05-29T08:44:16","slug":"reusable-grounding-pad-connecting-cable-cpb305","status":"publish","type":"product","link":"https:\/\/medkemedical.com\/fr\/produit\/reusable-grounding-pad-connecting-cable-cpb305\/","title":{"rendered":"C\u00e2ble de connexion de mise \u00e0 la terre r\u00e9utilisable CPB305"},"content":{"rendered":"<div data-elementor-type=\"product-post\" data-elementor-id=\"4883\" class=\"elementor elementor-4883\" data-elementor-post-type=\"product\">\n\t\t\t\t<div class=\"elementor-element elementor-element-8521166 e-flex e-con-boxed e-con e-parent\" data-id=\"8521166\" data-element_type=\"container\" data-e-type=\"container\" data-settings=\"{&quot;ekit_has_onepagescroll_dot&quot;:&quot;yes&quot;}\">\n\t\t\t\t\t<div class=\"e-con-inner\">\n\t\t\t\t<div class=\"elementor-element elementor-element-a4390c2 gallery-spacing-custom elementor-widget elementor-widget-image-gallery\" data-id=\"a4390c2\" data-element_type=\"widget\" data-e-type=\"widget\" data-settings=\"{&quot;ekit_we_effect_on&quot;:&quot;none&quot;}\" data-widget_type=\"image-gallery.default\">\n\t\t\t\t<div class=\"elementor-widget-container\">\n\t\t\t\t\t\t\t<div class=\"elementor-image-gallery\">\n\t\t\t<div id='gallery-1' class='gallery galleryid-4883 gallery-columns-4 gallery-size-medium'><figure class='gallery-item'>\n\t\t\t<div class='gallery-icon landscape'>\n\t\t\t\t<a data-elementor-open-lightbox=\"yes\" data-elementor-lightbox-slideshow=\"a4390c2\" data-elementor-lightbox-title=\"DSC04669\" data-e-action-hash=\"#elementor-action%3Aaction%3Dlightbox%26settings%3DeyJpZCI6NDg4OCwidXJsIjoiaHR0cHM6XC9cL21lZGtlbWVkaWNhbC5jb21cL3dwLWNvbnRlbnRcL3VwbG9hZHNcLzIwMjVcLzA1XC9EU0MwNDY2OS1zY2FsZWQuanBnIiwic2xpZGVzaG93IjoiYTQzOTBjMiJ9\" href='https:\/\/medkemedical.com\/wp-content\/uploads\/2025\/05\/DSC04669-scaled.jpg'><img fetchpriority=\"high\" width=\"300\" height=\"225\" src=\"https:\/\/medkemedical.com\/wp-content\/uploads\/2025\/05\/DSC04669-300x225.jpg\" class=\"attachment-medium size-medium\" alt=\"\" decoding=\"async\" srcset=\"https:\/\/medkemedical.com\/wp-content\/uploads\/2025\/05\/DSC04669-300x225.jpg 300w, https:\/\/medkemedical.com\/wp-content\/uploads\/2025\/05\/DSC04669-1024x769.jpg 1024w, https:\/\/medkemedical.com\/wp-content\/uploads\/2025\/05\/DSC04669-768x577.jpg 768w, https:\/\/medkemedical.com\/wp-content\/uploads\/2025\/05\/DSC04669-1536x1153.jpg 1536w, https:\/\/medkemedical.com\/wp-content\/uploads\/2025\/05\/DSC04669-2048x1538.jpg 2048w, https:\/\/medkemedical.com\/wp-content\/uploads\/2025\/05\/DSC04669-600x450.jpg 600w\" sizes=\"(max-width: 300px) 100vw, 300px\" \/><\/a>\n\t\t\t<\/div><\/figure><figure class='gallery-item'>\n\t\t\t<div class='gallery-icon landscape'>\n\t\t\t\t<a data-elementor-open-lightbox=\"yes\" data-elementor-lightbox-slideshow=\"a4390c2\" data-elementor-lightbox-title=\"DSC04688\" data-e-action-hash=\"#elementor-action%3Aaction%3Dlightbox%26settings%3DeyJpZCI6NDg4OSwidXJsIjoiaHR0cHM6XC9cL21lZGtlbWVkaWNhbC5jb21cL3dwLWNvbnRlbnRcL3VwbG9hZHNcLzIwMjVcLzA1XC9EU0MwNDY4OC1zY2FsZWQuanBnIiwic2xpZGVzaG93IjoiYTQzOTBjMiJ9\" href='https:\/\/medkemedical.com\/wp-content\/uploads\/2025\/05\/DSC04688-scaled.jpg'><img width=\"300\" height=\"225\" src=\"https:\/\/medkemedical.com\/wp-content\/uploads\/2025\/05\/DSC04688-300x225.jpg\" class=\"attachment-medium size-medium\" alt=\"\" decoding=\"async\" srcset=\"https:\/\/medkemedical.com\/wp-content\/uploads\/2025\/05\/DSC04688-300x225.jpg 300w, https:\/\/medkemedical.com\/wp-content\/uploads\/2025\/05\/DSC04688-1024x769.jpg 1024w, https:\/\/medkemedical.com\/wp-content\/uploads\/2025\/05\/DSC04688-768x577.jpg 768w, https:\/\/medkemedical.com\/wp-content\/uploads\/2025\/05\/DSC04688-1536x1153.jpg 1536w, https:\/\/medkemedical.com\/wp-content\/uploads\/2025\/05\/DSC04688-2048x1538.jpg 2048w, https:\/\/medkemedical.com\/wp-content\/uploads\/2025\/05\/DSC04688-600x450.jpg 600w\" sizes=\"(max-width: 300px) 100vw, 300px\" \/><\/a>\n\t\t\t<\/div><\/figure><figure class='gallery-item'>\n\t\t\t<div class='gallery-icon landscape'>\n\t\t\t\t<a data-elementor-open-lightbox=\"yes\" data-elementor-lightbox-slideshow=\"a4390c2\" data-elementor-lightbox-title=\"DSC04693\" data-e-action-hash=\"#elementor-action%3Aaction%3Dlightbox%26settings%3DeyJpZCI6NDg5MCwidXJsIjoiaHR0cHM6XC9cL21lZGtlbWVkaWNhbC5jb21cL3dwLWNvbnRlbnRcL3VwbG9hZHNcLzIwMjVcLzA1XC9EU0MwNDY5My1zY2FsZWQuanBnIiwic2xpZGVzaG93IjoiYTQzOTBjMiJ9\" href='https:\/\/medkemedical.com\/wp-content\/uploads\/2025\/05\/DSC04693-scaled.jpg'><img width=\"300\" height=\"225\" src=\"https:\/\/medkemedical.com\/wp-content\/uploads\/2025\/05\/DSC04693-300x225.jpg\" class=\"attachment-medium size-medium\" alt=\"\" decoding=\"async\" srcset=\"https:\/\/medkemedical.com\/wp-content\/uploads\/2025\/05\/DSC04693-300x225.jpg 300w, https:\/\/medkemedical.com\/wp-content\/uploads\/2025\/05\/DSC04693-1024x769.jpg 1024w, https:\/\/medkemedical.com\/wp-content\/uploads\/2025\/05\/DSC04693-768x577.jpg 768w, https:\/\/medkemedical.com\/wp-content\/uploads\/2025\/05\/DSC04693-1536x1153.jpg 1536w, https:\/\/medkemedical.com\/wp-content\/uploads\/2025\/05\/DSC04693-2048x1538.jpg 2048w, https:\/\/medkemedical.com\/wp-content\/uploads\/2025\/05\/DSC04693-600x450.jpg 600w\" sizes=\"(max-width: 300px) 100vw, 300px\" \/><\/a>\n\t\t\t<\/div><\/figure><figure class='gallery-item'>\n\t\t\t<div class='gallery-icon landscape'>\n\t\t\t\t<a data-elementor-open-lightbox=\"yes\" data-elementor-lightbox-slideshow=\"a4390c2\" data-elementor-lightbox-title=\"DSC04668\" data-e-action-hash=\"#elementor-action%3Aaction%3Dlightbox%26settings%3DeyJpZCI6NDg4NywidXJsIjoiaHR0cHM6XC9cL21lZGtlbWVkaWNhbC5jb21cL3dwLWNvbnRlbnRcL3VwbG9hZHNcLzIwMjVcLzA1XC9EU0MwNDY2OC1zY2FsZWQuanBnIiwic2xpZGVzaG93IjoiYTQzOTBjMiJ9\" href='https:\/\/medkemedical.com\/wp-content\/uploads\/2025\/05\/DSC04668-scaled.jpg'><img loading=\"lazy\" width=\"300\" height=\"225\" src=\"https:\/\/medkemedical.com\/wp-content\/uploads\/2025\/05\/DSC04668-300x225.jpg\" class=\"attachment-medium size-medium\" alt=\"\" decoding=\"async\" srcset=\"https:\/\/medkemedical.com\/wp-content\/uploads\/2025\/05\/DSC04668-300x225.jpg 300w, https:\/\/medkemedical.com\/wp-content\/uploads\/2025\/05\/DSC04668-1024x769.jpg 1024w, https:\/\/medkemedical.com\/wp-content\/uploads\/2025\/05\/DSC04668-768x577.jpg 768w, https:\/\/medkemedical.com\/wp-content\/uploads\/2025\/05\/DSC04668-1536x1153.jpg 1536w, https:\/\/medkemedical.com\/wp-content\/uploads\/2025\/05\/DSC04668-2048x1538.jpg 2048w, https:\/\/medkemedical.com\/wp-content\/uploads\/2025\/05\/DSC04668-600x450.jpg 600w\" sizes=\"(max-width: 300px) 100vw, 300px\" \/><\/a>\n\t\t\t<\/div><\/figure>\n\t\t<\/div>\n\t\t<\/div>\n\t\t\t\t\t\t<\/div>\n\t\t\t\t<\/div>\n\t\t\t\t\t<\/div>\n\t\t\t\t<\/div>\n\t\t<div class=\"elementor-element elementor-element-35d6a73 e-flex e-con-boxed e-con e-parent\" data-id=\"35d6a73\" data-element_type=\"container\" data-e-type=\"container\" data-settings=\"{&quot;ekit_has_onepagescroll_dot&quot;:&quot;yes&quot;}\">\n\t\t\t\t\t<div class=\"e-con-inner\">\n\t\t\t\t<div class=\"elementor-element elementor-element-533a8cf elementor-widget elementor-widget-text-editor\" data-id=\"533a8cf\" data-element_type=\"widget\" data-e-type=\"widget\" data-settings=\"{&quot;ekit_we_effect_on&quot;:&quot;none&quot;}\" data-widget_type=\"text-editor.default\">\n\t\t\t\t<div class=\"elementor-widget-container\">\n\t\t\t\t\t\t\t\t\t<ul><li>3,0 m, noir (fin)<\/li><li>Fiche Figure 8<\/li><li>Fiche \u00e0 deux trous avec broches<\/li><\/ul>\t\t\t\t\t\t\t\t<\/div>\n\t\t\t\t<\/div>\n\t\t\t\t\t<\/div>\n\t\t\t\t<\/div>\n\t\t\t\t<\/div>","protected":false},"excerpt":{"rendered":"<p>3.0m,Black (Thin) Figure 8 Plug Two-hole Plug with Pins<\/p>","protected":false},"featured_media":4884,"comment_status":"open","ping_status":"closed","template":"","meta":{"_acf_changed":false},"product_brand":[],"product_cat":[199],"product_tag":[],"class_list":{"0":"post-4883","1":"product","2":"type-product","3":"status-publish","4":"has-post-thumbnail","6":"product_cat-grounding-pad-connecting-cables","8":"first","9":"instock","10":"shipping-taxable","11":"product-type-simple"},"acf":[],"_links":{"self":[{"href":"https:\/\/medkemedical.com\/fr\/wp-json\/wp\/v2\/product\/4883","targetHints":{"allow":["GET"]}}],"collection":[{"href":"https:\/\/medkemedical.com\/fr\/wp-json\/wp\/v2\/product"}],"about":[{"href":"https:\/\/medkemedical.com\/fr\/wp-json\/wp\/v2\/types\/product"}],"replies":[{"embeddable":true,"href":"https:\/\/medkemedical.com\/fr\/wp-json\/wp\/v2\/comments?post=4883"}],"version-history":[{"count":17,"href":"https:\/\/medkemedical.com\/fr\/wp-json\/wp\/v2\/product\/4883\/revisions"}],"predecessor-version":[{"id":4940,"href":"https:\/\/medkemedical.com\/fr\/wp-json\/wp\/v2\/product\/4883\/revisions\/4940"}],"wp:featuredmedia":[{"embeddable":true,"href":"https:\/\/medkemedical.com\/fr\/wp-json\/wp\/v2\/media\/4884"}],"wp:attachment":[{"href":"https:\/\/medkemedical.com\/fr\/wp-json\/wp\/v2\/media?parent=4883"}],"wp:term":[{"taxonomy":"product_brand","embeddable":true,"href":"https:\/\/medkemedical.com\/fr\/wp-json\/wp\/v2\/product_brand?post=4883"},{"taxonomy":"product_cat","embeddable":true,"href":"https:\/\/medkemedical.com\/fr\/wp-json\/wp\/v2\/product_cat?post=4883"},{"taxonomy":"product_tag","embeddable":true,"href":"https:\/\/medkemedical.com\/fr\/wp-json\/wp\/v2\/product_tag?post=4883"}],"curies":[{"name":"wp","href":"https:\/\/api.w.org\/{rel}","templated":true}]}}