{"id":4578,"date":"2025-05-27T17:23:27","date_gmt":"2025-05-27T09:23:27","guid":{"rendered":"https:\/\/medkemedical.com\/?post_type=product&#038;p=4578"},"modified":"2025-05-27T17:25:28","modified_gmt":"2025-05-27T09:25:28","slug":"male-plug-fixed-4-0mm3p28-58mm-generator-side-connector-bipolar-forceps-cables","status":"publish","type":"product","link":"https:\/\/medkemedical.com\/fr\/produit\/male-plug-fixed-4-0mm3p28-58mm-generator-side-connector-bipolar-forceps-cables\/","title":{"rendered":"Connecteur m\u00e2le fixe 4,0 mm x 3 broches + 28,58 mm c\u00f4t\u00e9 g\u00e9n\u00e9rateur, c\u00e2bles \u00e0 pince bipolaire"},"content":{"rendered":"<div data-elementor-type=\"product-post\" data-elementor-id=\"4578\" class=\"elementor elementor-4578\" data-elementor-post-type=\"product\">\n\t\t\t\t<div class=\"elementor-element elementor-element-8521166 e-flex e-con-boxed e-con e-parent\" data-id=\"8521166\" data-element_type=\"container\" data-e-type=\"container\" data-settings=\"{&quot;ekit_has_onepagescroll_dot&quot;:&quot;yes&quot;}\">\n\t\t\t\t\t<div class=\"e-con-inner\">\n\t\t\t\t<div class=\"elementor-element elementor-element-a4390c2 gallery-spacing-custom elementor-widget elementor-widget-image-gallery\" data-id=\"a4390c2\" data-element_type=\"widget\" data-e-type=\"widget\" data-settings=\"{&quot;ekit_we_effect_on&quot;:&quot;none&quot;}\" data-widget_type=\"image-gallery.default\">\n\t\t\t\t<div class=\"elementor-widget-container\">\n\t\t\t\t\t\t\t<div class=\"elementor-image-gallery\">\n\t\t\t<div id='gallery-1' class='gallery galleryid-4578 gallery-columns-3 gallery-size-medium'><figure class='gallery-item'>\n\t\t\t<div class='gallery-icon landscape'>\n\t\t\t\t<a data-elementor-open-lightbox=\"yes\" data-elementor-lightbox-slideshow=\"a4390c2\" data-elementor-lightbox-title=\"DSC06004\" data-e-action-hash=\"#elementor-action%3Aaction%3Dlightbox%26settings%3DeyJpZCI6NDU3OSwidXJsIjoiaHR0cHM6XC9cL21lZGtlbWVkaWNhbC5jb21cL3dwLWNvbnRlbnRcL3VwbG9hZHNcLzIwMjVcLzA1XC9EU0MwNjAwNC1zY2FsZWQuanBnIiwic2xpZGVzaG93IjoiYTQzOTBjMiJ9\" href='https:\/\/medkemedical.com\/wp-content\/uploads\/2025\/05\/DSC06004-scaled.jpg'><img fetchpriority=\"high\" width=\"300\" height=\"300\" src=\"https:\/\/medkemedical.com\/wp-content\/uploads\/2025\/05\/DSC06004-300x300.jpg\" class=\"attachment-medium size-medium\" alt=\"\" decoding=\"async\" srcset=\"https:\/\/medkemedical.com\/wp-content\/uploads\/2025\/05\/DSC06004-300x300.jpg 300w, https:\/\/medkemedical.com\/wp-content\/uploads\/2025\/05\/DSC06004-1024x1024.jpg 1024w, https:\/\/medkemedical.com\/wp-content\/uploads\/2025\/05\/DSC06004-150x150.jpg 150w, https:\/\/medkemedical.com\/wp-content\/uploads\/2025\/05\/DSC06004-768x768.jpg 768w, https:\/\/medkemedical.com\/wp-content\/uploads\/2025\/05\/DSC06004-1536x1536.jpg 1536w, https:\/\/medkemedical.com\/wp-content\/uploads\/2025\/05\/DSC06004-2048x2048.jpg 2048w, https:\/\/medkemedical.com\/wp-content\/uploads\/2025\/05\/DSC06004-600x600.jpg 600w, https:\/\/medkemedical.com\/wp-content\/uploads\/2025\/05\/DSC06004-100x100.jpg 100w\" sizes=\"(max-width: 300px) 100vw, 300px\" \/><\/a>\n\t\t\t<\/div><\/figure><figure class='gallery-item'>\n\t\t\t<div class='gallery-icon landscape'>\n\t\t\t\t<a data-elementor-open-lightbox=\"yes\" data-elementor-lightbox-slideshow=\"a4390c2\" data-elementor-lightbox-title=\"CPD308\" data-e-action-hash=\"#elementor-action%3Aaction%3Dlightbox%26settings%3DeyJpZCI6NDU4MSwidXJsIjoiaHR0cHM6XC9cL21lZGtlbWVkaWNhbC5jb21cL3dwLWNvbnRlbnRcL3VwbG9hZHNcLzIwMjVcLzA1XC9DUEQzMDguanBnIiwic2xpZGVzaG93IjoiYTQzOTBjMiJ9\" href='https:\/\/medkemedical.com\/wp-content\/uploads\/2025\/05\/CPD308.jpg'><img width=\"300\" height=\"300\" src=\"https:\/\/medkemedical.com\/wp-content\/uploads\/2025\/05\/CPD308-300x300.jpg\" class=\"attachment-medium size-medium\" alt=\"\" decoding=\"async\" srcset=\"https:\/\/medkemedical.com\/wp-content\/uploads\/2025\/05\/CPD308-300x300.jpg 300w, https:\/\/medkemedical.com\/wp-content\/uploads\/2025\/05\/CPD308-150x150.jpg 150w, https:\/\/medkemedical.com\/wp-content\/uploads\/2025\/05\/CPD308-600x600.jpg 600w, https:\/\/medkemedical.com\/wp-content\/uploads\/2025\/05\/CPD308-100x100.jpg 100w, https:\/\/medkemedical.com\/wp-content\/uploads\/2025\/05\/CPD308.jpg 640w\" sizes=\"(max-width: 300px) 100vw, 300px\" \/><\/a>\n\t\t\t<\/div><\/figure>\n\t\t<\/div>\n\t\t<\/div>\n\t\t\t\t\t\t<\/div>\n\t\t\t\t<\/div>\n\t\t\t\t\t<\/div>\n\t\t\t\t<\/div>\n\t\t<div class=\"elementor-element elementor-element-f3e16d6 e-con-full e-flex e-con e-parent\" data-id=\"f3e16d6\" data-element_type=\"container\" data-e-type=\"container\" data-settings=\"{&quot;ekit_has_onepagescroll_dot&quot;:&quot;yes&quot;}\">\n\t\t\t\t<div class=\"elementor-element elementor-element-6ed024f elementor-widget elementor-widget-elementskit-tablepress\" data-id=\"6ed024f\" data-element_type=\"widget\" data-e-type=\"widget\" data-settings=\"{&quot;ekit_we_effect_on&quot;:&quot;none&quot;}\" data-widget_type=\"elementskit-tablepress.default\">\n\t\t\t\t<div class=\"elementor-widget-container\">\n\t\t\t\t\t<div class=\"elemenetskit-tablepress ekit-wid-con\" id=\"ekit_tablepress_6ed024f\">\n<table id=\"tablepress-248\" class=\"tablepress tablepress-id-248 tbody-has-connected-cells\">\n<thead>\n<tr class=\"row-1\">\n\t<td class=\"column-1\"><\/td><td class=\"column-2\"><\/td><td class=\"column-3\"><\/td><th class=\"column-4\">Connecteur c\u00f4t\u00e9 g\u00e9n\u00e9rateur<\/th><th class=\"column-5\">Compatible<\/th>\n<\/tr>\n<\/thead>\n<tbody class=\"row-striping row-hover\">\n<tr class=\"row-2\">\n\t<td class=\"column-1\">Connecteur c\u00f4t\u00e9 instrument<\/td><td class=\"column-2\">Prise femelle Photo<\/td><td class=\"column-3\">Code de commande<\/td><td class=\"column-4\">Fixe 4,0 mm * 3P<br \/>\n+28,58 mm<\/td><td class=\"column-5\"><\/td>\n<\/tr>\n<tr class=\"row-3\">\n\t<td class=\"column-1\">Pince de type Euro<\/td><td class=\"column-2\"><img decoding=\"async\" src=\"https:\/\/medkemedical.com\/wp-content\/uploads\/2025\/05\/DSC06009-1-300x139.jpg\" alt=\"\" width=\"300\" height=\"139\" class=\"alignnone size-medium wp-image-4431\" srcset=\"https:\/\/medkemedical.com\/wp-content\/uploads\/2025\/05\/DSC06009-1-300x139.jpg 300w, https:\/\/medkemedical.com\/wp-content\/uploads\/2025\/05\/DSC06009-1-1024x475.jpg 1024w, https:\/\/medkemedical.com\/wp-content\/uploads\/2025\/05\/DSC06009-1-768x357.jpg 768w, https:\/\/medkemedical.com\/wp-content\/uploads\/2025\/05\/DSC06009-1-1536x713.jpg 1536w, https:\/\/medkemedical.com\/wp-content\/uploads\/2025\/05\/DSC06009-1-2048x951.jpg 2048w, https:\/\/medkemedical.com\/wp-content\/uploads\/2025\/05\/DSC06009-1-600x279.jpg 600w\" sizes=\"(max-width: 300px) 100vw, 300px\" \/><\/td><td class=\"column-3\">CP1024<\/td><td rowspan=\"2\" class=\"column-4\"><img loading=\"lazy\" decoding=\"async\" src=\"https:\/\/medkemedical.com\/wp-content\/uploads\/2025\/05\/DSC06006-1-300x166.jpg\" alt=\"\" width=\"300\" height=\"166\" class=\"alignnone size-medium wp-image-4430\" srcset=\"https:\/\/medkemedical.com\/wp-content\/uploads\/2025\/05\/DSC06006-1-300x166.jpg 300w, https:\/\/medkemedical.com\/wp-content\/uploads\/2025\/05\/DSC06006-1-1024x568.jpg 1024w, https:\/\/medkemedical.com\/wp-content\/uploads\/2025\/05\/DSC06006-1-768x426.jpg 768w, https:\/\/medkemedical.com\/wp-content\/uploads\/2025\/05\/DSC06006-1-1536x852.jpg 1536w, https:\/\/medkemedical.com\/wp-content\/uploads\/2025\/05\/DSC06006-1-2048x1136.jpg 2048w, https:\/\/medkemedical.com\/wp-content\/uploads\/2025\/05\/DSC06006-1-600x333.jpg 600w\" sizes=\"(max-width: 300px) 100vw, 300px\" \/><\/td><td class=\"column-5\">Bowa, EMC, Lamidey, Erbe v\u0131o,<br \/>\nValleylab, Ethicon, Olympus, Wolf<\/td>\n<\/tr>\n<tr class=\"row-4\">\n\t<td class=\"column-1\">Douille \u03a61,0 mm<\/td><td class=\"column-2\"><img loading=\"lazy\" decoding=\"async\" src=\"https:\/\/medkemedical.com\/wp-content\/uploads\/2025\/05\/DSC07578-300x225.jpg\" alt=\"\" width=\"300\" height=\"225\" class=\"alignnone size-medium wp-image-4432\" srcset=\"https:\/\/medkemedical.com\/wp-content\/uploads\/2025\/05\/DSC07578-300x225.jpg 300w, https:\/\/medkemedical.com\/wp-content\/uploads\/2025\/05\/DSC07578-1024x769.jpg 1024w, https:\/\/medkemedical.com\/wp-content\/uploads\/2025\/05\/DSC07578-768x577.jpg 768w, https:\/\/medkemedical.com\/wp-content\/uploads\/2025\/05\/DSC07578-1536x1153.jpg 1536w, https:\/\/medkemedical.com\/wp-content\/uploads\/2025\/05\/DSC07578-2048x1538.jpg 2048w, https:\/\/medkemedical.com\/wp-content\/uploads\/2025\/05\/DSC07578-600x450.jpg 600w\" sizes=\"(max-width: 300px) 100vw, 300px\" \/><\/td><td class=\"column-3\">CPD308<\/td><td class=\"column-5\">Stryker<\/td>\n<\/tr>\n<\/tbody>\n<\/table>\n<\/div>\t\t\t\t<\/div>\n\t\t\t\t<\/div>\n\t\t\t\t<\/div>\n\t\t\t\t<\/div>","protected":false},"excerpt":{"rendered":"<p>Edit Generator Side Connector Compatible Instrument Side Connector Female Plug Photo Order Code Fixed 4.0mm*3P +28.58mm Euro forceps type CP1024 Bowa, EMC, Lamidey, Erbe v\u0131o , Valleylab,Ethicon, Olympus,Wolf \u03a61.0mm Socket CPD308 stryker<\/p>","protected":false},"featured_media":4579,"comment_status":"open","ping_status":"closed","template":"","meta":{"_acf_changed":false},"product_brand":[],"product_cat":[139],"product_tag":[],"class_list":{"0":"post-4578","1":"product","2":"type-product","3":"status-publish","4":"has-post-thumbnail","6":"product_cat-bipolar-forceps-cables","8":"first","9":"instock","10":"shipping-taxable","11":"product-type-simple"},"acf":[],"_links":{"self":[{"href":"https:\/\/medkemedical.com\/fr\/wp-json\/wp\/v2\/product\/4578","targetHints":{"allow":["GET"]}}],"collection":[{"href":"https:\/\/medkemedical.com\/fr\/wp-json\/wp\/v2\/product"}],"about":[{"href":"https:\/\/medkemedical.com\/fr\/wp-json\/wp\/v2\/types\/product"}],"replies":[{"embeddable":true,"href":"https:\/\/medkemedical.com\/fr\/wp-json\/wp\/v2\/comments?post=4578"}],"version-history":[{"count":4,"href":"https:\/\/medkemedical.com\/fr\/wp-json\/wp\/v2\/product\/4578\/revisions"}],"predecessor-version":[{"id":4584,"href":"https:\/\/medkemedical.com\/fr\/wp-json\/wp\/v2\/product\/4578\/revisions\/4584"}],"wp:featuredmedia":[{"embeddable":true,"href":"https:\/\/medkemedical.com\/fr\/wp-json\/wp\/v2\/media\/4579"}],"wp:attachment":[{"href":"https:\/\/medkemedical.com\/fr\/wp-json\/wp\/v2\/media?parent=4578"}],"wp:term":[{"taxonomy":"product_brand","embeddable":true,"href":"https:\/\/medkemedical.com\/fr\/wp-json\/wp\/v2\/product_brand?post=4578"},{"taxonomy":"product_cat","embeddable":true,"href":"https:\/\/medkemedical.com\/fr\/wp-json\/wp\/v2\/product_cat?post=4578"},{"taxonomy":"product_tag","embeddable":true,"href":"https:\/\/medkemedical.com\/fr\/wp-json\/wp\/v2\/product_tag?post=4578"}],"curies":[{"name":"wp","href":"https:\/\/api.w.org\/{rel}","templated":true}]}}