{"id":3927,"date":"2025-05-23T17:35:21","date_gmt":"2025-05-23T09:35:21","guid":{"rendered":"https:\/\/medkemedical.com\/?post_type=product&#038;p=3927"},"modified":"2025-05-23T17:39:34","modified_gmt":"2025-05-23T09:39:34","slug":"philips-holter-telemetry-cable","status":"publish","type":"product","link":"https:\/\/medkemedical.com\/fr\/produit\/philips-holter-telemetry-cable\/","title":{"rendered":"C\u00e2ble de t\u00e9l\u00e9m\u00e9trie Holter Philips"},"content":{"rendered":"<div data-elementor-type=\"product-post\" data-elementor-id=\"3927\" class=\"elementor elementor-3927\" data-elementor-post-type=\"product\">\n\t\t\t\t<div class=\"elementor-element elementor-element-b1d49bd e-flex e-con-boxed e-con e-parent\" data-id=\"b1d49bd\" data-element_type=\"container\" data-e-type=\"container\" data-settings=\"{&quot;ekit_has_onepagescroll_dot&quot;:&quot;yes&quot;}\">\n\t\t\t\t\t<div class=\"e-con-inner\">\n\t\t\t\t<div class=\"elementor-element elementor-element-0fcafdd gallery-spacing-custom elementor-widget elementor-widget-image-gallery\" data-id=\"0fcafdd\" data-element_type=\"widget\" data-e-type=\"widget\" data-settings=\"{&quot;ekit_we_effect_on&quot;:&quot;none&quot;}\" data-widget_type=\"image-gallery.default\">\n\t\t\t\t<div class=\"elementor-widget-container\">\n\t\t\t\t\t\t\t<div class=\"elementor-image-gallery\">\n\t\t\t<div id='gallery-1' class='gallery galleryid-3927 gallery-columns-4 gallery-size-medium'><figure class='gallery-item'>\n\t\t\t<div class='gallery-icon landscape'>\n\t\t\t\t<a data-elementor-open-lightbox=\"yes\" data-elementor-lightbox-slideshow=\"0fcafdd\" data-elementor-lightbox-title=\"VB0040D\" data-e-action-hash=\"#elementor-action%3Aaction%3Dlightbox%26settings%3DeyJpZCI6MzkyOCwidXJsIjoiaHR0cHM6XC9cL21lZGtlbWVkaWNhbC5jb21cL3dwLWNvbnRlbnRcL3VwbG9hZHNcLzIwMjVcLzA1XC9WQjAwNDBELmpwZyIsInNsaWRlc2hvdyI6IjBmY2FmZGQifQ%3D%3D\" href='https:\/\/medkemedical.com\/wp-content\/uploads\/2025\/05\/VB0040D.jpg'><img fetchpriority=\"high\" width=\"300\" height=\"300\" src=\"https:\/\/medkemedical.com\/wp-content\/uploads\/2025\/05\/VB0040D-300x300.jpg\" class=\"attachment-medium size-medium\" alt=\"\" decoding=\"async\" srcset=\"https:\/\/medkemedical.com\/wp-content\/uploads\/2025\/05\/VB0040D-300x300.jpg 300w, https:\/\/medkemedical.com\/wp-content\/uploads\/2025\/05\/VB0040D-150x150.jpg 150w, https:\/\/medkemedical.com\/wp-content\/uploads\/2025\/05\/VB0040D-600x600.jpg 600w, https:\/\/medkemedical.com\/wp-content\/uploads\/2025\/05\/VB0040D-100x100.jpg 100w, https:\/\/medkemedical.com\/wp-content\/uploads\/2025\/05\/VB0040D.jpg 640w\" sizes=\"(max-width: 300px) 100vw, 300px\" \/><\/a>\n\t\t\t<\/div><\/figure><figure class='gallery-item'>\n\t\t\t<div class='gallery-icon landscape'>\n\t\t\t\t<a data-elementor-open-lightbox=\"yes\" data-elementor-lightbox-slideshow=\"0fcafdd\" data-elementor-lightbox-title=\"VB0040E\" data-e-action-hash=\"#elementor-action%3Aaction%3Dlightbox%26settings%3DeyJpZCI6MzkzMSwidXJsIjoiaHR0cHM6XC9cL21lZGtlbWVkaWNhbC5jb21cL3dwLWNvbnRlbnRcL3VwbG9hZHNcLzIwMjVcLzA1XC9WQjAwNDBFLmpwZyIsInNsaWRlc2hvdyI6IjBmY2FmZGQifQ%3D%3D\" href='https:\/\/medkemedical.com\/wp-content\/uploads\/2025\/05\/VB0040E.jpg'><img width=\"300\" height=\"300\" src=\"https:\/\/medkemedical.com\/wp-content\/uploads\/2025\/05\/VB0040E-300x300.jpg\" class=\"attachment-medium size-medium\" alt=\"\" decoding=\"async\" srcset=\"https:\/\/medkemedical.com\/wp-content\/uploads\/2025\/05\/VB0040E-300x300.jpg 300w, https:\/\/medkemedical.com\/wp-content\/uploads\/2025\/05\/VB0040E-150x150.jpg 150w, https:\/\/medkemedical.com\/wp-content\/uploads\/2025\/05\/VB0040E-600x600.jpg 600w, https:\/\/medkemedical.com\/wp-content\/uploads\/2025\/05\/VB0040E-100x100.jpg 100w, https:\/\/medkemedical.com\/wp-content\/uploads\/2025\/05\/VB0040E.jpg 640w\" sizes=\"(max-width: 300px) 100vw, 300px\" \/><\/a>\n\t\t\t<\/div><\/figure><figure class='gallery-item'>\n\t\t\t<div class='gallery-icon landscape'>\n\t\t\t\t<a data-elementor-open-lightbox=\"yes\" data-elementor-lightbox-slideshow=\"0fcafdd\" data-elementor-lightbox-title=\"VB0040_2\" data-e-action-hash=\"#elementor-action%3Aaction%3Dlightbox%26settings%3DeyJpZCI6MzkzMywidXJsIjoiaHR0cHM6XC9cL21lZGtlbWVkaWNhbC5jb21cL3dwLWNvbnRlbnRcL3VwbG9hZHNcLzIwMjVcLzA1XC9WQjAwNDBfMi5qcGciLCJzbGlkZXNob3ciOiIwZmNhZmRkIn0%3D\" href='https:\/\/medkemedical.com\/wp-content\/uploads\/2025\/05\/VB0040_2.jpg'><img width=\"300\" height=\"300\" src=\"https:\/\/medkemedical.com\/wp-content\/uploads\/2025\/05\/VB0040_2-300x300.jpg\" class=\"attachment-medium size-medium\" alt=\"\" decoding=\"async\" srcset=\"https:\/\/medkemedical.com\/wp-content\/uploads\/2025\/05\/VB0040_2-300x300.jpg 300w, https:\/\/medkemedical.com\/wp-content\/uploads\/2025\/05\/VB0040_2-150x150.jpg 150w, https:\/\/medkemedical.com\/wp-content\/uploads\/2025\/05\/VB0040_2-600x600.jpg 600w, https:\/\/medkemedical.com\/wp-content\/uploads\/2025\/05\/VB0040_2-100x100.jpg 100w, https:\/\/medkemedical.com\/wp-content\/uploads\/2025\/05\/VB0040_2.jpg 640w\" sizes=\"(max-width: 300px) 100vw, 300px\" \/><\/a>\n\t\t\t<\/div><\/figure><figure class='gallery-item'>\n\t\t\t<div class='gallery-icon landscape'>\n\t\t\t\t<a data-elementor-open-lightbox=\"yes\" data-elementor-lightbox-slideshow=\"0fcafdd\" data-elementor-lightbox-title=\"VB0040B\" data-e-action-hash=\"#elementor-action%3Aaction%3Dlightbox%26settings%3DeyJpZCI6MzkzNCwidXJsIjoiaHR0cHM6XC9cL21lZGtlbWVkaWNhbC5jb21cL3dwLWNvbnRlbnRcL3VwbG9hZHNcLzIwMjVcLzA1XC9WQjAwNDBCLmpwZyIsInNsaWRlc2hvdyI6IjBmY2FmZGQifQ%3D%3D\" href='https:\/\/medkemedical.com\/wp-content\/uploads\/2025\/05\/VB0040B.jpg'><img loading=\"lazy\" width=\"300\" height=\"300\" src=\"https:\/\/medkemedical.com\/wp-content\/uploads\/2025\/05\/VB0040B-300x300.jpg\" class=\"attachment-medium size-medium\" alt=\"\" decoding=\"async\" srcset=\"https:\/\/medkemedical.com\/wp-content\/uploads\/2025\/05\/VB0040B-300x300.jpg 300w, https:\/\/medkemedical.com\/wp-content\/uploads\/2025\/05\/VB0040B-150x150.jpg 150w, https:\/\/medkemedical.com\/wp-content\/uploads\/2025\/05\/VB0040B-600x600.jpg 600w, https:\/\/medkemedical.com\/wp-content\/uploads\/2025\/05\/VB0040B-100x100.jpg 100w, https:\/\/medkemedical.com\/wp-content\/uploads\/2025\/05\/VB0040B.jpg 640w\" sizes=\"(max-width: 300px) 100vw, 300px\" \/><\/a>\n\t\t\t<\/div><\/figure><figure class='gallery-item'>\n\t\t\t<div class='gallery-icon landscape'>\n\t\t\t\t<a data-elementor-open-lightbox=\"yes\" data-elementor-lightbox-slideshow=\"0fcafdd\" data-elementor-lightbox-title=\"G5188S\" data-e-action-hash=\"#elementor-action%3Aaction%3Dlightbox%26settings%3DeyJpZCI6MzkzNSwidXJsIjoiaHR0cHM6XC9cL21lZGtlbWVkaWNhbC5jb21cL3dwLWNvbnRlbnRcL3VwbG9hZHNcLzIwMjVcLzA1XC9HNTE4OFMtLmpwZyIsInNsaWRlc2hvdyI6IjBmY2FmZGQifQ%3D%3D\" href='https:\/\/medkemedical.com\/wp-content\/uploads\/2025\/05\/G5188S-.jpg'><img loading=\"lazy\" width=\"300\" height=\"300\" src=\"https:\/\/medkemedical.com\/wp-content\/uploads\/2025\/05\/G5188S--300x300.jpg\" class=\"attachment-medium size-medium\" alt=\"\" decoding=\"async\" srcset=\"https:\/\/medkemedical.com\/wp-content\/uploads\/2025\/05\/G5188S--300x300.jpg 300w, https:\/\/medkemedical.com\/wp-content\/uploads\/2025\/05\/G5188S--150x150.jpg 150w, https:\/\/medkemedical.com\/wp-content\/uploads\/2025\/05\/G5188S--600x600.jpg 600w, https:\/\/medkemedical.com\/wp-content\/uploads\/2025\/05\/G5188S--100x100.jpg 100w, https:\/\/medkemedical.com\/wp-content\/uploads\/2025\/05\/G5188S-.jpg 640w\" sizes=\"(max-width: 300px) 100vw, 300px\" \/><\/a>\n\t\t\t<\/div><\/figure><figure class='gallery-item'>\n\t\t\t<div class='gallery-icon landscape'>\n\t\t\t\t<a data-elementor-open-lightbox=\"yes\" data-elementor-lightbox-slideshow=\"0fcafdd\" data-elementor-lightbox-title=\"G5189S\" data-e-action-hash=\"#elementor-action%3Aaction%3Dlightbox%26settings%3DeyJpZCI6MzkzNiwidXJsIjoiaHR0cHM6XC9cL21lZGtlbWVkaWNhbC5jb21cL3dwLWNvbnRlbnRcL3VwbG9hZHNcLzIwMjVcLzA1XC9HNTE4OVMtLmpwZyIsInNsaWRlc2hvdyI6IjBmY2FmZGQifQ%3D%3D\" href='https:\/\/medkemedical.com\/wp-content\/uploads\/2025\/05\/G5189S-.jpg'><img loading=\"lazy\" width=\"300\" height=\"300\" src=\"https:\/\/medkemedical.com\/wp-content\/uploads\/2025\/05\/G5189S--300x300.jpg\" class=\"attachment-medium size-medium\" alt=\"\" decoding=\"async\" srcset=\"https:\/\/medkemedical.com\/wp-content\/uploads\/2025\/05\/G5189S--300x300.jpg 300w, https:\/\/medkemedical.com\/wp-content\/uploads\/2025\/05\/G5189S--150x150.jpg 150w, https:\/\/medkemedical.com\/wp-content\/uploads\/2025\/05\/G5189S--600x600.jpg 600w, https:\/\/medkemedical.com\/wp-content\/uploads\/2025\/05\/G5189S--100x100.jpg 100w, https:\/\/medkemedical.com\/wp-content\/uploads\/2025\/05\/G5189S-.jpg 640w\" sizes=\"(max-width: 300px) 100vw, 300px\" \/><\/a>\n\t\t\t<\/div><\/figure><figure class='gallery-item'>\n\t\t\t<div class='gallery-icon landscape'>\n\t\t\t\t<a data-elementor-open-lightbox=\"yes\" data-elementor-lightbox-slideshow=\"0fcafdd\" data-elementor-lightbox-title=\"IMG_2671\" data-e-action-hash=\"#elementor-action%3Aaction%3Dlightbox%26settings%3DeyJpZCI6MzkzNywidXJsIjoiaHR0cHM6XC9cL21lZGtlbWVkaWNhbC5jb21cL3dwLWNvbnRlbnRcL3VwbG9hZHNcLzIwMjVcLzA1XC9JTUdfMjY3MS5qcGciLCJzbGlkZXNob3ciOiIwZmNhZmRkIn0%3D\" href='https:\/\/medkemedical.com\/wp-content\/uploads\/2025\/05\/IMG_2671.jpg'><img loading=\"lazy\" width=\"300\" height=\"300\" src=\"https:\/\/medkemedical.com\/wp-content\/uploads\/2025\/05\/IMG_2671-300x300.jpg\" class=\"attachment-medium size-medium\" alt=\"\" decoding=\"async\" srcset=\"https:\/\/medkemedical.com\/wp-content\/uploads\/2025\/05\/IMG_2671-300x300.jpg 300w, https:\/\/medkemedical.com\/wp-content\/uploads\/2025\/05\/IMG_2671-150x150.jpg 150w, https:\/\/medkemedical.com\/wp-content\/uploads\/2025\/05\/IMG_2671-600x600.jpg 600w, https:\/\/medkemedical.com\/wp-content\/uploads\/2025\/05\/IMG_2671-100x100.jpg 100w, https:\/\/medkemedical.com\/wp-content\/uploads\/2025\/05\/IMG_2671.jpg 640w\" sizes=\"(max-width: 300px) 100vw, 300px\" \/><\/a>\n\t\t\t<\/div><\/figure>\n\t\t<\/div>\n\t\t<\/div>\n\t\t\t\t\t\t<\/div>\n\t\t\t\t<\/div>\n\t\t\t\t\t<\/div>\n\t\t\t\t<\/div>\n\t\t<div class=\"elementor-element elementor-element-7dbcd41 e-con-full e-flex e-con e-parent\" data-id=\"7dbcd41\" data-element_type=\"container\" data-e-type=\"container\" data-settings=\"{&quot;ekit_has_onepagescroll_dot&quot;:&quot;yes&quot;}\">\n\t\t\t\t<div class=\"elementor-element elementor-element-c483ed8 elementor-widget elementor-widget-elementskit-tablepress\" data-id=\"c483ed8\" data-element_type=\"widget\" data-e-type=\"widget\" data-settings=\"{&quot;ekit_we_effect_on&quot;:&quot;none&quot;}\" data-widget_type=\"elementskit-tablepress.default\">\n\t\t\t\t<div class=\"elementor-widget-container\">\n\t\t\t\t\t<div class=\"elemenetskit-tablepress ekit-wid-con\" id=\"ekit_tablepress_c483ed8\">\n<table id=\"tablepress-194\" class=\"tablepress tablepress-id-194 tbody-has-connected-cells\">\n<thead>\n<tr class=\"row-1\">\n\t<th class=\"column-1\">Mod\u00e8les compatibles<\/th><th class=\"column-2\">C\u00f4t\u00e9 d\u00e9rivation\/patient<\/th><th class=\"column-3\">Code de commande - AHA<\/th><th class=\"column-4\">Code de commande - IEC<\/th><th class=\"column-5\">Connecteur de fourche<\/th>\n<\/tr>\n<\/thead>\n<tbody class=\"row-striping row-hover\">\n<tr class=\"row-2\">\n\t<td rowspan=\"4\" class=\"column-1\">T\u00e9l\u00e9m\u00e9trie MX40<\/td><td class=\"column-2\">3\/Grabber<\/td><td class=\"column-3\"><\/td><td class=\"column-4\">VB0040D<\/td><td class=\"column-5\"><\/td>\n<\/tr>\n<tr class=\"row-3\">\n\t<td class=\"column-2\">5\/Grabber<\/td><td class=\"column-3\"><\/td><td class=\"column-4\">VB0040E<\/td><td class=\"column-5\"><\/td>\n<\/tr>\n<tr class=\"row-4\">\n\t<td class=\"column-2\">5\/Grabber<\/td><td class=\"column-3\">VB0040C<\/td><td class=\"column-4\">VB0040<\/td><td class=\"column-5\"><\/td>\n<\/tr>\n<tr class=\"row-5\">\n\t<td class=\"column-2\">6\/Grabber<\/td><td class=\"column-3\"><\/td><td class=\"column-4\">VB0040B<\/td><td class=\"column-5\"><\/td>\n<\/tr>\n<tr class=\"row-6\">\n\t<td class=\"column-1\">Digitrak XT<\/td><td class=\"column-2\">5\/Snap<\/td><td class=\"column-3\">G5188S<\/td><td class=\"column-4\">G5288S<\/td><td class=\"column-5\">CN134<\/td>\n<\/tr>\n<tr class=\"row-7\">\n\t<td class=\"column-1\">Digitrak Plus<\/td><td class=\"column-2\">5\/Snap<\/td><td class=\"column-3\">G5189S<\/td><td class=\"column-4\">G5289S<\/td><td class=\"column-5\"> CN255<\/td>\n<\/tr>\n<tr class=\"row-8\">\n\t<td class=\"column-1\">ST80I<\/td><td class=\"column-2\">10\/Snap<\/td><td class=\"column-3\">G11148S<\/td><td class=\"column-4\">G12148S<\/td><td class=\"column-5\"><\/td>\n<\/tr>\n<\/tbody>\n<\/table>\n<\/div>\t\t\t\t<\/div>\n\t\t\t\t<\/div>\n\t\t\t\t<\/div>\n\t\t\t\t<\/div>","protected":false},"excerpt":{"rendered":"<p>Edit Compatible Models Lead\/Patient End Order Code &#8211; AHA Order Code &#8211; IEC Yoke Connector MX40 Telemetry 3\/Grabber VB0040D 5\/Grabber VB0040E 5\/Grabber VB0040C VB0040 6\/Grabber VB0040B Digitrak XT 5\/Snap G5188S G5288S CN134 Digitrak Plus 5\/Snap G5189S G5289S CN255 ST80I 10\/Snap G11148S G12148S<\/p>","protected":false},"featured_media":3928,"comment_status":"open","ping_status":"closed","template":"","meta":{"_acf_changed":false},"product_brand":[219],"product_cat":[200],"product_tag":[],"class_list":{"0":"post-3927","1":"product","2":"type-product","3":"status-publish","4":"has-post-thumbnail","6":"product_brand-philips","7":"product_cat-holter-telemetry-cables","9":"first","10":"instock","11":"shipping-taxable","12":"product-type-simple"},"acf":[],"_links":{"self":[{"href":"https:\/\/medkemedical.com\/fr\/wp-json\/wp\/v2\/product\/3927","targetHints":{"allow":["GET"]}}],"collection":[{"href":"https:\/\/medkemedical.com\/fr\/wp-json\/wp\/v2\/product"}],"about":[{"href":"https:\/\/medkemedical.com\/fr\/wp-json\/wp\/v2\/types\/product"}],"replies":[{"embeddable":true,"href":"https:\/\/medkemedical.com\/fr\/wp-json\/wp\/v2\/comments?post=3927"}],"version-history":[{"count":5,"href":"https:\/\/medkemedical.com\/fr\/wp-json\/wp\/v2\/product\/3927\/revisions"}],"predecessor-version":[{"id":3940,"href":"https:\/\/medkemedical.com\/fr\/wp-json\/wp\/v2\/product\/3927\/revisions\/3940"}],"wp:featuredmedia":[{"embeddable":true,"href":"https:\/\/medkemedical.com\/fr\/wp-json\/wp\/v2\/media\/3928"}],"wp:attachment":[{"href":"https:\/\/medkemedical.com\/fr\/wp-json\/wp\/v2\/media?parent=3927"}],"wp:term":[{"taxonomy":"product_brand","embeddable":true,"href":"https:\/\/medkemedical.com\/fr\/wp-json\/wp\/v2\/product_brand?post=3927"},{"taxonomy":"product_cat","embeddable":true,"href":"https:\/\/medkemedical.com\/fr\/wp-json\/wp\/v2\/product_cat?post=3927"},{"taxonomy":"product_tag","embeddable":true,"href":"https:\/\/medkemedical.com\/fr\/wp-json\/wp\/v2\/product_tag?post=3927"}],"curies":[{"name":"wp","href":"https:\/\/api.w.org\/{rel}","templated":true}]}}