{"id":3920,"date":"2025-05-23T17:33:45","date_gmt":"2025-05-23T09:33:45","guid":{"rendered":"https:\/\/medkemedical.com\/?post_type=product&#038;p=3920"},"modified":"2025-05-23T17:35:16","modified_gmt":"2025-05-23T09:35:16","slug":"nihon-kohden-holter-telemetry-cable","status":"publish","type":"product","link":"https:\/\/medkemedical.com\/fr\/produit\/nihon-kohden-holter-telemetry-cable\/","title":{"rendered":"C\u00e2ble de t\u00e9l\u00e9m\u00e9trie Nihon Kohden Holter"},"content":{"rendered":"<div data-elementor-type=\"product-post\" data-elementor-id=\"3920\" class=\"elementor elementor-3920\" data-elementor-post-type=\"product\">\n\t\t\t\t<div class=\"elementor-element elementor-element-b1d49bd e-flex e-con-boxed e-con e-parent\" data-id=\"b1d49bd\" data-element_type=\"container\" data-e-type=\"container\" data-settings=\"{&quot;ekit_has_onepagescroll_dot&quot;:&quot;yes&quot;}\">\n\t\t\t\t\t<div class=\"e-con-inner\">\n\t\t\t\t<div class=\"elementor-element elementor-element-0fcafdd gallery-spacing-custom elementor-widget elementor-widget-image-gallery\" data-id=\"0fcafdd\" data-element_type=\"widget\" data-e-type=\"widget\" data-settings=\"{&quot;ekit_we_effect_on&quot;:&quot;none&quot;}\" data-widget_type=\"image-gallery.default\">\n\t\t\t\t<div class=\"elementor-widget-container\">\n\t\t\t\t\t\t\t<div class=\"elementor-image-gallery\">\n\t\t\t<div id='gallery-1' class='gallery galleryid-3920 gallery-columns-2 gallery-size-medium'><figure class='gallery-item'>\n\t\t\t<div class='gallery-icon landscape'>\n\t\t\t\t<a data-elementor-open-lightbox=\"yes\" data-elementor-lightbox-slideshow=\"0fcafdd\" data-elementor-lightbox-title=\"G11178S\" data-e-action-hash=\"#elementor-action%3Aaction%3Dlightbox%26settings%3DeyJpZCI6MzkyMSwidXJsIjoiaHR0cHM6XC9cL21lZGtlbWVkaWNhbC5jb21cL3dwLWNvbnRlbnRcL3VwbG9hZHNcLzIwMjVcLzA1XC9HMTExNzhTLmpwZyIsInNsaWRlc2hvdyI6IjBmY2FmZGQifQ%3D%3D\" href='https:\/\/medkemedical.com\/wp-content\/uploads\/2025\/05\/G11178S.jpg'><img fetchpriority=\"high\" width=\"300\" height=\"300\" src=\"https:\/\/medkemedical.com\/wp-content\/uploads\/2025\/05\/G11178S-300x300.jpg\" class=\"attachment-medium size-medium\" alt=\"\" decoding=\"async\" srcset=\"https:\/\/medkemedical.com\/wp-content\/uploads\/2025\/05\/G11178S-300x300.jpg 300w, https:\/\/medkemedical.com\/wp-content\/uploads\/2025\/05\/G11178S-150x150.jpg 150w, https:\/\/medkemedical.com\/wp-content\/uploads\/2025\/05\/G11178S-600x600.jpg 600w, https:\/\/medkemedical.com\/wp-content\/uploads\/2025\/05\/G11178S-100x100.jpg 100w, https:\/\/medkemedical.com\/wp-content\/uploads\/2025\/05\/G11178S.jpg 640w\" sizes=\"(max-width: 300px) 100vw, 300px\" \/><\/a>\n\t\t\t<\/div><\/figure>\n\t\t<\/div>\n\t\t<\/div>\n\t\t\t\t\t\t<\/div>\n\t\t\t\t<\/div>\n\t\t\t\t\t<\/div>\n\t\t\t\t<\/div>\n\t\t<div class=\"elementor-element elementor-element-7dbcd41 e-con-full e-flex e-con e-parent\" data-id=\"7dbcd41\" data-element_type=\"container\" data-e-type=\"container\" data-settings=\"{&quot;ekit_has_onepagescroll_dot&quot;:&quot;yes&quot;}\">\n\t\t\t\t<div class=\"elementor-element elementor-element-c483ed8 elementor-widget elementor-widget-elementskit-tablepress\" data-id=\"c483ed8\" data-element_type=\"widget\" data-e-type=\"widget\" data-settings=\"{&quot;ekit_we_effect_on&quot;:&quot;none&quot;}\" data-widget_type=\"elementskit-tablepress.default\">\n\t\t\t\t<div class=\"elementor-widget-container\">\n\t\t\t\t\t<div class=\"elemenetskit-tablepress ekit-wid-con\" id=\"ekit_tablepress_c483ed8\">\n<table id=\"tablepress-193\" class=\"tablepress tablepress-id-193\">\n<thead>\n<tr class=\"row-1\">\n\t<th class=\"column-1\">Mod\u00e8les compatibles<\/th><th class=\"column-2\">C\u00f4t\u00e9 d\u00e9rivation\/patient<\/th><th class=\"column-3\">Code de commande - AHA<\/th><th class=\"column-4\">Code de commande - IEC<\/th><th class=\"column-5\">Connecteur de fourche<\/th>\n<\/tr>\n<\/thead>\n<tbody class=\"row-striping row-hover\">\n<tr class=\"row-2\">\n\t<td class=\"column-1\">HB812D<\/td><td class=\"column-2\">10\/Snap<\/td><td class=\"column-3\">G11178S<\/td><td class=\"column-4\"><\/td><td class=\"column-5\"><\/td>\n<\/tr>\n<\/tbody>\n<\/table>\n<\/div>\t\t\t\t<\/div>\n\t\t\t\t<\/div>\n\t\t\t\t<\/div>\n\t\t\t\t<\/div>","protected":false},"excerpt":{"rendered":"<p>Modifier les mod\u00e8les compatibles Code de commande c\u00f4t\u00e9 conducteur\/patient \u2013 Code de commande AHA \u2013 Connecteur IEC \u00e0 \u00e9trier HB812D 10\/Snap G11178S<\/p>","protected":false},"featured_media":3921,"comment_status":"open","ping_status":"closed","template":"","meta":{"_acf_changed":false},"product_brand":[36],"product_cat":[200],"product_tag":[],"class_list":{"0":"post-3920","1":"product","2":"type-product","3":"status-publish","4":"has-post-thumbnail","6":"product_brand-nihon-kohden","7":"product_cat-holter-telemetry-cables","9":"first","10":"instock","11":"shipping-taxable","12":"product-type-simple"},"acf":[],"_links":{"self":[{"href":"https:\/\/medkemedical.com\/fr\/wp-json\/wp\/v2\/product\/3920","targetHints":{"allow":["GET"]}}],"collection":[{"href":"https:\/\/medkemedical.com\/fr\/wp-json\/wp\/v2\/product"}],"about":[{"href":"https:\/\/medkemedical.com\/fr\/wp-json\/wp\/v2\/types\/product"}],"replies":[{"embeddable":true,"href":"https:\/\/medkemedical.com\/fr\/wp-json\/wp\/v2\/comments?post=3920"}],"version-history":[{"count":5,"href":"https:\/\/medkemedical.com\/fr\/wp-json\/wp\/v2\/product\/3920\/revisions"}],"predecessor-version":[{"id":3926,"href":"https:\/\/medkemedical.com\/fr\/wp-json\/wp\/v2\/product\/3920\/revisions\/3926"}],"wp:featuredmedia":[{"embeddable":true,"href":"https:\/\/medkemedical.com\/fr\/wp-json\/wp\/v2\/media\/3921"}],"wp:attachment":[{"href":"https:\/\/medkemedical.com\/fr\/wp-json\/wp\/v2\/media?parent=3920"}],"wp:term":[{"taxonomy":"product_brand","embeddable":true,"href":"https:\/\/medkemedical.com\/fr\/wp-json\/wp\/v2\/product_brand?post=3920"},{"taxonomy":"product_cat","embeddable":true,"href":"https:\/\/medkemedical.com\/fr\/wp-json\/wp\/v2\/product_cat?post=3920"},{"taxonomy":"product_tag","embeddable":true,"href":"https:\/\/medkemedical.com\/fr\/wp-json\/wp\/v2\/product_tag?post=3920"}],"curies":[{"name":"wp","href":"https:\/\/api.w.org\/{rel}","templated":true}]}}