{"id":3907,"date":"2025-05-23T17:28:49","date_gmt":"2025-05-23T09:28:49","guid":{"rendered":"https:\/\/medkemedical.com\/?post_type=product&#038;p=3907"},"modified":"2025-05-23T17:32:59","modified_gmt":"2025-05-23T09:32:59","slug":"mortara-holter-telemetry-cable","status":"publish","type":"product","link":"https:\/\/medkemedical.com\/fr\/produit\/mortara-holter-telemetry-cable\/","title":{"rendered":"C\u00e2ble de t\u00e9l\u00e9m\u00e9trie Mortara Holter"},"content":{"rendered":"<div data-elementor-type=\"product-post\" data-elementor-id=\"3907\" class=\"elementor elementor-3907\" data-elementor-post-type=\"product\">\n\t\t\t\t<div class=\"elementor-element elementor-element-b1d49bd e-flex e-con-boxed e-con e-parent\" data-id=\"b1d49bd\" data-element_type=\"container\" data-e-type=\"container\" data-settings=\"{&quot;ekit_has_onepagescroll_dot&quot;:&quot;yes&quot;}\">\n\t\t\t\t\t<div class=\"e-con-inner\">\n\t\t\t\t<div class=\"elementor-element elementor-element-0fcafdd gallery-spacing-custom elementor-widget elementor-widget-image-gallery\" data-id=\"0fcafdd\" data-element_type=\"widget\" data-e-type=\"widget\" data-settings=\"{&quot;ekit_we_effect_on&quot;:&quot;none&quot;}\" data-widget_type=\"image-gallery.default\">\n\t\t\t\t<div class=\"elementor-widget-container\">\n\t\t\t\t\t\t\t<div class=\"elementor-image-gallery\">\n\t\t\t<div id='gallery-1' class='gallery galleryid-3907 gallery-columns-3 gallery-size-medium'><figure class='gallery-item'>\n\t\t\t<div class='gallery-icon landscape'>\n\t\t\t\t<a data-elementor-open-lightbox=\"yes\" data-elementor-lightbox-slideshow=\"0fcafdd\" data-elementor-lightbox-title=\"G5190S\" data-e-action-hash=\"#elementor-action%3Aaction%3Dlightbox%26settings%3DeyJpZCI6MzkwOCwidXJsIjoiaHR0cHM6XC9cL21lZGtlbWVkaWNhbC5jb21cL3dwLWNvbnRlbnRcL3VwbG9hZHNcLzIwMjVcLzA1XC9HNTE5MFMuanBnIiwic2xpZGVzaG93IjoiMGZjYWZkZCJ9\" href='https:\/\/medkemedical.com\/wp-content\/uploads\/2025\/05\/G5190S.jpg'><img fetchpriority=\"high\" width=\"300\" height=\"300\" src=\"https:\/\/medkemedical.com\/wp-content\/uploads\/2025\/05\/G5190S-300x300.jpg\" class=\"attachment-medium size-medium\" alt=\"\" decoding=\"async\" srcset=\"https:\/\/medkemedical.com\/wp-content\/uploads\/2025\/05\/G5190S-300x300.jpg 300w, https:\/\/medkemedical.com\/wp-content\/uploads\/2025\/05\/G5190S-150x150.jpg 150w, https:\/\/medkemedical.com\/wp-content\/uploads\/2025\/05\/G5190S-600x600.jpg 600w, https:\/\/medkemedical.com\/wp-content\/uploads\/2025\/05\/G5190S-100x100.jpg 100w, https:\/\/medkemedical.com\/wp-content\/uploads\/2025\/05\/G5190S.jpg 640w\" sizes=\"(max-width: 300px) 100vw, 300px\" \/><\/a>\n\t\t\t<\/div><\/figure><figure class='gallery-item'>\n\t\t\t<div class='gallery-icon landscape'>\n\t\t\t\t<a data-elementor-open-lightbox=\"yes\" data-elementor-lightbox-slideshow=\"0fcafdd\" data-elementor-lightbox-title=\"K2209\" data-e-action-hash=\"#elementor-action%3Aaction%3Dlightbox%26settings%3DeyJpZCI6MzkxMSwidXJsIjoiaHR0cHM6XC9cL21lZGtlbWVkaWNhbC5jb21cL3dwLWNvbnRlbnRcL3VwbG9hZHNcLzIwMjVcLzA1XC9LMjIwOS5qcGciLCJzbGlkZXNob3ciOiIwZmNhZmRkIn0%3D\" href='https:\/\/medkemedical.com\/wp-content\/uploads\/2025\/05\/K2209.jpg'><img width=\"300\" height=\"300\" src=\"https:\/\/medkemedical.com\/wp-content\/uploads\/2025\/05\/K2209-300x300.jpg\" class=\"attachment-medium size-medium\" alt=\"\" decoding=\"async\" srcset=\"https:\/\/medkemedical.com\/wp-content\/uploads\/2025\/05\/K2209-300x300.jpg 300w, https:\/\/medkemedical.com\/wp-content\/uploads\/2025\/05\/K2209-150x150.jpg 150w, https:\/\/medkemedical.com\/wp-content\/uploads\/2025\/05\/K2209-600x600.jpg 600w, https:\/\/medkemedical.com\/wp-content\/uploads\/2025\/05\/K2209-100x100.jpg 100w, https:\/\/medkemedical.com\/wp-content\/uploads\/2025\/05\/K2209.jpg 640w\" sizes=\"(max-width: 300px) 100vw, 300px\" \/><\/a>\n\t\t\t<\/div><\/figure><figure class='gallery-item'>\n\t\t\t<div class='gallery-icon landscape'>\n\t\t\t\t<a data-elementor-open-lightbox=\"yes\" data-elementor-lightbox-slideshow=\"0fcafdd\" data-elementor-lightbox-title=\"G1180S-01\" data-e-action-hash=\"#elementor-action%3Aaction%3Dlightbox%26settings%3DeyJpZCI6MzkxMywidXJsIjoiaHR0cHM6XC9cL21lZGtlbWVkaWNhbC5jb21cL3dwLWNvbnRlbnRcL3VwbG9hZHNcLzIwMjVcLzA1XC9HMTE4MFMtMDEuanBnIiwic2xpZGVzaG93IjoiMGZjYWZkZCJ9\" href='https:\/\/medkemedical.com\/wp-content\/uploads\/2025\/05\/G1180S-01.jpg'><img width=\"300\" height=\"300\" src=\"https:\/\/medkemedical.com\/wp-content\/uploads\/2025\/05\/G1180S-01-300x300.jpg\" class=\"attachment-medium size-medium\" alt=\"\" decoding=\"async\" srcset=\"https:\/\/medkemedical.com\/wp-content\/uploads\/2025\/05\/G1180S-01-300x300.jpg 300w, https:\/\/medkemedical.com\/wp-content\/uploads\/2025\/05\/G1180S-01-150x150.jpg 150w, https:\/\/medkemedical.com\/wp-content\/uploads\/2025\/05\/G1180S-01-600x600.jpg 600w, https:\/\/medkemedical.com\/wp-content\/uploads\/2025\/05\/G1180S-01-100x100.jpg 100w, https:\/\/medkemedical.com\/wp-content\/uploads\/2025\/05\/G1180S-01.jpg 640w\" sizes=\"(max-width: 300px) 100vw, 300px\" \/><\/a>\n\t\t\t<\/div><\/figure>\n\t\t<\/div>\n\t\t<\/div>\n\t\t\t\t\t\t<\/div>\n\t\t\t\t<\/div>\n\t\t\t\t\t<\/div>\n\t\t\t\t<\/div>\n\t\t<div class=\"elementor-element elementor-element-7dbcd41 e-con-full e-flex e-con e-parent\" data-id=\"7dbcd41\" data-element_type=\"container\" data-e-type=\"container\" data-settings=\"{&quot;ekit_has_onepagescroll_dot&quot;:&quot;yes&quot;}\">\n\t\t\t\t<div class=\"elementor-element elementor-element-c483ed8 elementor-widget elementor-widget-elementskit-tablepress\" data-id=\"c483ed8\" data-element_type=\"widget\" data-e-type=\"widget\" data-settings=\"{&quot;ekit_we_effect_on&quot;:&quot;none&quot;}\" data-widget_type=\"elementskit-tablepress.default\">\n\t\t\t\t<div class=\"elementor-widget-container\">\n\t\t\t\t\t<div class=\"elemenetskit-tablepress ekit-wid-con\" id=\"ekit_tablepress_c483ed8\">\n<table id=\"tablepress-192\" class=\"tablepress tablepress-id-192 tbody-has-connected-cells\">\n<thead>\n<tr class=\"row-1\">\n\t<th class=\"column-1\">Mod\u00e8les compatibles<\/th><th class=\"column-2\">C\u00f4t\u00e9 d\u00e9rivation\/patient<\/th><th class=\"column-3\">Code de commande - AHA<\/th><th class=\"column-4\">Code de commande - IEC<\/th><th class=\"column-5\">Connecteur de fourche<\/th>\n<\/tr>\n<\/thead>\n<tbody class=\"row-striping row-hover\">\n<tr class=\"row-2\">\n\t<td class=\"column-1\">C\u00e2ble de donn\u00e9es Mortara H3+<\/td><td class=\"column-2\"><\/td><td colspan=\"2\" class=\"column-3\"> K2209<\/td><td class=\"column-5\"><\/td>\n<\/tr>\n<tr class=\"row-3\">\n\t<td class=\"column-1\">H3<\/td><td class=\"column-2\"> 5\/Snap<\/td><td class=\"column-3\"> G5190S<\/td><td class=\"column-4\"> G5290S<\/td><td class=\"column-5\"><\/td>\n<\/tr>\n<tr class=\"row-4\">\n\t<td class=\"column-1\"><\/td><td class=\"column-2\">10\/Snap<\/td><td class=\"column-3\"> G1180S<\/td><td class=\"column-4\"> G1280S<\/td><td class=\"column-5\"> CN122<\/td>\n<\/tr>\n<tr class=\"row-5\">\n\t<td class=\"column-1\">T12<\/td><td class=\"column-2\">10\/Snap<\/td><td class=\"column-3\"> G11155S<\/td><td class=\"column-4\"> G12155S<\/td><td class=\"column-5\"><\/td>\n<\/tr>\n<\/tbody>\n<\/table>\n<\/div>\t\t\t\t<\/div>\n\t\t\t\t<\/div>\n\t\t\t\t<\/div>\n\t\t\t\t<\/div>","protected":false},"excerpt":{"rendered":"<p>Modifier les mod\u00e8les compatibles Code de commande c\u00f4t\u00e9 patient \u2013 Code de commande AHA \u2013 Connecteur IEC \u00e0 \u00e9trier Mortara H3+ C\u00e2ble de donn\u00e9es K2209 H3 5\/Snap G5190S G5290S 10\/Snap G1180S G1280S CN122 T12 10\/Snap G11155S G12155S<\/p>","protected":false},"featured_media":3908,"comment_status":"open","ping_status":"closed","template":"","meta":{"_acf_changed":false},"product_brand":[131],"product_cat":[200],"product_tag":[],"class_list":{"0":"post-3907","1":"product","2":"type-product","3":"status-publish","4":"has-post-thumbnail","6":"product_brand-mortara","7":"product_cat-holter-telemetry-cables","9":"first","10":"instock","11":"shipping-taxable","12":"product-type-simple"},"acf":[],"_links":{"self":[{"href":"https:\/\/medkemedical.com\/fr\/wp-json\/wp\/v2\/product\/3907","targetHints":{"allow":["GET"]}}],"collection":[{"href":"https:\/\/medkemedical.com\/fr\/wp-json\/wp\/v2\/product"}],"about":[{"href":"https:\/\/medkemedical.com\/fr\/wp-json\/wp\/v2\/types\/product"}],"replies":[{"embeddable":true,"href":"https:\/\/medkemedical.com\/fr\/wp-json\/wp\/v2\/comments?post=3907"}],"version-history":[{"count":8,"href":"https:\/\/medkemedical.com\/fr\/wp-json\/wp\/v2\/product\/3907\/revisions"}],"predecessor-version":[{"id":3919,"href":"https:\/\/medkemedical.com\/fr\/wp-json\/wp\/v2\/product\/3907\/revisions\/3919"}],"wp:featuredmedia":[{"embeddable":true,"href":"https:\/\/medkemedical.com\/fr\/wp-json\/wp\/v2\/media\/3908"}],"wp:attachment":[{"href":"https:\/\/medkemedical.com\/fr\/wp-json\/wp\/v2\/media?parent=3907"}],"wp:term":[{"taxonomy":"product_brand","embeddable":true,"href":"https:\/\/medkemedical.com\/fr\/wp-json\/wp\/v2\/product_brand?post=3907"},{"taxonomy":"product_cat","embeddable":true,"href":"https:\/\/medkemedical.com\/fr\/wp-json\/wp\/v2\/product_cat?post=3907"},{"taxonomy":"product_tag","embeddable":true,"href":"https:\/\/medkemedical.com\/fr\/wp-json\/wp\/v2\/product_tag?post=3907"}],"curies":[{"name":"wp","href":"https:\/\/api.w.org\/{rel}","templated":true}]}}