{"id":3116,"date":"2025-05-16T18:21:22","date_gmt":"2025-05-16T10:21:22","guid":{"rendered":"https:\/\/medkemedical.com\/?post_type=product&#038;p=3116"},"modified":"2025-05-19T15:15:51","modified_gmt":"2025-05-19T07:15:51","slug":"david-reusable-temperature-probes","status":"publish","type":"product","link":"https:\/\/medkemedical.com\/fr\/produit\/david-reusable-temperature-probes\/","title":{"rendered":"Sondes de temp\u00e9rature r\u00e9utilisables David"},"content":{"rendered":"<div data-elementor-type=\"product-post\" data-elementor-id=\"3116\" class=\"elementor elementor-3116\" data-elementor-post-type=\"product\">\n\t\t\t\t<div class=\"elementor-element elementor-element-4490387 e-flex e-con-boxed e-con e-parent\" data-id=\"4490387\" data-element_type=\"container\" data-e-type=\"container\" data-settings=\"{&quot;ekit_has_onepagescroll_dot&quot;:&quot;yes&quot;}\">\n\t\t\t\t\t<div class=\"e-con-inner\">\n\t\t\t\t<div class=\"elementor-element elementor-element-921e915 gallery-spacing-custom elementor-widget elementor-widget-image-gallery\" data-id=\"921e915\" data-element_type=\"widget\" data-e-type=\"widget\" data-settings=\"{&quot;ekit_we_effect_on&quot;:&quot;none&quot;}\" data-widget_type=\"image-gallery.default\">\n\t\t\t\t<div class=\"elementor-widget-container\">\n\t\t\t\t\t\t\t<div class=\"elementor-image-gallery\">\n\t\t\t<div id='gallery-1' class='gallery galleryid-3116 gallery-columns-4 gallery-size-medium'><figure class='gallery-item'>\n\t\t\t<div class='gallery-icon landscape'>\n\t\t\t\t<a data-elementor-open-lightbox=\"yes\" data-elementor-lightbox-slideshow=\"921e915\" data-elementor-lightbox-title=\"T1317\" data-e-action-hash=\"#elementor-action%3Aaction%3Dlightbox%26settings%3DeyJpZCI6MzI2MSwidXJsIjoiaHR0cHM6XC9cL21lZGtlbWVkaWNhbC5jb21cL3dwLWNvbnRlbnRcL3VwbG9hZHNcLzIwMjVcLzA1XC9UMTMxNy5qcGciLCJzbGlkZXNob3ciOiI5MjFlOTE1In0%3D\" href='https:\/\/medkemedical.com\/wp-content\/uploads\/2025\/05\/T1317.jpg'><img fetchpriority=\"high\" width=\"300\" height=\"300\" src=\"https:\/\/medkemedical.com\/wp-content\/uploads\/2025\/05\/T1317-300x300.jpg\" class=\"attachment-medium size-medium\" alt=\"\" decoding=\"async\" srcset=\"https:\/\/medkemedical.com\/wp-content\/uploads\/2025\/05\/T1317-300x300.jpg 300w, https:\/\/medkemedical.com\/wp-content\/uploads\/2025\/05\/T1317-150x150.jpg 150w, https:\/\/medkemedical.com\/wp-content\/uploads\/2025\/05\/T1317-600x600.jpg 600w, https:\/\/medkemedical.com\/wp-content\/uploads\/2025\/05\/T1317-100x100.jpg 100w, https:\/\/medkemedical.com\/wp-content\/uploads\/2025\/05\/T1317.jpg 640w\" sizes=\"(max-width: 300px) 100vw, 300px\" \/><\/a>\n\t\t\t<\/div><\/figure><figure class='gallery-item'>\n\t\t\t<div class='gallery-icon landscape'>\n\t\t\t\t<a data-elementor-open-lightbox=\"yes\" data-elementor-lightbox-slideshow=\"921e915\" data-elementor-lightbox-title=\"T3317\" data-e-action-hash=\"#elementor-action%3Aaction%3Dlightbox%26settings%3DeyJpZCI6MzI2NiwidXJsIjoiaHR0cHM6XC9cL21lZGtlbWVkaWNhbC5jb21cL3dwLWNvbnRlbnRcL3VwbG9hZHNcLzIwMjVcLzA1XC9UMzMxNy5qcGciLCJzbGlkZXNob3ciOiI5MjFlOTE1In0%3D\" href='https:\/\/medkemedical.com\/wp-content\/uploads\/2025\/05\/T3317.jpg'><img width=\"300\" height=\"300\" src=\"https:\/\/medkemedical.com\/wp-content\/uploads\/2025\/05\/T3317-300x300.jpg\" class=\"attachment-medium size-medium\" alt=\"\" decoding=\"async\" srcset=\"https:\/\/medkemedical.com\/wp-content\/uploads\/2025\/05\/T3317-300x300.jpg 300w, https:\/\/medkemedical.com\/wp-content\/uploads\/2025\/05\/T3317-150x150.jpg 150w, https:\/\/medkemedical.com\/wp-content\/uploads\/2025\/05\/T3317-600x600.jpg 600w, https:\/\/medkemedical.com\/wp-content\/uploads\/2025\/05\/T3317-100x100.jpg 100w, https:\/\/medkemedical.com\/wp-content\/uploads\/2025\/05\/T3317.jpg 640w\" sizes=\"(max-width: 300px) 100vw, 300px\" \/><\/a>\n\t\t\t<\/div><\/figure><figure class='gallery-item'>\n\t\t\t<div class='gallery-icon landscape'>\n\t\t\t\t<a data-elementor-open-lightbox=\"yes\" data-elementor-lightbox-slideshow=\"921e915\" data-elementor-lightbox-title=\"T4317\" data-e-action-hash=\"#elementor-action%3Aaction%3Dlightbox%26settings%3DeyJpZCI6MzI2NywidXJsIjoiaHR0cHM6XC9cL21lZGtlbWVkaWNhbC5jb21cL3dwLWNvbnRlbnRcL3VwbG9hZHNcLzIwMjVcLzA1XC9UNDMxNy5qcGciLCJzbGlkZXNob3ciOiI5MjFlOTE1In0%3D\" href='https:\/\/medkemedical.com\/wp-content\/uploads\/2025\/05\/T4317.jpg'><img width=\"300\" height=\"300\" src=\"https:\/\/medkemedical.com\/wp-content\/uploads\/2025\/05\/T4317-300x300.jpg\" class=\"attachment-medium size-medium\" alt=\"\" decoding=\"async\" srcset=\"https:\/\/medkemedical.com\/wp-content\/uploads\/2025\/05\/T4317-300x300.jpg 300w, https:\/\/medkemedical.com\/wp-content\/uploads\/2025\/05\/T4317-150x150.jpg 150w, https:\/\/medkemedical.com\/wp-content\/uploads\/2025\/05\/T4317-600x600.jpg 600w, https:\/\/medkemedical.com\/wp-content\/uploads\/2025\/05\/T4317-100x100.jpg 100w, https:\/\/medkemedical.com\/wp-content\/uploads\/2025\/05\/T4317.jpg 640w\" sizes=\"(max-width: 300px) 100vw, 300px\" \/><\/a>\n\t\t\t<\/div><\/figure>\n\t\t<\/div>\n\t\t<\/div>\n\t\t\t\t\t\t<\/div>\n\t\t\t\t<\/div>\n\t\t\t\t\t<\/div>\n\t\t\t\t<\/div>\n\t\t<div class=\"elementor-element elementor-element-f46da3d e-con-full e-flex e-con e-parent\" data-id=\"f46da3d\" data-element_type=\"container\" data-e-type=\"container\" data-settings=\"{&quot;ekit_has_onepagescroll_dot&quot;:&quot;yes&quot;}\">\n\t\t\t\t<div class=\"elementor-element elementor-element-ac45bba elementor-widget elementor-widget-elementskit-tablepress\" data-id=\"ac45bba\" data-element_type=\"widget\" data-e-type=\"widget\" data-settings=\"{&quot;ekit_we_effect_on&quot;:&quot;none&quot;}\" data-widget_type=\"elementskit-tablepress.default\">\n\t\t\t\t<div class=\"elementor-widget-container\">\n\t\t\t\t\t<div class=\"elemenetskit-tablepress ekit-wid-con\" id=\"ekit_tablepress_ac45bba\">\n<table id=\"tablepress-115\" class=\"tablepress tablepress-id-115 tbody-has-connected-cells\">\n<thead>\n<tr class=\"row-1\">\n\t<th class=\"column-1\">Code de commande<\/th><th class=\"column-2\">Peau adulte<\/th><th class=\"column-3\">Usage g\u00e9n\u00e9ral pour adultes<\/th><th class=\"column-4\">Peau p\u00e9diatrique<\/th><th class=\"column-5\">Usage g\u00e9n\u00e9ral p\u00e9diatrique<\/th><th class=\"column-6\"> Connecteur<\/th>\n<\/tr>\n<\/thead>\n<tbody class=\"row-striping row-hover\">\n<tr class=\"row-2\">\n\t<td rowspan=\"2\" class=\"column-1\">Incubateur David <br \/>\n(HKN-90)<\/td><td class=\"column-2\"> T1317<\/td><td class=\"column-3\"> T2317<\/td><td class=\"column-4\"> T3317<\/td><td class=\"column-5\"> T4317<\/td><td class=\"column-6\"> CP6<br \/>\n<\/td>\n<\/tr>\n<tr class=\"row-3\">\n\t<td class=\"column-2\"> T1317B<\/td><td class=\"column-3\"> T2317B<\/td><td class=\"column-4\"> T3317B<\/td><td class=\"column-5\"> T4317B<\/td><td class=\"column-6\"> CP6<\/td>\n<\/tr>\n<tr class=\"row-4\">\n\t<td rowspan=\"2\" class=\"column-1\">David Warmer <br \/>\n(Ti2000)<\/td><td class=\"column-2\"> T1360<\/td><td class=\"column-3\"> T2360<\/td><td class=\"column-4\"> T3360<\/td><td class=\"column-5\"> T4360<\/td><td class=\"column-6\"> CP4<\/td>\n<\/tr>\n<tr class=\"row-5\">\n\t<td class=\"column-2\"> T1360B<\/td><td class=\"column-3\"> T2360B<\/td><td class=\"column-4\"> T3360B<\/td><td class=\"column-5\"> T4360B<\/td><td class=\"column-6\"> CP2<\/td>\n<\/tr>\n<\/tbody>\n<\/table>\n<\/div>\t\t\t\t<\/div>\n\t\t\t\t<\/div>\n\t\t\t\t<\/div>\n\t\t\t\t<\/div>","protected":false},"excerpt":{"rendered":"<p>Edit Order Code Adult Skin Adult General Purpose Pediatric Skin Pediatric General Purpose Connector David incubator (HKN-90) T1317 T2317 T3317 T4317 CP6 T1317B T2317B T3317B T4317B CP6 David warmer (Ti2000) T1360 T2360 T3360 T4360 CP4 T1360B T2360B T3360B T4360B CP2<\/p>","protected":false},"featured_media":3261,"comment_status":"open","ping_status":"closed","template":"","meta":{"_acf_changed":false},"product_brand":[235],"product_cat":[209],"product_tag":[],"class_list":{"0":"post-3116","1":"product","2":"type-product","3":"status-publish","4":"has-post-thumbnail","6":"product_brand-david","7":"product_cat-reusable-temperature-probes","9":"first","10":"instock","11":"shipping-taxable","12":"product-type-simple"},"acf":[],"_links":{"self":[{"href":"https:\/\/medkemedical.com\/fr\/wp-json\/wp\/v2\/product\/3116","targetHints":{"allow":["GET"]}}],"collection":[{"href":"https:\/\/medkemedical.com\/fr\/wp-json\/wp\/v2\/product"}],"about":[{"href":"https:\/\/medkemedical.com\/fr\/wp-json\/wp\/v2\/types\/product"}],"replies":[{"embeddable":true,"href":"https:\/\/medkemedical.com\/fr\/wp-json\/wp\/v2\/comments?post=3116"}],"version-history":[{"count":5,"href":"https:\/\/medkemedical.com\/fr\/wp-json\/wp\/v2\/product\/3116\/revisions"}],"predecessor-version":[{"id":3270,"href":"https:\/\/medkemedical.com\/fr\/wp-json\/wp\/v2\/product\/3116\/revisions\/3270"}],"wp:featuredmedia":[{"embeddable":true,"href":"https:\/\/medkemedical.com\/fr\/wp-json\/wp\/v2\/media\/3261"}],"wp:attachment":[{"href":"https:\/\/medkemedical.com\/fr\/wp-json\/wp\/v2\/media?parent=3116"}],"wp:term":[{"taxonomy":"product_brand","embeddable":true,"href":"https:\/\/medkemedical.com\/fr\/wp-json\/wp\/v2\/product_brand?post=3116"},{"taxonomy":"product_cat","embeddable":true,"href":"https:\/\/medkemedical.com\/fr\/wp-json\/wp\/v2\/product_cat?post=3116"},{"taxonomy":"product_tag","embeddable":true,"href":"https:\/\/medkemedical.com\/fr\/wp-json\/wp\/v2\/product_tag?post=3116"}],"curies":[{"name":"wp","href":"https:\/\/api.w.org\/{rel}","templated":true}]}}