{"id":5730,"date":"2025-07-02T17:44:16","date_gmt":"2025-07-02T09:44:16","guid":{"rendered":"https:\/\/medkemedical.com\/?post_type=product&#038;p=5730"},"modified":"2025-07-02T17:46:53","modified_gmt":"2025-07-02T09:46:53","slug":"colin-ecg-cable","status":"publish","type":"product","link":"https:\/\/medkemedical.com\/es\/producto\/colin-ecg-cable\/","title":{"rendered":"Cable de ECG de Colin"},"content":{"rendered":"<div data-elementor-type=\"product-post\" data-elementor-id=\"5730\" class=\"elementor elementor-5730\" data-elementor-post-type=\"product\">\n\t\t\t\t<div class=\"elementor-element elementor-element-55d6f76 e-flex e-con-boxed e-con e-parent\" data-id=\"55d6f76\" data-element_type=\"container\" data-e-type=\"container\" data-settings=\"{&quot;ekit_has_onepagescroll_dot&quot;:&quot;yes&quot;}\">\n\t\t\t\t\t<div class=\"e-con-inner\">\n\t\t\t\t<div class=\"elementor-element elementor-element-5536c29 gallery-spacing-custom elementor-widget elementor-widget-image-gallery\" data-id=\"5536c29\" data-element_type=\"widget\" data-e-type=\"widget\" data-settings=\"{&quot;ekit_we_effect_on&quot;:&quot;none&quot;}\" data-widget_type=\"image-gallery.default\">\n\t\t\t\t<div class=\"elementor-widget-container\">\n\t\t\t\t\t\t\t<div class=\"elementor-image-gallery\">\n\t\t\t<div id='gallery-1' class='gallery galleryid-5730 gallery-columns-4 gallery-size-medium'><figure class='gallery-item'>\n\t\t\t<div class='gallery-icon landscape'>\n\t\t\t\t<a data-elementor-open-lightbox=\"yes\" data-elementor-lightbox-slideshow=\"5536c29\" data-elementor-lightbox-title=\"G3106P\" data-e-action-hash=\"#elementor-action%3Aaction%3Dlightbox%26settings%3DeyJpZCI6NTczMywidXJsIjoiaHR0cHM6XC9cL21lZGtlbWVkaWNhbC5jb21cL3dwLWNvbnRlbnRcL3VwbG9hZHNcLzIwMjVcLzA3XC9HMzEwNlAuanBnIiwic2xpZGVzaG93IjoiNTUzNmMyOSJ9\" href='https:\/\/medkemedical.com\/wp-content\/uploads\/2025\/07\/G3106P.jpg'><img fetchpriority=\"high\" width=\"300\" height=\"300\" src=\"https:\/\/medkemedical.com\/wp-content\/uploads\/2025\/07\/G3106P-300x300.jpg\" class=\"attachment-medium size-medium\" alt=\"\" decoding=\"async\" srcset=\"https:\/\/medkemedical.com\/wp-content\/uploads\/2025\/07\/G3106P-300x300.jpg 300w, https:\/\/medkemedical.com\/wp-content\/uploads\/2025\/07\/G3106P-150x150.jpg 150w, https:\/\/medkemedical.com\/wp-content\/uploads\/2025\/07\/G3106P-12x12.jpg 12w, https:\/\/medkemedical.com\/wp-content\/uploads\/2025\/07\/G3106P-600x600.jpg 600w, https:\/\/medkemedical.com\/wp-content\/uploads\/2025\/07\/G3106P-100x100.jpg 100w, https:\/\/medkemedical.com\/wp-content\/uploads\/2025\/07\/G3106P.jpg 640w\" sizes=\"(max-width: 300px) 100vw, 300px\" \/><\/a>\n\t\t\t<\/div><\/figure><figure class='gallery-item'>\n\t\t\t<div class='gallery-icon landscape'>\n\t\t\t\t<a data-elementor-open-lightbox=\"yes\" data-elementor-lightbox-slideshow=\"5536c29\" data-elementor-lightbox-title=\"G3106S\" data-e-action-hash=\"#elementor-action%3Aaction%3Dlightbox%26settings%3DeyJpZCI6NTczNCwidXJsIjoiaHR0cHM6XC9cL21lZGtlbWVkaWNhbC5jb21cL3dwLWNvbnRlbnRcL3VwbG9hZHNcLzIwMjVcLzA3XC9HMzEwNlMuanBnIiwic2xpZGVzaG93IjoiNTUzNmMyOSJ9\" href='https:\/\/medkemedical.com\/wp-content\/uploads\/2025\/07\/G3106S.jpg'><img width=\"300\" height=\"300\" src=\"https:\/\/medkemedical.com\/wp-content\/uploads\/2025\/07\/G3106S-300x300.jpg\" class=\"attachment-medium size-medium\" alt=\"\" decoding=\"async\" srcset=\"https:\/\/medkemedical.com\/wp-content\/uploads\/2025\/07\/G3106S-300x300.jpg 300w, https:\/\/medkemedical.com\/wp-content\/uploads\/2025\/07\/G3106S-150x150.jpg 150w, https:\/\/medkemedical.com\/wp-content\/uploads\/2025\/07\/G3106S-12x12.jpg 12w, https:\/\/medkemedical.com\/wp-content\/uploads\/2025\/07\/G3106S-600x600.jpg 600w, https:\/\/medkemedical.com\/wp-content\/uploads\/2025\/07\/G3106S-100x100.jpg 100w, https:\/\/medkemedical.com\/wp-content\/uploads\/2025\/07\/G3106S.jpg 640w\" sizes=\"(max-width: 300px) 100vw, 300px\" \/><\/a>\n\t\t\t<\/div><\/figure><figure class='gallery-item'>\n\t\t\t<div class='gallery-icon landscape'>\n\t\t\t\t<a data-elementor-open-lightbox=\"yes\" data-elementor-lightbox-slideshow=\"5536c29\" data-elementor-lightbox-title=\"G5106P\" data-e-action-hash=\"#elementor-action%3Aaction%3Dlightbox%26settings%3DeyJpZCI6NTczNiwidXJsIjoiaHR0cHM6XC9cL21lZGtlbWVkaWNhbC5jb21cL3dwLWNvbnRlbnRcL3VwbG9hZHNcLzIwMjVcLzA3XC9HNTEwNlAuanBnIiwic2xpZGVzaG93IjoiNTUzNmMyOSJ9\" href='https:\/\/medkemedical.com\/wp-content\/uploads\/2025\/07\/G5106P.jpg'><img width=\"300\" height=\"300\" src=\"https:\/\/medkemedical.com\/wp-content\/uploads\/2025\/07\/G5106P-300x300.jpg\" class=\"attachment-medium size-medium\" alt=\"\" decoding=\"async\" srcset=\"https:\/\/medkemedical.com\/wp-content\/uploads\/2025\/07\/G5106P-300x300.jpg 300w, https:\/\/medkemedical.com\/wp-content\/uploads\/2025\/07\/G5106P-150x150.jpg 150w, https:\/\/medkemedical.com\/wp-content\/uploads\/2025\/07\/G5106P-12x12.jpg 12w, https:\/\/medkemedical.com\/wp-content\/uploads\/2025\/07\/G5106P-600x600.jpg 600w, https:\/\/medkemedical.com\/wp-content\/uploads\/2025\/07\/G5106P-100x100.jpg 100w, https:\/\/medkemedical.com\/wp-content\/uploads\/2025\/07\/G5106P.jpg 640w\" sizes=\"(max-width: 300px) 100vw, 300px\" \/><\/a>\n\t\t\t<\/div><\/figure><figure class='gallery-item'>\n\t\t\t<div class='gallery-icon landscape'>\n\t\t\t\t<a data-elementor-open-lightbox=\"yes\" data-elementor-lightbox-slideshow=\"5536c29\" data-elementor-lightbox-title=\"G5106S\" data-e-action-hash=\"#elementor-action%3Aaction%3Dlightbox%26settings%3DeyJpZCI6NTczNywidXJsIjoiaHR0cHM6XC9cL21lZGtlbWVkaWNhbC5jb21cL3dwLWNvbnRlbnRcL3VwbG9hZHNcLzIwMjVcLzA3XC9HNTEwNlMuanBnIiwic2xpZGVzaG93IjoiNTUzNmMyOSJ9\" href='https:\/\/medkemedical.com\/wp-content\/uploads\/2025\/07\/G5106S.jpg'><img loading=\"lazy\" width=\"300\" height=\"300\" src=\"https:\/\/medkemedical.com\/wp-content\/uploads\/2025\/07\/G5106S-300x300.jpg\" class=\"attachment-medium size-medium\" alt=\"\" decoding=\"async\" srcset=\"https:\/\/medkemedical.com\/wp-content\/uploads\/2025\/07\/G5106S-300x300.jpg 300w, https:\/\/medkemedical.com\/wp-content\/uploads\/2025\/07\/G5106S-150x150.jpg 150w, https:\/\/medkemedical.com\/wp-content\/uploads\/2025\/07\/G5106S-12x12.jpg 12w, https:\/\/medkemedical.com\/wp-content\/uploads\/2025\/07\/G5106S-600x600.jpg 600w, https:\/\/medkemedical.com\/wp-content\/uploads\/2025\/07\/G5106S-100x100.jpg 100w, https:\/\/medkemedical.com\/wp-content\/uploads\/2025\/07\/G5106S.jpg 640w\" sizes=\"(max-width: 300px) 100vw, 300px\" \/><\/a>\n\t\t\t<\/div><\/figure>\n\t\t<\/div>\n\t\t<\/div>\n\t\t\t\t\t\t<\/div>\n\t\t\t\t<\/div>\n\t\t\t\t\t<\/div>\n\t\t\t\t<\/div>\n\t\t<div class=\"elementor-element elementor-element-621eb78 e-con-full e-flex e-con e-parent\" data-id=\"621eb78\" data-element_type=\"container\" data-e-type=\"container\" data-settings=\"{&quot;ekit_has_onepagescroll_dot&quot;:&quot;yes&quot;}\">\n\t\t\t\t<div class=\"elementor-element elementor-element-eedc0ef elementor-widget elementor-widget-elementskit-tablepress\" data-id=\"eedc0ef\" data-element_type=\"widget\" data-e-type=\"widget\" data-settings=\"{&quot;ekit_we_effect_on&quot;:&quot;none&quot;}\" data-widget_type=\"elementskit-tablepress.default\">\n\t\t\t\t<div class=\"elementor-widget-container\">\n\t\t\t\t\t<div class=\"elemenetskit-tablepress ekit-wid-con\" id=\"ekit_tablepress_eedc0ef\">\n<table id=\"tablepress-310\" class=\"tablepress tablepress-id-310 tbody-has-connected-cells\">\n<thead>\n<tr class=\"row-1\">\n\t<th class=\"column-1\">Monitor<\/th><th class=\"column-2\">Conductores\/etiqueta<\/th><th class=\"column-3\">C\u00f3digo de pedido fijo<\/th><th class=\"column-4\">C\u00f3digo de pedido r\u00e1pido fijo<\/th><th class=\"column-5\">Conector<\/th>\n<\/tr>\n<\/thead>\n<tbody class=\"row-striping row-hover\">\n<tr class=\"row-2\">\n\t<td rowspan=\"4\" class=\"column-1\">Conector L mental<\/td><td class=\"column-2\">3\/AHA<\/td><td class=\"column-3\">G3107P<\/td><td class=\"column-4\">G3107S<\/td><td rowspan=\"4\" class=\"column-5\">CN105<\/td>\n<\/tr>\n<tr class=\"row-3\">\n\t<td class=\"column-2\">3\/IEC<\/td><td class=\"column-3\">G3207P<\/td><td class=\"column-4\">G3207S<\/td>\n<\/tr>\n<tr class=\"row-4\">\n\t<td class=\"column-2\">5\/AHA<\/td><td class=\"column-3\">G5107P<\/td><td class=\"column-4\">G5107S<\/td>\n<\/tr>\n<tr class=\"row-5\">\n\t<td class=\"column-2\">5\/IEC<\/td><td class=\"column-3\">G5207P<\/td><td class=\"column-4\">G5207S<\/td>\n<\/tr>\n<tr class=\"row-6\">\n\t<td rowspan=\"4\" class=\"column-1\">BP 88 - 306 - 508<br \/>\nConector de pl\u00e1stico<\/td><td class=\"column-2\">3\/AHA<\/td><td class=\"column-3\">G3106P<\/td><td class=\"column-4\">G3106S<\/td><td rowspan=\"4\" class=\"column-5\">CN104<\/td>\n<\/tr>\n<tr class=\"row-7\">\n\t<td class=\"column-2\">3\/IEC<\/td><td class=\"column-3\">G3206P<\/td><td class=\"column-4\">G3206S<\/td>\n<\/tr>\n<tr class=\"row-8\">\n\t<td class=\"column-2\">5\/AHA<\/td><td class=\"column-3\">G5106P<\/td><td class=\"column-4\">G5106S<\/td>\n<\/tr>\n<tr class=\"row-9\">\n\t<td class=\"column-2\">5\/IEC<\/td><td class=\"column-3\">G5206P<\/td><td class=\"column-4\">G5206S<\/td>\n<\/tr>\n<\/tbody>\n<\/table>\n<\/div>\t\t\t\t<\/div>\n\t\t\t\t<\/div>\n\t\t\t\t<\/div>\n\t\t\t\t<\/div>","protected":false},"excerpt":{"rendered":"<p>Editar cables\/etiqueta del monitor C\u00f3digo de pedido de pinza fija C\u00f3digo de pedido de presi\u00f3n fija Conector Bm3 3\/AHA G3104P G3104S CN103 3\/IEC G3204P G3204S 5\/AHA G5104P G5104S 5\/IEC G5204P G5204S Bm5 3\/AHA G3149P G3149S CN132 3\/IEC G3249P G3249S 5\/AHA G5149P G5149S 5\/IEC G5249P G5249S<\/p>","protected":false},"featured_media":5733,"comment_status":"open","ping_status":"closed","template":"","meta":{"_acf_changed":false},"product_brand":[53],"product_cat":[204],"product_tag":[],"class_list":{"0":"post-5730","1":"product","2":"type-product","3":"status-publish","4":"has-post-thumbnail","6":"product_brand-colin","7":"product_cat-one-piece-ecg-cables","9":"first","10":"instock","11":"shipping-taxable","12":"product-type-simple"},"acf":[],"_links":{"self":[{"href":"https:\/\/medkemedical.com\/es\/wp-json\/wp\/v2\/product\/5730","targetHints":{"allow":["GET"]}}],"collection":[{"href":"https:\/\/medkemedical.com\/es\/wp-json\/wp\/v2\/product"}],"about":[{"href":"https:\/\/medkemedical.com\/es\/wp-json\/wp\/v2\/types\/product"}],"replies":[{"embeddable":true,"href":"https:\/\/medkemedical.com\/es\/wp-json\/wp\/v2\/comments?post=5730"}],"version-history":[{"count":6,"href":"https:\/\/medkemedical.com\/es\/wp-json\/wp\/v2\/product\/5730\/revisions"}],"predecessor-version":[{"id":5741,"href":"https:\/\/medkemedical.com\/es\/wp-json\/wp\/v2\/product\/5730\/revisions\/5741"}],"wp:featuredmedia":[{"embeddable":true,"href":"https:\/\/medkemedical.com\/es\/wp-json\/wp\/v2\/media\/5733"}],"wp:attachment":[{"href":"https:\/\/medkemedical.com\/es\/wp-json\/wp\/v2\/media?parent=5730"}],"wp:term":[{"taxonomy":"product_brand","embeddable":true,"href":"https:\/\/medkemedical.com\/es\/wp-json\/wp\/v2\/product_brand?post=5730"},{"taxonomy":"product_cat","embeddable":true,"href":"https:\/\/medkemedical.com\/es\/wp-json\/wp\/v2\/product_cat?post=5730"},{"taxonomy":"product_tag","embeddable":true,"href":"https:\/\/medkemedical.com\/es\/wp-json\/wp\/v2\/product_tag?post=5730"}],"curies":[{"name":"wp","href":"https:\/\/api.w.org\/{rel}","templated":true}]}}