{"id":3122,"date":"2025-05-16T18:22:38","date_gmt":"2025-05-16T10:22:38","guid":{"rendered":"https:\/\/medkemedical.com\/?post_type=product&#038;p=3122"},"modified":"2025-05-19T15:17:18","modified_gmt":"2025-05-19T07:17:18","slug":"atom-reusable-temperature-probes","status":"publish","type":"product","link":"https:\/\/medkemedical.com\/es\/producto\/atom-reusable-temperature-probes\/","title":{"rendered":"Sondas de temperatura reutilizables ATOM"},"content":{"rendered":"<div data-elementor-type=\"product-post\" data-elementor-id=\"3122\" class=\"elementor elementor-3122\" data-elementor-post-type=\"product\">\n\t\t\t\t<div class=\"elementor-element elementor-element-4490387 e-flex e-con-boxed e-con e-parent\" data-id=\"4490387\" data-element_type=\"container\" data-e-type=\"container\" data-settings=\"{&quot;ekit_has_onepagescroll_dot&quot;:&quot;yes&quot;}\">\n\t\t\t\t\t<div class=\"e-con-inner\">\n\t\t\t\t<div class=\"elementor-element elementor-element-921e915 gallery-spacing-custom elementor-widget elementor-widget-image-gallery\" data-id=\"921e915\" data-element_type=\"widget\" data-e-type=\"widget\" data-settings=\"{&quot;ekit_we_effect_on&quot;:&quot;none&quot;}\" data-widget_type=\"image-gallery.default\">\n\t\t\t\t<div class=\"elementor-widget-container\">\n\t\t\t\t\t\t\t<div class=\"elementor-image-gallery\">\n\t\t\t<div id='gallery-1' class='gallery galleryid-3122 gallery-columns-4 gallery-size-medium'><figure class='gallery-item'>\n\t\t\t<div class='gallery-icon landscape'>\n\t\t\t\t<a data-elementor-open-lightbox=\"yes\" data-elementor-lightbox-slideshow=\"921e915\" data-elementor-lightbox-title=\"T1315\" data-e-action-hash=\"#elementor-action%3Aaction%3Dlightbox%26settings%3DeyJpZCI6MzI3MSwidXJsIjoiaHR0cHM6XC9cL21lZGtlbWVkaWNhbC5jb21cL3dwLWNvbnRlbnRcL3VwbG9hZHNcLzIwMjVcLzA1XC9UMTMxNS5qcGciLCJzbGlkZXNob3ciOiI5MjFlOTE1In0%3D\" href='https:\/\/medkemedical.com\/wp-content\/uploads\/2025\/05\/T1315.jpg'><img fetchpriority=\"high\" width=\"300\" height=\"300\" src=\"https:\/\/medkemedical.com\/wp-content\/uploads\/2025\/05\/T1315-300x300.jpg\" class=\"attachment-medium size-medium\" alt=\"\" decoding=\"async\" srcset=\"https:\/\/medkemedical.com\/wp-content\/uploads\/2025\/05\/T1315-300x300.jpg 300w, https:\/\/medkemedical.com\/wp-content\/uploads\/2025\/05\/T1315-150x150.jpg 150w, https:\/\/medkemedical.com\/wp-content\/uploads\/2025\/05\/T1315-600x600.jpg 600w, https:\/\/medkemedical.com\/wp-content\/uploads\/2025\/05\/T1315-100x100.jpg 100w, https:\/\/medkemedical.com\/wp-content\/uploads\/2025\/05\/T1315.jpg 640w\" sizes=\"(max-width: 300px) 100vw, 300px\" \/><\/a>\n\t\t\t<\/div><\/figure>\n\t\t<\/div>\n\t\t<\/div>\n\t\t\t\t\t\t<\/div>\n\t\t\t\t<\/div>\n\t\t\t\t\t<\/div>\n\t\t\t\t<\/div>\n\t\t<div class=\"elementor-element elementor-element-f46da3d e-con-full e-flex e-con e-parent\" data-id=\"f46da3d\" data-element_type=\"container\" data-e-type=\"container\" data-settings=\"{&quot;ekit_has_onepagescroll_dot&quot;:&quot;yes&quot;}\">\n\t\t\t\t<div class=\"elementor-element elementor-element-ac45bba elementor-widget elementor-widget-elementskit-tablepress\" data-id=\"ac45bba\" data-element_type=\"widget\" data-e-type=\"widget\" data-settings=\"{&quot;ekit_we_effect_on&quot;:&quot;none&quot;}\" data-widget_type=\"elementskit-tablepress.default\">\n\t\t\t\t<div class=\"elementor-widget-container\">\n\t\t\t\t\t<div class=\"elemenetskit-tablepress ekit-wid-con\" id=\"ekit_tablepress_ac45bba\">\n<table id=\"tablepress-118\" class=\"tablepress tablepress-id-118\">\n<thead>\n<tr class=\"row-1\">\n\t<th class=\"column-1\"> \u00c1TOMO<\/th><th class=\"column-2\">Piel de adulto<\/th><th class=\"column-3\">Uso general para adultos<\/th><th class=\"column-4\">Piel pedi\u00e1trica<\/th><th class=\"column-5\">Uso general pedi\u00e1trico<\/th><th class=\"column-6\"> Conector<\/th>\n<\/tr>\n<\/thead>\n<tbody class=\"row-striping row-hover\">\n<tr class=\"row-2\">\n\t<td class=\"column-1\">C\u00f3digo de pedido<\/td><td class=\"column-2\"> T1315<\/td><td class=\"column-3\"> T2315<\/td><td class=\"column-4\"> T3315<\/td><td class=\"column-5\"> T4315<\/td><td class=\"column-6\">CN05B<br \/>\n<img decoding=\"async\" src=\"https:\/\/medkemedical.com\/wp-content\/uploads\/2025\/05\/CN05B-MINI-6P\u63d2\u5934-\u4fa7\u9762-300x240.png\" alt=\"\" width=\"300\" height=\"240\" class=\"alignnone size-medium wp-image-3026\" srcset=\"https:\/\/medkemedical.com\/wp-content\/uploads\/2025\/05\/CN05B-MINI-6P\u63d2\u5934-\u4fa7\u9762-300x240.png 300w, https:\/\/medkemedical.com\/wp-content\/uploads\/2025\/05\/CN05B-MINI-6P\u63d2\u5934-\u4fa7\u9762-1024x819.png 1024w, https:\/\/medkemedical.com\/wp-content\/uploads\/2025\/05\/CN05B-MINI-6P\u63d2\u5934-\u4fa7\u9762-768x614.png 768w, https:\/\/medkemedical.com\/wp-content\/uploads\/2025\/05\/CN05B-MINI-6P\u63d2\u5934-\u4fa7\u9762-600x480.png 600w, https:\/\/medkemedical.com\/wp-content\/uploads\/2025\/05\/CN05B-MINI-6P\u63d2\u5934-\u4fa7\u9762.png 1280w\" sizes=\"(max-width: 300px) 100vw, 300px\" \/><\/td>\n<\/tr>\n<\/tbody>\n<\/table>\n<\/div>\t\t\t\t<\/div>\n\t\t\t\t<\/div>\n\t\t\t\t<\/div>\n\t\t\t\t<\/div>","protected":false},"excerpt":{"rendered":"<p>Editar ATOM Piel para adultos Piel para adultos Uso general para ni\u00f1os Piel para ni\u00f1os Uso general para ni\u00f1os Conector C\u00f3digo de pedido T1315 T2315 T3315 T4315 CN05B<\/p>","protected":false},"featured_media":3271,"comment_status":"open","ping_status":"closed","template":"","meta":{"_acf_changed":false},"product_brand":[236],"product_cat":[209],"product_tag":[],"class_list":{"0":"post-3122","1":"product","2":"type-product","3":"status-publish","4":"has-post-thumbnail","6":"product_brand-atom","7":"product_cat-reusable-temperature-probes","9":"first","10":"instock","11":"shipping-taxable","12":"product-type-simple"},"acf":[],"_links":{"self":[{"href":"https:\/\/medkemedical.com\/es\/wp-json\/wp\/v2\/product\/3122","targetHints":{"allow":["GET"]}}],"collection":[{"href":"https:\/\/medkemedical.com\/es\/wp-json\/wp\/v2\/product"}],"about":[{"href":"https:\/\/medkemedical.com\/es\/wp-json\/wp\/v2\/types\/product"}],"replies":[{"embeddable":true,"href":"https:\/\/medkemedical.com\/es\/wp-json\/wp\/v2\/comments?post=3122"}],"version-history":[{"count":4,"href":"https:\/\/medkemedical.com\/es\/wp-json\/wp\/v2\/product\/3122\/revisions"}],"predecessor-version":[{"id":3274,"href":"https:\/\/medkemedical.com\/es\/wp-json\/wp\/v2\/product\/3122\/revisions\/3274"}],"wp:featuredmedia":[{"embeddable":true,"href":"https:\/\/medkemedical.com\/es\/wp-json\/wp\/v2\/media\/3271"}],"wp:attachment":[{"href":"https:\/\/medkemedical.com\/es\/wp-json\/wp\/v2\/media?parent=3122"}],"wp:term":[{"taxonomy":"product_brand","embeddable":true,"href":"https:\/\/medkemedical.com\/es\/wp-json\/wp\/v2\/product_brand?post=3122"},{"taxonomy":"product_cat","embeddable":true,"href":"https:\/\/medkemedical.com\/es\/wp-json\/wp\/v2\/product_cat?post=3122"},{"taxonomy":"product_tag","embeddable":true,"href":"https:\/\/medkemedical.com\/es\/wp-json\/wp\/v2\/product_tag?post=3122"}],"curies":[{"name":"wp","href":"https:\/\/api.w.org\/{rel}","templated":true}]}}