{"id":3089,"date":"2025-05-16T18:16:26","date_gmt":"2025-05-16T10:16:26","guid":{"rendered":"https:\/\/medkemedical.com\/?post_type=product&#038;p=3089"},"modified":"2025-05-19T14:51:15","modified_gmt":"2025-05-19T06:51:15","slug":"ge-ohmeda-reusable-temperature-probes","status":"publish","type":"product","link":"https:\/\/medkemedical.com\/es\/producto\/ge-ohmeda-reusable-temperature-probes\/","title":{"rendered":"Sondas de temperatura reutilizables de GE-Ohmeda"},"content":{"rendered":"<div data-elementor-type=\"product-post\" data-elementor-id=\"3089\" class=\"elementor elementor-3089\" data-elementor-post-type=\"product\">\n\t\t\t\t<div class=\"elementor-element elementor-element-4490387 e-flex e-con-boxed e-con e-parent\" data-id=\"4490387\" data-element_type=\"container\" data-e-type=\"container\" data-settings=\"{&quot;ekit_has_onepagescroll_dot&quot;:&quot;yes&quot;}\">\n\t\t\t\t\t<div class=\"e-con-inner\">\n\t\t\t\t<div class=\"elementor-element elementor-element-921e915 gallery-spacing-custom elementor-widget elementor-widget-image-gallery\" data-id=\"921e915\" data-element_type=\"widget\" data-e-type=\"widget\" data-settings=\"{&quot;ekit_we_effect_on&quot;:&quot;none&quot;}\" data-widget_type=\"image-gallery.default\">\n\t\t\t\t<div class=\"elementor-widget-container\">\n\t\t\t\t\t\t\t<div class=\"elementor-image-gallery\">\n\t\t\t<div id='gallery-1' class='gallery galleryid-3089 gallery-columns-4 gallery-size-medium'><figure class='gallery-item'>\n\t\t\t<div class='gallery-icon landscape'>\n\t\t\t\t<a data-elementor-open-lightbox=\"yes\" data-elementor-lightbox-slideshow=\"921e915\" data-elementor-lightbox-title=\"T1312\" data-e-action-hash=\"#elementor-action%3Aaction%3Dlightbox%26settings%3DeyJpZCI6MzE5MywidXJsIjoiaHR0cHM6XC9cL21lZGtlbWVkaWNhbC5jb21cL3dwLWNvbnRlbnRcL3VwbG9hZHNcLzIwMjVcLzA1XC9UMTMxMi5qcGciLCJzbGlkZXNob3ciOiI5MjFlOTE1In0%3D\" href='https:\/\/medkemedical.com\/wp-content\/uploads\/2025\/05\/T1312.jpg'><img fetchpriority=\"high\" width=\"300\" height=\"300\" src=\"https:\/\/medkemedical.com\/wp-content\/uploads\/2025\/05\/T1312-300x300.jpg\" class=\"attachment-medium size-medium\" alt=\"\" decoding=\"async\" srcset=\"https:\/\/medkemedical.com\/wp-content\/uploads\/2025\/05\/T1312-300x300.jpg 300w, https:\/\/medkemedical.com\/wp-content\/uploads\/2025\/05\/T1312-150x150.jpg 150w, https:\/\/medkemedical.com\/wp-content\/uploads\/2025\/05\/T1312-600x600.jpg 600w, https:\/\/medkemedical.com\/wp-content\/uploads\/2025\/05\/T1312-100x100.jpg 100w, https:\/\/medkemedical.com\/wp-content\/uploads\/2025\/05\/T1312.jpg 640w\" sizes=\"(max-width: 300px) 100vw, 300px\" \/><\/a>\n\t\t\t<\/div><\/figure><figure class='gallery-item'>\n\t\t\t<div class='gallery-icon landscape'>\n\t\t\t\t<a data-elementor-open-lightbox=\"yes\" data-elementor-lightbox-slideshow=\"921e915\" data-elementor-lightbox-title=\"T2312\" data-e-action-hash=\"#elementor-action%3Aaction%3Dlightbox%26settings%3DeyJpZCI6MzE5NCwidXJsIjoiaHR0cHM6XC9cL21lZGtlbWVkaWNhbC5jb21cL3dwLWNvbnRlbnRcL3VwbG9hZHNcLzIwMjVcLzA1XC9UMjMxMi5qcGciLCJzbGlkZXNob3ciOiI5MjFlOTE1In0%3D\" href='https:\/\/medkemedical.com\/wp-content\/uploads\/2025\/05\/T2312.jpg'><img width=\"300\" height=\"300\" src=\"https:\/\/medkemedical.com\/wp-content\/uploads\/2025\/05\/T2312-300x300.jpg\" class=\"attachment-medium size-medium\" alt=\"\" decoding=\"async\" srcset=\"https:\/\/medkemedical.com\/wp-content\/uploads\/2025\/05\/T2312-300x300.jpg 300w, https:\/\/medkemedical.com\/wp-content\/uploads\/2025\/05\/T2312-150x150.jpg 150w, https:\/\/medkemedical.com\/wp-content\/uploads\/2025\/05\/T2312-600x600.jpg 600w, https:\/\/medkemedical.com\/wp-content\/uploads\/2025\/05\/T2312-100x100.jpg 100w, https:\/\/medkemedical.com\/wp-content\/uploads\/2025\/05\/T2312.jpg 640w\" sizes=\"(max-width: 300px) 100vw, 300px\" \/><\/a>\n\t\t\t<\/div><\/figure><figure class='gallery-item'>\n\t\t\t<div class='gallery-icon landscape'>\n\t\t\t\t<a data-elementor-open-lightbox=\"yes\" data-elementor-lightbox-slideshow=\"921e915\" data-elementor-lightbox-title=\"T3312\" data-e-action-hash=\"#elementor-action%3Aaction%3Dlightbox%26settings%3DeyJpZCI6MzE5NSwidXJsIjoiaHR0cHM6XC9cL21lZGtlbWVkaWNhbC5jb21cL3dwLWNvbnRlbnRcL3VwbG9hZHNcLzIwMjVcLzA1XC9UMzMxMi5qcGciLCJzbGlkZXNob3ciOiI5MjFlOTE1In0%3D\" href='https:\/\/medkemedical.com\/wp-content\/uploads\/2025\/05\/T3312.jpg'><img width=\"300\" height=\"300\" src=\"https:\/\/medkemedical.com\/wp-content\/uploads\/2025\/05\/T3312-300x300.jpg\" class=\"attachment-medium size-medium\" alt=\"\" decoding=\"async\" srcset=\"https:\/\/medkemedical.com\/wp-content\/uploads\/2025\/05\/T3312-300x300.jpg 300w, https:\/\/medkemedical.com\/wp-content\/uploads\/2025\/05\/T3312-150x150.jpg 150w, https:\/\/medkemedical.com\/wp-content\/uploads\/2025\/05\/T3312-600x600.jpg 600w, https:\/\/medkemedical.com\/wp-content\/uploads\/2025\/05\/T3312-100x100.jpg 100w, https:\/\/medkemedical.com\/wp-content\/uploads\/2025\/05\/T3312.jpg 650w\" sizes=\"(max-width: 300px) 100vw, 300px\" \/><\/a>\n\t\t\t<\/div><\/figure><figure class='gallery-item'>\n\t\t\t<div class='gallery-icon landscape'>\n\t\t\t\t<a data-elementor-open-lightbox=\"yes\" data-elementor-lightbox-slideshow=\"921e915\" data-elementor-lightbox-title=\"T4312\" data-e-action-hash=\"#elementor-action%3Aaction%3Dlightbox%26settings%3DeyJpZCI6MzE5NywidXJsIjoiaHR0cHM6XC9cL21lZGtlbWVkaWNhbC5jb21cL3dwLWNvbnRlbnRcL3VwbG9hZHNcLzIwMjVcLzA1XC9UNDMxMi5qcGciLCJzbGlkZXNob3ciOiI5MjFlOTE1In0%3D\" href='https:\/\/medkemedical.com\/wp-content\/uploads\/2025\/05\/T4312.jpg'><img loading=\"lazy\" width=\"300\" height=\"300\" src=\"https:\/\/medkemedical.com\/wp-content\/uploads\/2025\/05\/T4312-300x300.jpg\" class=\"attachment-medium size-medium\" alt=\"\" decoding=\"async\" srcset=\"https:\/\/medkemedical.com\/wp-content\/uploads\/2025\/05\/T4312-300x300.jpg 300w, https:\/\/medkemedical.com\/wp-content\/uploads\/2025\/05\/T4312-150x150.jpg 150w, https:\/\/medkemedical.com\/wp-content\/uploads\/2025\/05\/T4312-600x600.jpg 600w, https:\/\/medkemedical.com\/wp-content\/uploads\/2025\/05\/T4312-100x100.jpg 100w, https:\/\/medkemedical.com\/wp-content\/uploads\/2025\/05\/T4312.jpg 640w\" sizes=\"(max-width: 300px) 100vw, 300px\" \/><\/a>\n\t\t\t<\/div><\/figure>\n\t\t<\/div>\n\t\t<\/div>\n\t\t\t\t\t\t<\/div>\n\t\t\t\t<\/div>\n\t\t\t\t\t<\/div>\n\t\t\t\t<\/div>\n\t\t<div class=\"elementor-element elementor-element-f46da3d e-con-full e-flex e-con e-parent\" data-id=\"f46da3d\" data-element_type=\"container\" data-e-type=\"container\" data-settings=\"{&quot;ekit_has_onepagescroll_dot&quot;:&quot;yes&quot;}\">\n\t\t\t\t<div class=\"elementor-element elementor-element-ac45bba elementor-widget elementor-widget-elementskit-tablepress\" data-id=\"ac45bba\" data-element_type=\"widget\" data-e-type=\"widget\" data-settings=\"{&quot;ekit_we_effect_on&quot;:&quot;none&quot;}\" data-widget_type=\"elementskit-tablepress.default\">\n\t\t\t\t<div class=\"elementor-widget-container\">\n\t\t\t\t\t<div class=\"elemenetskit-tablepress ekit-wid-con\" id=\"ekit_tablepress_ac45bba\">\n<table id=\"tablepress-103\" class=\"tablepress tablepress-id-103 tbody-has-connected-cells\">\n<thead>\n<tr class=\"row-1\">\n\t<th class=\"column-1\">GE-Ohmeda<\/th><th class=\"column-2\">Piel de adulto<\/th><th class=\"column-3\">Uso general para adultos<\/th><th class=\"column-4\">Piel pedi\u00e1trica<\/th><th class=\"column-5\">Uso general pedi\u00e1trico<\/th><th class=\"column-6\"> Conector<\/th>\n<\/tr>\n<\/thead>\n<tbody class=\"row-striping row-hover\">\n<tr class=\"row-2\">\n\t<td rowspan=\"3\" class=\"column-1\">C\u00f3digo de pedido<\/td><td class=\"column-2\"> T1312<\/td><td class=\"column-3\"> T2312<\/td><td class=\"column-4\"> T3312<\/td><td class=\"column-5\"> T4312<\/td><td class=\"column-6\"> CN410<br \/>\n<img loading=\"lazy\" decoding=\"async\" src=\"https:\/\/medkemedical.com\/wp-content\/uploads\/2025\/05\/CN410-300x103.png\" alt=\"\" width=\"300\" height=\"103\" class=\"alignnone size-medium wp-image-2984\" srcset=\"https:\/\/medkemedical.com\/wp-content\/uploads\/2025\/05\/CN410-300x103.png 300w, https:\/\/medkemedical.com\/wp-content\/uploads\/2025\/05\/CN410-1024x352.png 1024w, https:\/\/medkemedical.com\/wp-content\/uploads\/2025\/05\/CN410-768x264.png 768w, https:\/\/medkemedical.com\/wp-content\/uploads\/2025\/05\/CN410-1536x528.png 1536w, https:\/\/medkemedical.com\/wp-content\/uploads\/2025\/05\/CN410-2048x704.png 2048w, https:\/\/medkemedical.com\/wp-content\/uploads\/2025\/05\/CN410-600x206.png 600w\" sizes=\"(max-width: 300px) 100vw, 300px\" \/><\/td>\n<\/tr>\n<tr class=\"row-3\">\n\t<td class=\"column-2\">T1320<\/td><td class=\"column-3\">T2320<\/td><td class=\"column-4\">T3320<\/td><td class=\"column-5\">T4320<\/td><td class=\"column-6\">CN520<br \/>\n<img loading=\"lazy\" decoding=\"async\" src=\"https:\/\/medkemedical.com\/wp-content\/uploads\/2025\/05\/CN520-300x169.png\" alt=\"\" width=\"300\" height=\"169\" class=\"alignnone size-medium wp-image-2985\" srcset=\"https:\/\/medkemedical.com\/wp-content\/uploads\/2025\/05\/CN520-300x169.png 300w, https:\/\/medkemedical.com\/wp-content\/uploads\/2025\/05\/CN520-1024x577.png 1024w, https:\/\/medkemedical.com\/wp-content\/uploads\/2025\/05\/CN520-768x433.png 768w, https:\/\/medkemedical.com\/wp-content\/uploads\/2025\/05\/CN520-1536x865.png 1536w, https:\/\/medkemedical.com\/wp-content\/uploads\/2025\/05\/CN520-2048x1154.png 2048w, https:\/\/medkemedical.com\/wp-content\/uploads\/2025\/05\/CN520-600x338.png 600w\" sizes=\"(max-width: 300px) 100vw, 300px\" \/><\/td>\n<\/tr>\n<tr class=\"row-4\">\n\t<td class=\"column-2\">T1320C<\/td><td class=\"column-3\">T2320C<\/td><td class=\"column-4\">T3320C<\/td><td class=\"column-5\">T4320C<\/td><td class=\"column-6\"> CN424<br \/>\n<img loading=\"lazy\" decoding=\"async\" src=\"https:\/\/medkemedical.com\/wp-content\/uploads\/2025\/05\/CN424-300x86.jpg\" alt=\"\" width=\"300\" height=\"86\" class=\"alignnone size-medium wp-image-2990\" srcset=\"https:\/\/medkemedical.com\/wp-content\/uploads\/2025\/05\/CN424-300x86.jpg 300w, https:\/\/medkemedical.com\/wp-content\/uploads\/2025\/05\/CN424-1024x295.jpg 1024w, https:\/\/medkemedical.com\/wp-content\/uploads\/2025\/05\/CN424-768x221.jpg 768w, https:\/\/medkemedical.com\/wp-content\/uploads\/2025\/05\/CN424-1536x442.jpg 1536w, https:\/\/medkemedical.com\/wp-content\/uploads\/2025\/05\/CN424-2048x590.jpg 2048w, https:\/\/medkemedical.com\/wp-content\/uploads\/2025\/05\/CN424-600x173.jpg 600w\" sizes=\"(max-width: 300px) 100vw, 300px\" \/><\/td>\n<\/tr>\n<\/tbody>\n<\/table>\n<\/div>\t\t\t\t<\/div>\n\t\t\t\t<\/div>\n\t\t\t\t<\/div>\n\t\t\t\t<\/div>","protected":false},"excerpt":{"rendered":"<p>Editar GE-Ohmeda Piel para adultos Piel para adultos Uso general para ni\u00f1os Piel para ni\u00f1os Uso general para ni\u00f1os C\u00f3digo de pedido del conector T1312 T2312 T3312 T4312 CN410 T1320 T2320 T3320 T4320 CN520 T1320C T2320C T3320C T4320C CN424<\/p>","protected":false},"featured_media":3193,"comment_status":"open","ping_status":"closed","template":"","meta":{"_acf_changed":false},"product_brand":[30],"product_cat":[209],"product_tag":[],"class_list":{"0":"post-3089","1":"product","2":"type-product","3":"status-publish","4":"has-post-thumbnail","6":"product_brand-ge-datex-ohmeda","7":"product_cat-reusable-temperature-probes","9":"first","10":"instock","11":"shipping-taxable","12":"product-type-simple"},"acf":[],"_links":{"self":[{"href":"https:\/\/medkemedical.com\/es\/wp-json\/wp\/v2\/product\/3089","targetHints":{"allow":["GET"]}}],"collection":[{"href":"https:\/\/medkemedical.com\/es\/wp-json\/wp\/v2\/product"}],"about":[{"href":"https:\/\/medkemedical.com\/es\/wp-json\/wp\/v2\/types\/product"}],"replies":[{"embeddable":true,"href":"https:\/\/medkemedical.com\/es\/wp-json\/wp\/v2\/comments?post=3089"}],"version-history":[{"count":5,"href":"https:\/\/medkemedical.com\/es\/wp-json\/wp\/v2\/product\/3089\/revisions"}],"predecessor-version":[{"id":3200,"href":"https:\/\/medkemedical.com\/es\/wp-json\/wp\/v2\/product\/3089\/revisions\/3200"}],"wp:featuredmedia":[{"embeddable":true,"href":"https:\/\/medkemedical.com\/es\/wp-json\/wp\/v2\/media\/3193"}],"wp:attachment":[{"href":"https:\/\/medkemedical.com\/es\/wp-json\/wp\/v2\/media?parent=3089"}],"wp:term":[{"taxonomy":"product_brand","embeddable":true,"href":"https:\/\/medkemedical.com\/es\/wp-json\/wp\/v2\/product_brand?post=3089"},{"taxonomy":"product_cat","embeddable":true,"href":"https:\/\/medkemedical.com\/es\/wp-json\/wp\/v2\/product_cat?post=3089"},{"taxonomy":"product_tag","embeddable":true,"href":"https:\/\/medkemedical.com\/es\/wp-json\/wp\/v2\/product_tag?post=3089"}],"curies":[{"name":"wp","href":"https:\/\/api.w.org\/{rel}","templated":true}]}}