{"id":2907,"date":"2025-05-16T14:10:45","date_gmt":"2025-05-16T06:10:45","guid":{"rendered":"https:\/\/medkemedical.com\/?post_type=product&#038;p=2907"},"modified":"2025-05-16T14:12:59","modified_gmt":"2025-05-16T06:12:59","slug":"drager-siemens-temperature-adapter-cables","status":"publish","type":"product","link":"https:\/\/medkemedical.com\/es\/producto\/drager-siemens-temperature-adapter-cables\/","title":{"rendered":"Cables adaptadores de temperatura Drager-Siemens"},"content":{"rendered":"<div data-elementor-type=\"product-post\" data-elementor-id=\"2907\" class=\"elementor elementor-2907\" data-elementor-post-type=\"product\">\n\t\t\t\t<div class=\"elementor-element elementor-element-4490387 e-flex e-con-boxed e-con e-parent\" data-id=\"4490387\" data-element_type=\"container\" data-e-type=\"container\" data-settings=\"{&quot;ekit_has_onepagescroll_dot&quot;:&quot;yes&quot;}\">\n\t\t\t\t\t<div class=\"e-con-inner\">\n\t\t\t\t<div class=\"elementor-element elementor-element-921e915 gallery-spacing-custom elementor-widget elementor-widget-image-gallery\" data-id=\"921e915\" data-element_type=\"widget\" data-e-type=\"widget\" data-settings=\"{&quot;ekit_we_effect_on&quot;:&quot;none&quot;}\" data-widget_type=\"image-gallery.default\">\n\t\t\t\t<div class=\"elementor-widget-container\">\n\t\t\t\t\t\t\t<div class=\"elementor-image-gallery\">\n\t\t\t<div id='gallery-1' class='gallery galleryid-2907 gallery-columns-3 gallery-size-medium'><figure class='gallery-item'>\n\t\t\t<div class='gallery-icon landscape'>\n\t\t\t\t<a data-elementor-open-lightbox=\"yes\" data-elementor-lightbox-slideshow=\"921e915\" data-elementor-lightbox-title=\"T0203\" data-e-action-hash=\"#elementor-action%3Aaction%3Dlightbox%26settings%3DeyJpZCI6MjkxMCwidXJsIjoiaHR0cHM6XC9cL21lZGtlbWVkaWNhbC5jb21cL3dwLWNvbnRlbnRcL3VwbG9hZHNcLzIwMjVcLzA1XC9UMDIwMy5qcGciLCJzbGlkZXNob3ciOiI5MjFlOTE1In0%3D\" href='https:\/\/medkemedical.com\/wp-content\/uploads\/2025\/05\/T0203.jpg'><img fetchpriority=\"high\" width=\"300\" height=\"300\" src=\"https:\/\/medkemedical.com\/wp-content\/uploads\/2025\/05\/T0203-300x300.jpg\" class=\"attachment-medium size-medium\" alt=\"\" decoding=\"async\" srcset=\"https:\/\/medkemedical.com\/wp-content\/uploads\/2025\/05\/T0203-300x300.jpg 300w, https:\/\/medkemedical.com\/wp-content\/uploads\/2025\/05\/T0203-150x150.jpg 150w, https:\/\/medkemedical.com\/wp-content\/uploads\/2025\/05\/T0203-600x600.jpg 600w, https:\/\/medkemedical.com\/wp-content\/uploads\/2025\/05\/T0203-100x100.jpg 100w, https:\/\/medkemedical.com\/wp-content\/uploads\/2025\/05\/T0203.jpg 640w\" sizes=\"(max-width: 300px) 100vw, 300px\" \/><\/a>\n\t\t\t<\/div><\/figure>\n\t\t<\/div>\n\t\t<\/div>\n\t\t\t\t\t\t<\/div>\n\t\t\t\t<\/div>\n\t\t\t\t\t<\/div>\n\t\t\t\t<\/div>\n\t\t<div class=\"elementor-element elementor-element-f46da3d e-con-full e-flex e-con e-parent\" data-id=\"f46da3d\" data-element_type=\"container\" data-e-type=\"container\" data-settings=\"{&quot;ekit_has_onepagescroll_dot&quot;:&quot;yes&quot;}\">\n\t\t\t\t<div class=\"elementor-element elementor-element-ac45bba elementor-widget elementor-widget-elementskit-tablepress\" data-id=\"ac45bba\" data-element_type=\"widget\" data-e-type=\"widget\" data-settings=\"{&quot;ekit_we_effect_on&quot;:&quot;none&quot;}\" data-widget_type=\"elementskit-tablepress.default\">\n\t\t\t\t<div class=\"elementor-widget-container\">\n\t\t\t\t\t<div class=\"elemenetskit-tablepress ekit-wid-con\" id=\"ekit_tablepress_ac45bba\">\n<table id=\"tablepress-87\" class=\"tablepress tablepress-id-87 tbody-has-connected-cells\">\n<thead>\n<tr class=\"row-1\">\n\t<th class=\"column-1\"> Fabricantes de monitores<\/th><th class=\"column-2\">C\u00f3digo de pedido<\/th><th class=\"column-3\">Conexi\u00f3n lateral del monitor.<\/th><th class=\"column-4\">Conexi\u00f3n lateral de la sonda.<\/th><th class=\"column-5\">Cable Len.<\/th>\n<\/tr>\n<\/thead>\n<tbody class=\"row-striping row-hover\">\n<tr class=\"row-2\">\n\t<td rowspan=\"2\" class=\"column-1\">Drager-Siemens<\/td><td class=\"column-2\">T0203<\/td><td rowspan=\"2\" class=\"column-3\">CN403<br \/>\n<img decoding=\"async\" src=\"https:\/\/medkemedical.com\/wp-content\/uploads\/2025\/05\/CN403-300x102.jpg\" alt=\"\" width=\"300\" height=\"102\" class=\"alignnone size-medium wp-image-2877\" srcset=\"https:\/\/medkemedical.com\/wp-content\/uploads\/2025\/05\/CN403-300x102.jpg 300w, https:\/\/medkemedical.com\/wp-content\/uploads\/2025\/05\/CN403-600x205.jpg 600w, https:\/\/medkemedical.com\/wp-content\/uploads\/2025\/05\/CN403.jpg 633w\" sizes=\"(max-width: 300px) 100vw, 300px\" \/><\/td><td class=\"column-4\"> CN423<br \/>\n<img decoding=\"async\" src=\"https:\/\/medkemedical.com\/wp-content\/uploads\/2025\/05\/CN423-300x89.png\" alt=\"\" width=\"300\" height=\"89\" class=\"alignnone size-medium wp-image-2878\" srcset=\"https:\/\/medkemedical.com\/wp-content\/uploads\/2025\/05\/CN423-300x89.png 300w, https:\/\/medkemedical.com\/wp-content\/uploads\/2025\/05\/CN423-1024x302.png 1024w, https:\/\/medkemedical.com\/wp-content\/uploads\/2025\/05\/CN423-768x227.png 768w, https:\/\/medkemedical.com\/wp-content\/uploads\/2025\/05\/CN423-1536x453.png 1536w, https:\/\/medkemedical.com\/wp-content\/uploads\/2025\/05\/CN423-2048x605.png 2048w, https:\/\/medkemedical.com\/wp-content\/uploads\/2025\/05\/CN423-600x177.png 600w\" sizes=\"(max-width: 300px) 100vw, 300px\" \/><\/td><td class=\"column-5\"> 2,4 millones<\/td>\n<\/tr>\n<tr class=\"row-3\">\n\t<td class=\"column-2\">T0203<\/td><td class=\"column-4\"> CN422<br \/>\n<img loading=\"lazy\" decoding=\"async\" src=\"https:\/\/medkemedical.com\/wp-content\/uploads\/2025\/05\/CN422-\u6a2a-\u65b0-300x62.jpg\" alt=\"\" width=\"300\" height=\"62\" class=\"alignnone size-medium wp-image-2879\" srcset=\"https:\/\/medkemedical.com\/wp-content\/uploads\/2025\/05\/CN422-\u6a2a-\u65b0-300x62.jpg 300w, https:\/\/medkemedical.com\/wp-content\/uploads\/2025\/05\/CN422-\u6a2a-\u65b0-1024x213.jpg 1024w, https:\/\/medkemedical.com\/wp-content\/uploads\/2025\/05\/CN422-\u6a2a-\u65b0-768x159.jpg 768w, https:\/\/medkemedical.com\/wp-content\/uploads\/2025\/05\/CN422-\u6a2a-\u65b0-1536x319.jpg 1536w, https:\/\/medkemedical.com\/wp-content\/uploads\/2025\/05\/CN422-\u6a2a-\u65b0-2048x425.jpg 2048w, https:\/\/medkemedical.com\/wp-content\/uploads\/2025\/05\/CN422-\u6a2a-\u65b0-600x125.jpg 600w\" sizes=\"(max-width: 300px) 100vw, 300px\" \/><\/td><td class=\"column-5\"> 0,3 m<\/td>\n<\/tr>\n<\/tbody>\n<\/table>\n<\/div>\t\t\t\t<\/div>\n\t\t\t\t<\/div>\n\t\t\t\t<\/div>\n\t\t\t\t<\/div>","protected":false},"excerpt":{"rendered":"<p>Editar c\u00f3digo de pedido del fabricante del monitor. Conexi\u00f3n lateral del monitor. Conexi\u00f3n lateral de la sonda. Longitud del cable: Drager-Siemens T0203 CN403 CN423 2,4 m T0203 CN422 0,3 m<\/p>","protected":false},"featured_media":2910,"comment_status":"open","ping_status":"closed","template":"","meta":{"_acf_changed":false},"product_brand":[61],"product_cat":[210],"product_tag":[],"class_list":{"0":"post-2907","1":"product","2":"type-product","3":"status-publish","4":"has-post-thumbnail","6":"product_brand-drager-siemens","7":"product_cat-temperature-adapter-cables","9":"first","10":"instock","11":"shipping-taxable","12":"product-type-simple"},"acf":[],"_links":{"self":[{"href":"https:\/\/medkemedical.com\/es\/wp-json\/wp\/v2\/product\/2907","targetHints":{"allow":["GET"]}}],"collection":[{"href":"https:\/\/medkemedical.com\/es\/wp-json\/wp\/v2\/product"}],"about":[{"href":"https:\/\/medkemedical.com\/es\/wp-json\/wp\/v2\/types\/product"}],"replies":[{"embeddable":true,"href":"https:\/\/medkemedical.com\/es\/wp-json\/wp\/v2\/comments?post=2907"}],"version-history":[{"count":5,"href":"https:\/\/medkemedical.com\/es\/wp-json\/wp\/v2\/product\/2907\/revisions"}],"predecessor-version":[{"id":2913,"href":"https:\/\/medkemedical.com\/es\/wp-json\/wp\/v2\/product\/2907\/revisions\/2913"}],"wp:featuredmedia":[{"embeddable":true,"href":"https:\/\/medkemedical.com\/es\/wp-json\/wp\/v2\/media\/2910"}],"wp:attachment":[{"href":"https:\/\/medkemedical.com\/es\/wp-json\/wp\/v2\/media?parent=2907"}],"wp:term":[{"taxonomy":"product_brand","embeddable":true,"href":"https:\/\/medkemedical.com\/es\/wp-json\/wp\/v2\/product_brand?post=2907"},{"taxonomy":"product_cat","embeddable":true,"href":"https:\/\/medkemedical.com\/es\/wp-json\/wp\/v2\/product_cat?post=2907"},{"taxonomy":"product_tag","embeddable":true,"href":"https:\/\/medkemedical.com\/es\/wp-json\/wp\/v2\/product_tag?post=2907"}],"curies":[{"name":"wp","href":"https:\/\/api.w.org\/{rel}","templated":true}]}}