{"id":4492,"date":"2025-05-27T15:55:52","date_gmt":"2025-05-27T07:55:52","guid":{"rendered":"https:\/\/medkemedical.com\/?post_type=product&#038;p=4492"},"modified":"2025-05-27T16:00:05","modified_gmt":"2025-05-27T08:00:05","slug":"male-plug-4-0mm-banana-generator-side-connector-bipolar-forceps-cables","status":"publish","type":"product","link":"https:\/\/medkemedical.com\/de\/produkt\/male-plug-4-0mm-banana-generator-side-connector-bipolar-forceps-cables\/","title":{"rendered":"M\u00e4nnlicher Stecker 4,0 mm Bananenstecker Generatorseite Bipolare Zangenkabel"},"content":{"rendered":"<div data-elementor-type=\"product-post\" data-elementor-id=\"4492\" class=\"elementor elementor-4492\" data-elementor-post-type=\"product\">\n\t\t\t\t<div class=\"elementor-element elementor-element-8521166 e-flex e-con-boxed e-con e-parent\" data-id=\"8521166\" data-element_type=\"container\" data-e-type=\"container\" data-settings=\"{&quot;ekit_has_onepagescroll_dot&quot;:&quot;yes&quot;}\">\n\t\t\t\t\t<div class=\"e-con-inner\">\n\t\t\t\t<div class=\"elementor-element elementor-element-a4390c2 gallery-spacing-custom elementor-widget elementor-widget-image-gallery\" data-id=\"a4390c2\" data-element_type=\"widget\" data-e-type=\"widget\" data-settings=\"{&quot;ekit_we_effect_on&quot;:&quot;none&quot;}\" data-widget_type=\"image-gallery.default\">\n\t\t\t\t<div class=\"elementor-widget-container\">\n\t\t\t\t\t\t\t<div class=\"elementor-image-gallery\">\n\t\t\t<div id='gallery-1' class='gallery galleryid-4492 gallery-columns-4 gallery-size-medium'><figure class='gallery-item'>\n\t\t\t<div class='gallery-icon landscape'>\n\t\t\t\t<a data-elementor-open-lightbox=\"yes\" data-elementor-lightbox-slideshow=\"a4390c2\" data-elementor-lightbox-title=\"CP1009\" data-e-action-hash=\"#elementor-action%3Aaction%3Dlightbox%26settings%3DeyJpZCI6NDQ5MywidXJsIjoiaHR0cHM6XC9cL21lZGtlbWVkaWNhbC5jb21cL3dwLWNvbnRlbnRcL3VwbG9hZHNcLzIwMjVcLzA1XC9DUDEwMDkuanBnIiwic2xpZGVzaG93IjoiYTQzOTBjMiJ9\" href='https:\/\/medkemedical.com\/wp-content\/uploads\/2025\/05\/CP1009.jpg'><img fetchpriority=\"high\" width=\"300\" height=\"300\" src=\"https:\/\/medkemedical.com\/wp-content\/uploads\/2025\/05\/CP1009-300x300.jpg\" class=\"attachment-medium size-medium\" alt=\"\" decoding=\"async\" srcset=\"https:\/\/medkemedical.com\/wp-content\/uploads\/2025\/05\/CP1009-300x300.jpg 300w, https:\/\/medkemedical.com\/wp-content\/uploads\/2025\/05\/CP1009-150x150.jpg 150w, https:\/\/medkemedical.com\/wp-content\/uploads\/2025\/05\/CP1009-600x600.jpg 600w, https:\/\/medkemedical.com\/wp-content\/uploads\/2025\/05\/CP1009-100x100.jpg 100w, https:\/\/medkemedical.com\/wp-content\/uploads\/2025\/05\/CP1009.jpg 640w\" sizes=\"(max-width: 300px) 100vw, 300px\" \/><\/a>\n\t\t\t<\/div><\/figure><figure class='gallery-item'>\n\t\t\t<div class='gallery-icon landscape'>\n\t\t\t\t<a data-elementor-open-lightbox=\"yes\" data-elementor-lightbox-slideshow=\"a4390c2\" data-elementor-lightbox-title=\"CP1009B\" data-e-action-hash=\"#elementor-action%3Aaction%3Dlightbox%26settings%3DeyJpZCI6NDQ5NiwidXJsIjoiaHR0cHM6XC9cL21lZGtlbWVkaWNhbC5jb21cL3dwLWNvbnRlbnRcL3VwbG9hZHNcLzIwMjVcLzA1XC9DUDEwMDlCLmpwZyIsInNsaWRlc2hvdyI6ImE0MzkwYzIifQ%3D%3D\" href='https:\/\/medkemedical.com\/wp-content\/uploads\/2025\/05\/CP1009B.jpg'><img width=\"300\" height=\"300\" src=\"https:\/\/medkemedical.com\/wp-content\/uploads\/2025\/05\/CP1009B-300x300.jpg\" class=\"attachment-medium size-medium\" alt=\"\" decoding=\"async\" srcset=\"https:\/\/medkemedical.com\/wp-content\/uploads\/2025\/05\/CP1009B-300x300.jpg 300w, https:\/\/medkemedical.com\/wp-content\/uploads\/2025\/05\/CP1009B-150x150.jpg 150w, https:\/\/medkemedical.com\/wp-content\/uploads\/2025\/05\/CP1009B-600x600.jpg 600w, https:\/\/medkemedical.com\/wp-content\/uploads\/2025\/05\/CP1009B-100x100.jpg 100w, https:\/\/medkemedical.com\/wp-content\/uploads\/2025\/05\/CP1009B.jpg 640w\" sizes=\"(max-width: 300px) 100vw, 300px\" \/><\/a>\n\t\t\t<\/div><\/figure><figure class='gallery-item'>\n\t\t\t<div class='gallery-icon landscape'>\n\t\t\t\t<a data-elementor-open-lightbox=\"yes\" data-elementor-lightbox-slideshow=\"a4390c2\" data-elementor-lightbox-title=\"CPD307C\" data-e-action-hash=\"#elementor-action%3Aaction%3Dlightbox%26settings%3DeyJpZCI6NDUwMSwidXJsIjoiaHR0cHM6XC9cL21lZGtlbWVkaWNhbC5jb21cL3dwLWNvbnRlbnRcL3VwbG9hZHNcLzIwMjVcLzA1XC9DUEQzMDdDLmpwZyIsInNsaWRlc2hvdyI6ImE0MzkwYzIifQ%3D%3D\" href='https:\/\/medkemedical.com\/wp-content\/uploads\/2025\/05\/CPD307C.jpg'><img width=\"300\" height=\"300\" src=\"https:\/\/medkemedical.com\/wp-content\/uploads\/2025\/05\/CPD307C-300x300.jpg\" class=\"attachment-medium size-medium\" alt=\"\" decoding=\"async\" srcset=\"https:\/\/medkemedical.com\/wp-content\/uploads\/2025\/05\/CPD307C-300x300.jpg 300w, https:\/\/medkemedical.com\/wp-content\/uploads\/2025\/05\/CPD307C-150x150.jpg 150w, https:\/\/medkemedical.com\/wp-content\/uploads\/2025\/05\/CPD307C-600x600.jpg 600w, https:\/\/medkemedical.com\/wp-content\/uploads\/2025\/05\/CPD307C-100x100.jpg 100w, https:\/\/medkemedical.com\/wp-content\/uploads\/2025\/05\/CPD307C.jpg 640w\" sizes=\"(max-width: 300px) 100vw, 300px\" \/><\/a>\n\t\t\t<\/div><\/figure><figure class='gallery-item'>\n\t\t\t<div class='gallery-icon landscape'>\n\t\t\t\t<a data-elementor-open-lightbox=\"yes\" data-elementor-lightbox-slideshow=\"a4390c2\" data-elementor-lightbox-title=\"CP1023\" data-e-action-hash=\"#elementor-action%3Aaction%3Dlightbox%26settings%3DeyJpZCI6NDQ5OCwidXJsIjoiaHR0cHM6XC9cL21lZGtlbWVkaWNhbC5jb21cL3dwLWNvbnRlbnRcL3VwbG9hZHNcLzIwMjVcLzA1XC9DUDEwMjMuanBnIiwic2xpZGVzaG93IjoiYTQzOTBjMiJ9\" href='https:\/\/medkemedical.com\/wp-content\/uploads\/2025\/05\/CP1023.jpg'><img loading=\"lazy\" width=\"300\" height=\"300\" src=\"https:\/\/medkemedical.com\/wp-content\/uploads\/2025\/05\/CP1023-300x300.jpg\" class=\"attachment-medium size-medium\" alt=\"\" decoding=\"async\" srcset=\"https:\/\/medkemedical.com\/wp-content\/uploads\/2025\/05\/CP1023-300x300.jpg 300w, https:\/\/medkemedical.com\/wp-content\/uploads\/2025\/05\/CP1023-150x150.jpg 150w, https:\/\/medkemedical.com\/wp-content\/uploads\/2025\/05\/CP1023-600x600.jpg 600w, https:\/\/medkemedical.com\/wp-content\/uploads\/2025\/05\/CP1023-100x100.jpg 100w, https:\/\/medkemedical.com\/wp-content\/uploads\/2025\/05\/CP1023.jpg 640w\" sizes=\"(max-width: 300px) 100vw, 300px\" \/><\/a>\n\t\t\t<\/div><\/figure><figure class='gallery-item'>\n\t\t\t<div class='gallery-icon landscape'>\n\t\t\t\t<a data-elementor-open-lightbox=\"yes\" data-elementor-lightbox-slideshow=\"a4390c2\" data-elementor-lightbox-title=\"DSC06711\" data-e-action-hash=\"#elementor-action%3Aaction%3Dlightbox%26settings%3DeyJpZCI6NDUwMiwidXJsIjoiaHR0cHM6XC9cL21lZGtlbWVkaWNhbC5jb21cL3dwLWNvbnRlbnRcL3VwbG9hZHNcLzIwMjVcLzA1XC9EU0MwNjcxMS1zY2FsZWQuanBnIiwic2xpZGVzaG93IjoiYTQzOTBjMiJ9\" href='https:\/\/medkemedical.com\/wp-content\/uploads\/2025\/05\/DSC06711-scaled.jpg'><img loading=\"lazy\" width=\"300\" height=\"260\" src=\"https:\/\/medkemedical.com\/wp-content\/uploads\/2025\/05\/DSC06711-300x260.jpg\" class=\"attachment-medium size-medium\" alt=\"\" decoding=\"async\" srcset=\"https:\/\/medkemedical.com\/wp-content\/uploads\/2025\/05\/DSC06711-300x260.jpg 300w, https:\/\/medkemedical.com\/wp-content\/uploads\/2025\/05\/DSC06711-1024x889.jpg 1024w, https:\/\/medkemedical.com\/wp-content\/uploads\/2025\/05\/DSC06711-768x667.jpg 768w, https:\/\/medkemedical.com\/wp-content\/uploads\/2025\/05\/DSC06711-1536x1334.jpg 1536w, https:\/\/medkemedical.com\/wp-content\/uploads\/2025\/05\/DSC06711-2048x1778.jpg 2048w, https:\/\/medkemedical.com\/wp-content\/uploads\/2025\/05\/DSC06711-600x521.jpg 600w\" sizes=\"(max-width: 300px) 100vw, 300px\" \/><\/a>\n\t\t\t<\/div><\/figure><figure class='gallery-item'>\n\t\t\t<div class='gallery-icon landscape'>\n\t\t\t\t<a data-elementor-open-lightbox=\"yes\" data-elementor-lightbox-slideshow=\"a4390c2\" data-elementor-lightbox-title=\"DSC01412\" data-e-action-hash=\"#elementor-action%3Aaction%3Dlightbox%26settings%3DeyJpZCI6NDQ5NywidXJsIjoiaHR0cHM6XC9cL21lZGtlbWVkaWNhbC5jb21cL3dwLWNvbnRlbnRcL3VwbG9hZHNcLzIwMjVcLzA1XC9EU0MwMTQxMi1zY2FsZWQuanBnIiwic2xpZGVzaG93IjoiYTQzOTBjMiJ9\" href='https:\/\/medkemedical.com\/wp-content\/uploads\/2025\/05\/DSC01412-scaled.jpg'><img loading=\"lazy\" width=\"300\" height=\"225\" src=\"https:\/\/medkemedical.com\/wp-content\/uploads\/2025\/05\/DSC01412-300x225.jpg\" class=\"attachment-medium size-medium\" alt=\"\" decoding=\"async\" srcset=\"https:\/\/medkemedical.com\/wp-content\/uploads\/2025\/05\/DSC01412-300x225.jpg 300w, https:\/\/medkemedical.com\/wp-content\/uploads\/2025\/05\/DSC01412-1024x769.jpg 1024w, https:\/\/medkemedical.com\/wp-content\/uploads\/2025\/05\/DSC01412-768x577.jpg 768w, https:\/\/medkemedical.com\/wp-content\/uploads\/2025\/05\/DSC01412-1536x1153.jpg 1536w, https:\/\/medkemedical.com\/wp-content\/uploads\/2025\/05\/DSC01412-2048x1538.jpg 2048w, https:\/\/medkemedical.com\/wp-content\/uploads\/2025\/05\/DSC01412-600x450.jpg 600w\" sizes=\"(max-width: 300px) 100vw, 300px\" \/><\/a>\n\t\t\t<\/div><\/figure><figure class='gallery-item'>\n\t\t\t<div class='gallery-icon landscape'>\n\t\t\t\t<a data-elementor-open-lightbox=\"yes\" data-elementor-lightbox-slideshow=\"a4390c2\" data-elementor-lightbox-title=\"DSC01437\" data-e-action-hash=\"#elementor-action%3Aaction%3Dlightbox%26settings%3DeyJpZCI6NDUwMCwidXJsIjoiaHR0cHM6XC9cL21lZGtlbWVkaWNhbC5jb21cL3dwLWNvbnRlbnRcL3VwbG9hZHNcLzIwMjVcLzA1XC9EU0MwMTQzNy1zY2FsZWQuanBnIiwic2xpZGVzaG93IjoiYTQzOTBjMiJ9\" href='https:\/\/medkemedical.com\/wp-content\/uploads\/2025\/05\/DSC01437-scaled.jpg'><img loading=\"lazy\" width=\"300\" height=\"225\" src=\"https:\/\/medkemedical.com\/wp-content\/uploads\/2025\/05\/DSC01437-300x225.jpg\" class=\"attachment-medium size-medium\" alt=\"\" decoding=\"async\" srcset=\"https:\/\/medkemedical.com\/wp-content\/uploads\/2025\/05\/DSC01437-300x225.jpg 300w, https:\/\/medkemedical.com\/wp-content\/uploads\/2025\/05\/DSC01437-1024x769.jpg 1024w, https:\/\/medkemedical.com\/wp-content\/uploads\/2025\/05\/DSC01437-768x577.jpg 768w, https:\/\/medkemedical.com\/wp-content\/uploads\/2025\/05\/DSC01437-1536x1153.jpg 1536w, https:\/\/medkemedical.com\/wp-content\/uploads\/2025\/05\/DSC01437-2048x1538.jpg 2048w, https:\/\/medkemedical.com\/wp-content\/uploads\/2025\/05\/DSC01437-600x450.jpg 600w\" sizes=\"(max-width: 300px) 100vw, 300px\" \/><\/a>\n\t\t\t<\/div><\/figure>\n\t\t<\/div>\n\t\t<\/div>\n\t\t\t\t\t\t<\/div>\n\t\t\t\t<\/div>\n\t\t\t\t\t<\/div>\n\t\t\t\t<\/div>\n\t\t<div class=\"elementor-element elementor-element-f3e16d6 e-con-full e-flex e-con e-parent\" data-id=\"f3e16d6\" data-element_type=\"container\" data-e-type=\"container\" data-settings=\"{&quot;ekit_has_onepagescroll_dot&quot;:&quot;yes&quot;}\">\n\t\t\t\t<div class=\"elementor-element elementor-element-6ed024f elementor-widget elementor-widget-elementskit-tablepress\" data-id=\"6ed024f\" data-element_type=\"widget\" data-e-type=\"widget\" data-settings=\"{&quot;ekit_we_effect_on&quot;:&quot;none&quot;}\" data-widget_type=\"elementskit-tablepress.default\">\n\t\t\t\t<div class=\"elementor-widget-container\">\n\t\t\t\t\t<div class=\"elemenetskit-tablepress ekit-wid-con\" id=\"ekit_tablepress_6ed024f\">\n<table id=\"tablepress-236\" class=\"tablepress tablepress-id-236 tbody-has-connected-cells\">\n<thead>\n<tr class=\"row-1\">\n\t<td class=\"column-1\"><\/td><td class=\"column-2\"><\/td><td class=\"column-3\"><\/td><th class=\"column-4\">Generatorseitiger Anschluss<\/th><th class=\"column-5\">Kompatibel<\/th>\n<\/tr>\n<\/thead>\n<tbody class=\"row-striping row-hover\">\n<tr class=\"row-2\">\n\t<td class=\"column-1\">Instrumentenseitiger Anschluss<\/td><td class=\"column-2\">Weiblicher Stecker Foto<\/td><td class=\"column-3\">Bestellcode<\/td><td class=\"column-4\">4,0 mm Bananenstecker<\/td><td class=\"column-5\"><\/td>\n<\/tr>\n<tr class=\"row-3\">\n\t<td class=\"column-1\">4,0 mm Buchse<\/td><td class=\"column-2\"><img loading=\"lazy\" decoding=\"async\" src=\"https:\/\/medkemedical.com\/wp-content\/uploads\/2025\/05\/\u56fe\u5c42-6-300x106.png\" alt=\"\" width=\"300\" height=\"106\" class=\"alignnone size-medium wp-image-4365\" srcset=\"https:\/\/medkemedical.com\/wp-content\/uploads\/2025\/05\/\u56fe\u5c42-6-300x106.png 300w, https:\/\/medkemedical.com\/wp-content\/uploads\/2025\/05\/\u56fe\u5c42-6.png 455w\" sizes=\"(max-width: 300px) 100vw, 300px\" \/><\/td><td class=\"column-3\">CP1009<\/td><td rowspan=\"7\" class=\"column-4\"><img loading=\"lazy\" decoding=\"async\" src=\"https:\/\/medkemedical.com\/wp-content\/uploads\/2025\/05\/CP1009-1-300x300.jpg\" alt=\"\" width=\"300\" height=\"300\" class=\"alignnone size-medium wp-image-4364\" srcset=\"https:\/\/medkemedical.com\/wp-content\/uploads\/2025\/05\/CP1009-1-300x300.jpg 300w, https:\/\/medkemedical.com\/wp-content\/uploads\/2025\/05\/CP1009-1-150x150.jpg 150w, https:\/\/medkemedical.com\/wp-content\/uploads\/2025\/05\/CP1009-1-600x600.jpg 600w, https:\/\/medkemedical.com\/wp-content\/uploads\/2025\/05\/CP1009-1-100x100.jpg 100w, https:\/\/medkemedical.com\/wp-content\/uploads\/2025\/05\/CP1009-1.jpg 640w\" sizes=\"(max-width: 300px) 100vw, 300px\" \/><\/td><td class=\"column-5\">Aesculap, Berchtold, Erbe T-Serie,<br \/>\nHuttinger,Martin,Micromed,Siemens<br \/>\nLaparoskop-\/Endoskopkabel<\/td>\n<\/tr>\n<tr class=\"row-4\">\n\t<td class=\"column-1\">4,0 mm Buchse<\/td><td class=\"column-2\"><img loading=\"lazy\" decoding=\"async\" src=\"https:\/\/medkemedical.com\/wp-content\/uploads\/2025\/05\/DSC05240-300x225.jpg\" alt=\"\" width=\"300\" height=\"225\" class=\"alignnone size-medium wp-image-4366\" srcset=\"https:\/\/medkemedical.com\/wp-content\/uploads\/2025\/05\/DSC05240-300x225.jpg 300w, https:\/\/medkemedical.com\/wp-content\/uploads\/2025\/05\/DSC05240-1024x769.jpg 1024w, https:\/\/medkemedical.com\/wp-content\/uploads\/2025\/05\/DSC05240-768x577.jpg 768w, https:\/\/medkemedical.com\/wp-content\/uploads\/2025\/05\/DSC05240-1536x1153.jpg 1536w, https:\/\/medkemedical.com\/wp-content\/uploads\/2025\/05\/DSC05240-2048x1538.jpg 2048w, https:\/\/medkemedical.com\/wp-content\/uploads\/2025\/05\/DSC05240-600x450.jpg 600w\" sizes=\"(max-width: 300px) 100vw, 300px\" \/><\/td><td class=\"column-3\">CP1009B<\/td><td class=\"column-5\">Wolf, AESCULAP<\/td>\n<\/tr>\n<tr class=\"row-5\">\n\t<td class=\"column-1\">4,0 mm Buchse<\/td><td class=\"column-2\"><img loading=\"lazy\" decoding=\"async\" src=\"https:\/\/medkemedical.com\/wp-content\/uploads\/2025\/05\/\u9ed1\u767d-1-300x172.png\" alt=\"\" width=\"300\" height=\"172\" class=\"alignnone size-medium wp-image-4368\" srcset=\"https:\/\/medkemedical.com\/wp-content\/uploads\/2025\/05\/\u9ed1\u767d-1-300x172.png 300w, https:\/\/medkemedical.com\/wp-content\/uploads\/2025\/05\/\u9ed1\u767d-1-1024x586.png 1024w, https:\/\/medkemedical.com\/wp-content\/uploads\/2025\/05\/\u9ed1\u767d-1-768x440.png 768w, https:\/\/medkemedical.com\/wp-content\/uploads\/2025\/05\/\u9ed1\u767d-1-600x343.png 600w, https:\/\/medkemedical.com\/wp-content\/uploads\/2025\/05\/\u9ed1\u767d-1.png 1235w\" sizes=\"(max-width: 300px) 100vw, 300px\" \/><\/td><td class=\"column-3\">CP1009C<\/td><td class=\"column-5\">Aesculap, Berchtold, Erbe T-Serie,<br \/>\nHuttinger,Martin,Micromed,Siemens<br \/>\nLaparoskop-\/Endoskopkabel<\/td>\n<\/tr>\n<tr class=\"row-6\">\n\t<td class=\"column-1\">2,0 mm<\/td><td class=\"column-2\"><\/td><td class=\"column-3\">CP1023<\/td><td class=\"column-5\">US-Standard, Erbe T-Serie,<br \/>\nEschmann TD300,TD311 ,DS302,<br \/>\nSotter BM780, Martin,<br \/>\nAesculap, Berchtold<br \/>\nLaparoskop-\/Endoskopkabel<\/td>\n<\/tr>\n<tr class=\"row-7\">\n\t<td class=\"column-1\">3,0-mm-Buchse<\/td><td class=\"column-2\"><img loading=\"lazy\" decoding=\"async\" src=\"https:\/\/medkemedical.com\/wp-content\/uploads\/2025\/05\/\u56fe\u5c42-2-4-300x117.png\" alt=\"\" width=\"300\" height=\"117\" class=\"alignnone size-medium wp-image-4369\" srcset=\"https:\/\/medkemedical.com\/wp-content\/uploads\/2025\/05\/\u56fe\u5c42-2-4-300x117.png 300w, https:\/\/medkemedical.com\/wp-content\/uploads\/2025\/05\/\u56fe\u5c42-2-4-1024x398.png 1024w, https:\/\/medkemedical.com\/wp-content\/uploads\/2025\/05\/\u56fe\u5c42-2-4-768x299.png 768w, https:\/\/medkemedical.com\/wp-content\/uploads\/2025\/05\/\u56fe\u5c42-2-4-600x233.png 600w, https:\/\/medkemedical.com\/wp-content\/uploads\/2025\/05\/\u56fe\u5c42-2-4.png 1294w\" sizes=\"(max-width: 300px) 100vw, 300px\" \/><\/td><td class=\"column-3\">CPD307B<\/td><td class=\"column-5\">Aesculap, Berchtold, Erbe T-Serie,<br \/>\nHuttinger,Martin,Micromed,Siemens<br \/>\nLaparoskop-\/Endoskopkabel<\/td>\n<\/tr>\n<tr class=\"row-8\">\n\t<td class=\"column-1\">2,0-mm-Buchse<\/td><td class=\"column-2\"><img loading=\"lazy\" decoding=\"async\" src=\"https:\/\/medkemedical.com\/wp-content\/uploads\/2025\/05\/DSC05819-300x225.jpg\" alt=\"\" width=\"300\" height=\"225\" class=\"alignnone size-medium wp-image-4370\" srcset=\"https:\/\/medkemedical.com\/wp-content\/uploads\/2025\/05\/DSC05819-300x225.jpg 300w, https:\/\/medkemedical.com\/wp-content\/uploads\/2025\/05\/DSC05819-1024x769.jpg 1024w, https:\/\/medkemedical.com\/wp-content\/uploads\/2025\/05\/DSC05819-768x577.jpg 768w, https:\/\/medkemedical.com\/wp-content\/uploads\/2025\/05\/DSC05819-1536x1153.jpg 1536w, https:\/\/medkemedical.com\/wp-content\/uploads\/2025\/05\/DSC05819-2048x1538.jpg 2048w, https:\/\/medkemedical.com\/wp-content\/uploads\/2025\/05\/DSC05819-600x450.jpg 600w\" sizes=\"(max-width: 300px) 100vw, 300px\" \/><\/td><td class=\"column-3\">CPD307C<\/td><td class=\"column-5\">Wolf<\/td>\n<\/tr>\n<tr class=\"row-9\">\n\t<td class=\"column-1\">4,0 mm Bananenstecker<\/td><td class=\"column-2\"><img loading=\"lazy\" decoding=\"async\" src=\"https:\/\/medkemedical.com\/wp-content\/uploads\/2025\/05\/DSC06704-300x169.png\" alt=\"\" width=\"300\" height=\"169\" class=\"alignnone size-medium wp-image-4371\" srcset=\"https:\/\/medkemedical.com\/wp-content\/uploads\/2025\/05\/DSC06704-300x169.png 300w, https:\/\/medkemedical.com\/wp-content\/uploads\/2025\/05\/DSC06704-1024x576.png 1024w, https:\/\/medkemedical.com\/wp-content\/uploads\/2025\/05\/DSC06704-768x432.png 768w, https:\/\/medkemedical.com\/wp-content\/uploads\/2025\/05\/DSC06704-1536x864.png 1536w, https:\/\/medkemedical.com\/wp-content\/uploads\/2025\/05\/DSC06704-600x338.png 600w, https:\/\/medkemedical.com\/wp-content\/uploads\/2025\/05\/DSC06704.png 1920w\" sizes=\"(max-width: 300px) 100vw, 300px\" \/><\/td><td class=\"column-3\">CPD307D<\/td><td class=\"column-5\"><\/td>\n<\/tr>\n<\/tbody>\n<\/table>\n<\/div>\t\t\t\t<\/div>\n\t\t\t\t<\/div>\n\t\t\t\t<\/div>\n\t\t\t\t<\/div>","protected":false},"excerpt":{"rendered":"<p>Edit Generator Side Connector Compatible Instrument Side Connector Female Plug Photo Order Code 4.0mm Banana 4.0mm Female socket CP1009 Aesculap,Berchtold,Erbe T Series, Huttinger,Martin,Micromed,Siemens Laparoscope\/Endoscope cable 4.0mm Female socket CP1009B Wolf, AESCULAP 4.0mm Female socket CP1009C Aesculap,Berchtold,Erbe T Series, Huttinger,Martin,Micromed,Siemens Laparoscope\/Endoscope cable 2.0mm CP1023 U.S. Standard, Erbe T Series, Eschmann TD300,TD311 ,DS302, Sotter BM780, Martin,\u0131ntega\u0131\u0131, Aesculap, [&hellip;]<\/p>","protected":false},"featured_media":4496,"comment_status":"open","ping_status":"closed","template":"","meta":{"_acf_changed":false},"product_brand":[],"product_cat":[139],"product_tag":[],"class_list":{"0":"post-4492","1":"product","2":"type-product","3":"status-publish","4":"has-post-thumbnail","6":"product_cat-bipolar-forceps-cables","8":"first","9":"instock","10":"shipping-taxable","11":"product-type-simple"},"acf":[],"_links":{"self":[{"href":"https:\/\/medkemedical.com\/de\/wp-json\/wp\/v2\/product\/4492","targetHints":{"allow":["GET"]}}],"collection":[{"href":"https:\/\/medkemedical.com\/de\/wp-json\/wp\/v2\/product"}],"about":[{"href":"https:\/\/medkemedical.com\/de\/wp-json\/wp\/v2\/types\/product"}],"replies":[{"embeddable":true,"href":"https:\/\/medkemedical.com\/de\/wp-json\/wp\/v2\/comments?post=4492"}],"version-history":[{"count":6,"href":"https:\/\/medkemedical.com\/de\/wp-json\/wp\/v2\/product\/4492\/revisions"}],"predecessor-version":[{"id":4506,"href":"https:\/\/medkemedical.com\/de\/wp-json\/wp\/v2\/product\/4492\/revisions\/4506"}],"wp:featuredmedia":[{"embeddable":true,"href":"https:\/\/medkemedical.com\/de\/wp-json\/wp\/v2\/media\/4496"}],"wp:attachment":[{"href":"https:\/\/medkemedical.com\/de\/wp-json\/wp\/v2\/media?parent=4492"}],"wp:term":[{"taxonomy":"product_brand","embeddable":true,"href":"https:\/\/medkemedical.com\/de\/wp-json\/wp\/v2\/product_brand?post=4492"},{"taxonomy":"product_cat","embeddable":true,"href":"https:\/\/medkemedical.com\/de\/wp-json\/wp\/v2\/product_cat?post=4492"},{"taxonomy":"product_tag","embeddable":true,"href":"https:\/\/medkemedical.com\/de\/wp-json\/wp\/v2\/product_tag?post=4492"}],"curies":[{"name":"wp","href":"https:\/\/api.w.org\/{rel}","templated":true}]}}