{"id":4534,"date":"2025-05-27T16:42:34","date_gmt":"2025-05-27T08:42:34","guid":{"rendered":"https:\/\/medkemedical.com\/?post_type=product&#038;p=4534"},"modified":"2025-05-27T16:45:52","modified_gmt":"2025-05-27T08:45:52","slug":"male-plug-o-4mm-x-2-pin-generator-side-connector-bipolar-forceps-cables-2","status":"publish","type":"product","link":"https:\/\/medkemedical.com\/ar\/product\/male-plug-o-4mm-x-2-pin-generator-side-connector-bipolar-forceps-cables-2\/","title":{"rendered":"\u0642\u0627\u0628\u0633 \u0630\u0643\u0631 \u00f8 4 \u0645\u0645 \u00d7 2 \u062f\u0628\u0648\u0633 \u0645\u0648\u0635\u0644 \u062c\u0627\u0646\u0628\u064a \u0644\u0644\u0645\u0648\u0644\u062f \u0643\u0627\u0628\u0644\u0627\u062a \u0645\u0644\u0642\u0637 \u062b\u0646\u0627\u0626\u064a\u0629 \u0627\u0644\u0642\u0637\u0628 2"},"content":{"rendered":"<div data-elementor-type=\"product-post\" data-elementor-id=\"4534\" class=\"elementor elementor-4534\" data-elementor-post-type=\"product\">\n\t\t\t\t<div class=\"elementor-element elementor-element-8521166 e-flex e-con-boxed e-con e-parent\" data-id=\"8521166\" data-element_type=\"container\" data-e-type=\"container\" data-settings=\"{&quot;ekit_has_onepagescroll_dot&quot;:&quot;yes&quot;}\">\n\t\t\t\t\t<div class=\"e-con-inner\">\n\t\t\t\t<div class=\"elementor-element elementor-element-a4390c2 gallery-spacing-custom elementor-widget elementor-widget-image-gallery\" data-id=\"a4390c2\" data-element_type=\"widget\" data-e-type=\"widget\" data-settings=\"{&quot;ekit_we_effect_on&quot;:&quot;none&quot;}\" data-widget_type=\"image-gallery.default\">\n\t\t\t\t<div class=\"elementor-widget-container\">\n\t\t\t\t\t\t\t<div class=\"elementor-image-gallery\">\n\t\t\t<div id='gallery-1' class='gallery galleryid-4534 gallery-columns-4 gallery-size-medium'><figure class='gallery-item'>\n\t\t\t<div class='gallery-icon landscape'>\n\t\t\t\t<a data-elementor-open-lightbox=\"yes\" data-elementor-lightbox-slideshow=\"a4390c2\" data-elementor-lightbox-title=\"CPD316B\" data-e-action-hash=\"#elementor-action%3Aaction%3Dlightbox%26settings%3DeyJpZCI6NDU0MCwidXJsIjoiaHR0cHM6XC9cL21lZGtlbWVkaWNhbC5jb21cL3dwLWNvbnRlbnRcL3VwbG9hZHNcLzIwMjVcLzA1XC9DUEQzMTZCLmpwZyIsInNsaWRlc2hvdyI6ImE0MzkwYzIifQ%3D%3D\" href='https:\/\/medkemedical.com\/wp-content\/uploads\/2025\/05\/CPD316B.jpg'><img fetchpriority=\"high\" decoding=\"async\" width=\"300\" height=\"300\" src=\"https:\/\/medkemedical.com\/wp-content\/uploads\/2025\/05\/CPD316B-300x300.jpg\" class=\"attachment-medium size-medium\" alt=\"\" srcset=\"https:\/\/medkemedical.com\/wp-content\/uploads\/2025\/05\/CPD316B-300x300.jpg 300w, https:\/\/medkemedical.com\/wp-content\/uploads\/2025\/05\/CPD316B-150x150.jpg 150w, https:\/\/medkemedical.com\/wp-content\/uploads\/2025\/05\/CPD316B-600x600.jpg 600w, https:\/\/medkemedical.com\/wp-content\/uploads\/2025\/05\/CPD316B-100x100.jpg 100w, https:\/\/medkemedical.com\/wp-content\/uploads\/2025\/05\/CPD316B.jpg 640w\" sizes=\"(max-width: 300px) 100vw, 300px\" \/><\/a>\n\t\t\t<\/div><\/figure><figure class='gallery-item'>\n\t\t\t<div class='gallery-icon landscape'>\n\t\t\t\t<a data-elementor-open-lightbox=\"yes\" data-elementor-lightbox-slideshow=\"a4390c2\" data-elementor-lightbox-title=\"CP1019\" data-e-action-hash=\"#elementor-action%3Aaction%3Dlightbox%26settings%3DeyJpZCI6NDUzNSwidXJsIjoiaHR0cHM6XC9cL21lZGtlbWVkaWNhbC5jb21cL3dwLWNvbnRlbnRcL3VwbG9hZHNcLzIwMjVcLzA1XC9DUDEwMTkuanBnIiwic2xpZGVzaG93IjoiYTQzOTBjMiJ9\" href='https:\/\/medkemedical.com\/wp-content\/uploads\/2025\/05\/CP1019.jpg'><img decoding=\"async\" width=\"300\" height=\"300\" src=\"https:\/\/medkemedical.com\/wp-content\/uploads\/2025\/05\/CP1019-300x300.jpg\" class=\"attachment-medium size-medium\" alt=\"\" srcset=\"https:\/\/medkemedical.com\/wp-content\/uploads\/2025\/05\/CP1019-300x300.jpg 300w, https:\/\/medkemedical.com\/wp-content\/uploads\/2025\/05\/CP1019-150x150.jpg 150w, https:\/\/medkemedical.com\/wp-content\/uploads\/2025\/05\/CP1019-600x600.jpg 600w, https:\/\/medkemedical.com\/wp-content\/uploads\/2025\/05\/CP1019-100x100.jpg 100w, https:\/\/medkemedical.com\/wp-content\/uploads\/2025\/05\/CP1019.jpg 640w\" sizes=\"(max-width: 300px) 100vw, 300px\" \/><\/a>\n\t\t\t<\/div><\/figure><figure class='gallery-item'>\n\t\t\t<div class='gallery-icon landscape'>\n\t\t\t\t<a data-elementor-open-lightbox=\"yes\" data-elementor-lightbox-slideshow=\"a4390c2\" data-elementor-lightbox-title=\"CP1028\" data-e-action-hash=\"#elementor-action%3Aaction%3Dlightbox%26settings%3DeyJpZCI6NDUzNywidXJsIjoiaHR0cHM6XC9cL21lZGtlbWVkaWNhbC5jb21cL3dwLWNvbnRlbnRcL3VwbG9hZHNcLzIwMjVcLzA1XC9DUDEwMjguanBnIiwic2xpZGVzaG93IjoiYTQzOTBjMiJ9\" href='https:\/\/medkemedical.com\/wp-content\/uploads\/2025\/05\/CP1028.jpg'><img decoding=\"async\" width=\"300\" height=\"300\" src=\"https:\/\/medkemedical.com\/wp-content\/uploads\/2025\/05\/CP1028-300x300.jpg\" class=\"attachment-medium size-medium\" alt=\"\" srcset=\"https:\/\/medkemedical.com\/wp-content\/uploads\/2025\/05\/CP1028-300x300.jpg 300w, https:\/\/medkemedical.com\/wp-content\/uploads\/2025\/05\/CP1028-150x150.jpg 150w, https:\/\/medkemedical.com\/wp-content\/uploads\/2025\/05\/CP1028-600x600.jpg 600w, https:\/\/medkemedical.com\/wp-content\/uploads\/2025\/05\/CP1028-100x100.jpg 100w, https:\/\/medkemedical.com\/wp-content\/uploads\/2025\/05\/CP1028.jpg 640w\" sizes=\"(max-width: 300px) 100vw, 300px\" \/><\/a>\n\t\t\t<\/div><\/figure><figure class='gallery-item'>\n\t\t\t<div class='gallery-icon landscape'>\n\t\t\t\t<a data-elementor-open-lightbox=\"yes\" data-elementor-lightbox-slideshow=\"a4390c2\" data-elementor-lightbox-title=\"CP1035\" data-e-action-hash=\"#elementor-action%3Aaction%3Dlightbox%26settings%3DeyJpZCI6NDUzOCwidXJsIjoiaHR0cHM6XC9cL21lZGtlbWVkaWNhbC5jb21cL3dwLWNvbnRlbnRcL3VwbG9hZHNcLzIwMjVcLzA1XC9DUDEwMzUuanBnIiwic2xpZGVzaG93IjoiYTQzOTBjMiJ9\" href='https:\/\/medkemedical.com\/wp-content\/uploads\/2025\/05\/CP1035.jpg'><img loading=\"lazy\" decoding=\"async\" width=\"300\" height=\"300\" src=\"https:\/\/medkemedical.com\/wp-content\/uploads\/2025\/05\/CP1035-300x300.jpg\" class=\"attachment-medium size-medium\" alt=\"\" srcset=\"https:\/\/medkemedical.com\/wp-content\/uploads\/2025\/05\/CP1035-300x300.jpg 300w, https:\/\/medkemedical.com\/wp-content\/uploads\/2025\/05\/CP1035-150x150.jpg 150w, https:\/\/medkemedical.com\/wp-content\/uploads\/2025\/05\/CP1035-600x600.jpg 600w, https:\/\/medkemedical.com\/wp-content\/uploads\/2025\/05\/CP1035-100x100.jpg 100w, https:\/\/medkemedical.com\/wp-content\/uploads\/2025\/05\/CP1035.jpg 640w\" sizes=\"(max-width: 300px) 100vw, 300px\" \/><\/a>\n\t\t\t<\/div><\/figure>\n\t\t<\/div>\n\t\t<\/div>\n\t\t\t\t\t\t<\/div>\n\t\t\t\t<\/div>\n\t\t\t\t\t<\/div>\n\t\t\t\t<\/div>\n\t\t<div class=\"elementor-element elementor-element-f3e16d6 e-con-full e-flex e-con e-parent\" data-id=\"f3e16d6\" data-element_type=\"container\" data-e-type=\"container\" data-settings=\"{&quot;ekit_has_onepagescroll_dot&quot;:&quot;yes&quot;}\">\n\t\t\t\t<div class=\"elementor-element elementor-element-6ed024f elementor-widget elementor-widget-elementskit-tablepress\" data-id=\"6ed024f\" data-element_type=\"widget\" data-e-type=\"widget\" data-settings=\"{&quot;ekit_we_effect_on&quot;:&quot;none&quot;}\" data-widget_type=\"elementskit-tablepress.default\">\n\t\t\t\t<div class=\"elementor-widget-container\">\n\t\t\t\t\t<div class=\"elemenetskit-tablepress ekit-wid-con\" id=\"ekit_tablepress_6ed024f\">\n<table id=\"tablepress-241\" class=\"tablepress tablepress-id-241 tbody-has-connected-cells\">\n<thead>\n<tr class=\"row-1\">\n\t<td class=\"column-1\"><\/td><td class=\"column-2\"><\/td><td class=\"column-3\"><\/td><th class=\"column-4\">\u0645\u0648\u0635\u0644 \u062c\u0627\u0646\u0628 \u0627\u0644\u0645\u0648\u0644\u062f<\/th><th class=\"column-5\">\u0645\u062a\u0646\u0627\u0633\u0642<\/th>\n<\/tr>\n<\/thead>\n<tbody class=\"row-striping row-hover\">\n<tr class=\"row-2\">\n\t<td class=\"column-1\">\u0645\u0648\u0635\u0644 \u062c\u0627\u0646\u0628 \u0627\u0644\u062c\u0647\u0627\u0632<\/td><td class=\"column-2\">\u0635\u0648\u0631\u0629 \u0627\u0644\u0642\u0627\u0628\u0633 \u0627\u0644\u0623\u0646\u062b\u0648\u064a<\/td><td class=\"column-3\">\u0631\u0645\u0632 \u0627\u0644\u0637\u0644\u0628<\/td><td class=\"column-4\">\u00f8 4 \u0645\u0645 \u00d7 2 \u062f\u0628\u0648\u0633<\/td><td class=\"column-5\"><\/td>\n<\/tr>\n<tr class=\"row-3\">\n\t<td class=\"column-1\">\u0646\u0648\u0639 \u0627\u0644\u0630\u0626\u0628 3.8 \u0645\u0645<\/td><td class=\"column-2\"><img loading=\"lazy\" decoding=\"async\" src=\"https:\/\/medkemedical.com\/wp-content\/uploads\/2025\/05\/DSC07707-300x300.jpg\" alt=\"\" width=\"300\" height=\"300\" class=\"alignnone size-medium wp-image-4400\" srcset=\"https:\/\/medkemedical.com\/wp-content\/uploads\/2025\/05\/DSC07707-300x300.jpg 300w, https:\/\/medkemedical.com\/wp-content\/uploads\/2025\/05\/DSC07707-1024x1024.jpg 1024w, https:\/\/medkemedical.com\/wp-content\/uploads\/2025\/05\/DSC07707-150x150.jpg 150w, https:\/\/medkemedical.com\/wp-content\/uploads\/2025\/05\/DSC07707-768x768.jpg 768w, https:\/\/medkemedical.com\/wp-content\/uploads\/2025\/05\/DSC07707-1536x1536.jpg 1536w, https:\/\/medkemedical.com\/wp-content\/uploads\/2025\/05\/DSC07707-2048x2048.jpg 2048w, https:\/\/medkemedical.com\/wp-content\/uploads\/2025\/05\/DSC07707-600x600.jpg 600w, https:\/\/medkemedical.com\/wp-content\/uploads\/2025\/05\/DSC07707-100x100.jpg 100w\" sizes=\"(max-width: 300px) 100vw, 300px\" \/><\/td><td class=\"column-3\">CP1019<\/td><td rowspan=\"4\" class=\"column-4\"><img loading=\"lazy\" decoding=\"async\" src=\"https:\/\/medkemedical.com\/wp-content\/uploads\/2025\/05\/DSC07705-300x300.jpg\" alt=\"\" width=\"300\" height=\"300\" class=\"alignnone size-medium wp-image-4399\" srcset=\"https:\/\/medkemedical.com\/wp-content\/uploads\/2025\/05\/DSC07705-300x300.jpg 300w, https:\/\/medkemedical.com\/wp-content\/uploads\/2025\/05\/DSC07705-1024x1024.jpg 1024w, https:\/\/medkemedical.com\/wp-content\/uploads\/2025\/05\/DSC07705-150x150.jpg 150w, https:\/\/medkemedical.com\/wp-content\/uploads\/2025\/05\/DSC07705-768x768.jpg 768w, https:\/\/medkemedical.com\/wp-content\/uploads\/2025\/05\/DSC07705-1536x1536.jpg 1536w, https:\/\/medkemedical.com\/wp-content\/uploads\/2025\/05\/DSC07705-2048x2048.jpg 2048w, https:\/\/medkemedical.com\/wp-content\/uploads\/2025\/05\/DSC07705-600x600.jpg 600w, https:\/\/medkemedical.com\/wp-content\/uploads\/2025\/05\/DSC07705-100x100.jpg 100w\" sizes=\"(max-width: 300px) 100vw, 300px\" \/><\/td><td class=\"column-5\">\u0645\u0639\u064a\u0627\u0631 \u0627\u0644\u0648\u0644\u0627\u064a\u0627\u062a \u0627\u0644\u0645\u062a\u062d\u062f\u0629\u060c \u0625\u0631\u0628\u064a \u0625\u064a \u0633\u064a \u0633\u064a\u060c \u0623\u0644\u0633\u0627 \u0625\u0645 \u0633\u064a \u062f\u064a \u0633\u064a\u062f\u064a\u0633\u060c \u0625\u064a\u0634\u064a\u0646\u0627\u0646\u060c \u0628\u064a\u062a\u0627\u0633<\/td>\n<\/tr>\n<tr class=\"row-4\">\n\t<td class=\"column-1\">\u0645\u0642\u0628\u0633 \u0648\u0648\u0644\u0641 3.5 \u0645\u0645<\/td><td class=\"column-2\"><img loading=\"lazy\" decoding=\"async\" src=\"https:\/\/medkemedical.com\/wp-content\/uploads\/2025\/05\/\u56fe\u5c42-4-4-300x174.png\" alt=\"\" width=\"300\" height=\"174\" class=\"alignnone size-medium wp-image-4401\" srcset=\"https:\/\/medkemedical.com\/wp-content\/uploads\/2025\/05\/\u56fe\u5c42-4-4-300x174.png 300w, https:\/\/medkemedical.com\/wp-content\/uploads\/2025\/05\/\u56fe\u5c42-4-4-1024x593.png 1024w, https:\/\/medkemedical.com\/wp-content\/uploads\/2025\/05\/\u56fe\u5c42-4-4-768x445.png 768w, https:\/\/medkemedical.com\/wp-content\/uploads\/2025\/05\/\u56fe\u5c42-4-4-600x348.png 600w, https:\/\/medkemedical.com\/wp-content\/uploads\/2025\/05\/\u56fe\u5c42-4-4.png 1291w\" sizes=\"(max-width: 300px) 100vw, 300px\" \/><\/td><td class=\"column-3\">CP1028<\/td><td class=\"column-5\">\u0628\u0648\u0627\u060c \u0625\u064a \u0625\u0645 \u0633\u064a\u060c \u0644\u0627\u0645\u064a\u062f\u064a\u060c \u0625\u0631\u0628\u064a \u0641\u064a\u0648\u060c<br \/>\n\u0641\u0627\u0644\u064a \u0644\u0627\u0628\u060c \u0625\u064a\u062b\u064a\u0643\u0648\u0646\u060c \u0623\u0648\u0644\u064a\u0645\u0628\u0648\u0633\u060c \u0648\u0648\u0644\u0641<\/td>\n<\/tr>\n<tr class=\"row-5\">\n\t<td class=\"column-1\">\u03a62.8 \u0645\u0645 \u0645\u0648\u0632\u0629\u060c \u0645\u0642\u0628\u0633 3.0 \u0645\u0645<\/td><td class=\"column-2\"><img loading=\"lazy\" decoding=\"async\" src=\"https:\/\/medkemedical.com\/wp-content\/uploads\/2025\/05\/\u56fe-2-300x119.png\" alt=\"\" width=\"300\" height=\"119\" class=\"alignnone size-medium wp-image-4402\" srcset=\"https:\/\/medkemedical.com\/wp-content\/uploads\/2025\/05\/\u56fe-2-300x119.png 300w, https:\/\/medkemedical.com\/wp-content\/uploads\/2025\/05\/\u56fe-2-1024x406.png 1024w, https:\/\/medkemedical.com\/wp-content\/uploads\/2025\/05\/\u56fe-2-768x305.png 768w, https:\/\/medkemedical.com\/wp-content\/uploads\/2025\/05\/\u56fe-2-1536x610.png 1536w, https:\/\/medkemedical.com\/wp-content\/uploads\/2025\/05\/\u56fe-2-2048x813.png 2048w, https:\/\/medkemedical.com\/wp-content\/uploads\/2025\/05\/\u56fe-2-600x238.png 600w\" sizes=\"(max-width: 300px) 100vw, 300px\" \/><\/td><td class=\"column-3\">CP1035<\/td><td class=\"column-5\">\u0623\u0648\u0644\u064a\u0645\u0628\u0648\u0633\u060c \u0648\u0648\u0644\u0641\u060c \u0641\u0627\u0644\u064a \u0644\u0627\u0628<\/td>\n<\/tr>\n<tr class=\"row-6\">\n\t<td class=\"column-1\">\u0645\u0642\u0628\u0633 \u0623\u0646\u062b\u0649 2.5 \u0645\u0645*2P<\/td><td class=\"column-2\"><img loading=\"lazy\" decoding=\"async\" src=\"https:\/\/medkemedical.com\/wp-content\/uploads\/2025\/05\/DSC05339-300x225.jpg\" alt=\"\" width=\"300\" height=\"225\" class=\"alignnone size-medium wp-image-4403\" srcset=\"https:\/\/medkemedical.com\/wp-content\/uploads\/2025\/05\/DSC05339-300x225.jpg 300w, https:\/\/medkemedical.com\/wp-content\/uploads\/2025\/05\/DSC05339-1024x769.jpg 1024w, https:\/\/medkemedical.com\/wp-content\/uploads\/2025\/05\/DSC05339-768x577.jpg 768w, https:\/\/medkemedical.com\/wp-content\/uploads\/2025\/05\/DSC05339-1536x1153.jpg 1536w, https:\/\/medkemedical.com\/wp-content\/uploads\/2025\/05\/DSC05339-2048x1538.jpg 2048w, https:\/\/medkemedical.com\/wp-content\/uploads\/2025\/05\/DSC05339-600x450.jpg 600w\" sizes=\"(max-width: 300px) 100vw, 300px\" \/><\/td><td class=\"column-3\">CPD316B<\/td><td class=\"column-5\">\u0623\u0648\u0644\u064a\u0645\u0628\u0648\u0633\u060c \u0648\u0648\u0644\u0641\u060c \u0641\u0627\u0644\u064a \u0644\u0627\u0628<\/td>\n<\/tr>\n<\/tbody>\n<\/table>\n<\/div>\t\t\t\t<\/div>\n\t\t\t\t<\/div>\n\t\t\t\t<\/div>\n\t\t\t\t<\/div>","protected":false},"excerpt":{"rendered":"<p>Edit Generator Side Connector Compatible Instrument Side Connector Female Plug Photo Order Code \u00f8 4mm x 2 pin Wolf type 3.8mm CP1019 U.S. Standard, Erbe ICC, Alsa MCD Sedes,Esch\u0131nann, Petas Wolf 3.5mm Socket CP1028 Bowa, EMC, Lamidey, Erbe v\u0131o , Valleylab,Ethicon, Olympus,Wolf \u03a62.8mm Banana\u30013.0mm Socket CP1035 Olympus , Wolf , Valleylab 2.5mm*2P Female socket CPD316B [&hellip;]<\/p>","protected":false},"featured_media":4535,"comment_status":"open","ping_status":"closed","template":"","meta":{"_acf_changed":false},"product_brand":[],"product_cat":[139],"product_tag":[],"class_list":{"0":"post-4534","1":"product","2":"type-product","3":"status-publish","4":"has-post-thumbnail","6":"product_cat-bipolar-forceps-cables","8":"first","9":"instock","10":"shipping-taxable","11":"product-type-simple"},"acf":[],"_links":{"self":[{"href":"https:\/\/medkemedical.com\/ar\/wp-json\/wp\/v2\/product\/4534","targetHints":{"allow":["GET"]}}],"collection":[{"href":"https:\/\/medkemedical.com\/ar\/wp-json\/wp\/v2\/product"}],"about":[{"href":"https:\/\/medkemedical.com\/ar\/wp-json\/wp\/v2\/types\/product"}],"replies":[{"embeddable":true,"href":"https:\/\/medkemedical.com\/ar\/wp-json\/wp\/v2\/comments?post=4534"}],"version-history":[{"count":4,"href":"https:\/\/medkemedical.com\/ar\/wp-json\/wp\/v2\/product\/4534\/revisions"}],"predecessor-version":[{"id":4543,"href":"https:\/\/medkemedical.com\/ar\/wp-json\/wp\/v2\/product\/4534\/revisions\/4543"}],"wp:featuredmedia":[{"embeddable":true,"href":"https:\/\/medkemedical.com\/ar\/wp-json\/wp\/v2\/media\/4535"}],"wp:attachment":[{"href":"https:\/\/medkemedical.com\/ar\/wp-json\/wp\/v2\/media?parent=4534"}],"wp:term":[{"taxonomy":"product_brand","embeddable":true,"href":"https:\/\/medkemedical.com\/ar\/wp-json\/wp\/v2\/product_brand?post=4534"},{"taxonomy":"product_cat","embeddable":true,"href":"https:\/\/medkemedical.com\/ar\/wp-json\/wp\/v2\/product_cat?post=4534"},{"taxonomy":"product_tag","embeddable":true,"href":"https:\/\/medkemedical.com\/ar\/wp-json\/wp\/v2\/product_tag?post=4534"}],"curies":[{"name":"wp","href":"https:\/\/api.w.org\/{rel}","templated":true}]}}